{"id":537,"date":"2024-10-11T13:31:45","date_gmt":"2024-10-11T13:31:45","guid":{"rendered":"https:\/\/alfakher24h.de\/?page_id=537"},"modified":"2024-10-12T12:11:33","modified_gmt":"2024-10-12T12:11:33","slug":"faq","status":"publish","type":"page","link":"https:\/\/alfakher24h.de\/fr\/faq\/","title":{"rendered":"Foire aux questions"},"content":{"rendered":"<h4>1. <strong>Quels produits Al Fakher 24h propose-t-il ?<\/strong><\/h4>\n<p>Nous offrons une s\u00e9lection exclusive de <strong>E-Zigarettes jetables de la marque Al Fakher<\/strong>parmi lesquels :<\/p>\n<ul>\n<li><strong>Al Fakher Crown Bar 12000<\/strong><\/li>\n<li><strong>Al Fakher Crown Bar 8000<\/strong><\/li>\n<li><strong>Al Fakher Crown Bar Big Cloud 8000 PRO<\/strong><\/li>\n<li><strong>Al Fakher Crown Bar Pro 8000<\/strong><\/li>\n<\/ul>\n<p>Nos produits sont connus pour leur haute qualit\u00e9, leur durabilit\u00e9 et leur large \u00e9ventail de saveurs. Les e-cigarettes sont id\u00e9ales pour les consommateurs qui recherchent une exp\u00e9rience de vapotage styl\u00e9e et sans complication.<\/p>\n<h4>2. <strong>Combien de temps dure l'exp\u00e9dition ?<\/strong><\/h4>\n<p>Nous livrons dans la plupart des pays de l'Union europ\u00e9enne depuis notre entrep\u00f4t europ\u00e9en. La dur\u00e9e de livraison est g\u00e9n\u00e9ralement <strong>3 \u00e0 7 jours ouvrables<\/strong>. Cela s'applique aux pays suivants :<\/p>\n<ul>\n<li><strong>Allemagne<\/strong>: UPS\/DPD\/DHL (3-5 jours)<\/li>\n<li><strong>la Belgique, les Pays-Bas, le Luxembourg<\/strong>: UPS\/DPD\/DHL (3-7 jours)<\/li>\n<li><strong>Autriche, France, Espagne, Italie, Pologne<\/strong>: UPS\/DPD\/DHL (3-7 jours)<\/li>\n<li><strong>Autres pays de l'UE<\/strong>: UPS\/DPD\/DHL (3-7 jours)<\/li>\n<\/ul>\n<h4>3. <strong>Offrez-vous une livraison gratuite ?<\/strong><\/h4>\n<p>Oui ! Pour les commandes sup\u00e9rieures \u00e0 <strong>49,99 \u20ac<\/strong> Nous proposons une exp\u00e9dition gratuite en Allemagne et dans d'autres pays de l'UE. Pour les commandes en dessous de ce montant, des frais d'exp\u00e9dition s'appliquent, qui sont affich\u00e9s lors du passage en caisse.<\/p>\n<h4>4. <strong>Quelles m\u00e9thodes de paiement acceptez-vous ?<\/strong><\/h4>\n<p>Nous acceptons plusieurs m\u00e9thodes de paiement s\u00e9curis\u00e9es, notamment :<\/p>\n<ul>\n<li><strong>PayPal<\/strong><\/li>\n<li><strong>Cartes de cr\u00e9dit (Visa, MasterCard)<\/strong><\/li>\n<li><strong>iDEAL<\/strong> (pour nos clients aux Pays-Bas)<\/li>\n<li><strong>Bancontact<\/strong> (pour nos clients en Belgique)<\/li>\n<li><strong>Virement bancaire SEPA<\/strong> pour les clients dans toute l'Union europ\u00e9enne.<\/li>\n<\/ul>\n<h4>5. <strong>Les retours ou les \u00e9changes sont-ils possibles ?<\/strong><\/h4>\n<p>Oui, nous offrons une garantie de remboursement. Si vous n'\u00eates pas satisfait de votre achat, vous pouvez le retourner dans les <strong>7 jours<\/strong> demander un retour ou un \u00e9change apr\u00e8s r\u00e9ception de la marchandise, \u00e0 condition que les produits soient non ouverts et non utilis\u00e9s. Vous trouverez de plus amples informations dans nos conditions de retour.<\/p>\n<h4>6. <strong>Comment puis-je contacter le support client ?<\/strong><\/h4>\n<p>Notre service client est \u00e0 votre disposition \u00e0 tout moment. Si vous avez des questions ou des pr\u00e9occupations, veuillez nous envoyer un e-mail \u00e0 : <strong><a rel=\"noopener\">info@alfakher24h.de<\/a><\/strong>Nous nous effor\u00e7ons de r\u00e9pondre dans un d\u00e9lai de 24 heures.<\/p>\n<h4>7. <strong>Ai-je besoin d'un compte pour passer une commande ?<\/strong><\/h4>\n<p>Non, vous pouvez commander en tant qu'invit\u00e9. Cependant, nous vous recommandons de cr\u00e9er un compte pour pouvoir suivre plus facilement votre historique de commande et profiter des remises et offres futures.<\/p>\n<h4>8. <strong>Quelles saveurs sont disponibles ?<\/strong><\/h4>\n<p>Nous offrons une vari\u00e9t\u00e9 de <strong>saveurs populaires<\/strong>parmi lesquels :<\/p>\n<ul>\n<li><strong>Menthol<\/strong><\/li>\n<li><strong>Past\u00e8que<\/strong><\/li>\n<li><strong>Myrtille<\/strong><\/li>\n<li><strong>Mango<\/strong><\/li>\n<li><strong>Grappe glac\u00e9e<\/strong><\/li>\n<\/ul>\n<p>Notre gamme est r\u00e9guli\u00e8rement \u00e9largie pour offrir de nouvelles saveurs excitantes qui rendent votre exp\u00e9rience de vapotage encore plus agr\u00e9able.<\/p>\n<h4>9. <strong>Nos produits sont-ils disponibles pour tous les groupes d'\u00e2ge ? \n\n Nos produits sont disponibles pour tous les groupes d'\u00e2ge.<\/strong><\/h4>\n<p>Non, la vente de nos produits est exclusivement r\u00e9serv\u00e9e aux personnes \u00e2g\u00e9es de <strong>18 ans<\/strong> permis. Nous prenons la protection de la jeunesse tr\u00e8s au s\u00e9rieux et exigeons une v\u00e9rification de l'\u00e2ge pour chaque achat.<\/p>\n<h4>10. <strong>Que se passe-t-il si mon colis est retenu en douane ?<\/strong><\/h4>\n<p>Tous nos colis sont exp\u00e9di\u00e9s depuis notre entrep\u00f4t europ\u00e9en pour \u00e9viter les probl\u00e8mes de douane dans la plupart des pays de l'UE. Si des probl\u00e8mes de douane surviennent n\u00e9anmoins, nous vous aiderons volontiers \u00e0 les r\u00e9gler et nous serons \u00e0 votre disposition pour vous conseiller et vous assister.<\/p>","protected":false},"excerpt":{"rendered":"<p>1. Quels produits propose Al Fakher 24h ? Nous proposons une s\u00e9lection exclusive de cigarettes \u00e9lectroniques jetables de la marque Al Fakher, comprenant : Al Fakher Crown Bar 12000 Al Fakher Crown Bar 8000 Al Fakher Crown Bar Big Cloud 8000 PRO Al Fakher Crown Bar Pro 8000 Nos produits sont connus pour leur haute qualit\u00e9, leur durabilit\u00e9 et leur [\u2026]","protected":false},"author":1,"featured_media":0,"parent":0,"menu_order":0,"comment_status":"closed","ping_status":"closed","template":"page-blank-title-center.php","meta":{"om_disable_all_campaigns":false,"footnotes":""},"class_list":["post-537","page","type-page","status-publish","hentry"],"_links":{"self":[{"href":"https:\/\/alfakher24h.de\/fr\/wp-json\/wp\/v2\/pages\/537","targetHints":{"allow":["GET"]}}],"collection":[{"href":"https:\/\/alfakher24h.de\/fr\/wp-json\/wp\/v2\/pages"}],"about":[{"href":"https:\/\/alfakher24h.de\/fr\/wp-json\/wp\/v2\/types\/page"}],"author":[{"embeddable":true,"href":"https:\/\/alfakher24h.de\/fr\/wp-json\/wp\/v2\/users\/1"}],"replies":[{"embeddable":true,"href":"https:\/\/alfakher24h.de\/fr\/wp-json\/wp\/v2\/comments?post=537"}],"version-history":[{"count":4,"href":"https:\/\/alfakher24h.de\/fr\/wp-json\/wp\/v2\/pages\/537\/revisions"}],"predecessor-version":[{"id":616,"href":"https:\/\/alfakher24h.de\/fr\/wp-json\/wp\/v2\/pages\/537\/revisions\/616"}],"wp:attachment":[{"href":"https:\/\/alfakher24h.de\/fr\/wp-json\/wp\/v2\/media?parent=537"}],"curies":[{"name":"wp","href":"https:\/\/api.w.org\/{rel}","templated":true}]}}