{"id":496,"date":"2024-10-11T13:12:43","date_gmt":"2024-10-11T13:12:43","guid":{"rendered":"https:\/\/alfakher24h.de\/?page_id=496"},"modified":"2024-10-12T01:42:54","modified_gmt":"2024-10-12T01:42:54","slug":"a-propos-de-nous","status":"publish","type":"page","link":"https:\/\/alfakher24h.de\/fr\/a-propos-de-nous\/","title":{"rendered":"\u00c0 propos de nous"},"content":{"rendered":"<h3>\u00c0 propos d'Al Fakher 24h<\/h3>\n<p>Bienvenue chez Al Fakher 24h - votre partenaire fiable pour les cigarettes \u00e9lectroniques jetables premium en Europe. En tant qu'entreprise sp\u00e9cialis\u00e9e dans les Al Fakher Disposable Vapes, nous vous proposons une s\u00e9lection des meilleurs produits du march\u00e9, con\u00e7us pour offrir une exp\u00e9rience de vapotage exceptionnelle. Notre objectif est de proposer \u00e0 nos clients les produits les plus r\u00e9cents et de haute qualit\u00e9, tout en rendant le processus d'achat aussi simple et fluide que possible.<\/p>\n<p><img loading=\"lazy\" decoding=\"async\" class=\"alignnone size-full wp-image-586\" src=\"https:\/\/alfakher24h.de\/wp-content\/uploads\/2024\/10\/AL-Fakher-Crown-Bar-vape.webp\" alt=\"\" width=\"1920\" height=\"802\" title=\"\" srcset=\"https:\/\/alfakher24h.de\/wp-content\/uploads\/2024\/10\/AL-Fakher-Crown-Bar-vape.webp 1920w, https:\/\/alfakher24h.de\/wp-content\/uploads\/2024\/10\/AL-Fakher-Crown-Bar-vape-300x125.webp 300w, https:\/\/alfakher24h.de\/wp-content\/uploads\/2024\/10\/AL-Fakher-Crown-Bar-vape-1024x428.webp 1024w, https:\/\/alfakher24h.de\/wp-content\/uploads\/2024\/10\/AL-Fakher-Crown-Bar-vape-768x321.webp 768w, https:\/\/alfakher24h.de\/wp-content\/uploads\/2024\/10\/AL-Fakher-Crown-Bar-vape-1536x642.webp 1536w, https:\/\/alfakher24h.de\/wp-content\/uploads\/2024\/10\/AL-Fakher-Crown-Bar-vape-600x251.webp 600w\" sizes=\"auto, (max-width: 1920px) 100vw, 1920px\" \/><\/p>\n<h3>Notre mission<\/h3>\n<p>Notre mission est de fournir aux amateurs de cigarettes \u00e9lectroniques dans toute l'Union europ\u00e9enne un acc\u00e8s aux produits jetables exclusifs d'Al Fakher. Nous misons sur la qualit\u00e9, le style et la satisfaction client. Avec nos produits Al Fakher, dont le <strong>Crown Bar 12000<\/strong>le <strong>Crown Bar 8000<\/strong>le <strong>Big Cloud 8000 PRO<\/strong> et le <strong>Crown Bar Pro 8000<\/strong>offrons une exp\u00e9rience de vapeur de haute qualit\u00e9 - con\u00e7ue pour une vape confortable et \u00e9l\u00e9gante.<\/p>\n<h3>Qualit\u00e9 et fiabilit\u00e9<\/h3>\n<p>Nous attachons une grande importance \u00e0 la qualit\u00e9 de nos produits et veillons \u00e0 ce que chaque cigarette \u00e9lectronique jetable que nous vendons r\u00e9ponde aux normes les plus \u00e9lev\u00e9es. Nos clients peuvent avoir l'assurance que nous ne leur proposons que des produits r\u00e9glement\u00e9s et s\u00fbrs, approuv\u00e9s en Europe. Toutes les commandes sont exp\u00e9di\u00e9es directement depuis notre entrep\u00f4t europ\u00e9en, ce qui nous permet de garantir un d\u00e9lai de livraison rapide de 3 \u00e0 7 jours.<\/p>\n<h2>Pourquoi Al Fakher 24h ?<\/h2>\n<ol>\n<li><strong>S\u00e9lection de produits de choix :<\/strong><br \/>\nNous proposons exclusivement des cigarettes \u00e9lectroniques jetables de haute qualit\u00e9 et innovantes de la marque Al Fakher, connues pour leur qualit\u00e9 exceptionnelle, leur nombre \u00e9lev\u00e9 de bouff\u00e9es et leur excellente vari\u00e9t\u00e9 d'ar\u00f4mes. Chaque vape a \u00e9t\u00e9 soigneusement test\u00e9 pour vous garantir une exp\u00e9rience de vapotage inoubliable.<\/li>\n<li><strong>Livraison gratuite \u00e0 partir de 49,99 \u20ac :<\/strong><br \/>\nPour les commandes \u00e0 partir de 49,99 \u20ac, nous proposons une exp\u00e9dition gratuite en Allemagne. Nos produits sont exp\u00e9di\u00e9s directement depuis des entrep\u00f4ts europ\u00e9ens, ce qui permet des d\u00e9lais de livraison rapides de 3 \u00e0 7 jours. Vous pouvez donc compter sur la r\u00e9ception ponctuelle et s\u00e9curis\u00e9e de votre commande.<\/li>\n<li><strong>M\u00e9thodes de paiement vari\u00e9es :<\/strong><br \/>\nNous comprenons que diff\u00e9rents clients ont des pr\u00e9f\u00e9rences de paiement diff\u00e9rentes. C'est pourquoi nous acceptons un large \u00e9ventail de m\u00e9thodes de paiement, notamment PayPal, carte de cr\u00e9dit, iDEAL (populaire aux Pays-Bas), Bancontact (populaire en Belgique) et virement bancaire SEPA pour les clients de toute l'Europe.<\/li>\n<\/ol>\n<p><img loading=\"lazy\" decoding=\"async\" class=\"alignnone size-full wp-image-77\" src=\"https:\/\/alfakher24h.de\/wp-content\/uploads\/2024\/09\/AL-Fakher-Crown-Bar-8000-Zuege-Einweg-E-Zigarette-Mit-Nikotin.webp\" alt=\"AL Fakher Crown Bar 8000 tirages cigarette \u00e9lectronique jetable avec nicotine\" width=\"1000\" height=\"1000\" title=\"\" srcset=\"https:\/\/alfakher24h.de\/wp-content\/uploads\/2024\/09\/AL-Fakher-Crown-Bar-8000-Zuege-Einweg-E-Zigarette-Mit-Nikotin.webp 1000w, https:\/\/alfakher24h.de\/wp-content\/uploads\/2024\/09\/AL-Fakher-Crown-Bar-8000-Zuege-Einweg-E-Zigarette-Mit-Nikotin-300x300.webp 300w, https:\/\/alfakher24h.de\/wp-content\/uploads\/2024\/09\/AL-Fakher-Crown-Bar-8000-Zuege-Einweg-E-Zigarette-Mit-Nikotin-150x150.webp 150w, https:\/\/alfakher24h.de\/wp-content\/uploads\/2024\/09\/AL-Fakher-Crown-Bar-8000-Zuege-Einweg-E-Zigarette-Mit-Nikotin-768x768.webp 768w, https:\/\/alfakher24h.de\/wp-content\/uploads\/2024\/09\/AL-Fakher-Crown-Bar-8000-Zuege-Einweg-E-Zigarette-Mit-Nikotin-600x600.webp 600w, https:\/\/alfakher24h.de\/wp-content\/uploads\/2024\/09\/AL-Fakher-Crown-Bar-8000-Zuege-Einweg-E-Zigarette-Mit-Nikotin-100x100.webp 100w\" sizes=\"auto, (max-width: 1000px) 100vw, 1000px\" \/><\/p>\n<h2>Nos valeurs<\/h2>\n<p>Nous attachons une grande importance \u00e0 la satisfaction de nos clients et nous nous effor\u00e7ons toujours de vous offrir une exp\u00e9rience d'achat exceptionnelle. Nos e-cigarettes r\u00e9pondent \u00e0 toutes les normes europ\u00e9ennes de s\u00e9curit\u00e9 et de qualit\u00e9 et sont soumises \u00e0 des contr\u00f4les stricts pour garantir qu'elles r\u00e9pondent aux exigences les plus \u00e9lev\u00e9es.<\/p>\n<h2>Livraison rapide dans l'UE<\/h2>\n<p>Avec notre r\u00e9seau logistique bien \u00e9tabli, nous exp\u00e9dions nos produits dans de nombreux pays europ\u00e9ens. Que vous viviez en Allemagne, en France, aux Pays-Bas ou en Belgique, nous nous assurons que votre commande arrive rapidement et en toute s\u00e9curit\u00e9.<\/p>\n<h2>Contactez-nous<\/h2>\n<p>Vous avez des questions sur nos produits ou votre achat ? Notre \u00e9quipe conviviale et comp\u00e9tente est \u00e0 votre disposition \u00e0 tout moment. \u00c9crivez-nous simplement un e-mail \u00e0 <strong><a rel=\"noopener\">info@alfakher24h.de<\/a><\/strong> et nous serons ravis de vous aider davantage.<\/p>","protected":false},"excerpt":{"rendered":"<p>Bienvenue chez Al Fakher 24h - votre partenaire fiable pour les cigarettes \u00e9lectroniques jetables premium en Europe. En tant qu'entreprise sp\u00e9cialis\u00e9e dans les vapes jetables Al Fakher, nous vous proposons une s\u00e9lection des meilleurs produits du march\u00e9, qui garantissent une exp\u00e9rience de vapotage de premi\u00e8re classe. Notre objectif est de proposer \u00e0 nos clients les produits les plus r\u00e9cents et de haute qualit\u00e9 [...]","protected":false},"author":1,"featured_media":0,"parent":0,"menu_order":0,"comment_status":"closed","ping_status":"closed","template":"page-blank-title-center.php","meta":{"om_disable_all_campaigns":false,"footnotes":""},"class_list":["post-496","page","type-page","status-publish","hentry"],"_links":{"self":[{"href":"https:\/\/alfakher24h.de\/fr\/wp-json\/wp\/v2\/pages\/496","targetHints":{"allow":["GET"]}}],"collection":[{"href":"https:\/\/alfakher24h.de\/fr\/wp-json\/wp\/v2\/pages"}],"about":[{"href":"https:\/\/alfakher24h.de\/fr\/wp-json\/wp\/v2\/types\/page"}],"author":[{"embeddable":true,"href":"https:\/\/alfakher24h.de\/fr\/wp-json\/wp\/v2\/users\/1"}],"replies":[{"embeddable":true,"href":"https:\/\/alfakher24h.de\/fr\/wp-json\/wp\/v2\/comments?post=496"}],"version-history":[{"count":5,"href":"https:\/\/alfakher24h.de\/fr\/wp-json\/wp\/v2\/pages\/496\/revisions"}],"predecessor-version":[{"id":587,"href":"https:\/\/alfakher24h.de\/fr\/wp-json\/wp\/v2\/pages\/496\/revisions\/587"}],"wp:attachment":[{"href":"https:\/\/alfakher24h.de\/fr\/wp-json\/wp\/v2\/media?parent=496"}],"curies":[{"name":"wp","href":"https:\/\/api.w.org\/{rel}","templated":true}]}}