{"id":99,"date":"2024-09-06T09:19:11","date_gmt":"2024-09-06T09:19:11","guid":{"rendered":"https:\/\/alfakher24h.de\/?post_type=product&#038;p=99"},"modified":"2025-07-23T04:17:28","modified_gmt":"2025-07-23T04:17:28","slug":"al-fakher-crown-bar-8000-inhalaciones-cigarrillo-electronico-desechable-con-nicotina-cherry-fiesta","status":"publish","type":"product","link":"https:\/\/alfakher24h.de\/es\/producto\/al-fakher-crown-bar-8000-inhalaciones-cigarrillo-electronico-desechable-con-nicotina-cherry-fiesta\/","title":{"rendered":"AL Fakher Crown Bar 8000 Z\u00fcge Einweg E Zigarette Mit Nikotin \u2013 Cherry Fiesta \n\nse convierte en \n\nAL Fakher Crown Bar 8000 caladas cigarrillo electr\u00f3nico desechable con nicotina - Fiesta de cereza"},"content":{"rendered":"<h2><a href=\"https:\/\/alfakher24h.de\/es\/categoria-de-producto\/barra-de-corona-al-fakher-8000\/\">AL Fakher Crown Bar 8000 Z\u00fcge \n\nbecomes \n\nAL Fakher Crown Bar 8000 tiradas<\/a> Cigarrillo electr\u00f3nico desechable con nicotina \u2013 Fiesta de cereza<\/h2>\n<div style=\"width: 362px;\" class=\"wp-video\"><video class=\"wp-video-shortcode\" id=\"video-99-1\" width=\"362\" height=\"640\" preload=\"metadata\" controls=\"controls\"><source type=\"video\/mp4\" src=\"https:\/\/alfakher24h.de\/wp-content\/uploads\/2024\/09\/AL-Fakher-Crown-Bar-8000-Zuege-Einweg-E-Zigarette-mit-Nikotin-Cherry-Fiesta.mp4?_=1\" \/><a href=\"https:\/\/alfakher24h.de\/wp-content\/uploads\/2024\/09\/AL-Fakher-Crown-Bar-8000-Zuege-Einweg-E-Zigarette-mit-Nikotin-Cherry-Fiesta.mp4\">https:\/\/alfakher24h.de\/wp-content\/uploads\/2024\/09\/AL-Fakher-Crown-Bar-8000-Zuege-Einweg-E-Zigarette-mit-Nikotin-Cherry-Fiesta.mp4<\/a><\/video><\/div>\n<p>&nbsp;<\/p>\n<h2>AL Fakher Crown Bar 8000 Z\u00fcge \n\n(No translation needed for product names and codes)<\/h2>\n<p>La <strong>AL Fakher Crown Bar 8000 Z<a href=\"https:\/\/alfakher24h.de\/es\/\">Cigarrillo electr\u00f3nico desechable con nicotina<\/a> \u2013 Fiesta de Cereza<\/strong> Les ofrece una experiencia de vapeo intensa y sabrosa, inspirada en la larga experiencia de Al Fakhers en la fabricaci\u00f3n de productos de shisha de alta calidad. Este vape de un solo uso es ideal para todos aquellos que desean sacar el m\u00e1ximo provecho de sus sesiones de vapeo - con una variedad de caracter\u00edsticas innovadoras y una refrescante experiencia gustativa.<\/p>\n<p><strong>Cherry Fiesta<\/strong> Se destaca por una mezcla viva de mandarinas frescas y peras jugosas, que junto con cereza dulce y notas florales, dan como resultado una combinaci\u00f3n de sabores ex\u00f3tica e inconfundible. El sabor se complementa con una sutileza dulce y matices florales, lo que crea un aroma uniforme y, sin embargo, emocionante.<\/p>\n<p>El cigarrillo electr\u00f3nico desechable de Al Fakher no solo es conocido por su facilidad de uso y durabilidad, sino que tambi\u00e9n ofrece una experiencia de sabor intensamente placentera, lo que hace que el vapor sea lo m\u00e1s suave y agradable posible. Con una impresionante duraci\u00f3n de la bater\u00eda y un gran volumen de l\u00edquido electr\u00f3nico, este vape desechable es perfecto para per\u00edodos de uso prolongado.<\/p>\n<h2><a href=\"https:\/\/alfakher24h.de\/es\/\">AL Fakher<\/a> Crown Bar 8000 Z\u00fcge Caracter\u00edsticas generales<\/h2>\n<ul>\n<li><strong>Hasta 8000 trenes<\/strong>: Disfrute de una experiencia de vapeo duradera sin necesidad de rellenar o recargar con frecuencia.<\/li>\n<li><strong>18 ml de capacidad de l\u00edquido electr\u00f3nico<\/strong>: Prellenado con 18 ml de l\u00edquido, lo que garantiza una larga duraci\u00f3n de uso.<\/li>\n<li><strong>Contenido de nicotina<\/strong>: 5 mg\/ml de nicotina ofrecen una sensaci\u00f3n de vapor satisfactoria para todos aquellos que dependen de la nicotina.<\/li>\n<li><strong>Bobinas de malla<\/strong>Para nubes de vapor m\u00e1s grandes y sabrosas y una experiencia de sabor intensa.<\/li>\n<li><strong>0,6 Ohm Widerstand<\/strong>: Perfecto para vapear Direct-To-Lung (DTL), lo que permite una producci\u00f3n de vapor m\u00e1s fuerte y completa.<\/li>\n<li><strong>Bater\u00eda recargable de 600mAh<\/strong>Equipado con un conector tipo C para una carga r\u00e1pida y sencilla.<\/li>\n<li><strong>Dise\u00f1o elegante<\/strong>Un acabado de cuero lujoso proporciona un agarre agradable y una apariencia elegante.<\/li>\n<li><strong>Construcci\u00f3n robusta<\/strong>Materiales de alta calidad aseguran un cigarrillo electr\u00f3nico duradero y estable que resiste las demandas diarias.<\/li>\n<\/ul>\n<p><img loading=\"lazy\" decoding=\"async\" class=\"alignnone size-full wp-image-101\" src=\"https:\/\/alfakher24h.de\/wp-content\/uploads\/2024\/09\/AL-Fakher-Crown-Bar-8000-Zuege-Einweg-E-Zigarette-Mit-Nikotin-Cherry-Fiesta.webp\" alt=\"AL Fakher Crown Bar 8000 Z\u00fcge Einweg E Zigarette Mit Nikotin - Cherry Fiesta se convierte en AL Fakher Crown Bar 8000 caladas cigarrillo electr\u00f3nico desechable con nicotina - Cherry Fiesta\" width=\"750\" height=\"647\" title=\"\" srcset=\"https:\/\/alfakher24h.de\/wp-content\/uploads\/2024\/09\/AL-Fakher-Crown-Bar-8000-Zuege-Einweg-E-Zigarette-Mit-Nikotin-Cherry-Fiesta.webp 750w, https:\/\/alfakher24h.de\/wp-content\/uploads\/2024\/09\/AL-Fakher-Crown-Bar-8000-Zuege-Einweg-E-Zigarette-Mit-Nikotin-Cherry-Fiesta-300x259.webp 300w, https:\/\/alfakher24h.de\/wp-content\/uploads\/2024\/09\/AL-Fakher-Crown-Bar-8000-Zuege-Einweg-E-Zigarette-Mit-Nikotin-Cherry-Fiesta-600x518.webp 600w\" sizes=\"auto, (max-width: 750px) 100vw, 750px\" \/><\/p>\n<h3>Por qu\u00e9 elegir el AL Fakher Crown Bar 8000<\/h3>\n<p>Esta <a href=\"https:\/\/alfakher24h.de\/es\/\">Cigarrillo electr\u00f3nico desechable<\/a> Combina la larga experiencia de Al Fakhers en la fabricaci\u00f3n de shisha con las modernas tecnolog\u00edas de vapeo. Es ideal para todos aquellos que buscan una experiencia de vapeo pr\u00e1ctica pero de alta calidad. La construcci\u00f3n duradera y el dise\u00f1o ergon\u00f3mico la hacen perfecta para llevarla consigo, sin hacer concesiones en cuanto a sabor y rendimiento. Gracias a la gran capacidad de l\u00edquido electr\u00f3nico y la bater\u00eda recargable, puede disfrutar de un uso prolongado y sin problemas.<\/p>\n<p>El sabor de Cherry Fiesta es inolvidable: afrutado, dulce y al mismo tiempo refrescante. Con cada calada, experimentar\u00e1 un juego armonioso de cereza, mandarina y pera que deleita sus papilas gustativas. Las bobinas de malla utilizadas aseguran nubes de vapor densas y sabrosas, mientras que el contenido de nicotina de 5 mg\/ml proporciona el impulso ideal.<\/p>\n<p>Al Fakher Crown Bar establece nuevos est\u00e1ndares en el mundo del vapeo. Este cigarrillo electr\u00f3nico desechable es la entrada ideal para todos aquellos que desean disfrutar del confort y la calidad de un cigarrillo electr\u00f3nico premium sin el inconveniente del mantenimiento y la recarga.<\/p>\n<h3>Descripci\u00f3n detallada del sabor - Fiesta de Cereza<\/h3>\n<p>El sabor <strong>Cherry Fiesta<\/strong> Es una verdadera explosi\u00f3n de sabor creada por los aromas cuidadosamente seleccionados. Desde el primer vapeo, se despliega la dulzura afrutada de la cereza, que inmediatamente se ve acompa\u00f1ada por notas frescas y vivaces de mandarina. La combinaci\u00f3n de estas dos frutas le otorga al vapeo un perfil inconfundible, que es a la vez ligero e intenso. La cereza, que se encuentra en el centro, ofrece una dulzura sutil, mientras que la mandarina con su nota c\u00edtrica aporta frescura.<\/p>\n<p>Sin embargo, el sabor no termina ah\u00ed. En el fondo se encuentran notas florales que redondean la dulzura de las frutas y proporcionan una perfecta armon\u00eda. La pera a\u00f1ade un componente suave y jugoso a la mezcla, lo que hace que todo el aroma sea a\u00fan m\u00e1s suave. Esta combinaci\u00f3n \u00fanica de sabores es a la vez juguetona y refinada, y seguramente impresionar\u00e1 a todos los amantes del vapeo.<\/p>\n<p>Con cada calada disfrutas de un perfil de sabor incomparable, que no solo es intenso, sino tambi\u00e9n equilibrado. Cherry Fiesta no es solo un cigarrillo electr\u00f3nico desechable, sino una experiencia que te lleva en un viaje gastron\u00f3mico.<\/p>\n<h3>Comprar su AL Fakher Crown Bar 8000 tiradas cigarrillo electr\u00f3nico desechable en <a href=\"https:\/\/alfakher24h.de\/es\/\">alfakher24h.de<\/a><\/h3>\n<p>Como proveedor l\u00edder de cigarrillos electr\u00f3nicos desechables en Alemania ofrece <strong>alfakher24h.de<\/strong> Ofrecemos una selecci\u00f3n exclusiva de productos de vapeo de alta calidad. <strong>AL Fakher Crown Bar 8000 Z\u00fcge \n\nbecomes \n\nAL Fakher Crown Bar 8000 tiradas<\/strong> Es uno de los mejores productos de nuestra selecci\u00f3n. Con un n\u00famero impresionante de caladas y una variedad de sabores intensos, es perfecta para aquellos que buscan una experiencia de vapeo excepcional.<\/p>\n<p>Aproveche nuestro r\u00e1pido env\u00edo y nuestro excelente servicio al cliente, y obtenga hoy mismo su AL Fakher Crown Bar 8000 Z\u00fcge Disposable E-Zigarette!<\/p>","protected":false},"excerpt":{"rendered":"<p>La <strong>AL Fakher Crown Bar 8000 Z\u00fcge Einweg E-Zigarette mit Nikotin \u2013 Cherry Fiesta \n\nse convierte en \n\nAL Fakher Crown Bar 8000 tiradas cigarrillo electr\u00f3nico desechable con nicotina - Cherry Fiesta<\/strong> ofrece una intensa experiencia de vapeo con 8000 caladas, l\u00edquido precargado de 18 ml, 5 mg\/ml de nicotina y un sabor afrutado a cereza-mandarina-pera, que cuenta con la tecnolog\u00eda moderna de bobina de malla.<\/p>","protected":false},"featured_media":102,"comment_status":"open","ping_status":"closed","template":"","meta":{"om_disable_all_campaigns":false},"product_brand":[],"product_cat":[19],"product_tag":[],"class_list":{"0":"post-99","1":"product","2":"type-product","3":"status-publish","4":"has-post-thumbnail","6":"product_cat-al-fakher-crown-bar-8000","8":"first","9":"instock","10":"shipping-taxable","11":"purchasable","12":"product-type-simple"},"_links":{"self":[{"href":"https:\/\/alfakher24h.de\/es\/wp-json\/wp\/v2\/product\/99","targetHints":{"allow":["GET"]}}],"collection":[{"href":"https:\/\/alfakher24h.de\/es\/wp-json\/wp\/v2\/product"}],"about":[{"href":"https:\/\/alfakher24h.de\/es\/wp-json\/wp\/v2\/types\/product"}],"replies":[{"embeddable":true,"href":"https:\/\/alfakher24h.de\/es\/wp-json\/wp\/v2\/comments?post=99"}],"wp:featuredmedia":[{"embeddable":true,"href":"https:\/\/alfakher24h.de\/es\/wp-json\/wp\/v2\/media\/102"}],"wp:attachment":[{"href":"https:\/\/alfakher24h.de\/es\/wp-json\/wp\/v2\/media?parent=99"}],"wp:term":[{"taxonomy":"product_brand","embeddable":true,"href":"https:\/\/alfakher24h.de\/es\/wp-json\/wp\/v2\/product_brand?post=99"},{"taxonomy":"product_cat","embeddable":true,"href":"https:\/\/alfakher24h.de\/es\/wp-json\/wp\/v2\/product_cat?post=99"},{"taxonomy":"product_tag","embeddable":true,"href":"https:\/\/alfakher24h.de\/es\/wp-json\/wp\/v2\/product_tag?post=99"}],"curies":[{"name":"wp","href":"https:\/\/api.w.org\/{rel}","templated":true}]}}