{"id":393,"date":"2024-09-18T12:49:42","date_gmt":"2024-09-18T12:49:42","guid":{"rendered":"https:\/\/alfakher24h.de\/?post_type=product&#038;p=393"},"modified":"2025-07-23T04:17:50","modified_gmt":"2025-07-23T04:17:50","slug":"al-fakher-crown-bar-12000-inhalaciones-cigarrillo-electronico-desechable-con-nicotina-dos-manzanas","status":"publish","type":"product","link":"https:\/\/alfakher24h.de\/es\/producto\/al-fakher-crown-bar-12000-inhalaciones-cigarrillo-electronico-desechable-con-nicotina-dos-manzanas\/","title":{"rendered":"AL Fakher Crown Bar 12000 Z\u00fcge Einweg E Zigarette Mit Nikotin-Two Apple \nse traduce como \n\nAL Fakher Crown Bar 12000 caladas cigarrillo electr\u00f3nico desechable con nicotina - Dos manzanas"},"content":{"rendered":"<h2><strong><a href=\"https:\/\/alfakher24h.de\/es\/categoria-de-producto\/barra-de-corona-ai-fakher-12000\/\">AL Fakher Crown Bar 12000 Z\u00fcge \n\nbecomes \n\nAL Fakher Crown Bar 12000 tiradas<\/a> Einweg E-Zigarette Mit Nikotin \u2013 Two Apple \n\nbecomes \n\nDisposable E-Cigarette With Nicotine \u2013 Two Apple<\/strong><\/h2>\n<p>La AL Fakher Crown Bar 12000 Z\u00fcge Einweg E-Zigarette ofrece una experiencia de vapeo incomparable que une tradici\u00f3n e innovaci\u00f3n. Con hasta 12.000 caladas y un dise\u00f1o elegante y recargable, este modelo est\u00e1 dirigido a vapeadores que buscan un producto fiable y f\u00e1cil de usar. La combinaci\u00f3n de tecnolog\u00eda de malla moderna y sabores cl\u00e1sicos como \"Two Apple\" hace que este producto sea un compa\u00f1ero destacado para todos aquellos que buscan un placer de alta calidad y duradero. Aqu\u00ed encontrar\u00e1 todo lo que necesita saber sobre la <a href=\"https:\/\/alfakher24h.de\/es\/\">AL Fakher<\/a> Crown Bar 12000 caladas y por qu\u00e9 deber\u00edas elegir este producto en <strong>alfakher24h.de<\/strong>Deber\u00edan comprar en , la mayor plataforma de Alemania para cigarrillos electr\u00f3nicos desechables.<\/p>\n<h2><strong>AL Fakher Crown Bar 12000 Z\u00fcge \n\nbecomes \n\nAL Fakher Crown Bar 12000 tiradas <\/strong>Innovaci\u00f3n se encuentra con la tradici\u00f3n - Una obra maestra para vapeadores<\/h2>\n<p>La <strong>AL Fakher Crown Bar 12000 Z\u00fcge \n\nbecomes \n\nAL Fakher Crown Bar 12000 tiradas <a href=\"https:\/\/alfakher24h.de\/es\/\">Cigarrillo electr\u00f3nico desechable<\/a><\/strong> ofrece una experiencia de vapor moderna que destaca por varias innovaciones t\u00e9cnicas. Con la <strong>Tecnolog\u00eda de bobina de malla<\/strong> (0,6 Ohm) se produce un vapor uniforme y denso que entusiasmar\u00e1 tanto a los principiantes como a los vaporizadores experimentados. Una caracter\u00edstica especialmente ventajosa es la <strong>pantalla digital<\/strong>, que muestra el nivel actual de bater\u00eda y aceite, para que siempre tenga una visi\u00f3n general y pueda evitar sorpresas desagradables.<\/p>\n<p>Der <strong>bater\u00eda recargable<\/strong> con una conexi\u00f3n de puerto C, este modelo tambi\u00e9n es duradero y ecol\u00f3gico. A pesar de la alta capacidad de <strong>12.000 trenes<\/strong> permanece el dispositivo compacto, ligero y port\u00e1til - ideal para llevar. Gracias a la <strong>Tecnolog\u00eda de ondas sonoras Shisha<\/strong> se simula una experiencia aut\u00e9ntica de shisha sin el esfuerzo y la preparaci\u00f3n de una pipa de agua real.<\/p>\n<h4>Detalles del producto en general:<\/h4>\n<ul>\n<li><strong>Capacidad del tren<\/strong>: Hasta 12.000 bocanegraves - placer duradero<\/li>\n<li><strong>Estilo vapor<\/strong>: DTL (Direct-To-Lung) \u2013 adecuado para inhalaciones directas a los pulmones<\/li>\n<li><strong>Resistencia de bobina<\/strong>: 0,6 Ohm \u2013 optimizado para experiencias de vapeo intensas<\/li>\n<li><strong>estructura de bobina<\/strong>: Malla de bobina - formaci\u00f3n de vapor uniforme y densa<\/li>\n<li><strong>Cargar<\/strong>: Puerto USB-C - Recargable de manera r\u00e1pida y eficiente<\/li>\n<li><strong>Tipo de bater\u00eda<\/strong>: Recargable - duradero y ecol\u00f3gico<\/li>\n<li><strong>Tecnolog\u00eda de ondas sonoras Shisha<\/strong> \u2013 Aut\u00e9ntico ambiente de Shisha<\/li>\n<li><strong>Contenido de nicotina<\/strong>: 5 mg \u2013 ideal para una experiencia de vapeo intensa pero equilibrada<\/li>\n<li><strong>Dise\u00f1o a prueba de fugas<\/strong> perfecto para llevar<\/li>\n<li><strong>Compacto y ligero<\/strong> - cabe en cualquier bolsillo<\/li>\n<\/ul>\n<h2><strong>AL Fakher Crown Bar 12000 Z\u00fcge \n\nbecomes \n\nAL Fakher Crown Bar 12000 tiradas <\/strong>Un sabor inconfundible - Two Apple<\/h2>\n<p>Der Geschmack \u201e \n\n(Sin cambios, no requiere traducci\u00f3n)<strong>Two Apple<\/strong>Es un verdadero cl\u00e1sico en el mundo del vapeo y una opci\u00f3n imprescindible para todos aquellos que aprecian la combinaci\u00f3n de sabores dulces y \u00e1cidos. Este sabor aporta la nota t\u00edpica de la doble combinaci\u00f3n de manzana que quiz\u00e1s conozcas por las experiencias tradicionales de shisha, en un dispositivo desechable c\u00f3modo y pr\u00e1ctico.<\/p>\n<p>La mezcla \"Two Apple\" consiste en un equilibrio armonioso entre el sabor dulce y jugoso de las manzanas rojas y el sabor ligeramente \u00e1cido y fresco de las manzanas verdes. Ambos sabores se fusionan perfectamente entre s\u00ed, creando una experiencia de sabor inconfundible que es a la vez afrutada y refrescante. Cada calada pone de relieve las nuances de las manzanas y proporciona un placer de vapor refrescante e intenso que dura todo el d\u00eda.<\/p>\n<p>Esta mezcla perfecta hace que \"Two Apple\" no sea solo una fragancia agradable para el d\u00eda a d\u00eda, sino tambi\u00e9n un recuerdo de agradables veladas de shisha con amigos. Para los vapeadores que buscan una experiencia gustativa familiar pero a la vez moderna, este aroma es la elecci\u00f3n ideal.<\/p>\n<p>Con cada calada, la diversidad de aromas se despliega a\u00fan m\u00e1s y ofrece un sabor pleno, redondo y suave que convence tanto a los principiantes como a los vapeadores experimentados. Especialmente en combinaci\u00f3n con la <strong>Tecnolog\u00eda de bobina de malla<\/strong> El sabor se reproduce de manera intensa y aut\u00e9ntica en la AL Fakher Crown Bar.<\/p>\n<h2><strong>AL Fakher Crown Bar 12000 Z\u00fcge \n\nbecomes \n\nAL Fakher Crown Bar 12000 tiradas <\/strong>Por qu\u00e9 elegir la AL Fakher Crown Bar 12000 caladas?<\/h2>\n<p>La corona AL Fakher 12000 tiradas <a href=\"https:\/\/alfakher24h.de\/es\/\">Cigarrillo electr\u00f3nico desechable<\/a> Ofrece m\u00e1s que un simple destaque gastron\u00f3mico. Aqu\u00ed est\u00e1n algunos de los beneficios m\u00e1s importantes que distinguen a este producto:<\/p>\n<ul>\n<li><strong>Durabilidad<\/strong>: Con 12.000 bocanillas, este cigarrillo electr\u00f3nico de un solo uso ofrece una de las mayores capacidades del mercado. No tiene que preocuparse por que el placer de vapear termine demasiado r\u00e1pido.<\/li>\n<li><strong>Comodidad y facilidad de uso<\/strong>: Sin rellenar, sin configuraci\u00f3n complicada - simplemente desempaquetar, cargar y disfrutar.<\/li>\n<li><strong>Calidad<\/strong>: Al Fakher es conocido por sus productos de alta calidad y \"Two Apple\" ofrece una experiencia de vapeo premium con sabores equilibrados y una destacada producci\u00f3n de vapor.<\/li>\n<li><strong>ecol\u00f3gico \nAmigable con el medio ambiente \n Ecol\u00f3gico \n Sostenible \n Respetuoso con el medio ambiente \n Medioambiental \n Verde \n Amigable con el entorno \n No contaminante \n Compatible con el medio ambiente \n Inofensivo para el medio ambiente<\/strong>Gracias a la bater\u00eda recargable, la vida \u00fatil se prolonga, lo que genera menos residuos y es m\u00e1s respetuoso con el medio ambiente que los productos desechables convencionales.<\/li>\n<li><strong>Seguro y fiable<\/strong>La pantalla digital integrada le proporciona informaci\u00f3n en todo momento sobre el nivel de bater\u00eda y aceite, de modo que siempre sabr\u00e1 cu\u00e1ndo es el momento de recargar.<\/li>\n<\/ul>\n<h3>Comprar ahora en alfakher24h.de - El mayor proveedor de Alemania de cigarrillos electr\u00f3nicos desechables<\/h3>\n<p>Por qu\u00e9 deber\u00eda usted la <strong><a href=\"https:\/\/alfakher24h.de\/es\/\">AL Fakher<\/a> Crown Bar 12000 bocanegra E-cigarrillo desechable con sabor a Two Apple<\/strong> auf <strong>alfakher24h.de<\/strong> \u00bfQuieres comprar? Nuestra tienda en l\u00ednea es la mayor plataforma de ventas de cigarrillos electr\u00f3nicos desechables en Alemania y te ofrece los mejores precios, as\u00ed como un env\u00edo r\u00e1pido y seguro. Con nosotros obtienes solo productos originales de Al Fakher y puedes estar seguro de que siempre disfrutar\u00e1s de la mejor calidad.<\/p>\n<p>Con nuestra p\u00e1gina web f\u00e1cil de usar y nuestro r\u00e1pido proceso de pedido, su experiencia de compra ser\u00e1 estresante y agradable. Adem\u00e1s, ofrecemos peri\u00f3dicamente promociones especiales y descuentos para que pueda comprar sus productos favoritos a\u00fan m\u00e1s barato. No espere m\u00e1s y ordene ahora su AL Fakher Crown Bar 12000 Z\u00fcge Einweg E-Zigarette auf <a href=\"https:\/\/alfakher24h.de\/es\/\"><strong>alfakher24h.de<\/strong><\/a> - \u00a1Su socio de confianza para cigarrillos electr\u00f3nicos desechables de alta calidad en Alemania!<\/p>\n<p>&nbsp;<\/p>\n<h2><strong>AL Fakher Crown Bar 12000 Z\u00fcge \n\nbecomes \n\nAL Fakher Crown Bar 12000 tiradas <\/strong>Conclusi\u00f3n<\/h2>\n<p>La <strong>AL Fakher Crown Bar 12000 Z\u00fcge \n\nbecomes \n\nAL Fakher Crown Bar 12000 tiradas<a href=\"https:\/\/alfakher24h.de\/es\/\"> Cigarrillo electr\u00f3nico desechable con nicotina<\/a> \u2013 Dos manzanas<\/strong> es la elecci\u00f3n perfecta para todos los vapeadores que buscan un producto duradero, con sabor intenso y f\u00e1cil de usar. Con su alta capacidad de tiro, tecnolog\u00eda de bobina de malla y el refrescante sabor de \"Two Apple\", este dispositivo ofrece una experiencia de vapeo incomparable. No pierda la oportunidad y aseg\u00farese este producto premium en <a href=\"https:\/\/alfakher24h.de\/es\/\"><strong>alfakher24h.de<\/strong><\/a>, la mayor plataforma para cigarrillos electr\u00f3nicos desechables en Alemania.<\/p>","protected":false},"excerpt":{"rendered":"<p>La AL Fakher Crown Bar 12000 Z\u00fcge Einweg E-Zigarette une la tecnolog\u00eda de bobina de malla m\u00e1s avanzada con un aroma refrescante de \"Two Apple\" y ofrece hasta 12.000 caladas para una experiencia de vapeo intensa y duradera.<\/p>","protected":false},"featured_media":1696,"comment_status":"open","ping_status":"closed","template":"","meta":{"om_disable_all_campaigns":false},"product_brand":[],"product_cat":[20],"product_tag":[],"class_list":{"0":"post-393","1":"product","2":"type-product","3":"status-publish","4":"has-post-thumbnail","6":"product_cat-ai-fakher-crown-bar-12000","8":"first","9":"instock","10":"shipping-taxable","11":"purchasable","12":"product-type-simple"},"_links":{"self":[{"href":"https:\/\/alfakher24h.de\/es\/wp-json\/wp\/v2\/product\/393","targetHints":{"allow":["GET"]}}],"collection":[{"href":"https:\/\/alfakher24h.de\/es\/wp-json\/wp\/v2\/product"}],"about":[{"href":"https:\/\/alfakher24h.de\/es\/wp-json\/wp\/v2\/types\/product"}],"replies":[{"embeddable":true,"href":"https:\/\/alfakher24h.de\/es\/wp-json\/wp\/v2\/comments?post=393"}],"wp:featuredmedia":[{"embeddable":true,"href":"https:\/\/alfakher24h.de\/es\/wp-json\/wp\/v2\/media\/1696"}],"wp:attachment":[{"href":"https:\/\/alfakher24h.de\/es\/wp-json\/wp\/v2\/media?parent=393"}],"wp:term":[{"taxonomy":"product_brand","embeddable":true,"href":"https:\/\/alfakher24h.de\/es\/wp-json\/wp\/v2\/product_brand?post=393"},{"taxonomy":"product_cat","embeddable":true,"href":"https:\/\/alfakher24h.de\/es\/wp-json\/wp\/v2\/product_cat?post=393"},{"taxonomy":"product_tag","embeddable":true,"href":"https:\/\/alfakher24h.de\/es\/wp-json\/wp\/v2\/product_tag?post=393"}],"curies":[{"name":"wp","href":"https:\/\/api.w.org\/{rel}","templated":true}]}}