{"id":388,"date":"2024-09-18T12:08:44","date_gmt":"2024-09-18T12:08:44","guid":{"rendered":"https:\/\/alfakher24h.de\/?post_type=product&#038;p=388"},"modified":"2025-07-23T04:17:50","modified_gmt":"2025-07-23T04:17:50","slug":"al-fakher-crown-bar-12000-inhalaciones-de-cigarrillo-electronico-desechable-con-nicotina-y-hielo-de-melocoton","status":"publish","type":"product","link":"https:\/\/alfakher24h.de\/es\/producto\/al-fakher-crown-bar-12000-inhalaciones-de-cigarrillo-electronico-desechable-con-nicotina-y-hielo-de-melocoton\/","title":{"rendered":"AL Fakher Crown Bar 12000 Z\u00fcge Einweg E Zigarette Mit Nikotin-Peach Ice \nse traduce como \n\nAL Fakher Crown Bar 12000 caladas Cigarrillo electr\u00f3nico desechable con nicotina - Sabor durazno con hielo"},"content":{"rendered":"<h2><strong><a href=\"https:\/\/alfakher24h.de\/es\/categoria-de-producto\/barra-de-corona-ai-fakher-12000\/\">AL Fakher Crown Bar 12000 Z\u00fcge \n\nbecomes \n\nAL Fakher Crown Bar 12000 tiradas<\/a> Cigarrillo electr\u00f3nico desechable con nicotina - Melocot\u00f3n Hielo<\/strong><\/h2>\n<p>Erleben Sie mit der \n -&gt; Disfrute con la <strong>AL Fakher Crown Bar 12000 Z\u00fcge \n\nbecomes \n\nAL Fakher Crown Bar 12000 tiradas <a href=\"https:\/\/alfakher24h.de\/es\/\">Cigarrillo electr\u00f3nico desechable<\/a><\/strong> el sabor \u00fanico de Peach Ice. Este producto de primera categor\u00eda une ingredientes de alta calidad con tecnolog\u00eda innovadora, para ofrecerle una experiencia de vapeo excepcional. Descubre c\u00f3mo Peach Ice refresca tus sentidos y eleva tu disfrute de vapeo a un nuevo nivel.<\/p>\n<h2><strong>AL Fakher Crown Bar 12000 Z\u00fcge \n\nbecomes \n\nAL Fakher Crown Bar 12000 tiradas <\/strong>Incomparable experiencia de vapeo con Peach Ice<\/h2>\n<p>La <strong>AL Fakher Crown Bar 12000 Z\u00fcge \n\nbecomes \n\nAL Fakher Crown Bar 12000 tiradas<\/strong> ofrece una experiencia de sabor excepcional que puede disfrutar con cada calada. El <strong>Peach Ice<\/strong> Sabor que combina la dulzura de melocotones jugosos con un toque fresco de hielo. Esto asegura una experiencia de vapeo \u00fanica que recuerda a un refrescante batido de melocot\u00f3n - ideal para d\u00edas calurosos de verano.<\/p>\n<p>Con la AL Fakher Crown Bar disfrutas hasta 12000 caladas de sabor intenso, acompa\u00f1ado de un sonido aut\u00e9ntico de Shisha, que enriquece a\u00fan m\u00e1s tu experiencia de vapeo. La alta capacidad de 22ml de E-Liquid garantiza que disfrutes durante mucho tiempo del sabor fresco y afrutado.<\/p>\n<h2><strong>AL Fakher Crown Bar 12000 Z\u00fcge \n\nbecomes \n\nAL Fakher Crown Bar 12000 tiradas <\/strong>Propiedades del producto en detalle<\/h2>\n<ul>\n<li><strong>Sabor<\/strong>Peach Ice \u2013 Jugosos melocotones combinados con un toque refrescante de hielo.<\/li>\n<li><strong>Trenes<\/strong>: Hasta 12000 caladas para un placer duradero.<\/li>\n<li><strong>Capacidad de la bater\u00eda<\/strong>: 600mAh para un uso fiable durante todo el per\u00edodo.<\/li>\n<li><strong>Duraci\u00f3n de vida<\/strong>: Hasta 2 a\u00f1os, dependiendo del uso.<\/li>\n<li><strong>Contenido del paquete<\/strong>: 1 pieza por paquete.<\/li>\n<li><strong>Desechable<\/strong>: S\u00ed, para un manejo sencillo.<\/li>\n<li><strong>L\u00edmite de Puff<\/strong>: Hasta 15000 caladas, para que pueda disfrutar ampliamente del sabor.<\/li>\n<li><strong>Conexi\u00f3n de carga<\/strong>: Tipo C moderno para carga r\u00e1pida y uso sencillo.<\/li>\n<li><strong>Bobina<\/strong>: Bobina de malla de alta calidad para el despliegue puro del sabor.<\/li>\n<li><strong>Capacidad de E-L\u00edquido<\/strong>: 22ml para un placer de vapor duradero.<\/li>\n<li><strong>Fortaleza de la nicotina<\/strong>: 5mg\/ml \u2013 ideal para todos los conocedores que buscan el verdadero golpe de nicotina.<\/li>\n<li><strong>Resistencia<\/strong>: 0.6 OHM, optimizado para inhalaci\u00f3n directa (DTL).<\/li>\n<\/ul>\n<h2><strong>AL Fakher Crown Bar 12000 Z\u00fcge \n\nbecomes \n\nAL Fakher Crown Bar 12000 tiradas <\/strong>Descripci\u00f3n detallada del sabor de Peach Ice<\/h2>\n<p><strong>Peach Ice<\/strong> de <a href=\"https:\/\/alfakher24h.de\/es\/\">AL Fakher<\/a> Crown Bar combina la dulce dulzura de los melocotones maduros con un refrescante toque de hielo. En el primer tir\u00f3n, sentir\u00e1s la jugosa dulzura de los melocotones, que se derrite inmediatamente en la lengua y despliega un agradable aroma a fruta. Este sabor se ve luego complementado por un acabado fresco y helado que asegura una duradera frescura.<\/p>\n<p>Imagina disfrutar de un smoothie de melocot\u00f3n reci\u00e9n preparado en un d\u00eda caluroso de verano - exactamente esa sensaci\u00f3n transmite <strong>Peach Ice<\/strong> en su experiencia de vapeo. El equilibrio entre la dulzura afrutada y el frescor refrescante crea una experiencia de sabor equilibrada que puede disfrutar con cada calada. Esta mezcla perfecta hace que Peach Ice sea la elecci\u00f3n ideal para todos aquellos que buscan un refresco afrutado con un toque fresco adicional.<\/p>\n<p><img loading=\"lazy\" decoding=\"async\" class=\"alignnone size-full wp-image-390\" src=\"https:\/\/alfakher24h.de\/wp-content\/uploads\/2024\/09\/AL-Fakher-Crown-Bar-12000-Zuege-Einweg-E-Zigarette-Mit-Nikotin-Peach-Ice-2.webp\" alt=\"AL Fakher Crown Bar 12000 Z\u00fcge Einweg E Zigarette Mit Nikotin-Peach Ice se traduce como AL Fakher Crown Bar 12000 caladas Cigarrillo electr\u00f3nico desechable con nicotina - Sabor durazno con hielo\" width=\"1000\" height=\"1000\" title=\"\" srcset=\"https:\/\/alfakher24h.de\/wp-content\/uploads\/2024\/09\/AL-Fakher-Crown-Bar-12000-Zuege-Einweg-E-Zigarette-Mit-Nikotin-Peach-Ice-2.webp 1000w, https:\/\/alfakher24h.de\/wp-content\/uploads\/2024\/09\/AL-Fakher-Crown-Bar-12000-Zuege-Einweg-E-Zigarette-Mit-Nikotin-Peach-Ice-2-300x300.webp 300w, https:\/\/alfakher24h.de\/wp-content\/uploads\/2024\/09\/AL-Fakher-Crown-Bar-12000-Zuege-Einweg-E-Zigarette-Mit-Nikotin-Peach-Ice-2-150x150.webp 150w, https:\/\/alfakher24h.de\/wp-content\/uploads\/2024\/09\/AL-Fakher-Crown-Bar-12000-Zuege-Einweg-E-Zigarette-Mit-Nikotin-Peach-Ice-2-768x768.webp 768w, https:\/\/alfakher24h.de\/wp-content\/uploads\/2024\/09\/AL-Fakher-Crown-Bar-12000-Zuege-Einweg-E-Zigarette-Mit-Nikotin-Peach-Ice-2-600x600.webp 600w, https:\/\/alfakher24h.de\/wp-content\/uploads\/2024\/09\/AL-Fakher-Crown-Bar-12000-Zuege-Einweg-E-Zigarette-Mit-Nikotin-Peach-Ice-2-100x100.webp 100w\" sizes=\"auto, (max-width: 1000px) 100vw, 1000px\" \/><\/p>\n<h2><strong>AL Fakher Crown Bar 12000 Z\u00fcge \n\nbecomes \n\nAL Fakher Crown Bar 12000 tiradas <\/strong>Por qu\u00e9 deber\u00edas comprar en alfakher24h.de?<\/h2>\n<p>Como <strong>mayor minorista en l\u00ednea de vaporizadores desechables en Alemania<\/strong> ofrecemos una amplia selecci\u00f3n de productos de alta calidad, incluyendo los <strong><a href=\"https:\/\/alfakher24h.de\/es\/\">AL Fakher<\/a> Crown Bar 12000 Z\u00fcge \n\nbecomes \n\nCrown Bar 12000 tiradas<\/strong>Nuestro amplio surtido y nuestro excelente servicio al cliente garantizan que encuentre la experiencia de vapeo perfecta. Visite <a href=\"https:\/\/alfakher24h.de\/es\/\" target=\"_new\" rel=\"noopener\">alfakher24h.de<\/a>para comenzar su nueva experiencia de vapeo y aprovechar nuestra amplia selecci\u00f3n de Disposable Vapes. En nuestro sitio, siempre encontrar\u00e1 los mejores productos a los mejores precios.<\/p>\n<p>Aproveche nuestra oferta y experimente la calidad exclusiva de la <strong>AL Fakher Crown Bar 12000 Z\u00fcge \n\nbecomes \n\nAL Fakher Crown Bar 12000 tiradas <a href=\"https:\/\/alfakher24h.de\/es\/\">Cigarrillo electr\u00f3nico desechable con nicotina<\/a><\/strong>\u00a0con el refrescante sabor de Peach Ice - ideal para todos los vapeadores que buscan una experiencia de sabor de primera clase y refrescante.<\/p>","protected":false},"excerpt":{"rendered":"<p>La <strong>AL Fakher Crown Bar 12000 Z\u00fcge Einweg E-Zigarette \n\nbecomes \n\nAL Fakher Crown Bar 12000 tiradas Vape de un solo uso<\/strong> Con el refrescante sabor de Peach Ice ofrece hasta 12000 caladas de intenso placer de vapor, combinado con un sonido aut\u00e9ntico de aspiraci\u00f3n de Shisha y un equilibrio perfecto entre dulzura afrutada y frescura fr\u00eda.<\/p>","protected":false},"featured_media":389,"comment_status":"open","ping_status":"closed","template":"","meta":{"om_disable_all_campaigns":false},"product_brand":[],"product_cat":[20],"product_tag":[],"class_list":{"0":"post-388","1":"product","2":"type-product","3":"status-publish","4":"has-post-thumbnail","6":"product_cat-ai-fakher-crown-bar-12000","8":"first","9":"instock","10":"shipping-taxable","11":"purchasable","12":"product-type-simple"},"_links":{"self":[{"href":"https:\/\/alfakher24h.de\/es\/wp-json\/wp\/v2\/product\/388","targetHints":{"allow":["GET"]}}],"collection":[{"href":"https:\/\/alfakher24h.de\/es\/wp-json\/wp\/v2\/product"}],"about":[{"href":"https:\/\/alfakher24h.de\/es\/wp-json\/wp\/v2\/types\/product"}],"replies":[{"embeddable":true,"href":"https:\/\/alfakher24h.de\/es\/wp-json\/wp\/v2\/comments?post=388"}],"wp:featuredmedia":[{"embeddable":true,"href":"https:\/\/alfakher24h.de\/es\/wp-json\/wp\/v2\/media\/389"}],"wp:attachment":[{"href":"https:\/\/alfakher24h.de\/es\/wp-json\/wp\/v2\/media?parent=388"}],"wp:term":[{"taxonomy":"product_brand","embeddable":true,"href":"https:\/\/alfakher24h.de\/es\/wp-json\/wp\/v2\/product_brand?post=388"},{"taxonomy":"product_cat","embeddable":true,"href":"https:\/\/alfakher24h.de\/es\/wp-json\/wp\/v2\/product_cat?post=388"},{"taxonomy":"product_tag","embeddable":true,"href":"https:\/\/alfakher24h.de\/es\/wp-json\/wp\/v2\/product_tag?post=388"}],"curies":[{"name":"wp","href":"https:\/\/api.w.org\/{rel}","templated":true}]}}