{"id":379,"date":"2024-09-18T11:30:33","date_gmt":"2024-09-18T11:30:33","guid":{"rendered":"https:\/\/alfakher24h.de\/?post_type=product&#038;p=379"},"modified":"2025-07-23T04:17:50","modified_gmt":"2025-07-23T04:17:50","slug":"al-fakher-crown-bar-12000-inhalaciones-cigarrillo-electronico-desechable-con-hielo-de-mango-de-nicotina","status":"publish","type":"product","link":"https:\/\/alfakher24h.de\/es\/producto\/al-fakher-crown-bar-12000-inhalaciones-cigarrillo-electronico-desechable-con-hielo-de-mango-de-nicotina\/","title":{"rendered":"AI Fakher Crown Bar 12000 Caladas Hookah Sound E Cigarrillo Desechable \u2013 Mango Fresco"},"content":{"rendered":"<div class=\"flex-shrink-0 flex flex-col relative items-end\">\n<div class=\"pt-0\">\n<div class=\"gizmo-bot-avatar flex h-8 w-8 items-center justify-center overflow-hidden rounded-full\">\n<div><\/div>\n<div class=\"relative p-1 rounded-sm flex items-center justify-center bg-token-main-surface-primary text-token-text-primary h-8 w-8\">\n<h1 class=\"product-title product_title entry-title\"><a href=\"https:\/\/alfakher24h.de\/es\/producto\/al-fakher-crown-bar-12000-inhalaciones-cigarrillo-electronico-desechable-con-hielo-de-mango-de-nicotina\/\">AI Fakher Crown Bar 12000 Z\u00fcge \n\nbecomes \n\nAI Fakher Crown Bar 12000 tiradas<\/a> Hookah Sound Disposable E-Zigarette \u2013 Cool Mango<\/h1>\n<\/div>\n<\/div>\n<\/div>\n<\/div>\n<div class=\"group\/conversation-turn relative flex w-full min-w-0 flex-col agent-turn\">\n<div class=\"flex-col gap-1 md:gap-3\">\n<div class=\"flex max-w-full flex-col flex-grow\">\n<div class=\"min-h-[20px] text-message flex w-full flex-col items-end gap-2 whitespace-normal break-words [.text-message+&amp;]:mt-5\" dir=\"auto\" data-message-author-role=\"assistant\" data-message-id=\"acd6a259-eb42-4cad-a986-6327cef5dc56\">\n<div class=\"flex w-full flex-col gap-1 empty:hidden first:pt-[3px]\">\n<div class=\"markdown prose w-full break-words dark:prose-invert light\">\n<p>La <strong>AL Fakher Crown Bar 12000 Z\u00fcge \n\nbecomes \n\nAL Fakher Crown Bar 12000 tiradas <a href=\"https:\/\/alfakher24h.de\/es\/\">Cigarrillo electr\u00f3nico desechable<\/a><\/strong> Combina un rendimiento excepcional y un sabor de primera clase en un solo dispositivo f\u00e1cil de usar. Con el sabor Mango Ice, este vape no solo se destaca por su alta capacidad, sino que tambi\u00e9n ofrece una experiencia de sabor incomparable que har\u00e1 que todo aficionado al vapeo se entusiasme. Descubre por qu\u00e9 este dispositivo es la mejor opci\u00f3n para vapeadores exigentes.<\/p>\n<h2><strong>AL Fakher Crown Bar 12000 Z\u00fcge \n\nbecomes \n\nAL Fakher Crown Bar 12000 tiradas <\/strong>Descripci\u00f3n del producto<\/h2>\n<p>Der <strong>AL Fakher Crown Bar 12000 PRO<\/strong> no es simplemente otro vapeador desechable; <a href=\"https:\/\/alfakher24h.de\/es\/\">Cigarrillo electr\u00f3nico desechable con nicotina<\/a> Es una revoluci\u00f3n en el mundo del vapeo. Con impresionantes 12.000 caladas, este dispositivo ofrece una vida \u00fatil excepcional que supera con creces la media. Su dise\u00f1o ergon\u00f3mico y elegante garantiza un agarre c\u00f3modo y un manejo f\u00e1cil de usar. El dise\u00f1o elegante no solo es est\u00e9ticamente atractivo, sino tambi\u00e9n funcional y se puede almacenar f\u00e1cilmente en un bolsillo o bolso.<\/p>\n<p>La innovadora <strong>Bobina de malla<\/strong> con una resistencia de 0,6 ohmios garantiza que cada inhalaci\u00f3n produzca nubes de vapor densas y sabrosas. Esta tecnolog\u00eda optimiza la vaporizaci\u00f3n y proporciona una experiencia de sabor suave e intensa. La <strong>DTL Tecnolog\u00eda de Vapeo<\/strong> (Direct-to-Lung) eleva el sabor a un nuevo nivel y permite una experiencia de vapeo intensa. Ya sea que sea un vapeador habitual o ocasional, este vape de un solo uso est\u00e1 dise\u00f1ado para una larga vida \u00fatil y un sabor excepcional.<\/p>\n<h2><strong>AL Fakher Crown Bar 12000 Z\u00fcge \n\nbecomes \n\nAL Fakher Crown Bar 12000 tiradas <\/strong>Caracter\u00edsticas principales de AL Fakher Crown Bar 12000 PRO<\/h2>\n<ul>\n<li><strong>Hasta 12.000 trenes por dispositivo<\/strong>: Una de las capacidades m\u00e1s altas del mercado, ideal para vapear prolongadamente sin necesidad de comprar con frecuencia.<\/li>\n<li><strong>Bobina de malla (0,6 ohmios)<\/strong>Para nubes de vapor intensas y densas y una experiencia de sabor incomparable.<\/li>\n<li><strong>Bater\u00eda recargable<\/strong>: Con un conector de carga USB-C para una carga r\u00e1pida y continua disponibilidad.<\/li>\n<li><strong>Pantalla digital<\/strong>: Indicaci\u00f3n clara del estado de la bater\u00eda y del nivel de l\u00edquido electr\u00f3nico.<\/li>\n<li><strong>Dise\u00f1o ligero y elegante<\/strong>: Moderno y elegante, pero tambi\u00e9n funcional y pr\u00e1ctico.<\/li>\n<li><strong>Hookah-Sound-Waves<\/strong>: Las ondas de sonido integradas de la pipa de agua refuerzan la experiencia aut\u00e9ntica de Shisha.<\/li>\n<\/ul>\n<h2><strong>AL Fakher Crown Bar 12000 Z\u00fcge \n\nbecomes \n\nAL Fakher Crown Bar 12000 tiradas <\/strong>Por qu\u00e9 deber\u00edas comprar el AL Fakher Crown Bar 12000 PRO<\/h2>\n<p>Si est\u00e1s buscando un vape duradero y potente que ofrezca tanto sabor como facilidad de uso, entonces el <strong><a href=\"https:\/\/alfakher24h.de\/es\/\">AL Fakher<\/a> Crown Bar 12000 PRO<\/strong> exactamente lo que necesita. Con su alta capacidad de 12.000 caladas, este dispositivo es ideal para todos aquellos que vapean mucho y con regularidad. La bater\u00eda recargable y el puerto USB-C garantizan que su vapeador est\u00e9 siempre listo cuando lo necesite.<\/p>\n<p>Este dispositivo se destaca por sus caracter\u00edsticas \u00fanicas <strong>Hookah-Sound-Waves<\/strong> destacados que ofrecen una experiencia aut\u00e9ntica de Shisha. Para los vapeadores que aman la atm\u00f3sfera y el placer de la Shisha, el<a href=\"https:\/\/alfakher24h.de\/es\/\"> AL Fakher<\/a> Crown Bar 12000 PRO es la elecci\u00f3n perfecta.<\/p>\n<h2><strong>AL Fakher Crown Bar 12000 Z\u00fcge \n\nbecomes \n\nAL Fakher Crown Bar 12000 tiradas <\/strong>Datos t\u00e9cnicos<\/h2>\n<ul>\n<li><strong>Trenes<\/strong>: Hasta 12.000 trenes<\/li>\n<li><strong>Contenido de nicotina<\/strong>: 0,5% (5 mg)<\/li>\n<li><strong>Bobina<\/strong>: 0,6 Ohm malla bobina<\/li>\n<li><strong>Cargar<\/strong>: Puerto USB tipo C<\/li>\n<li><strong>Recargable<\/strong>: S\u00ed<\/li>\n<li><strong>Pantalla digital<\/strong>: S\u00ed<\/li>\n<li><strong>Libre de mantenimiento<\/strong>: S\u00ed<\/li>\n<li><strong>Dise\u00f1o<\/strong>: Ligero y compacto<\/li>\n<\/ul>\n<h2><strong>AL Fakher Crown Bar 12000 Z\u00fcge \n\nbecomes \n\nAL Fakher Crown Bar 12000 tiradas <\/strong>Descripci\u00f3n detallada del sabor - Mango Hielo<\/h2>\n<p>La caracter\u00edstica sobresaliente de <strong><a href=\"https:\/\/alfakher24h.de\/es\/\">AL Fakher<\/a> Crown Bar 12000 PRO<\/strong> es sin duda el sabor de <strong>Mango Ice<\/strong>Este sabor combina la dulzura y frescura jugosa de mangos maduros con un toque refrescante y fresco de hielo. El sabor de Mango Ice est\u00e1 perfectamente equilibrado y ofrece tanto la intensa fruta de la mango como un fresco estimulante que hace que cada calada sea un verdadero placer.<\/p>\n<p>La variedad de sabor Mango Ice no solo ofrece una mezcla armoniosa de dulzura frutal y frescura refrescante, sino que tambi\u00e9n proporciona una experiencia de sabor duradera que perdura todo el d\u00eda. Cada calada es una experiencia en s\u00ed misma que deleita los sentidos con una explosi\u00f3n de mango tropical y una nota refrescante de hielo. Esta experiencia de sabor se potencia gracias a la avanzada bobina de malla que hace que cada matiz de los aromas sea intensamente perceptible.<\/p>\n<p><img loading=\"lazy\" decoding=\"async\" class=\"alignnone size-full wp-image-381\" src=\"https:\/\/alfakher24h.de\/wp-content\/uploads\/2024\/09\/AL-Fakher-Crown-Bar-12000-Zuege-Einweg-E-Zigarette-Mit-Nikotin-Mango-Ice-2.webp\" alt=\"AL Fakher Crown Bar 12000 Z\u00fcge Einweg E Zigarette Mit Nikotin-Mango Ice se convierte en AL Fakher Crown Bar 12000 caladas cigarrillo electr\u00f3nico desechable con nicotina - Sabor Mango Hielo\" width=\"1837\" height=\"2522\" title=\"\" srcset=\"https:\/\/alfakher24h.de\/wp-content\/uploads\/2024\/09\/AL-Fakher-Crown-Bar-12000-Zuege-Einweg-E-Zigarette-Mit-Nikotin-Mango-Ice-2.webp 1837w, https:\/\/alfakher24h.de\/wp-content\/uploads\/2024\/09\/AL-Fakher-Crown-Bar-12000-Zuege-Einweg-E-Zigarette-Mit-Nikotin-Mango-Ice-2-219x300.webp 219w, https:\/\/alfakher24h.de\/wp-content\/uploads\/2024\/09\/AL-Fakher-Crown-Bar-12000-Zuege-Einweg-E-Zigarette-Mit-Nikotin-Mango-Ice-2-746x1024.webp 746w, https:\/\/alfakher24h.de\/wp-content\/uploads\/2024\/09\/AL-Fakher-Crown-Bar-12000-Zuege-Einweg-E-Zigarette-Mit-Nikotin-Mango-Ice-2-768x1054.webp 768w, https:\/\/alfakher24h.de\/wp-content\/uploads\/2024\/09\/AL-Fakher-Crown-Bar-12000-Zuege-Einweg-E-Zigarette-Mit-Nikotin-Mango-Ice-2-1119x1536.webp 1119w, https:\/\/alfakher24h.de\/wp-content\/uploads\/2024\/09\/AL-Fakher-Crown-Bar-12000-Zuege-Einweg-E-Zigarette-Mit-Nikotin-Mango-Ice-2-1492x2048.webp 1492w, https:\/\/alfakher24h.de\/wp-content\/uploads\/2024\/09\/AL-Fakher-Crown-Bar-12000-Zuege-Einweg-E-Zigarette-Mit-Nikotin-Mango-Ice-2-600x824.webp 600w\" sizes=\"auto, (max-width: 1837px) 100vw, 1837px\" \/><\/p>\n<h2><strong>AL Fakher Crown Bar 12000 Z\u00fcge \n\nbecomes \n\nAL Fakher Crown Bar 12000 tiradas <\/strong>Comprar ahora en alfakher24h.de<\/h2>\n<p>Para una experiencia de vapeo incomparable y la posibilidad de <strong>AL Fakher Crown Bar 12000 Z\u00fcge Einweg E-Zigarette \n\nbecomes \n\nAL Fakher Crown Bar 12000 tiradas Vape de un solo uso<\/strong> en la deliciosa variedad de sabor a Mango Ice para disfrutar, visite <strong><a href=\"https:\/\/alfakher24h.de\/es\/\" target=\"_new\" rel=\"noopener\">alfakher24h.de<\/a><\/strong>Como la mayor plataforma de ventas en l\u00ednea de vaporizadores desechables en Alemania, ofrecemos los mejores productos y el mejor servicio. No pierda la oportunidad de conseguir este extraordinario vape y elevar su experiencia de vapeo a un nuevo nivel.<\/p>\n<\/div>\n<\/div>\n<\/div>\n<\/div>\n<\/div>\n<\/div>","protected":false},"excerpt":{"rendered":"<p>La <strong>AL Fakher Crown Bar 12000 Z\u00fcge Einweg E-Zigarette mit Nikotin in Mango Ice \nse convierte en \n\nAL Fakher Crown Bar 12000 caladas cigarrillo electr\u00f3nico desechable con nicotina sabor Mango Hielo<\/strong> ofrece con su alta capacidad de 12.000 bocanegrabites y el delicioso sabor a mango jugoso y hielo refrescante una experiencia de vapeo inigualable.<\/p>","protected":false},"featured_media":380,"comment_status":"open","ping_status":"closed","template":"","meta":{"om_disable_all_campaigns":false},"product_brand":[],"product_cat":[20],"product_tag":[],"class_list":{"0":"post-379","1":"product","2":"type-product","3":"status-publish","4":"has-post-thumbnail","6":"product_cat-ai-fakher-crown-bar-12000","8":"first","9":"instock","10":"shipping-taxable","11":"purchasable","12":"product-type-simple"},"_links":{"self":[{"href":"https:\/\/alfakher24h.de\/es\/wp-json\/wp\/v2\/product\/379","targetHints":{"allow":["GET"]}}],"collection":[{"href":"https:\/\/alfakher24h.de\/es\/wp-json\/wp\/v2\/product"}],"about":[{"href":"https:\/\/alfakher24h.de\/es\/wp-json\/wp\/v2\/types\/product"}],"replies":[{"embeddable":true,"href":"https:\/\/alfakher24h.de\/es\/wp-json\/wp\/v2\/comments?post=379"}],"wp:featuredmedia":[{"embeddable":true,"href":"https:\/\/alfakher24h.de\/es\/wp-json\/wp\/v2\/media\/380"}],"wp:attachment":[{"href":"https:\/\/alfakher24h.de\/es\/wp-json\/wp\/v2\/media?parent=379"}],"wp:term":[{"taxonomy":"product_brand","embeddable":true,"href":"https:\/\/alfakher24h.de\/es\/wp-json\/wp\/v2\/product_brand?post=379"},{"taxonomy":"product_cat","embeddable":true,"href":"https:\/\/alfakher24h.de\/es\/wp-json\/wp\/v2\/product_cat?post=379"},{"taxonomy":"product_tag","embeddable":true,"href":"https:\/\/alfakher24h.de\/es\/wp-json\/wp\/v2\/product_tag?post=379"}],"curies":[{"name":"wp","href":"https:\/\/api.w.org\/{rel}","templated":true}]}}