{"id":367,"date":"2024-09-18T09:00:13","date_gmt":"2024-09-18T09:00:13","guid":{"rendered":"https:\/\/alfakher24h.de\/?post_type=product&#038;p=367"},"modified":"2025-07-23T04:17:51","modified_gmt":"2025-07-23T04:17:51","slug":"al-fakher-crown-bar-12000-inhalaciones-cigarrillo-electronico-desechable-con-nicotina-limon-menta","status":"publish","type":"product","link":"https:\/\/alfakher24h.de\/es\/producto\/al-fakher-crown-bar-12000-inhalaciones-cigarrillo-electronico-desechable-con-nicotina-limon-menta\/","title":{"rendered":"AL Fakher Crown Bar 12000 Z\u00fcge Einweg E Zigarette Mit Nikotin -Lemon Mint \n\nbecomes \n\nAL Fakher Crown Bar 12000 caladas cigarrillo electr\u00f3nico desechable con nicotina -Lemon Mint"},"content":{"rendered":"<h2><strong><a href=\"https:\/\/alfakher24h.de\/es\/categoria-de-producto\/barra-de-corona-ai-fakher-12000\/\">AL Fakher Crown Bar 12000 Z\u00fcge \n\nbecomes \n\nAL Fakher Crown Bar 12000 tiradas<\/a> Cigarrillo electr\u00f3nico desechable con nicotina - Menta Lim\u00f3n<\/strong><\/h2>\n<h3>Introducci\u00f3n al futuro del vapeo<\/h3>\n<p>La corona AL Fakher 12000 tiradas <a href=\"https:\/\/alfakher24h.de\/es\/\">Cigarrillo electr\u00f3nico desechable<\/a> Establece nuevos est\u00e1ndares en el \u00e1mbito de los vaporizadores desechables y le ofrece una experiencia de vapeo incomparable. Este dispositivo de \u00faltima generaci\u00f3n combina tecnolog\u00eda avanzada con el placer tradicional de una pipa de agua y es, por lo tanto, la elecci\u00f3n ideal para vapeadores exigentes en Alemania. Con una impresionante capacidad de 12.000 bocanadas por unidad, el Crown Bar 12000 PRO eclipsa a todos los vaporizadores desechables anteriores. Ya sea que sea un usuario habitual o simplemente est\u00e9 buscando un dispositivo duradero y confiable, el AL Fakher Crown Bar 12000 superar\u00e1 sus expectativas.<\/p>\n<h2><strong>AL Fakher Crown Bar 12000 Z\u00fcge \n\nbecomes \n\nAL Fakher Crown Bar 12000 tiradas <\/strong>Descripci\u00f3n del producto<\/h2>\n<p>El AL Fakher Crown Bar 12000 PRO no es solo un producto, sino una experiencia. Este dispositivo de vapeo desechable ofrece la combinaci\u00f3n perfecta de funcionalidad y estilo. Con su innovadora tecnolog\u00eda de bobina de malla de 0,6 ohmios, el Crown Bar 12000 PRO proporciona nubes de vapor ricas, sabrosas y densas que hacen que cada bocanada sea un placer especial. La tecnolog\u00eda avanzada de bobina garantiza una vaporizaci\u00f3n uniforme del l\u00edquido electr\u00f3nico y maximiza la liberaci\u00f3n de aromas en cada bocanada.<\/p>\n<p>El dispositivo cuenta con una pantalla digital que le ofrece en todo momento una visi\u00f3n general de la duraci\u00f3n de la bater\u00eda y el nivel de l\u00edquido, de modo que siempre sabr\u00e1 exactamente cu\u00e1ndo es el momento de rellenar o recargar. La estructura ligera y elegante del Crown Bar 12000 PRO garantiza un manejo c\u00f3modo y un dise\u00f1o elegante que es perfecto para el d\u00eda a d\u00eda y para llevar consigo.<\/p>\n<p>Gracias al puerto de carga r\u00e1pida tipo C, puede cargar el dispositivo en un abrir y cerrar de ojos para asegurarse de que siempre est\u00e9 listo. El estilo de vapeo Direct-to-Lung (DTL) ofrece una experiencia de sabor intensa y cumple con las expectativas incluso de los vapeadores m\u00e1s exigentes.<\/p>\n<h2><strong>AL Fakher Crown Bar 12000 Z\u00fcge \n\nbecomes \n\nAL Fakher Crown Bar 12000 tiradas <\/strong>Caracter\u00edsticas especiales<\/h2>\n<ul>\n<li><strong>12.000 tiradas por dispositivo:<\/strong> Uno de los dispositivos desechables m\u00e1s duraderos del mercado, que ofrece un n\u00famero mucho mayor de bocanadas que la mayor\u00eda de los vaporizadores convencionales.<\/li>\n<li><strong>Bater\u00eda recargable<\/strong> La posibilidad de carga r\u00e1pida a trav\u00e9s del conector USB tipo C garantiza una mayor vida \u00fatil del dispositivo.<\/li>\n<li><strong>0,6 Ohm tecnolog\u00eda de bobina de malla:<\/strong> Garantiza nubes de vapor densas y sabrosas y una experiencia de vapeo incomparable.<\/li>\n<li><strong>Display digital:<\/strong> Le permite mantener en todo momento un ojo en el estado de la bater\u00eda y el nivel de llenado.<\/li>\n<li><strong>Dise\u00f1o ligero y elegante:<\/strong> Elegante y sencilla de manejar, ideal para el uso diario y sobre la marcha.<\/li>\n<li><strong>Hookah Sound Waves:<\/strong> Un sistema integrado que imita la experiencia de fumar pipa de agua y proporciona una atm\u00f3sfera \u00fanica.<\/li>\n<li><strong>DTL-Vaping<\/strong> Para una experiencia de sabor m\u00e1s intensa y un despliegue m\u00e1s fuerte de aromas.<\/li>\n<\/ul>\n<h2><strong>AL Fakher Crown Bar 12000 Z\u00fcg \n\nbecomes \n\nAL Fakher Crown Bar 12000 Zug <\/strong>Experiencia gustativa: Lim\u00f3n Menta<\/h2>\n<p>sabor a Lim\u00f3n Menta <a href=\"https:\/\/alfakher24h.de\/es\/\">AL Fakher<\/a> Crown Bar 12000 PRO ofrece una experiencia de vapeo refrescante y revitalizante, que se caracteriza por su perfecto equilibrio entre el sabor c\u00edtrico de lim\u00f3n y el fresco sabor a menta. La acidez c\u00edtrica del lim\u00f3n proporciona una frescura revitalizante, mientras que la menta a\u00f1ade un agradable frescor que estimula el paladar de manera placentera. Cada calada del perfil de sabor a Lim\u00f3n y Menta aporta una nueva dimensi\u00f3n de frescura, que resulta tanto revitalizante como relajante. La combinaci\u00f3n cuidadosamente ajustada de lim\u00f3n y menta garantiza que este sabor sea un placer tanto en los calurosos d\u00edas de verano como durante la estaci\u00f3n fr\u00eda.<\/p>\n<p>Con la AL Fakher Crown Bar 12000 tiradas <a href=\"https:\/\/alfakher24h.de\/es\/\">Cigarrillo electr\u00f3nico desechable<\/a> Disfruta no solo del rendimiento excepcional de un vapeador avanzado, sino tambi\u00e9n de una experiencia de sabor que impresiona por su frescura y complejidad. La densidad e intensidad del aroma permanecen constantes, lo que hace que cada calada ofrezca una calidad consistentemente alta. La combinaci\u00f3n de lim\u00f3n y menta est\u00e1 perfectamente equilibrada y proporciona una experiencia de vapeo refrescante en todos los sentidos.<\/p>\n<p><img loading=\"lazy\" decoding=\"async\" class=\"alignnone size-full wp-image-369\" src=\"https:\/\/alfakher24h.de\/wp-content\/uploads\/2024\/09\/AL-Fakher-Crown-Bar-12000-Zuege-Einweg-E-Zigarette-Mit-Nikotin-Lemon-Mint-2.webp\" alt=\"AL Fakher Crown Bar 12000 Z\u00fcge Einweg E Zigarette Mit Nikotin -Lemon Mint becomes AL Fakher Crown Bar 12000 caladas cigarrillo electr\u00f3nico desechable con nicotina -Lemon Mint\" width=\"1837\" height=\"2522\" title=\"\" srcset=\"https:\/\/alfakher24h.de\/wp-content\/uploads\/2024\/09\/AL-Fakher-Crown-Bar-12000-Zuege-Einweg-E-Zigarette-Mit-Nikotin-Lemon-Mint-2.webp 1837w, https:\/\/alfakher24h.de\/wp-content\/uploads\/2024\/09\/AL-Fakher-Crown-Bar-12000-Zuege-Einweg-E-Zigarette-Mit-Nikotin-Lemon-Mint-2-219x300.webp 219w, https:\/\/alfakher24h.de\/wp-content\/uploads\/2024\/09\/AL-Fakher-Crown-Bar-12000-Zuege-Einweg-E-Zigarette-Mit-Nikotin-Lemon-Mint-2-746x1024.webp 746w, https:\/\/alfakher24h.de\/wp-content\/uploads\/2024\/09\/AL-Fakher-Crown-Bar-12000-Zuege-Einweg-E-Zigarette-Mit-Nikotin-Lemon-Mint-2-768x1054.webp 768w, https:\/\/alfakher24h.de\/wp-content\/uploads\/2024\/09\/AL-Fakher-Crown-Bar-12000-Zuege-Einweg-E-Zigarette-Mit-Nikotin-Lemon-Mint-2-1119x1536.webp 1119w, https:\/\/alfakher24h.de\/wp-content\/uploads\/2024\/09\/AL-Fakher-Crown-Bar-12000-Zuege-Einweg-E-Zigarette-Mit-Nikotin-Lemon-Mint-2-1492x2048.webp 1492w, https:\/\/alfakher24h.de\/wp-content\/uploads\/2024\/09\/AL-Fakher-Crown-Bar-12000-Zuege-Einweg-E-Zigarette-Mit-Nikotin-Lemon-Mint-2-600x824.webp 600w\" sizes=\"auto, (max-width: 1837px) 100vw, 1837px\" \/><\/p>\n<h2><strong>AL Fakher Crown Bar 12000 Z\u00fcge \n\nbecomes \n\nAL Fakher Crown Bar 12000 tiradas <\/strong>Comprar Ahora en AL Fakher<\/h2>\n<p>Experimente usted mismo por qu\u00e9 el AL Fakher Crown Bar 12000 golpes <a href=\"https:\/\/alfakher24h.de\/es\/\">Cigarrillo electr\u00f3nico desechable con nicotina<\/a> en Alemania la primera opci\u00f3n para vapeadores exigentes. Visite <a href=\"https:\/\/alfakher24h.de\/es\/\" target=\"_new\" rel=\"noopener\">alfakher24h.de<\/a>, la mayor plataforma de venta en l\u00ednea de cigarrillos electr\u00f3nicos desechables en Alemania, y aseg\u00farese de obtener su ejemplar de la AL Fakher Crown Bar 12000 caladas con sabor a Lemon Mint. Nuestro sitio web le ofrece no solo una selecci\u00f3n exhaustiva de vapes de alta calidad, sino tambi\u00e9n un excelente servicio al cliente y entrega r\u00e1pida. \u00a1Compre hoy mismo y experimente el vapeo en su mejor forma!<\/p>","protected":false},"excerpt":{"rendered":"<p>La AL Fakher Crown Bar 12000 Z\u00fcge Einweg E-Zigarette con nicotina ofrece una experiencia de vapeo duradera e intensa con un refrescante sabor a Lemon Mint y tecnolog\u00eda de bobina de malla de 0,6 ohmios de \u00faltima generaci\u00f3n.<\/p>","protected":false},"featured_media":368,"comment_status":"open","ping_status":"closed","template":"","meta":{"om_disable_all_campaigns":false},"product_brand":[],"product_cat":[20],"product_tag":[],"class_list":{"0":"post-367","1":"product","2":"type-product","3":"status-publish","4":"has-post-thumbnail","6":"product_cat-ai-fakher-crown-bar-12000","8":"first","9":"instock","10":"shipping-taxable","11":"purchasable","12":"product-type-simple"},"_links":{"self":[{"href":"https:\/\/alfakher24h.de\/es\/wp-json\/wp\/v2\/product\/367","targetHints":{"allow":["GET"]}}],"collection":[{"href":"https:\/\/alfakher24h.de\/es\/wp-json\/wp\/v2\/product"}],"about":[{"href":"https:\/\/alfakher24h.de\/es\/wp-json\/wp\/v2\/types\/product"}],"replies":[{"embeddable":true,"href":"https:\/\/alfakher24h.de\/es\/wp-json\/wp\/v2\/comments?post=367"}],"wp:featuredmedia":[{"embeddable":true,"href":"https:\/\/alfakher24h.de\/es\/wp-json\/wp\/v2\/media\/368"}],"wp:attachment":[{"href":"https:\/\/alfakher24h.de\/es\/wp-json\/wp\/v2\/media?parent=367"}],"wp:term":[{"taxonomy":"product_brand","embeddable":true,"href":"https:\/\/alfakher24h.de\/es\/wp-json\/wp\/v2\/product_brand?post=367"},{"taxonomy":"product_cat","embeddable":true,"href":"https:\/\/alfakher24h.de\/es\/wp-json\/wp\/v2\/product_cat?post=367"},{"taxonomy":"product_tag","embeddable":true,"href":"https:\/\/alfakher24h.de\/es\/wp-json\/wp\/v2\/product_tag?post=367"}],"curies":[{"name":"wp","href":"https:\/\/api.w.org\/{rel}","templated":true}]}}