{"id":364,"date":"2024-09-18T08:54:40","date_gmt":"2024-09-18T08:54:40","guid":{"rendered":"https:\/\/alfakher24h.de\/?post_type=product&#038;p=364"},"modified":"2025-07-23T04:17:51","modified_gmt":"2025-07-23T04:17:51","slug":"al-fakher-crown-bar-12000-inhalaciones-cigarrillo-electronico-desechable-con-nicotina-lima-limon","status":"publish","type":"product","link":"https:\/\/alfakher24h.de\/es\/producto\/al-fakher-crown-bar-12000-inhalaciones-cigarrillo-electronico-desechable-con-nicotina-lima-limon\/","title":{"rendered":"AL Fakher Crown Bar 12000 Z\u00fcge Einweg E Zigarette Mit Nikotin -Lemon Lime \n\n se traduce como \n\nAL Fakher Crown Bar 12000 caladas cigarrillo electr\u00f3nico desechable con nicotina -Limon y lima"},"content":{"rendered":"<h2><strong><a href=\"https:\/\/alfakher24h.de\/es\/categoria-de-producto\/barra-de-corona-ai-fakher-12000\/\">AL Fakher Crown Bar 12000 Z\u00fcge \n\nbecomes \n\nAL Fakher Crown Bar 12000 tiradas<\/a> Cigarrillo electr\u00f3nico desechable con nicotina - Lim\u00f3n Lima<\/strong><\/h2>\n<p>Experimente la experiencia definitiva de vapeo con la <strong>AL Fakher Crown Bar 12000 Z\u00fcge \n\nbecomes \n\nAL Fakher Crown Bar 12000 tiradas <a href=\"https:\/\/alfakher24h.de\/es\/\">Cigarrillo electr\u00f3nico desechable<\/a><\/strong> en la refrescante variedad de sabor a Lim\u00f3n Lima. Este innovador cigarrillo electr\u00f3nico combina un dise\u00f1o moderno, tecnolog\u00eda avanzada y una experiencia de sabor \u00fanica que entusiasmar\u00e1 a los vapeadores en Alemania. La AL Fakher Crown Bar 12000 PRO es la elecci\u00f3n perfecta para todos aquellos que buscan una soluci\u00f3n de vapeo potente, duradera y con un sabor impresionante.<\/p>\n<h2><strong>AL Fakher Crown Bar 12000 Z\u00fcge \n\nbecomes \n\nAL Fakher Crown Bar 12000 tiradas <\/strong>Descripci\u00f3n del producto<\/h2>\n<p>La <strong>AL Fakher Crown Bar 12000 PRO<\/strong> Es un verdadero maestro de la tecnolog\u00eda de vapeo. Con una impresionante capacidad de hasta 12.000 bocanadas, este dispositivo desechable ofrece una experiencia de vapeo duradera sin necesidad de rellenar o reemplazar con frecuencia. El dise\u00f1o de alta calidad, combinado con una bobina de malla potente (0,6 ohmios), garantiza nubes de vapor intensas y una experiencia de sabor sobresaliente en cada bocanada.<\/p>\n<p>El dispositivo est\u00e1 equipado con una bater\u00eda potente que garantiza un rendimiento constante hasta el \u00faltimo uso. La recarga r\u00e1pida se realiza a trav\u00e9s del pr\u00e1ctico conector USB tipo C, que permite un uso eficiente y sin complicaciones. La pantalla digital integrada siempre le muestra el nivel de bater\u00eda y la cantidad restante de l\u00edquido electr\u00f3nico, para que siempre tenga una visi\u00f3n general.<\/p>\n<p>La <strong><a href=\"https:\/\/alfakher24h.de\/es\/\">AL Fakher<\/a> Crown Bar 12000 PRO<\/strong> Adem\u00e1s, ofrece una experiencia aut\u00e9ntica de fumar shisha que se ve realzada por los efectos de sonido integrados de la pipa de agua. Esta funci\u00f3n \u00fanica trae el placer incomparable de fumar shisha directamente a su mano, sin el esfuerzo y la complejidad de las pipas de agua tradicionales.<\/p>\n<h2><strong>AL Fakher Crown Bar 12000 Z\u00fcge \n\nbecomes \n\nAL Fakher Crown Bar 12000 tiradas <\/strong>Caracter\u00edsticas principales de la AL Fakher Crown Bar 12000 PRO<\/h2>\n<ul>\n<li><strong>12.000 trenes por dispositivo<\/strong>: Ofrece un n\u00famero excepcionalmente alto de bocanegra, ideal para uso prolongado y vapeo intensivo.<\/li>\n<li><strong>Bobina de red (0,6 Ohm)<\/strong>: Garantiza nubes de vapor voluminosas y una experiencia de sabor intensa en cada bocanada.<\/li>\n<li><strong>Recargable a trav\u00e9s de USB tipo C<\/strong>: Permite una carga r\u00e1pida y sencilla para un uso continuo.<\/li>\n<li><strong>Pantalla digital<\/strong>: Ofrece una indicaci\u00f3n clara del estado de la bater\u00eda y del nivel de l\u00edquido para un control m\u00e1ximo.<\/li>\n<li><strong>Dise\u00f1o ligero y elegante<\/strong>Delgado y ergon\u00f3mico, se adapta c\u00f3modamente a la mano y es ideal para llevar.<\/li>\n<li><strong>DTL (Direct to Lung) Vaping \n\n(Directo a Pulm\u00f3n) Vapeo<\/strong>Optimizado para un sabor intenso y una inhalaci\u00f3n directa para una experiencia de vapeo intensa.<\/li>\n<li><strong>Sensaci\u00f3n de humo similar a la shisha<\/strong>: Los aut\u00e9nticos efectos de sonido de la hookah mejoran la experiencia de vapeo y brindan la sensaci\u00f3n de una sesi\u00f3n real de narguile.<\/li>\n<\/ul>\n<h2><strong>AL Fakher Crown Bar 12000 Z\u00fcge \n\nbecomes \n\nAL Fakher Crown Bar 12000 tiradas <\/strong>Descripci\u00f3n detallada del sabor - Lim\u00f3n Lima<\/h2>\n<p>Der <strong>Limon y lima<\/strong> Sabor de la <a href=\"https:\/\/alfakher24h.de\/es\/\">AL Fakher<\/a> Crown Bar 12000 PRO es una verdadera experiencia gustativa para todos aquellos que aman los sabores frescos y c\u00edtricos. Esta variedad combina la nota vibrante y viva de los limones maduros al sol con la picantez revitalizante de las limas para crear una experiencia gustativa armoniosa y refrescante. Cada calada revela un equilibrio perfecto entre la acidez de las frutas c\u00edtricas y una dulzura sutil pero agradable que redondea el sabor y estimula las papilas gustativas.<\/p>\n<p>La combinaci\u00f3n de aromas de lim\u00f3n y lima se destaca especialmente bien gracias a la bobina de red avanzada (0,6 ohmios). La densa nube de vapor arom\u00e1tica hace que las frescas notas c\u00edtricas golpeen el paladar de manera uniforme e intensa. El sabor a lim\u00f3n y lima permanece en la boca durante mucho tiempo y ofrece una experiencia refrescante duradera que permanece agradable todo el d\u00eda. Ideal para todos aquellos que buscan un sabor c\u00edtrico revitalizante que sea a la vez refrescante y dulce.<\/p>\n<p><img loading=\"lazy\" decoding=\"async\" class=\"alignnone size-full wp-image-366\" src=\"https:\/\/alfakher24h.de\/wp-content\/uploads\/2024\/09\/AL-Fakher-Crown-Bar-12000-Zuege-Einweg-E-Zigarette-Mit-Nikotin-Lemon-Lime-2.webp\" alt=\"AL Fakher Crown Bar 12000 Z\u00fcge Einweg E Zigarette Mit Nikotin -Lemon Lime  se traduce como AL Fakher Crown Bar 12000 caladas cigarrillo electr\u00f3nico desechable con nicotina -Limon y lima\" width=\"600\" height=\"600\" title=\"\" srcset=\"https:\/\/alfakher24h.de\/wp-content\/uploads\/2024\/09\/AL-Fakher-Crown-Bar-12000-Zuege-Einweg-E-Zigarette-Mit-Nikotin-Lemon-Lime-2.webp 600w, https:\/\/alfakher24h.de\/wp-content\/uploads\/2024\/09\/AL-Fakher-Crown-Bar-12000-Zuege-Einweg-E-Zigarette-Mit-Nikotin-Lemon-Lime-2-300x300.webp 300w, https:\/\/alfakher24h.de\/wp-content\/uploads\/2024\/09\/AL-Fakher-Crown-Bar-12000-Zuege-Einweg-E-Zigarette-Mit-Nikotin-Lemon-Lime-2-150x150.webp 150w, https:\/\/alfakher24h.de\/wp-content\/uploads\/2024\/09\/AL-Fakher-Crown-Bar-12000-Zuege-Einweg-E-Zigarette-Mit-Nikotin-Lemon-Lime-2-100x100.webp 100w\" sizes=\"auto, (max-width: 600px) 100vw, 600px\" \/><\/p>\n<h2><strong>AL Fakher Crown Bar 12000 Z\u00fcge \n\nbecomes \n\nAL Fakher Crown Bar 12000 tiradas <\/strong>Comprar ahora en alfakher24h.de<\/h2>\n<p>Para todos los que buscan lo mejor <a href=\"https:\/\/alfakher24h.de\/es\/\">Cigarrillo electr\u00f3nico desechable con nicotina\u00a0<\/a>buscar en Alemania, es <a href=\"https:\/\/alfakher24h.de\/es\/\"><strong>alfakher24h.de<\/strong><\/a> Su primera opci\u00f3n. Nuestra tienda en l\u00ednea le ofrece una amplia selecci\u00f3n de productos de alta calidad, incluyendo los <strong>AL Fakher Crown Bar 12000 Z\u00fcge \n\nbecomes \n\nAL Fakher Crown Bar 12000 tiradas<\/strong>, que convencen por su rendimiento sobresaliente y su variedad de sabores. Vis\u00edtanos en alfakher24h.de y descubre por qu\u00e9 somos la mayor plataforma de venta minorista en l\u00ednea para <strong>Vapes Desechables<\/strong> en Alemania. \u00a1Compre hoy mismo y disfrute de una experiencia de vapeo incomparable!<\/p>","protected":false},"excerpt":{"rendered":"<p>La <strong>AL Fakher Crown Bar 12000 Z\u00fcge Einweg E-Zigarette \n\nbecomes \n\nAL Fakher Crown Bar 12000 tiradas Vape de un solo uso<\/strong> Con nicotina en sabor a lim\u00f3n y lima, ofrece hasta 12.000 caladas de placer intenso a trav\u00e9s de notas refrescantes de c\u00edtrico y una bobina de red de alta potencia para una experiencia de vapeo inigualable.<\/p>","protected":false},"featured_media":365,"comment_status":"open","ping_status":"closed","template":"","meta":{"om_disable_all_campaigns":false},"product_brand":[],"product_cat":[20],"product_tag":[],"class_list":{"0":"post-364","1":"product","2":"type-product","3":"status-publish","4":"has-post-thumbnail","6":"product_cat-ai-fakher-crown-bar-12000","8":"first","9":"instock","10":"shipping-taxable","11":"purchasable","12":"product-type-simple"},"_links":{"self":[{"href":"https:\/\/alfakher24h.de\/es\/wp-json\/wp\/v2\/product\/364","targetHints":{"allow":["GET"]}}],"collection":[{"href":"https:\/\/alfakher24h.de\/es\/wp-json\/wp\/v2\/product"}],"about":[{"href":"https:\/\/alfakher24h.de\/es\/wp-json\/wp\/v2\/types\/product"}],"replies":[{"embeddable":true,"href":"https:\/\/alfakher24h.de\/es\/wp-json\/wp\/v2\/comments?post=364"}],"wp:featuredmedia":[{"embeddable":true,"href":"https:\/\/alfakher24h.de\/es\/wp-json\/wp\/v2\/media\/365"}],"wp:attachment":[{"href":"https:\/\/alfakher24h.de\/es\/wp-json\/wp\/v2\/media?parent=364"}],"wp:term":[{"taxonomy":"product_brand","embeddable":true,"href":"https:\/\/alfakher24h.de\/es\/wp-json\/wp\/v2\/product_brand?post=364"},{"taxonomy":"product_cat","embeddable":true,"href":"https:\/\/alfakher24h.de\/es\/wp-json\/wp\/v2\/product_cat?post=364"},{"taxonomy":"product_tag","embeddable":true,"href":"https:\/\/alfakher24h.de\/es\/wp-json\/wp\/v2\/product_tag?post=364"}],"curies":[{"name":"wp","href":"https:\/\/api.w.org\/{rel}","templated":true}]}}