{"id":357,"date":"2024-09-18T08:33:39","date_gmt":"2024-09-18T08:33:39","guid":{"rendered":"https:\/\/alfakher24h.de\/?post_type=product&#038;p=357"},"modified":"2025-07-23T04:17:51","modified_gmt":"2025-07-23T04:17:51","slug":"al-fakher-crown-bar-12000-inhalaciones-cigarrillo-electronico-desechable-con-nicotina-uva-menta","status":"publish","type":"product","link":"https:\/\/alfakher24h.de\/es\/producto\/al-fakher-crown-bar-12000-inhalaciones-cigarrillo-electronico-desechable-con-nicotina-uva-menta\/","title":{"rendered":"AL Fakher Crown Bar 12000 Z\u00fcge Einweg E Zigarette Mit Nikotin - Sabor a Uva Menta"},"content":{"rendered":"<div class=\"flex-shrink-0 flex flex-col relative items-end\">\n<div>\n<div class=\"pt-0\">\n<div class=\"gizmo-bot-avatar flex h-8 w-8 items-center justify-center overflow-hidden rounded-full\"><strong><span style=\"font-size: 23.04px;\"><a href=\"https:\/\/alfakher24h.de\/es\/categoria-de-producto\/barra-de-corona-ai-fakher-12000\/\">AL Fakher Crown Bar 12000 Z\u00fcge \n\nbecomes \n\nAL Fakher Crown Bar 12000 tiradas<\/a> Cigarrillo electr\u00f3nico desechable con nicotina - Menta uva<\/span><\/strong><\/div>\n<\/div>\n<\/div>\n<\/div>\n<div class=\"group\/conversation-turn relative flex w-full min-w-0 flex-col agent-turn\">\n<div class=\"flex-col gap-1 md:gap-3\">\n<div class=\"flex max-w-full flex-col flex-grow\">\n<div class=\"min-h-[20px] text-message flex w-full flex-col items-end gap-2 whitespace-normal break-words [.text-message+&amp;]:mt-5\" dir=\"auto\" data-message-author-role=\"assistant\" data-message-id=\"a98c482a-165c-43a9-8870-1fdd530fee92\">\n<div class=\"flex w-full flex-col gap-1 empty:hidden first:pt-[3px]\">\n<div class=\"markdown prose w-full break-words dark:prose-invert light\">\n<h3>Palabras introductorias<\/h3>\n<p>Der <strong>AL Fakher Crown Bar 12000 Z\u00fcge \n\nbecomes \n\nAL Fakher Crown Bar 12000 tiradas<\/strong> es una cigarrillo electr\u00f3nico desechable premium que ofrece a los amantes del vapeo en Alemania una experiencia de vapeo excepcional. Este producto combina tecnolog\u00eda avanzada con un dise\u00f1o elegante y ofrece un rendimiento incomparable. Si est\u00e1s buscando un vape potente, duradero y elegante, entonces el Crown Bar 12000 es exactamente lo que necesitas. En <a href=\"https:\/\/alfakher24h.de\/es\/\"><strong>alfakher24h.de<\/strong><\/a>, la mayor plataforma en l\u00ednea para cigarrillos electr\u00f3nicos desechables en Alemania, puede adquirir este producto superior de manera conveniente.<\/p>\n<h3><strong><span style=\"font-size: 23.04px;\">AL Fakher Crown Bar 12000 Z\u00fcge \n\nbecomes \n\nAL Fakher Crown Bar 12000 tiradas <\/span><\/strong>Descripci\u00f3n detallada del producto<\/h3>\n<p>Der <strong>AL Fakher Crown Bar 12000 Z\u00fcge \n\nbecomes \n\nAL Fakher Crown Bar 12000 tiradas<\/strong> Est\u00e1 convencido por su capacidad excepcional y tecnolog\u00eda avanzada. Con la capacidad de proporcionar hasta 12.000 bocanegra, este vape de un solo uso es uno de los m\u00e1s duraderos de su clase. Esta larga vida \u00fatil garantiza que no tenga que preocuparse por rellenar o reemplazar. Cada bocanegra es consistentemente intensa, lo que le permite disfrutar del sabor completo sin preocuparse por que el dispositivo se vac\u00ede.<\/p>\n<p>El dise\u00f1o del Crown Bar 12000 PRO no solo es moderno, sino tambi\u00e9n pr\u00e1ctico. Con un perfil ligero y compacto, el dispositivo es ideal para llevarlo consigo. Se ajusta sin esfuerzo en cualquier bolsillo o bolso, sin ocupar espacio adicional. El \u00e1rea de la boquilla dise\u00f1ada ergon\u00f3micamente proporciona un agarre c\u00f3modo y una experiencia de vapeo confortable desde el primer uso hasta el \u00faltimo.<\/p>\n<p>Otro punto destacado es la bater\u00eda integrada, que se carga a trav\u00e9s de un sistema de carga r\u00e1pida USB tipo C. Esto permite una carga r\u00e1pida y fiable, para que tu dispositivo est\u00e9 siempre listo para usar. El Crown Bar 12000 PRO tambi\u00e9n cuenta con una pantalla digital que te proporciona informaci\u00f3n en tiempo real sobre el nivel de bater\u00eda y el nivel de l\u00edquido.<\/p>\n<h3><strong><span style=\"font-size: 23.04px;\">AL Fakher Crown Bar 12000 Z\u00fcge \n\nbecomes \n\nAL Fakher Crown Bar 12000 tiradas <\/span><\/strong>Caracter\u00edsticas principales de AL Fakher Crown Bar 12000 PRO<\/h3>\n<ul>\n<li><strong>12.000 trenes por dispositivo<\/strong>: Una de las mayores capacidades de Puff en el mercado para vapeo duradero e intensivo.<\/li>\n<li><strong>Tecnolog\u00eda de bobina de malla<\/strong>: Las bobinas de malla de 0,6 ohmios proporcionan nubes densas y sabrosas y un aroma intenso.<\/li>\n<li><strong>Dise\u00f1o ligero y elegante<\/strong>: Un aspecto elegante y esbelto que cabe en cualquier bolsillo y mejora su experiencia de vapeo.<\/li>\n<li><strong>Integraci\u00f3n de ondas de sonido Shisha<\/strong>: Experimente la sensaci\u00f3n familiar de una hookah tradicional.<\/li>\n<li><strong>Sistema de carga r\u00e1pida USB tipo C<\/strong>Carga r\u00e1pida y fiable para un uso m\u00e1ximo.<\/li>\n<li><strong>Pantalla digital<\/strong>: Visualizaci\u00f3n del estado de la bater\u00eda y del nivel de l\u00edquido para un control \u00f3ptimo.<\/li>\n<li><strong>Experiencia Directo-a-Pulm\u00f3n (DTL)<\/strong>: Notas fuertes y de boca llena para una experiencia gustativa intensa.<\/li>\n<\/ul>\n<h3><strong><span style=\"font-size: 23.04px;\">AL Fakher Crown Bar 12000 Z\u00fcge \n\nbecomes \n\nAL Fakher Crown Bar 12000 tiradas <\/span><\/strong>Experiencia gustativa: Grape Mint<\/h3>\n<p>Der <strong>Grape Mint<\/strong> Sabor del <a href=\"https:\/\/alfakher24h.de\/es\/\">AL Fakher<\/a> Crown Bar 12000 Z\u00fcge ofrece una experiencia de vapeo refrescante y a la vez afrutada. Este sabor une la dulzura de uvas jugosas con un aroma de menta refrescante, que ofrece una experiencia gustativa inconfundible. La dulzura afrutada de las uvas se complementa perfectamente con la nota de mentol refrescante de la menta, lo que conduce a una experiencia de vapeo equilibrada y satisfactoria.<\/p>\n<p>Cada tren le trae la dulce viveza de uvas maduras que se fusionan armoniosamente con la fresca frialdad de la menta. El aroma no solo es intenso, sino que tambi\u00e9n es duradero, lo que le permite disfrutar del sabor durante mucho tiempo sin perder intensidad. El Grape Mint es ideal para todos aquellos que aman los aromas frutales y refrescantes y que est\u00e1n buscando una experiencia gustativa especial.<\/p>\n<p><img loading=\"lazy\" decoding=\"async\" class=\"alignnone size-full wp-image-359\" src=\"https:\/\/alfakher24h.de\/wp-content\/uploads\/2024\/09\/AL-Fakher-Crown-Bar-12000-Zuege-Einweg-E-Zigarette-Mit-Nikotin-Cherry-Fiesta-3-1.webp\" alt=\"AL Fakher Crown Bar 12000 Z\u00fcge Einweg E Zigarette Mit Nikotin - Sabor a Uva Menta\" width=\"600\" height=\"600\" title=\"\" srcset=\"https:\/\/alfakher24h.de\/wp-content\/uploads\/2024\/09\/AL-Fakher-Crown-Bar-12000-Zuege-Einweg-E-Zigarette-Mit-Nikotin-Cherry-Fiesta-3-1.webp 600w, https:\/\/alfakher24h.de\/wp-content\/uploads\/2024\/09\/AL-Fakher-Crown-Bar-12000-Zuege-Einweg-E-Zigarette-Mit-Nikotin-Cherry-Fiesta-3-1-300x300.webp 300w, https:\/\/alfakher24h.de\/wp-content\/uploads\/2024\/09\/AL-Fakher-Crown-Bar-12000-Zuege-Einweg-E-Zigarette-Mit-Nikotin-Cherry-Fiesta-3-1-150x150.webp 150w, https:\/\/alfakher24h.de\/wp-content\/uploads\/2024\/09\/AL-Fakher-Crown-Bar-12000-Zuege-Einweg-E-Zigarette-Mit-Nikotin-Cherry-Fiesta-3-1-100x100.webp 100w\" sizes=\"auto, (max-width: 600px) 100vw, 600px\" \/><\/p>\n<h3><strong><span style=\"font-size: 23.04px;\">AL Fakher Crown Bar 12000 Z\u00fcge \n\nbecomes \n\nAL Fakher Crown Bar 12000 tiradas <\/span><\/strong>Por qu\u00e9 deber\u00eda comprar el AL Fakher Crown Bar 12000?<\/h3>\n<p>El AL Fakher Crown Bar 12000 Z\u00fcge es m\u00e1s que solo una<a href=\"https:\/\/alfakher24h.de\/es\/\"> Cigarrillo electr\u00f3nico desechable con nicotina<\/a>\u00a0\u2013 Es ist eine Investition in una experiencia de vapeo de primera clase. La alta capacidad de 12.000 bocanegra ofrece una larga duraci\u00f3n de uso que supera con creces lo que ofrecen otros vaporizadores desechables. El dispositivo es f\u00e1cil de usar y no requiere mantenimiento, lo que lo hace ideal para el uso diario.<\/p>\n<p>Las bobinas de malla garantizan un vapeo intenso y sabroso, mientras que la bater\u00eda potente y la funci\u00f3n de carga r\u00e1pida aseguran que siempre est\u00e9 listo para una nueva ronda de vapeo. El dise\u00f1o elegante y la tecnolog\u00eda avanzada hacen que el Crown Bar 12000 PRO sea un excelente compa\u00f1ero para cualquier ocasi\u00f3n.<\/p>\n<p>Comprar el AL Fakher Crown Bar 12000 caladas directamente en <a href=\"https:\/\/alfakher24h.de\/es\/\"><strong>alfakher24h.de<\/strong><\/a>, la plataforma en l\u00ednea l\u00edder para<a href=\"https:\/\/alfakher24h.de\/es\/\"> Cigarrillos electr\u00f3nicos desechables<\/a> En Alemania. Aqu\u00ed encontrar\u00e1 productos exclusivos que no obtiene en otras plataformas y disfrutar\u00e1 de una experiencia de vapeo inigualable.<\/p>\n<\/div>\n<\/div>\n<\/div>\n<\/div>\n<\/div>\n<\/div>","protected":false},"excerpt":{"rendered":"<p>La <strong>AL Fakher Crown Bar 12000 Z\u00fcge Einweg E-Zigarette \n\nbecomes \n\nAL Fakher Crown Bar 12000 tiradas Vape de un solo uso<\/strong> ofrece hasta 12.000 bocados llenos de intensas experiencias de sabor, equipado con una potente bobina de malla y una pantalla digital para un disfrute \u00f3ptimo y un manejo sencillo.<\/p>","protected":false},"featured_media":358,"comment_status":"open","ping_status":"closed","template":"","meta":{"om_disable_all_campaigns":false},"product_brand":[],"product_cat":[20],"product_tag":[],"class_list":{"0":"post-357","1":"product","2":"type-product","3":"status-publish","4":"has-post-thumbnail","6":"product_cat-ai-fakher-crown-bar-12000","8":"first","9":"instock","10":"shipping-taxable","11":"purchasable","12":"product-type-simple"},"_links":{"self":[{"href":"https:\/\/alfakher24h.de\/es\/wp-json\/wp\/v2\/product\/357","targetHints":{"allow":["GET"]}}],"collection":[{"href":"https:\/\/alfakher24h.de\/es\/wp-json\/wp\/v2\/product"}],"about":[{"href":"https:\/\/alfakher24h.de\/es\/wp-json\/wp\/v2\/types\/product"}],"replies":[{"embeddable":true,"href":"https:\/\/alfakher24h.de\/es\/wp-json\/wp\/v2\/comments?post=357"}],"wp:featuredmedia":[{"embeddable":true,"href":"https:\/\/alfakher24h.de\/es\/wp-json\/wp\/v2\/media\/358"}],"wp:attachment":[{"href":"https:\/\/alfakher24h.de\/es\/wp-json\/wp\/v2\/media?parent=357"}],"wp:term":[{"taxonomy":"product_brand","embeddable":true,"href":"https:\/\/alfakher24h.de\/es\/wp-json\/wp\/v2\/product_brand?post=357"},{"taxonomy":"product_cat","embeddable":true,"href":"https:\/\/alfakher24h.de\/es\/wp-json\/wp\/v2\/product_cat?post=357"},{"taxonomy":"product_tag","embeddable":true,"href":"https:\/\/alfakher24h.de\/es\/wp-json\/wp\/v2\/product_tag?post=357"}],"curies":[{"name":"wp","href":"https:\/\/api.w.org\/{rel}","templated":true}]}}