{"id":352,"date":"2024-09-18T08:24:12","date_gmt":"2024-09-18T08:24:12","guid":{"rendered":"https:\/\/alfakher24h.de\/?post_type=product&#038;p=352"},"modified":"2025-07-23T04:17:51","modified_gmt":"2025-07-23T04:17:51","slug":"al-fakher-crown-bar-12000-inhalaciones-cigarrillo-electronico-desechable-con-nicotina-cherry-fiesta","status":"publish","type":"product","link":"https:\/\/alfakher24h.de\/es\/producto\/al-fakher-crown-bar-12000-inhalaciones-cigarrillo-electronico-desechable-con-nicotina-cherry-fiesta\/","title":{"rendered":"AL Fakher Crown Bar 12000 Z\u00fcge Einweg E Zigarette Mit Nikotin -Cherry Fiesta \n\n se traduce como \n\nAL Fakher Crown Bar 12000 caladas Cigarrillo electr\u00f3nico desechable con nicotina - Fiesta de cereza"},"content":{"rendered":"<h2><strong><a href=\"https:\/\/alfakher24h.de\/es\/categoria-de-producto\/barra-de-corona-ai-fakher-12000\/\">AL Fakher Crown Bar 12000 Z\u00fcge \n\nbecomes \n\nAL Fakher Crown Bar 12000 tiradas<\/a> Cigarrillo electr\u00f3nico desechable con nicotina \u2013 Fiesta de cereza<\/strong><\/h2>\n<h3>La Al Fakher Crown Bar 12000 PRO: Una obra maestra de los cigarrillos electr\u00f3nicos desechables<\/h3>\n<p>La Al Fakher Crown Bar 12000 PRO establece nuevos est\u00e1ndares para <a href=\"https:\/\/alfakher24h.de\/es\/\">Cigarrillos electr\u00f3nicos desechables<\/a> y ofrece una experiencia de vapeo excepcional, insuperable tanto en t\u00e9rminos de rendimiento como de comodidad. Este dispositivo de vapeo avanzado fue desarrollado para vapeadores exigentes que buscan una experiencia de vapeo prolongada e intensa. Con una capacidad de hasta 12.000 bocanadas y un dise\u00f1o elegante, la <a href=\"https:\/\/alfakher24h.de\/es\/\">Al Fakhe<\/a>La corona Bar 12000, tecnolog\u00eda m\u00e1s avanzada con un exterior atractivo, para ofrecerle el placer definitivo al vapear.<\/p>\n<h3><strong>AL Fakher Crown Bar 12000 Z\u00fcge \n\nbecomes \n\nAL Fakher Crown Bar 12000 tiradas <\/strong>Caracter\u00edsticas del producto de la Al Fakher Crown Bar 12000 PRO<\/h3>\n<ul>\n<li><strong>12.000 trenes<\/strong>: Uno de los dispositivos de vapeo desechables m\u00e1s duraderos del mercado. Ofrece resultados consistentemente de alta calidad durante un largo per\u00edodo de tiempo.<\/li>\n<li><strong>Tecnolog\u00eda de bobina de malla<\/strong>: La bobina de malla de 0,6 ohmios avanzada garantiza nubes de vapor densas e intensas y una experiencia de sabor incomparable.<\/li>\n<li><strong>Pantalla digital<\/strong>: La pantalla integrada le muestra el estado actual de la bater\u00eda y el nivel de aceite, para que siempre est\u00e9 informado.<\/li>\n<li><strong>Dise\u00f1o elegante y ergon\u00f3mico<\/strong>: La carcasa delgada y ligera se adapta perfectamente a la mano y convierte cada sesi\u00f3n de vapor en una experiencia agradable.<\/li>\n<li><strong>Carga r\u00e1pida tipo C<\/strong>: El conector moderno Type-C permite una carga r\u00e1pida y eficiente del dispositivo - ideal para uso m\u00f3vil.<\/li>\n<li><strong>DTL Vaping<\/strong>El tiro directo a los pulmones proporciona una experiencia de vapeo intensa y sabrosa.<\/li>\n<li><strong>Ondas de sonido integradas para hookah<\/strong>: Los sonidos tradicionales de la shisha realzan la experiencia de fumar aut\u00e9ntica.<\/li>\n<\/ul>\n<h3><strong>AL Fakher Crown Bar 12000 Z\u00fcge \n\nbecomes \n\nAL Fakher Crown Bar 12000 tiradas <\/strong>Por qu\u00e9 la Al Fakher Crown Bar 12000 PRO deber\u00eda ser su primera opci\u00f3n<\/h3>\n<p>La <a href=\"https:\/\/alfakher24h.de\/es\/\">Al Fakher<\/a> Crown Bar 12000 PRO ofrece una impresionante combinaci\u00f3n de alta capacidad, tecnolog\u00eda avanzada y dise\u00f1o elegante. Con hasta 12.000 bocanadas por dispositivo y la posibilidad de carga r\u00e1pida, este dispositivo de vapeo ofrece una excelente relaci\u00f3n calidad-precio. Est\u00e1 dirigido tanto a principiantes como a vapeadores experimentados y superar\u00e1 todas sus expectativas. La durabilidad y el alto rendimiento lo convierten en una excelente opci\u00f3n para todos aquellos que buscan una experiencia de vapeo fiable y de primera calidad.<\/p>\n<h3><strong>AL Fakher Crown Bar 12000 Z\u00fcge \n\nbecomes \n\nAL Fakher Crown Bar 12000 tiradas <\/strong>Experiencia gustativa: Cherry Fiesta - Un placer afrutado<\/h3>\n<p>El sabor es un componente central de la experiencia de vapeo, y la <a href=\"https:\/\/alfakher24h.de\/es\/\">Al Fakher<\/a> Crown Bar 12000 PRO convence tambi\u00e9n aqu\u00ed en toda la l\u00ednea. El sabor <strong>Cherry Fiesta<\/strong> es especialmente destacable, ya que con cada bocado ofrece una verdadera explosi\u00f3n de sabores.<\/p>\n<h4>Intensas notas de cereza para una experiencia de vapeo inolvidable<\/h4>\n<p>La Cherry Fiesta combina cerezas dulces y maduras con un toque ligeramente \u00e1cido para crear una experiencia de sabor que es a la vez intensa y refrescante. Cada calada revela la plena diversidad de aromas, que se destacan de manera especialmente clara y viva gracias a la avanzada tecnolog\u00eda de bobina de malla. Las notas frutales est\u00e1n armoniosamente coordinadas entre s\u00ed y ofrecen un agradable retrogusto duradero. <a href=\"https:\/\/alfakher24h.de\/es\/\">Cigarrillo electr\u00f3nico desechable con nicotina<\/a> Es ideal para los amantes de aromas frutales que buscan una experiencia gustativa especial.<\/p>\n<h3><strong>AL Fakher Crown Bar 12000 Z\u00fcge \n\nbecomes \n\nAL Fakher Crown Bar 12000 tiradas <\/strong>Detalles t\u00e9cnicos en general<\/h3>\n<ul>\n<li><strong>Capacidad de Puff<\/strong>: Hasta 12.000 trenes<\/li>\n<li><strong>Contenido de nicotina<\/strong>: 0,5% (5 mg)<\/li>\n<li><strong>Bobina<\/strong>: Bobina de malla de 0,6 ohmios<\/li>\n<li><strong>Carga<\/strong>: USB tipo C<\/li>\n<li><strong>Recargable<\/strong>: S\u00ed<\/li>\n<li><strong>Pantalla digital<\/strong>: S\u00ed<\/li>\n<li><strong>Dise\u00f1o<\/strong>: Ligero, ergon\u00f3mico, sin mantenimiento<\/li>\n<li><img loading=\"lazy\" decoding=\"async\" class=\"alignnone size-full wp-image-355\" src=\"https:\/\/alfakher24h.de\/wp-content\/uploads\/2024\/09\/AL-Fakher-Crown-Bar-12000-Zuege-Einweg-E-Zigarette-Mit-Nikotin-Cherry-Fiesta-3.webp\" alt=\"AL Fakher Crown Bar 12000 Z\u00fcge Einweg E Zigarette Mit Nikotin -Cherry Fiesta  se traduce como AL Fakher Crown Bar 12000 caladas Cigarrillo electr\u00f3nico desechable con nicotina - Fiesta de cereza\" width=\"600\" height=\"600\" title=\"\" srcset=\"https:\/\/alfakher24h.de\/wp-content\/uploads\/2024\/09\/AL-Fakher-Crown-Bar-12000-Zuege-Einweg-E-Zigarette-Mit-Nikotin-Cherry-Fiesta-3.webp 600w, https:\/\/alfakher24h.de\/wp-content\/uploads\/2024\/09\/AL-Fakher-Crown-Bar-12000-Zuege-Einweg-E-Zigarette-Mit-Nikotin-Cherry-Fiesta-3-300x300.webp 300w, https:\/\/alfakher24h.de\/wp-content\/uploads\/2024\/09\/AL-Fakher-Crown-Bar-12000-Zuege-Einweg-E-Zigarette-Mit-Nikotin-Cherry-Fiesta-3-150x150.webp 150w, https:\/\/alfakher24h.de\/wp-content\/uploads\/2024\/09\/AL-Fakher-Crown-Bar-12000-Zuege-Einweg-E-Zigarette-Mit-Nikotin-Cherry-Fiesta-3-100x100.webp 100w\" sizes=\"auto, (max-width: 600px) 100vw, 600px\" \/><\/li>\n<\/ul>\n<p>Para una experiencia de vapeo incomparable y cigarrillos electr\u00f3nicos desechables de alta calidad, visite nuestro sitio web<a href=\"https:\/\/alfakher24h.de\/es\/\"> <strong>alfakher24h.de<\/strong>,<\/a> la mayor plataforma en l\u00ednea para vaporizadores desechables en Alemania. Descubre la Al Fakher Crown Bar 12000 caladas y d\u00e9jate impresionar por su rendimiento de primera clase y su sabor impresionante.<\/p>","protected":false},"excerpt":{"rendered":"<p>AL Fakher Crown Bar 12000 Z\u00fcge Einweg E-Zigarette Mit Nikotin &#8211; Cherry Fiesta Die Al Fakher Crown Bar 12000 PRO: Ein Meisterwerk der Einweg-E-Zigaretten Die Al Fakher Crown Bar 12000 PRO setzt neue Ma\u00dfst\u00e4be f\u00fcr Einweg-E-Zigaretten und bietet ein au\u00dfergew\u00f6hnliches Dampferlebnis, das sowohl in Bezug auf Leistung als auch Komfort un\u00fcbertroffen ist. Dieses hochentwickelte Vape-Ger\u00e4t [&#8230;]","protected":false},"featured_media":353,"comment_status":"open","ping_status":"closed","template":"","meta":{"om_disable_all_campaigns":false},"product_brand":[],"product_cat":[20],"product_tag":[],"class_list":{"0":"post-352","1":"product","2":"type-product","3":"status-publish","4":"has-post-thumbnail","6":"product_cat-ai-fakher-crown-bar-12000","8":"first","9":"instock","10":"shipping-taxable","11":"purchasable","12":"product-type-simple"},"_links":{"self":[{"href":"https:\/\/alfakher24h.de\/es\/wp-json\/wp\/v2\/product\/352","targetHints":{"allow":["GET"]}}],"collection":[{"href":"https:\/\/alfakher24h.de\/es\/wp-json\/wp\/v2\/product"}],"about":[{"href":"https:\/\/alfakher24h.de\/es\/wp-json\/wp\/v2\/types\/product"}],"replies":[{"embeddable":true,"href":"https:\/\/alfakher24h.de\/es\/wp-json\/wp\/v2\/comments?post=352"}],"wp:featuredmedia":[{"embeddable":true,"href":"https:\/\/alfakher24h.de\/es\/wp-json\/wp\/v2\/media\/353"}],"wp:attachment":[{"href":"https:\/\/alfakher24h.de\/es\/wp-json\/wp\/v2\/media?parent=352"}],"wp:term":[{"taxonomy":"product_brand","embeddable":true,"href":"https:\/\/alfakher24h.de\/es\/wp-json\/wp\/v2\/product_brand?post=352"},{"taxonomy":"product_cat","embeddable":true,"href":"https:\/\/alfakher24h.de\/es\/wp-json\/wp\/v2\/product_cat?post=352"},{"taxonomy":"product_tag","embeddable":true,"href":"https:\/\/alfakher24h.de\/es\/wp-json\/wp\/v2\/product_tag?post=352"}],"curies":[{"name":"wp","href":"https:\/\/api.w.org\/{rel}","templated":true}]}}