{"id":349,"date":"2024-09-18T08:15:10","date_gmt":"2024-09-18T08:15:10","guid":{"rendered":"https:\/\/alfakher24h.de\/?post_type=product&#038;p=349"},"modified":"2025-07-23T04:17:51","modified_gmt":"2025-07-23T04:17:51","slug":"al-fakher-crown-bar-12000-inhalaciones-cigarrillo-electronico-desechable-con-limonada-azul-razz-de-nicotina","status":"publish","type":"product","link":"https:\/\/alfakher24h.de\/es\/producto\/al-fakher-crown-bar-12000-inhalaciones-cigarrillo-electronico-desechable-con-limonada-azul-razz-de-nicotina\/","title":{"rendered":"AL Fakher Crown Bar 12000 Z\u00fcge Einweg E Zigarette Mit Nikotin -Blue Razz Limonada"},"content":{"rendered":"<h2><strong><a href=\"https:\/\/alfakher24h.de\/es\/categoria-de-producto\/barra-de-corona-ai-fakher-12000\/\">AL Fakher Crown Bar 12000 Z\u00fcge \n\nbecomes \n\nAL Fakher Crown Bar 12000 tiradas<\/a> Einweg E-Zigarette mit Nikotin \u2013 Blue Razz Lemonade: Tu experiencia premium de vapeo en Alemania<\/strong><\/h2>\n<p>Der <strong>AL Fakher Crown Bar 12000 Z\u00fcge \n\nbecomes \n\nAL Fakher Crown Bar 12000 tiradas <a href=\"https:\/\/alfakher24h.de\/es\/\">Cigarrillo electr\u00f3nico desechable con nicotina<\/a><\/strong> es la elecci\u00f3n perfecta para vapeadores que buscan una opci\u00f3n elegante, potente y con un sabor intenso. Este producto, que se encuentra en la plataforma l\u00edder de Alemania para vapeadores desechables, <strong>alfakher24h.de<\/strong> disponible, ofrece hasta 12.000 bocanegra, lo que te permite disfrutar de una experiencia de vapeo prolongada e intensa. Ideal para el d\u00eda a d\u00eda y viajes largos, sin preocuparte por recargar o cambiar r\u00e1pidamente. Con sabor intenso <strong>Blue Razz Lemonade<\/strong> obtienes un c\u00f3ctel de frutas que despierta tus sentidos y te brinda variedad.<\/p>\n<h3><strong>AL Fakher Crown Bar 12000 Z\u00fcge \n\nbecomes \n\nAL Fakher Crown Bar 12000 tiradas <\/strong><strong>Dise\u00f1o moderno y m\u00e1ximo rendimiento<\/strong><\/h3>\n<p>Das <strong>AL Fakher Crown Bar 12000 PRO<\/strong> destaca por su dise\u00f1o esbelto y ergon\u00f3mico, que proporciona una comodidad m\u00e1xima. El enfoque aqu\u00ed no est\u00e1 solo en la funcionalidad, sino tambi\u00e9n en la est\u00e9tica y la facilidad de uso. Gracias al integrado <strong>USB tipo C<\/strong> El dispositivo se puede cargar de manera r\u00e1pida y eficiente, por lo que nunca sufre interrupciones indeseadas. Equipado con una bater\u00eda de larga duraci\u00f3n, te permite aprovechar al m\u00e1ximo cada viaje.<\/p>\n<p>La <strong>0,6 ohm red de bobina<\/strong> produce densas nubes de vapor arom\u00e1ticas que permiten experimentar cada sabor en toda su intensidad. Ya seas un vapeador experimentado o un principiante, el vapeo DTL (Direct-to-Lung) te ofrece una experiencia de vapeo potente y satisfactoria, que entusiasma con inhalaciones profundas y sabores intensos.<\/p>\n<h3><strong>Caracter\u00edsticas del AL Fakher Crown Bar 12000 PRO en resumen<\/strong><\/h3>\n<ul>\n<li><strong>12.000 trenes por dispositivo<\/strong>Ideal para uso a largo plazo, sin necesidad de comprar constantemente. Perfecto para vapeadores que buscan un dispositivo con capacidad m\u00e1xima.<\/li>\n<li><strong>Bater\u00eda recargable<\/strong>La carga USB-C garantiza una carga r\u00e1pida y sin problemas, para que siempre est\u00e9s listo para usar.<\/li>\n<li><strong>Bobina de malla de 0,6 ohmios<\/strong>: La bobina de red especial maximiza el desarrollo del sabor y proporciona una experiencia de vapeo incomparable con nubes densas.<\/li>\n<li><strong>DTL-Vaping<\/strong>: Vapeo directo a los pulmones para inhalaciones intensas y profundas que llenan toda el \u00e1rea pulmonar.<\/li>\n<li><strong>Pantalla digital<\/strong>: La pantalla integrada muestra tanto el nivel de bater\u00eda como el nivel de l\u00edquido, lo que proporciona una comodidad adicional para el usuario.<\/li>\n<li><strong>Ondas de sonido similares a las de una hookah<\/strong>Para los vapeadores que aman la sensaci\u00f3n de una shisha tradicional, el dispositivo ofrece un escenario de sonido aut\u00e9ntico.<\/li>\n<\/ul>\n<p>Este dispositivo combina tecnolog\u00eda moderna con un dise\u00f1o amigable y elegante para ofrecerte una experiencia premium. Con <a href=\"https:\/\/alfakher24h.de\/es\/\"><strong>alfakher24h.de<\/strong><\/a>, la mayor plataforma en l\u00ednea de Alemania para vapeadores desechables, la compra es sencilla y sin complicaciones.<\/p>\n<h3><strong>Experiencia gustativa: Blue Razz Lemonade - Una explosi\u00f3n de frescura y fruta<\/strong><\/h3>\n<p>Un otro punto culminante del <strong>AL Fakher Crown Bar 12000 PRO<\/strong> es el sabor <strong>Blue Razz Lemonade<\/strong>Esta combinaci\u00f3n de sabores une la dulzura de los ar\u00e1ndanos frescos con el toque refrescante de la limonada de lim\u00f3n, ofreciendo una experiencia gustativa que refresca y revitaliza tu paladar.<\/p>\n<h3><strong>AL Fakher Crown Bar 12000 Z\u00fcge \n\nbecomes \n\nAL Fakher Crown Bar 12000 tiradas <\/strong>El sabor de Blue Razz Lemonade en detalle<\/h3>\n<p>La nota de ar\u00e1ndano es la estrella de este perfil de sabor. Es intensa, jugosa y dulce, sin parecer abrumadora. En el primer tir\u00f3n, se despliega el aroma a bayas completas, que inmediatamente conjura una agradable fruta en la lengua. Esta dulzura se complementa perfectamente con un toque de acidez, creado por la limonada de citron, que le da a este sabor una complejidad especial.<\/p>\n<p>La combinaci\u00f3n de bayas dulces y refresco de lim\u00f3n aporta un equilibrio perfecto, que no solo deleita el paladar, sino que tambi\u00e9n proporciona una sensaci\u00f3n fresca y revitalizante en la boca. <strong>Blue Razz Lemonade<\/strong> Trae el verano a cada tren - un acabado fresco y refrescante completa la experiencia y recuerda d\u00edas de verano c\u00e1lidos. Este sabor es ideal para aquellos que prefieren notas de frutas sin renunciar a un componente fresco y picante.<\/p>\n<h3><strong>AL Fakher Crown Bar 12000 Z\u00fcge \n\nbecomes \n\nAL Fakher Crown Bar 12000 tiradas <\/strong>Intenso placer en cada bocanada<\/h3>\n<p>Gracias a la bobina de red de alta calidad del <strong><a href=\"https:\/\/alfakher24h.de\/es\/\">AL Fakher<\/a> Crown Bar 12000 PRO<\/strong> El sabor permanece intenso y completo en cada calada. La combinaci\u00f3n de ar\u00e1ndanos frescos y refresco de lim\u00f3n burbujeante te ofrece una experiencia de vapeo inolvidable que despierta y refresca tus sentidos. Las nubes de vapor densas tambi\u00e9n proporcionan una experiencia visual impresionante que complementa perfectamente la intensa experiencia gustativa.<\/p>\n<h3><strong>Por qu\u00e9 deber\u00edas comprar el AL Fakher Crown Bar 12000 PRO en alfakher24h.de<\/strong><\/h3>\n<p>Si est\u00e1s buscando una opci\u00f3n duradera, de alto rendimiento y convincente en t\u00e9rminos de sabor <a href=\"https:\/\/alfakher24h.de\/es\/\">Cigarrillo electr\u00f3nico desechable<\/a> Si eres, entonces el <strong>AL Fakher Crown Bar 12000 PRO<\/strong> exactamente lo correcto para ti. En<a href=\"https:\/\/alfakher24h.de\/es\/\"> <strong>alfakher24h.de<\/strong><\/a>, la mayor plataforma de Alemania para <strong>Cigarrillos electr\u00f3nicos desechables<\/strong>, encontrar\u00e1s una amplia selecci\u00f3n de vapeadores de alta calidad - siempre disponibles y en las mejores condiciones. Ya seas un vapeador experimentado o un principiante, este dispositivo superar\u00e1 tus expectativas de vapeo.<\/p>\n<p>Haz tu pedido hoy mismo en <strong>alfakher24h.de<\/strong> y experimenta por qu\u00e9 el <strong>AL Fakher Crown Bar 12000 PRO<\/strong> Con nicotina, es una de las mejores cigarrillas electr\u00f3nicas desechables del mercado. Con hasta 12.000 caladas, te ofrece una experiencia de vapeo duradera, que se ve intensificada por su sabor intenso <strong>Blue Razz Lemonade<\/strong> Hace que cada momento sea dulce. Consigue tu placer de vapeo hoy mismo y disfruta de la mejor experiencia de vapeo desechable que Alemania tiene para ofrecer.<\/p>\n<p><img loading=\"lazy\" decoding=\"async\" class=\"alignnone wp-image-351 size-full\" src=\"https:\/\/alfakher24h.de\/wp-content\/uploads\/2024\/09\/AL-Fakher-Crown-Bar-12000-Zuege-Einweg-E-Zigarette-Mit-Nikotin-Blue-Razz-Lemonade-2.webp\" alt=\"AL Fakher Crown Bar 12000 Z\u00fcge Einweg E Zigarette Mit Nikotin -Blue Razz Limonada\" width=\"800\" height=\"980\" title=\"\" srcset=\"https:\/\/alfakher24h.de\/wp-content\/uploads\/2024\/09\/AL-Fakher-Crown-Bar-12000-Zuege-Einweg-E-Zigarette-Mit-Nikotin-Blue-Razz-Lemonade-2.webp 800w, https:\/\/alfakher24h.de\/wp-content\/uploads\/2024\/09\/AL-Fakher-Crown-Bar-12000-Zuege-Einweg-E-Zigarette-Mit-Nikotin-Blue-Razz-Lemonade-2-245x300.webp 245w, https:\/\/alfakher24h.de\/wp-content\/uploads\/2024\/09\/AL-Fakher-Crown-Bar-12000-Zuege-Einweg-E-Zigarette-Mit-Nikotin-Blue-Razz-Lemonade-2-768x941.webp 768w, https:\/\/alfakher24h.de\/wp-content\/uploads\/2024\/09\/AL-Fakher-Crown-Bar-12000-Zuege-Einweg-E-Zigarette-Mit-Nikotin-Blue-Razz-Lemonade-2-600x735.webp 600w\" sizes=\"auto, (max-width: 800px) 100vw, 800px\" \/><\/p>\n<h3><strong>AL Fakher Crown Bar 12000 Z\u00fcge \n\nbecomes \n\nAL Fakher Crown Bar 12000 tiradas <\/strong>Ventajas de comprar en alfakher24h.de<\/h3>\n<ul>\n<li><strong>Gran variedad de cigarrillos electr\u00f3nicos desechables<\/strong>Encuentra los \u00faltimos y mejores modelos, como el <strong><a href=\"https:\/\/alfakher24h.de\/es\/\">AL Fakher<\/a> Crown Bar 12000 PRO<\/strong>, exclusivamente con nosotros.<\/li>\n<li><strong>Env\u00edo r\u00e1pido en Alemania<\/strong>Recibe tu pedido de forma r\u00e1pida y fiable, directamente en tu casa.<\/li>\n<li><strong>Servicio al cliente confiable<\/strong>Nuestro equipo est\u00e1 a tu disposici\u00f3n para responder a cualquier pregunta o inquietud en cualquier momento.<\/li>\n<\/ul>\n<p>No dudes m\u00e1s y aseg\u00farate tu experiencia Premium de vapeo en <a href=\"https:\/\/alfakher24h.de\/es\/\"><strong>alfakher24h.de<\/strong><\/a>Con nuestra amplia variedad y nuestras ofertas inigualables somos tu primera opci\u00f3n cuando se trata de <a href=\"https:\/\/alfakher24h.de\/es\/\"><strong>Cigarrillos electr\u00f3nicos desechables<\/strong><\/a> en <strong>Alemania<\/strong> va.<\/p>\n<hr \/>\n<p>Con esta descripci\u00f3n de producto revisada y optimizada tienes una visi\u00f3n general detallada sobre el <strong>AL Fakher Crown Bar 12000 PRO<\/strong> y la incomparable experiencia gustativa de <strong>Blue Razz Lemonade<\/strong> recibir<\/p>","protected":false},"excerpt":{"rendered":"<p>Der <strong>AL Fakher Crown Bar 12000 Z\u00fcge Einweg E-Zigarette mit Nikotin \u2013 Blue Razz Lemonade \n\nbecomes \n\nAL Fakher Crown Bar 12000 caladas cigarrillo electr\u00f3nico desechable con nicotina - Blue Razz Lemonade<\/strong> ofrece una experiencia de vapeo duradera de hasta 12.000 bocanadas, un dise\u00f1o elegante, tecnolog\u00eda potente y el sabor refrescante de ar\u00e1ndanos dulces y limonada efervescente.<\/p>","protected":false},"featured_media":350,"comment_status":"open","ping_status":"closed","template":"","meta":{"om_disable_all_campaigns":false},"product_brand":[],"product_cat":[20],"product_tag":[],"class_list":{"0":"post-349","1":"product","2":"type-product","3":"status-publish","4":"has-post-thumbnail","6":"product_cat-ai-fakher-crown-bar-12000","8":"first","9":"instock","10":"shipping-taxable","11":"purchasable","12":"product-type-simple"},"_links":{"self":[{"href":"https:\/\/alfakher24h.de\/es\/wp-json\/wp\/v2\/product\/349","targetHints":{"allow":["GET"]}}],"collection":[{"href":"https:\/\/alfakher24h.de\/es\/wp-json\/wp\/v2\/product"}],"about":[{"href":"https:\/\/alfakher24h.de\/es\/wp-json\/wp\/v2\/types\/product"}],"replies":[{"embeddable":true,"href":"https:\/\/alfakher24h.de\/es\/wp-json\/wp\/v2\/comments?post=349"}],"wp:featuredmedia":[{"embeddable":true,"href":"https:\/\/alfakher24h.de\/es\/wp-json\/wp\/v2\/media\/350"}],"wp:attachment":[{"href":"https:\/\/alfakher24h.de\/es\/wp-json\/wp\/v2\/media?parent=349"}],"wp:term":[{"taxonomy":"product_brand","embeddable":true,"href":"https:\/\/alfakher24h.de\/es\/wp-json\/wp\/v2\/product_brand?post=349"},{"taxonomy":"product_cat","embeddable":true,"href":"https:\/\/alfakher24h.de\/es\/wp-json\/wp\/v2\/product_cat?post=349"},{"taxonomy":"product_tag","embeddable":true,"href":"https:\/\/alfakher24h.de\/es\/wp-json\/wp\/v2\/product_tag?post=349"}],"curies":[{"name":"wp","href":"https:\/\/api.w.org\/{rel}","templated":true}]}}