{"id":342,"date":"2024-09-18T07:46:38","date_gmt":"2024-09-18T07:46:38","guid":{"rendered":"https:\/\/alfakher24h.de\/?post_type=product&#038;p=342"},"modified":"2025-07-23T04:17:51","modified_gmt":"2025-07-23T04:17:51","slug":"al-fakher-crown-bar-12000-inhalaciones-de-cigarrillo-electronico-desechable-con-hielo-de-nicotina-y-grosella-negra","status":"publish","type":"product","link":"https:\/\/alfakher24h.de\/es\/producto\/al-fakher-crown-bar-12000-inhalaciones-de-cigarrillo-electronico-desechable-con-hielo-de-nicotina-y-grosella-negra\/","title":{"rendered":"AL Fakher Crown Bar 12000 Z\u00fcge Einweg E Zigarette Mit Nikotin - Blackcurrant Ice\n\n se traduce como \n\nAL Fakher Crown Bar 12000 caladas cigarrillo electr\u00f3nico desechable con nicotina - Blackcurrant Ice"},"content":{"rendered":"<h2><strong><a href=\"https:\/\/alfakher24h.de\/es\/categoria-de-producto\/barra-de-corona-ai-fakher-12000\/\">AL Fakher Crown Bar 12000 Z\u00fcge Einweg\n\n becomes \n\nAL Fakher Crown Bar 12000 tiradas Desechable<\/a> E-Zigarette con nicotina - Blackcurrant Ice<\/strong><\/h2>\n<h3>Innovaci\u00f3n y sabor unidos<\/h3>\n<p>La <strong>AL Fakher Crown Bar 12000 Z\u00fcge \n\nbecomes \n\nAL Fakher Crown Bar 12000 tiradas <a href=\"https:\/\/alfakher24h.de\/es\/\">Cigarrillo electr\u00f3nico desechable<\/a><\/strong> Es la elecci\u00f3n perfecta para vapeadores exigentes que buscan matices de sabor intensos y tecnolog\u00eda de primera clase. Con un impresionante suministro de hasta 12.000 bocanadas, este dispositivo establece un nuevo est\u00e1ndar de durabilidad y facilidad de uso. El cigarrillo electr\u00f3nico desechable combina tecnolog\u00eda moderna con una experiencia de fumar cl\u00e1sica, similar a la sensaci\u00f3n de fumar pipa de agua. Especialmente el sabor \"Blackcurrant Ice\" har\u00e1 que cada bocanada sea una experiencia refrescante y afrutada.<\/p>\n<p>Gracias a ellas <strong>bater\u00edas recargables de alta potencia<\/strong> Y el procesamiento de alta calidad ofrece el Crown Bar 12000 PRO un rendimiento continuo y constante. El dise\u00f1o ergon\u00f3mico se encuentra c\u00f3modo en la mano y asegura un uso sin esfuerzo en movimiento.<\/p>\n<p><img loading=\"lazy\" decoding=\"async\" class=\"alignnone size-full wp-image-344\" src=\"https:\/\/alfakher24h.de\/wp-content\/uploads\/2024\/09\/AL-Fakher-Crown-Bar-12000-Zuege-Einweg-E-Zigarette-Mit-Nikotin-Blackcurrant-Ice-2.webp\" alt=\"AL Fakher Crown Bar 12000 Z\u00fcge Einweg E Zigarette Mit Nikotin - Blackcurrant Ice se traduce como AL Fakher Crown Bar 12000 caladas cigarrillo electr\u00f3nico desechable con nicotina - Blackcurrant Ice\" width=\"600\" height=\"600\" title=\"\" srcset=\"https:\/\/alfakher24h.de\/wp-content\/uploads\/2024\/09\/AL-Fakher-Crown-Bar-12000-Zuege-Einweg-E-Zigarette-Mit-Nikotin-Blackcurrant-Ice-2.webp 600w, https:\/\/alfakher24h.de\/wp-content\/uploads\/2024\/09\/AL-Fakher-Crown-Bar-12000-Zuege-Einweg-E-Zigarette-Mit-Nikotin-Blackcurrant-Ice-2-300x300.webp 300w, https:\/\/alfakher24h.de\/wp-content\/uploads\/2024\/09\/AL-Fakher-Crown-Bar-12000-Zuege-Einweg-E-Zigarette-Mit-Nikotin-Blackcurrant-Ice-2-150x150.webp 150w, https:\/\/alfakher24h.de\/wp-content\/uploads\/2024\/09\/AL-Fakher-Crown-Bar-12000-Zuege-Einweg-E-Zigarette-Mit-Nikotin-Blackcurrant-Ice-2-100x100.webp 100w\" sizes=\"auto, (max-width: 600px) 100vw, 600px\" \/><\/p>\n<hr \/>\n<h3><strong>AL Fakher Crown Bar 12000 caladas Desechable \u00bfPor qu\u00e9 elegir la AL Fakher Crown Bar 12000?<\/strong><\/h3>\n<p>La <strong>AL Fakher Crown Bar 12000 PRO cigarrillo electr\u00f3nico desechable<\/strong> Ofrece numerosas caracter\u00edsticas destacadas que la distinguen de otros vaporizadores desechables en el mercado. Estos puntos aclaran por qu\u00e9 deber\u00edas elegir este producto:<\/p>\n<h3>Capacidad de expansi\u00f3n duradera<\/h3>\n<p>Con una capacidad de <strong>12.000 trenes<\/strong> pertenece a los modelos m\u00e1s potentes <a href=\"https:\/\/alfakher24h.de\/es\/\">Cigarrillo electr\u00f3nico desechable con nicotina<\/a>, que existen actualmente. Supera con creces las necesidades diarias de la mayor\u00eda de los vapeadores, lo que significa que disfrutar\u00e1s de cada dispositivo durante m\u00e1s tiempo antes de necesitar uno nuevo.<\/p>\n<h3>Sabor intenso y nubes densas<\/h3>\n<p>La <strong>Bobina de malla de 0,6 ohmios<\/strong> En el interior de la Crown Bar 12000 se produce un despliegue de sabor incomparable y permite la generaci\u00f3n de nubes de vapor densas y con mucho sabor. Cada calada pone de manifiesto toda la intensidad del l\u00edquido.<\/p>\n<h3>Dise\u00f1o moderno y ergon\u00f3mico<\/h3>\n<p>Con su dise\u00f1o delgado y ligero, el cigarrillo electr\u00f3nico desechable cabe perfectamente en cualquier bolsillo. La boquilla ergon\u00f3micamente dise\u00f1ada garantiza un m\u00e1ximo confort y un manejo agradable, ya sea en casa o en movimiento.<\/p>\n<h3>Recargable y libre de mantenimiento<\/h3>\n<p>Trotz ihrer enormen Puff-Kapazit\u00e4t ist die Crown Bar 12000 <strong>recargable<\/strong>. El <strong>Conector USB tipo C<\/strong> permite una carga r\u00e1pida y sencilla. Al mismo tiempo, el dispositivo no requiere mantenimiento, lo que lo hace perfecto para vapeadores que no quieren preocuparse por el cuidado de su dispositivo.<\/p>\n<h3>Pantalla digital<\/h3>\n<p>Un punto culminante especial es el <strong>pantalla digital<\/strong>, que te muestra tanto el estado de la bater\u00eda como el nivel de l\u00edquido. As\u00ed tendr\u00e1s en todo momento el control total de tu experiencia de vapeo y podr\u00e1s asegurarte de que el placer de vapear nunca te abandone.<\/p>\n<hr \/>\n<h3><strong>AL Fakher Crown Bar 12000 Z\u00fcge Einweg \nDetalles t\u00e9cnicos de un vistazo<\/strong><\/h3>\n<ul>\n<li><strong>Trenes:<\/strong> Hasta 12.000<\/li>\n<li><strong>Nikotin<\/strong> 5 mg (0,5 %)<\/li>\n<li><strong>Bobina:<\/strong> 0,6 ohm malla bobina<\/li>\n<li><strong>Cargar:<\/strong> USB tipo C<\/li>\n<li><strong>Mostrar:<\/strong> Pantalla digital para monitorear la bater\u00eda y el nivel de l\u00edquido<\/li>\n<li><strong>Recargable<\/strong><\/li>\n<li><strong>Libre de mantenimiento<\/strong><\/li>\n<li><strong>Ligero y port\u00e1til<\/strong><\/li>\n<\/ul>\n<p>Este modelo ofrece la combinaci\u00f3n ideal de facilidad de uso, rendimiento y dise\u00f1o, lo que lo convierte en la elecci\u00f3n perfecta para vapeadores ocasionales y frecuentes. <strong>Ordena ahora en <a href=\"https:\/\/alfakher24h.de\/es\/\">alfakher24h.de<\/a><\/strong>, la plataforma l\u00edder para vapeadores desechables en Alemania, y experimenta la diferencia.<\/p>\n<hr \/>\n<h2>Experiencia gustativa - Blackcurrant Ice<\/h2>\n<p>La <strong>Sabor Blackcurrant Ice<\/strong> es una verdadera revelaci\u00f3n para los amantes de las frutas y todos aquellos que buscan un refresco fr\u00edo en cada sorbo. Esta mezcla une el aroma intenso y profundo de <strong>grosellas negras<\/strong> con un toque de mentol refrescante que proporciona una agradable sensaci\u00f3n de frescura en la boca.<\/p>\n<h3>La frescura de la grosella negra<\/h3>\n<p>La intensa fruta de la grosella negra se hace evidente con cada calada. Este sabor recuerda a bayas reci\u00e9n cosechadas, que est\u00e1n completamente maduras y jugosas. La nota ligeramente \u00e1cida de las grosellas introduce una complejidad agradable, que eleva el sabor y proporciona un placer de vapeo inconfundible.<\/p>\n<h3>El efecto refrescante de la mentol<\/h3>\n<p>Lo que hace que el sabor Blackcurrant Ice sea tan especial es la <strong>componente de mentol<\/strong>que proporciona una sensaci\u00f3n refrescante y ligeramente refrescante en la garganta. Esta combinaci\u00f3n de dulzura afrutada y frescura le da al sabor una profundidad especial que es ideal para los vapeadores que buscan una experiencia de sabor equilibrada y emocionante.<\/p>\n<h3>Perfecto para el d\u00eda a d\u00eda<\/h3>\n<p>Ya sea que hayas tenido un d\u00eda largo o simplemente est\u00e9s buscando un breve descanso, Blackcurrant Ice garantiza que cada calada se convierta en un peque\u00f1o momento de placer. El sabor permanece agradablemente en la boca, sin ser demasiado intenso o abrumador, lo que lo convierte en la elecci\u00f3n perfecta para el uso diario.<\/p>\n<hr \/>\n<h3><strong>AL Fakher Crown Bar 12000 Z\u00fcge Einweg  Elevate tu experiencia de vapeo al siguiente nivel<\/strong><\/h3>\n<p>La <strong>AL Fakher Crown Bar 12000 Z\u00fcge \n\nbecomes \n\nAL Fakher Crown Bar 12000 tiradas<a href=\"https:\/\/alfakher24h.de\/es\/\"> Cigarrillo electr\u00f3nico desechable<\/a><\/strong> En el sabor Blackcurrant Ice es la elecci\u00f3n ideal para todos aquellos que buscan una experiencia de vapeo duradera, intensa y refrescante. Con su longevidad, caracter\u00edsticas innovadoras y manejo f\u00e1cil de usar, es un compa\u00f1ero indispensable para todos los vapeadores en Alemania.<\/p>\n<p>Puedes encontrar esta y muchas otras emocionantes variedades en <a href=\"https:\/\/alfakher24h.de\/es\/\"><strong>alfakher24h.de<\/strong><\/a> Descubre la mayor plataforma en l\u00ednea para cigarrillos electr\u00f3nicos desechables en Alemania. Ya seas un vapeador experimentado o un principiante, aqu\u00ed encontrar\u00e1s el dispositivo adecuado para optimizar tu experiencia de vapeo. Ordena ahora y disfruta de lo mejor que el mundo de los vapeadores desechables tiene que ofrecer.<\/p>\n<hr \/>\n<h3><strong>La barra AL Fakher Crown 12000 tiradas desechable veredicto - \u00bfPor qu\u00e9 la barra AL Fakher Crown 12000?<\/strong><\/h3>\n<p>La <strong>AL Fakher Crown Bar 12000 PRO<\/strong> es mucho m\u00e1s que un simple cigarrillo electr\u00f3nico desechable - es un <strong>Declaraci\u00f3n de calidad e innovaci\u00f3n<\/strong>Con su enorme capacidad de 12.000 bocanegra, sabores intensos como Blackcurrant Ice, bater\u00eda recargable y pantalla digital, ofrece todo lo que el coraz\u00f3n de un vapeador desea. Ya sea que valorices la durabilidad, el dise\u00f1o pr\u00e1ctico o el sabor intenso, este modelo cubre todas las necesidades.<\/p>\n<p>Disfruta el futuro del vapeo y ordena tu <strong>AL Fakher Crown Bar 12000<\/strong> todav\u00eda hoy en <a href=\"https:\/\/alfakher24h.de\/es\/\"><strong>alfakher24h.de<\/strong><\/a>, la mayor plataforma para cigarrillos electr\u00f3nicos desechables en Alemania!<\/p>","protected":false},"excerpt":{"rendered":"<p>La <strong>AL Fakher Crown Bar 12000 Z\u00fcge Einweg E-Zigarette \n\nbecomes \n\nAL Fakher Crown Bar 12000 tiradas Vape de un solo uso<\/strong> ofrece una intensa experiencia de vapeo con hasta 12.000 bocanadas, bater\u00eda recargable, pantalla digital y el refrescante sabor Blackcurrant Ice - perfecto para vapeadores exigentes en Alemania.<\/p>","protected":false},"featured_media":343,"comment_status":"open","ping_status":"closed","template":"","meta":{"om_disable_all_campaigns":false},"product_brand":[],"product_cat":[20],"product_tag":[],"class_list":{"0":"post-342","1":"product","2":"type-product","3":"status-publish","4":"has-post-thumbnail","6":"product_cat-ai-fakher-crown-bar-12000","8":"first","9":"instock","10":"shipping-taxable","11":"purchasable","12":"product-type-simple"},"_links":{"self":[{"href":"https:\/\/alfakher24h.de\/es\/wp-json\/wp\/v2\/product\/342","targetHints":{"allow":["GET"]}}],"collection":[{"href":"https:\/\/alfakher24h.de\/es\/wp-json\/wp\/v2\/product"}],"about":[{"href":"https:\/\/alfakher24h.de\/es\/wp-json\/wp\/v2\/types\/product"}],"replies":[{"embeddable":true,"href":"https:\/\/alfakher24h.de\/es\/wp-json\/wp\/v2\/comments?post=342"}],"wp:featuredmedia":[{"embeddable":true,"href":"https:\/\/alfakher24h.de\/es\/wp-json\/wp\/v2\/media\/343"}],"wp:attachment":[{"href":"https:\/\/alfakher24h.de\/es\/wp-json\/wp\/v2\/media?parent=342"}],"wp:term":[{"taxonomy":"product_brand","embeddable":true,"href":"https:\/\/alfakher24h.de\/es\/wp-json\/wp\/v2\/product_brand?post=342"},{"taxonomy":"product_cat","embeddable":true,"href":"https:\/\/alfakher24h.de\/es\/wp-json\/wp\/v2\/product_cat?post=342"},{"taxonomy":"product_tag","embeddable":true,"href":"https:\/\/alfakher24h.de\/es\/wp-json\/wp\/v2\/product_tag?post=342"}],"curies":[{"name":"wp","href":"https:\/\/api.w.org\/{rel}","templated":true}]}}