{"id":339,"date":"2024-09-18T07:37:59","date_gmt":"2024-09-18T07:37:59","guid":{"rendered":"https:\/\/alfakher24h.de\/?post_type=product&#038;p=339"},"modified":"2025-07-23T04:17:51","modified_gmt":"2025-07-23T04:17:51","slug":"al-fakher-crown-bar-12000-inhalaciones-de-cigarrillo-electronico-desechable-con-nicotina-grosella-negra-y-menta","status":"publish","type":"product","link":"https:\/\/alfakher24h.de\/es\/producto\/al-fakher-crown-bar-12000-inhalaciones-de-cigarrillo-electronico-desechable-con-nicotina-grosella-negra-y-menta\/","title":{"rendered":"AL Fakher Crown Bar 12000 Z\u00fcge Einweg E Zigarette Mit Nikotin - Black Currant Mint \n\nse convierte en \n\nAL Fakher Crown Bar 12000 caladas cigarrillo electr\u00f3nico desechable con nicotina - Black Currant Mint"},"content":{"rendered":"<h2><strong><a href=\"https:\/\/alfakher24h.de\/es\/categoria-de-producto\/barra-de-corona-ai-fakher-12000\/\">AL Fakher Crown Bar 12000 Z\u00fcge \n\nbecomes \n\nAL Fakher Crown Bar 12000 tiradas<\/a> Cigarrillo electr\u00f3nico desechable con nicotina - Menta de grosella negra<\/strong><\/h2>\n<h3>Descubre el futuro del vapeo<\/h3>\n<p>Con la <strong>AL Fakher Crown Bar 12000 Z\u00fcge \n\nbecomes \n\nAL Fakher Crown Bar 12000 tiradas <a href=\"https:\/\/alfakher24h.de\/es\/\">Cigarrillo electr\u00f3nico desechable<\/a><\/strong> Experimente el vapeo en un nuevo nivel. Este vape de un solo uso revolucionario ofrece no solo hasta <strong>12.000 trenes<\/strong>sino que combina tecnolog\u00eda de punta, sabor intenso y un dise\u00f1o elegante. Ya sea que sea un principiante o un vapeador experimentado, este cigarrillo electr\u00f3nico es una excelente opci\u00f3n si est\u00e1 buscando <strong>Alemania<\/strong> una vape de un solo uso de larga duraci\u00f3n y sabor intenso. Descubre la combinaci\u00f3n perfecta de potencia y comodidad, con el bono adicional de nicotina, para la experiencia de vapeo definitiva.<\/p>\n<h3><strong>AL Fakher Crown Bar 12000 Z\u00fcge \n\nbecomes \n\nAL Fakher Crown Bar 12000 tiradas <\/strong><strong>Especificaciones del producto<\/strong><\/h3>\n<ul>\n<li><strong>Maximales Z\u00fcge:<\/strong> Hasta 12.000 trenes<\/li>\n<li><strong>Contenido de nicotina:<\/strong> 0,5% (5 mg)<\/li>\n<li><strong>Bobina:<\/strong> 0,6 Ohm malla bobina<\/li>\n<li><strong>Conexi\u00f3n de carga:<\/strong> USB tipo C<\/li>\n<li><strong>Recargable:<\/strong> S\u00ed<\/li>\n<li><strong>Pantalla:<\/strong> Digital para mostrar la carga de la bater\u00eda y el nivel de E-Liquid<\/li>\n<li><strong>Dise\u00f1o:<\/strong> Ligero, ergon\u00f3mico y con sonido de pipa de agua<\/li>\n<li><strong>Estilo de vapeo:<\/strong> Directo-a-Pulm\u00f3n (DTL) para un sabor m\u00e1s intenso<\/li>\n<\/ul>\n<h3><strong>Caracter\u00edsticas principales de la AL Fakher Crown Bar 12000 PRO<\/strong><\/h3>\n<h4>1. <strong>Capacidad m\u00e1xima de remolque<\/strong><\/h4>\n<p>Con <strong>hasta 12.000 trenes<\/strong> \u00bfPertenece esta? <a href=\"https:\/\/alfakher24h.de\/es\/\">Cigarrillo electr\u00f3nico desechable con nicotina<\/a> Entre los m\u00e1s duraderos del mercado. Perfecto para vapeadores que optan por una soluci\u00f3n sostenible y fiable que dura varios d\u00edas. Sin necesidad de rellenar - simplemente vapea y disfruta.<\/p>\n<h4>2. <strong>Bobina de malla para un sabor intenso<\/strong><\/h4>\n<p>La <strong>0,6 Ohm malla bobina<\/strong> garantiza una vaporizaci\u00f3n \u00f3ptima del e-l\u00edquido y ofrece una experiencia de sabor incomparable. Esta tecnolog\u00eda calienta el l\u00edquido de manera uniforme, lo que conduce a un vapor m\u00e1s denso y sabores m\u00e1s intensos - cada calada se convierte en un verdadero momento de placer.<\/p>\n<h4>3. <strong>Dise\u00f1o elegante y funcional<\/strong><\/h4>\n<p>El dise\u00f1o minimalista y sin embargo elegante hace que la <strong><a href=\"https:\/\/alfakher24h.de\/es\/\">AL Fakher<\/a> Crown Bar<\/strong> a un verdadero llamativo. Gracias a <strong>dise\u00f1o ergon\u00f3mico<\/strong> Se ajusta perfectamente en la mano y el sonido integrado de la pipa de agua proporciona una experiencia de fumar aut\u00e9ntica directamente en su hogar.<\/p>\n<h4>4. <strong>Sistema recargable con USB tipo C<\/strong><\/h4>\n<p>Este cigarrillo electr\u00f3nico desechable est\u00e1 equipado con un dise\u00f1o moderno <strong>Conector USB tipo C<\/strong> equipado, que permite cargas r\u00e1pidas y eficientes. En solo unos minutos, su dispositivo estar\u00e1 listo para usar de nuevo, para que nunca tenga que renunciar a su experiencia de vapeo. Especialmente pr\u00e1ctico para las personas que est\u00e1n mucho en movimiento.<\/p>\n<h4>5. <strong>Pantalla digital para facilitar su uso<\/strong><\/h4>\n<p>Un <strong>pantalla intuitiva<\/strong> Muestra el estado de la bater\u00eda y el nivel de l\u00edquido electr\u00f3nico restante. Esta caracter\u00edstica \u00fatil garantiza que siempre sepas exactamente cu\u00e1ndo es hora de recargar tu cigarrillo electr\u00f3nico. Otro paso hacia la facilidad de uso y el control.<\/p>\n<h4>6. <strong>Vapeo directo a pulm\u00f3n para un aroma intenso<\/strong><\/h4>\n<p>Das <strong>Directo-al-Pulm\u00f3n (DTL)<\/strong>-El vapeo est\u00e1 dise\u00f1ado para los amantes de aromas intensos. Mediante la inhalaci\u00f3n directa al pulm\u00f3n, se explora todo el potencial del sabor - ideal para vapeadores que prefieren notas de sabor fuertes y complejas. Cada calada se despliega como un cl\u00edmax arom\u00e1tico.<\/p>\n<h3><strong>AL Fakher Crown Bar 12000 Z\u00fcge \n\nbecomes \n\nAL Fakher Crown Bar 12000 tiradas <\/strong>Black Currant Mint - Una experiencia gastron\u00f3mica de primera categor\u00eda<\/h3>\n<p>Ahora llegamos al punto culminante de este cigarrillo electr\u00f3nico desechable: <strong>Black Currant Mint \n\n(No change needed, as it seems to be a proper noun or a product name) \n becomes \n Ribes Negro Menta<\/strong>Este sabor \u00fanico une la dulzura natural y la frescura de <strong>grosellas negras<\/strong> con un toque de <strong>Menta<\/strong>, lo que conduce a un placer de vapear sorprendentemente equilibrado. El intenso sabor de las grosellas negras maduras se encuentra con la fresca frialdad de la menta, que a\u00f1ade una nota suave pero refrescante.<\/p>\n<p>Con cada sorbo, al principio se despliega la dulzura afrutada de las grosellas negras en tu lengua, seguida de una fresca sutileza de menta que redondea maravillosamente el aroma general. La combinaci\u00f3n de estos dos aromas asegura una experiencia \u00fanica que es ideal tanto para los amantes de sabores afrutados como frescos.<\/p>\n<p>El sabor permanece durante mucho tiempo despu\u00e9s de vapear, lo que hace que esta <a href=\"https:\/\/alfakher24h.de\/es\/\">Cigarrillo electr\u00f3nico desechable<\/a> haciendo de ella la elecci\u00f3n perfecta para aquellos que buscan un placer de vapeo duradero y equilibrado. No es un sabor que desaparece r\u00e1pidamente \u2013 <strong>Black Currant Mint \n\n(No change needed, as it seems to be a proper noun or a product name) \n becomes \n Ribes Negro Menta<\/strong> Es refrescante, refrigerante y al mismo tiempo vigorizante, lo que lo convierte en un favorito entre los vapeadores exigentes.<\/p>\n<h3><strong>AL Fakher Crown Bar 12000 Z\u00fcge \n\nbecomes \n\nAL Fakher Crown Bar 12000 tiradas <\/strong>Por qu\u00e9 deber\u00eda comprar con nosotros<\/h3>\n<p>Si est\u00e1s buscando el mejor cigarrillo electr\u00f3nico desechable, est\u00e1s en el lugar correcto, <a href=\"https:\/\/alfakher24h.de\/es\/\"><strong>alfakher24h.de<\/strong><\/a>, exactamente. Nosotros somos <strong>La mayor tienda en l\u00ednea de Alemania para cigarrillos electr\u00f3nicos desechables<\/strong> Y ofrecemos una amplia selecci\u00f3n de productos de alta calidad. Ya sea que sea un vapeador experimentado o nuevo en el mundo de los cigarrillos electr\u00f3nicos, en nosotros encontrar\u00e1 seguramente la elecci\u00f3n perfecta para sus necesidades.<\/p>\n<p>Nuestros <strong>AL Fakher Crown Bar 12000 Z\u00fcge \n\nbecomes \n\nAL Fakher Crown Bar 12000 tiradas<\/strong> ofrece una experiencia de vapeo excepcional que no encontrar\u00e1 en ninguna otra parte. Ordene ahora su cigarrillo electr\u00f3nico desechable con nosotros y experimente la combinaci\u00f3n \u00fanica de alta calidad, sabores intensos y facilidad de uso.<\/p>\n<p><img loading=\"lazy\" decoding=\"async\" class=\"alignnone size-full wp-image-341\" src=\"https:\/\/alfakher24h.de\/wp-content\/uploads\/2024\/09\/AL-Fakher-Crown-Bar-12000-Zuege-Einweg-E-Zigarette-Mit-Nikotin-Black-Currant-Mint-2.webp\" alt=\"AL Fakher Crown Bar 12000 Z\u00fcge Einweg E Zigarette Mit Nikotin - Black Currant Mint se convierte en AL Fakher Crown Bar 12000 caladas cigarrillo electr\u00f3nico desechable con nicotina - Black Currant Mint\" width=\"1837\" height=\"2522\" title=\"\" srcset=\"https:\/\/alfakher24h.de\/wp-content\/uploads\/2024\/09\/AL-Fakher-Crown-Bar-12000-Zuege-Einweg-E-Zigarette-Mit-Nikotin-Black-Currant-Mint-2.webp 1837w, https:\/\/alfakher24h.de\/wp-content\/uploads\/2024\/09\/AL-Fakher-Crown-Bar-12000-Zuege-Einweg-E-Zigarette-Mit-Nikotin-Black-Currant-Mint-2-219x300.webp 219w, https:\/\/alfakher24h.de\/wp-content\/uploads\/2024\/09\/AL-Fakher-Crown-Bar-12000-Zuege-Einweg-E-Zigarette-Mit-Nikotin-Black-Currant-Mint-2-746x1024.webp 746w, https:\/\/alfakher24h.de\/wp-content\/uploads\/2024\/09\/AL-Fakher-Crown-Bar-12000-Zuege-Einweg-E-Zigarette-Mit-Nikotin-Black-Currant-Mint-2-768x1054.webp 768w, https:\/\/alfakher24h.de\/wp-content\/uploads\/2024\/09\/AL-Fakher-Crown-Bar-12000-Zuege-Einweg-E-Zigarette-Mit-Nikotin-Black-Currant-Mint-2-1119x1536.webp 1119w, https:\/\/alfakher24h.de\/wp-content\/uploads\/2024\/09\/AL-Fakher-Crown-Bar-12000-Zuege-Einweg-E-Zigarette-Mit-Nikotin-Black-Currant-Mint-2-1492x2048.webp 1492w, https:\/\/alfakher24h.de\/wp-content\/uploads\/2024\/09\/AL-Fakher-Crown-Bar-12000-Zuege-Einweg-E-Zigarette-Mit-Nikotin-Black-Currant-Mint-2-600x824.webp 600w\" sizes=\"auto, (max-width: 1837px) 100vw, 1837px\" \/><\/p>\n<h3><strong>AL Fakher Crown Bar 12000 Z\u00fcge \n\nbecomes \n\nAL Fakher Crown Bar 12000 tiradas <\/strong>Conclusi\u00f3n<\/h3>\n<p>La <strong>AL Fakher Crown Bar 12000 Z\u00fcge Einweg E-Zigarette \n\nbecomes \n\nAL Fakher Crown Bar 12000 tiradas Vape de un solo uso<\/strong> es m\u00e1s que un cigarrillo electr\u00f3nico ordinario - es una revoluci\u00f3n en el vapeo. Con <strong>Black Currant Mint \n\n(No change needed, as it seems to be a proper noun or a product name) \n becomes \n Ribes Negro Menta<\/strong> Como sabor y una variedad de caracter\u00edsticas avanzadas, como una bater\u00eda recargable, una pantalla digital y una bobina de malla potente, ofrece todo lo que necesita para una experiencia de vapeo intensa y duradera. <strong>Comprar vape<\/strong> Nunca fue tan f\u00e1cil y placentero - vis\u00edtenos ahora <strong>alfakher24h.de<\/strong>para ordenar su e-cigarrillo y obtener lo mejor de su experiencia de vapeo.<\/p>\n<h3><strong>AL Fakher Crown Bar 12000 Z\u00fcge \n\nbecomes \n\nAL Fakher Crown Bar 12000 tiradas <\/strong>Comprar ahora y disfrutar<\/h3>\n<p>Aproveche nuestra amplia selecci\u00f3n y los mejores precios en <a href=\"https:\/\/alfakher24h.de\/es\/\"><strong>alfakher24h.de<\/strong><\/a>la plataforma l\u00edder para cigarrillos electr\u00f3nicos desechables <strong>Alemania<\/strong>. <strong>Con nicotina<\/strong> y disponible en varios sabores - las <strong>AL Fakher Crown Bar 12000 Z\u00fcge \n\nbecomes \n\nAL Fakher Crown Bar 12000 tiradas<\/strong> Espera a ser descubierto por usted.<\/p>","protected":false},"excerpt":{"rendered":"<p>La <strong>AL Fakher Crown Bar 12000 Z\u00fcge Einweg E-Zigarette \n\nbecomes \n\nAL Fakher Crown Bar 12000 tiradas Vape de un solo uso<\/strong> ofrece con su bobina de malla avanzada, sistema recargable USB tipo C y el sabor intenso de Black Currant Mint una experiencia de vapeo duradera y de alta calidad de hasta 12.000 bocanadas.<\/p>","protected":false},"featured_media":340,"comment_status":"open","ping_status":"closed","template":"","meta":{"om_disable_all_campaigns":false},"product_brand":[],"product_cat":[20],"product_tag":[],"class_list":{"0":"post-339","1":"product","2":"type-product","3":"status-publish","4":"has-post-thumbnail","6":"product_cat-ai-fakher-crown-bar-12000","8":"first","9":"instock","10":"shipping-taxable","11":"purchasable","12":"product-type-simple"},"_links":{"self":[{"href":"https:\/\/alfakher24h.de\/es\/wp-json\/wp\/v2\/product\/339","targetHints":{"allow":["GET"]}}],"collection":[{"href":"https:\/\/alfakher24h.de\/es\/wp-json\/wp\/v2\/product"}],"about":[{"href":"https:\/\/alfakher24h.de\/es\/wp-json\/wp\/v2\/types\/product"}],"replies":[{"embeddable":true,"href":"https:\/\/alfakher24h.de\/es\/wp-json\/wp\/v2\/comments?post=339"}],"wp:featuredmedia":[{"embeddable":true,"href":"https:\/\/alfakher24h.de\/es\/wp-json\/wp\/v2\/media\/340"}],"wp:attachment":[{"href":"https:\/\/alfakher24h.de\/es\/wp-json\/wp\/v2\/media?parent=339"}],"wp:term":[{"taxonomy":"product_brand","embeddable":true,"href":"https:\/\/alfakher24h.de\/es\/wp-json\/wp\/v2\/product_brand?post=339"},{"taxonomy":"product_cat","embeddable":true,"href":"https:\/\/alfakher24h.de\/es\/wp-json\/wp\/v2\/product_cat?post=339"},{"taxonomy":"product_tag","embeddable":true,"href":"https:\/\/alfakher24h.de\/es\/wp-json\/wp\/v2\/product_tag?post=339"}],"curies":[{"name":"wp","href":"https:\/\/api.w.org\/{rel}","templated":true}]}}