{"id":261,"date":"2024-09-17T06:07:23","date_gmt":"2024-09-17T06:07:23","guid":{"rendered":"https:\/\/alfakher24h.de\/?post_type=product&#038;p=261"},"modified":"2025-07-16T07:12:19","modified_gmt":"2025-07-16T07:12:19","slug":"al-fakher-crown-bar-big-cloud-8000-por-bocanada-cigarrillo-electronico-desechable-oceano-azul","status":"publish","type":"product","link":"https:\/\/alfakher24h.de\/es\/producto\/al-fakher-crown-bar-big-cloud-8000-por-bocanada-cigarrillo-electronico-desechable-oceano-azul\/","title":{"rendered":"Al Fakher Crown Bar Big Cloud 8000 PRO tiradas cigarrillo electr\u00f3nico desechable - Oc\u00e9ano Azul"},"content":{"rendered":"<h2><strong>Al Fakher Crown Bar Big Cloud 8000 PRO tiradas cigarrillo electr\u00f3nico desechable \u2013 Oc\u00e9ano Azul<\/strong><\/h2>\n<p>Descubra una experiencia de vapeo excepcional con la <strong>Al Fakher Crown Bar Big Cloud 8000 PRO tiradas cigarrillo electr\u00f3nico desechable<\/strong>Este<\/p>\n<h2><strong>Al Fakher Crown Bar Big Cloud 8000 PRO Z\u00fcge \n\nbecomes \n\nAl Fakher Crown Bar Big Cloud 8000 PRO tiradas <\/strong>Descripci\u00f3n detallada del producto<\/h2>\n<p>La <strong>Al Fakher Crown Bar Big Cloud 8000 PRO<\/strong>es<strong>8000 trenes<\/strong>ofrece<\/p>\n<p>La <strong>18 ml de capacidad l\u00edquida<\/strong> .<\/p>\n<p><strong>Opci\u00f3n de doble modo<\/strong> El Crown Bar Big Cloud 8000 PRO ofrece tanto opciones de vapeo MTL (de boca a pulm\u00f3n) como DTL (directo a pulm\u00f3n). Esto significa que puede personalizar su experiencia de vapeo seg\u00fan sus necesidades - ya sea que desee tomar la bocanada primero en la boca o inhalar directamente en el pulm\u00f3n. Esta flexibilidad lo hace particularmente atractivo para los vapeadores que cambian entre diferentes estilos de vapeo.<\/p>\n<p>Un'altra caracter\u00edstica destacada \u00e9s el <strong>bater\u00eda recargable de 800 mAh<\/strong> Este acumulador garantiza que su dispositivo funcione de manera fiable durante mucho tiempo. Con el <strong>Conector de carga tipo C<\/strong> se puede recargar la bater\u00eda de forma r\u00e1pida y sencilla, para que nunca tenga que esperar mucho para disfrutar de su pr\u00f3xima experiencia de vapeo.<\/p>\n<p>La <strong>Pantalla LED<\/strong> muestra de un vistazo el estado de la bater\u00eda y el nivel de l\u00edquido, para que siempre est\u00e9 informado de cu\u00e1ndo es hora de recargar o reemplazar el dispositivo. No m\u00e1s adivinanzas - la Crown Bar Big Cloud 8000 PRO hace que vapear sea m\u00e1s f\u00e1cil y conveniente.<\/p>\n<h2><strong>Al Fakher Crown Bar Big Cloud 8000 PRO Z\u00fcge \n\nbecomes \n\nAl Fakher Crown Bar Big Cloud 8000 PRO tiradas <\/strong><strong>Caracter\u00edsticas principales de la Al Fakher Crown Bar Big Cloud 8000 PRO<\/strong><\/h2>\n<ul>\n<li><strong>8000 trenes de capacidad<\/strong> : Larga duraci\u00f3n de vapor, perfecto para llevar o sesiones m\u00e1s largas.<\/li>\n<li><strong>5% Nikotinsalz<\/strong> Para un golpe de nicotina suave y satisfactorio sin los bordes \u00e1speros.<\/li>\n<li><strong>18 ml de capacidad de l\u00edquido electr\u00f3nico prellenado<\/strong> Gran cantidad de l\u00edquido para un placer duradero.<\/li>\n<li><strong>Bater\u00eda recargable de 800 mAh<\/strong> Suficiente capacidad para experiencias de vapeo prolongadas.<\/li>\n<li><strong>Opci\u00f3n de doble modo (MTL y DTL)<\/strong> : Seleccione su estilo de vapor preferido.<\/li>\n<li><strong>Indicador LED para bater\u00eda y l\u00edquido<\/strong> : Siempre bajo control, cu\u00e1ndo necesita recargar o reemplazar.<\/li>\n<li><strong>Conexi\u00f3n tipo C<\/strong> : Carga r\u00e1pida para vapeo ininterrumpido.<\/li>\n<\/ul>\n<h2><strong>Al Fakher Crown Bar Big Cloud 8000 PRO Z\u00fcge \n\nbecomes \n\nAl Fakher Crown Bar Big Cloud 8000 PRO tiradas <\/strong><strong>\u00danico placer con Blue Ocean - Un sabor como ning\u00fan otro<\/strong><\/h2>\n<p>Uno de los aspectos m\u00e1s emocionantes de <strong>Al Fakher Crown Bar Big Cloud 8000 PRO<\/strong> es la variedad de sabores disponibles, donde el <strong>Oc\u00e9ano Azul<\/strong> especialmente destaca. Este sabor te transporta directamente al mar, un lugar de frescura, libertad y vitalidad. El <strong>Oc\u00e9ano Azul<\/strong> Combina de manera armoniosa notas frescas, afrutadas y ligeramente saladas que recuerdan a una brisa marina fresca.<\/p>\n<h4>Oc\u00e9ano Azul: Refrescante, complejo e inolvidable<\/h4>\n<p>Der <strong>Oc\u00e9ano Azul<\/strong> Sabor es una verdadera experiencia gustativa que te lleva de viaje con cada calada. Imagina que est\u00e1s de pie en un acantilado sobre el mar abierto, sientes la brisa fresca que te refresca los sentidos y tomas una bocanada de aire profunda. Esta mezcla de frescura y ligereza se encuentra en cada calada del <strong>Oc\u00e9ano Azul<\/strong> Aromas perceptibles.<\/p>\n<p>Con un toque de fruta que recuerda a las bayas veraniegas y un fresco sutil que hace que vapear sea agradablemente refrescante, ofrece el <strong>Oc\u00e9ano Azul<\/strong> Sabor una compleja paleta de aromas que nunca se vuelve aburrida. La <strong>ligeros tonos salados<\/strong> Le dan al sabor una interesante profundidad, mientras que la dulzura mantiene el equilibrio y perfecciona completamente la experiencia de vapeo.<\/p>\n<p>Este sabor es ideal para vapeadores que buscan una mezcla equilibrada de frescura y complejidad. Es especialmente adecuado en d\u00edas calurosos de verano o siempre que desees sentir una sensaci\u00f3n de libertad y amplitud. <strong>Oc\u00e9ano Azul<\/strong> La elecci\u00f3n perfecta. Es un sabor que no solo te refresca, sino que tambi\u00e9n te inspira y te revitaliza - una verdadera necesidad para cada vapeador exigente.<\/p>\n<p><img loading=\"lazy\" decoding=\"async\" class=\"alignnone size-full wp-image-264\" src=\"https:\/\/alfakher24h.de\/wp-content\/uploads\/2024\/09\/Al-Fakher-Crown-Bar-Big-Cloud-8000-PRO-Zuege-Einweg-E-Zigarette-Blue-Ocean-2.webp\" alt=\"Al Fakher Crown Bar Big Cloud 8000 PRO tiradas cigarrillo electr\u00f3nico desechable - Oc\u00e9ano Azul\" width=\"2000\" height=\"2000\" title=\"\" srcset=\"https:\/\/alfakher24h.de\/wp-content\/uploads\/2024\/09\/Al-Fakher-Crown-Bar-Big-Cloud-8000-PRO-Zuege-Einweg-E-Zigarette-Blue-Ocean-2.webp 2000w, https:\/\/alfakher24h.de\/wp-content\/uploads\/2024\/09\/Al-Fakher-Crown-Bar-Big-Cloud-8000-PRO-Zuege-Einweg-E-Zigarette-Blue-Ocean-2-300x300.webp 300w, https:\/\/alfakher24h.de\/wp-content\/uploads\/2024\/09\/Al-Fakher-Crown-Bar-Big-Cloud-8000-PRO-Zuege-Einweg-E-Zigarette-Blue-Ocean-2-1024x1024.webp 1024w, https:\/\/alfakher24h.de\/wp-content\/uploads\/2024\/09\/Al-Fakher-Crown-Bar-Big-Cloud-8000-PRO-Zuege-Einweg-E-Zigarette-Blue-Ocean-2-150x150.webp 150w, https:\/\/alfakher24h.de\/wp-content\/uploads\/2024\/09\/Al-Fakher-Crown-Bar-Big-Cloud-8000-PRO-Zuege-Einweg-E-Zigarette-Blue-Ocean-2-768x768.webp 768w, https:\/\/alfakher24h.de\/wp-content\/uploads\/2024\/09\/Al-Fakher-Crown-Bar-Big-Cloud-8000-PRO-Zuege-Einweg-E-Zigarette-Blue-Ocean-2-1536x1536.webp 1536w, https:\/\/alfakher24h.de\/wp-content\/uploads\/2024\/09\/Al-Fakher-Crown-Bar-Big-Cloud-8000-PRO-Zuege-Einweg-E-Zigarette-Blue-Ocean-2-600x600.webp 600w, https:\/\/alfakher24h.de\/wp-content\/uploads\/2024\/09\/Al-Fakher-Crown-Bar-Big-Cloud-8000-PRO-Zuege-Einweg-E-Zigarette-Blue-Ocean-2-100x100.webp 100w\" sizes=\"auto, (max-width: 2000px) 100vw, 2000px\" \/><\/p>\n<h2><strong>Al Fakher Crown Bar Big Cloud 8000 PRO Z\u00fcge \n\nbecomes \n\nAl Fakher Crown Bar Big Cloud 8000 PRO tiradas <\/strong><strong>Por qu\u00e9 comprar en alfakher24h.de?<\/strong><\/h2>\n<p>Como <strong>El mayor comerciante en l\u00ednea de Alemania<\/strong> para Uno<strong>alfakher24h.de<\/strong>un<strong>Al Fakher Crown Bar<\/strong>Serie<strong>Big Cloud 8000 PRO<\/strong> ,<\/p>\n<p>Si usted su... <strong>Cigarrillo electr\u00f3nico desechable<\/strong> en<\/p>\n<p>Visite <strong>alfakher24h.de<\/strong>y<\/p>\n<h2><strong>Al Fakher Crown Bar Big Cloud 8000 PRO Z\u00fcge \n\nbecomes \n\nAl Fakher Crown Bar Big Cloud 8000 PRO tiradas <\/strong><strong>Conclusi\u00f3n<\/strong><\/h2>\n<p>La <strong>Al Fakher Crown Bar Big Cloud 8000 PRO tiradas cigarrillo electr\u00f3nico desechable<\/strong> es<strong>8000 trenes<\/strong> ,<strong>Tipo C conector de carga<\/strong>combinado<strong>Opci\u00f3n de doble modo<\/strong> permite<strong>Oc\u00e9ano Azul<\/strong>Sabor<\/p>\n<p>Si est\u00e1s buscando una experiencia de vapeo fiable, potente y con un sabor intenso, la <strong>Al Fakher Crown Bar Big Cloud 8000 PRO<\/strong>la perfecta<strong>alfakher24h.de<\/strong>y<\/p>","protected":false},"excerpt":{"rendered":"<p>La Al Fakher Crown Bar Big Cloud 8000 PRO cigarrillo electr\u00f3nico desechable ofrece una experiencia de vapeo prolongada e intensa con 8000 caladas, bater\u00eda recargable, opci\u00f3n de doble modo y una amplia selecci\u00f3n de deliciosos sabores, tan frescos como reci\u00e9n hechos<\/p>","protected":false},"featured_media":262,"comment_status":"open","ping_status":"closed","template":"","meta":{"om_disable_all_campaigns":false},"product_brand":[],"product_cat":[21],"product_tag":[],"class_list":{"0":"post-261","1":"product","2":"type-product","3":"status-publish","4":"has-post-thumbnail","6":"product_cat-al-fakher-crown-bar-big-cloud-8000-pro","8":"first","9":"outofstock","10":"shipping-taxable","11":"purchasable","12":"product-type-simple"},"_links":{"self":[{"href":"https:\/\/alfakher24h.de\/es\/wp-json\/wp\/v2\/product\/261","targetHints":{"allow":["GET"]}}],"collection":[{"href":"https:\/\/alfakher24h.de\/es\/wp-json\/wp\/v2\/product"}],"about":[{"href":"https:\/\/alfakher24h.de\/es\/wp-json\/wp\/v2\/types\/product"}],"replies":[{"embeddable":true,"href":"https:\/\/alfakher24h.de\/es\/wp-json\/wp\/v2\/comments?post=261"}],"wp:featuredmedia":[{"embeddable":true,"href":"https:\/\/alfakher24h.de\/es\/wp-json\/wp\/v2\/media\/262"}],"wp:attachment":[{"href":"https:\/\/alfakher24h.de\/es\/wp-json\/wp\/v2\/media?parent=261"}],"wp:term":[{"taxonomy":"product_brand","embeddable":true,"href":"https:\/\/alfakher24h.de\/es\/wp-json\/wp\/v2\/product_brand?post=261"},{"taxonomy":"product_cat","embeddable":true,"href":"https:\/\/alfakher24h.de\/es\/wp-json\/wp\/v2\/product_cat?post=261"},{"taxonomy":"product_tag","embeddable":true,"href":"https:\/\/alfakher24h.de\/es\/wp-json\/wp\/v2\/product_tag?post=261"}],"curies":[{"name":"wp","href":"https:\/\/api.w.org\/{rel}","templated":true}]}}