{"id":241,"date":"2024-09-16T03:08:04","date_gmt":"2024-09-16T03:08:04","guid":{"rendered":"https:\/\/alfakher24h.de\/?post_type=product&#038;p=241"},"modified":"2024-11-24T03:26:10","modified_gmt":"2024-11-24T03:26:10","slug":"barra-de-corona-al-fakher-por-8000-inhalaciones-de-cigarrillo-electronico-desechable-con-nicotina-dos-manzanas","status":"publish","type":"product","link":"https:\/\/alfakher24h.de\/es\/producto\/barra-de-corona-al-fakher-por-8000-inhalaciones-de-cigarrillo-electronico-desechable-con-nicotina-dos-manzanas\/","title":{"rendered":"AL Fakher Crown Bar Pro 8000 Z\u00fcge Einweg E Zigarette Mit Nikotin -Two Apple \n\nse convierte en \n\nAL Fakher Crown Bar Pro 8000 caladas cigarrillo electr\u00f3nico desechable con nicotina -Dos Manzanas"},"content":{"rendered":"<h2><strong><a href=\"https:\/\/alfakher24h.de\/es\/categoria-de-producto\/efectivo-de-la-corona-al-fakher-por-8000\/\">AL Fakher Crown Bar Pro 8000 Z\u00fcge \n\n(No translation needed) \nAL Fakher Crown Bar Pro 8000 Z\u00fcge<\/a> Cigarrillo electr\u00f3nico desechable con nicotina - Dos manzanas<\/strong><\/h2>\n<div>Si est\u00e1s buscando una experiencia de vapeo \u00fanica que sea a la vez elegante y potente, entonces el AL Fakher Crown Bar Pro 8000 bocanegra Desechable es la elecci\u00f3n perfecta para ti. Este <a href=\"https:\/\/alfakher24h.de\/es\/\">Cigarrillo electr\u00f3nico desechable<\/a> Se destaca por su tecnolog\u00eda innovadora, sabor sobresaliente y dise\u00f1o f\u00e1cil de usar. Ya sea que sea un principiante o un vapeador experimentado, este vape superar\u00e1 sus expectativas y le brindar\u00e1 una experiencia de vapeo intensa.<\/div>\n<div><\/div>\n<div><\/div>\n<div><\/div>\n<h2><strong>AL Fakher Crown Bar Pro 8000 caladas Cigarrillo electr\u00f3nico desechable con estilo y rendimiento<\/strong><\/h2>\n<div>Der <a href=\"https:\/\/alfakher24h.de\/es\/\">AL Fakher<\/a> Crown Bar Pro 8000 tiradas vape desechable no es simplemente un dispositivo desechable. Combina tecnolog\u00eda de punta con un dise\u00f1o f\u00e1cil de usar para ofrecerle una experiencia de vapeo sencilla y satisfactoria. Con un tama\u00f1o compacto de 19 x 109 mm, el vapeo se ajusta perfectamente en su mano y se puede llevar sin esfuerzo a cualquier lugar. Gracias a la conexi\u00f3n de carga tipo C, el vapeo se carga en un abrir y cerrar de ojos, para que est\u00e9 listo para usar en cualquier momento.<\/div>\n<div>Destacados t\u00e9cnicos<\/div>\n<div>Este vape no solo es conveniente, sino tambi\u00e9n extremadamente potente. Algunas de las caracter\u00edsticas t\u00e9cnicas destacadas incluyen:<\/div>\n<div><\/div>\n<div>Enchufe de carga: Tipo C para una carga r\u00e1pida y eficiente<\/div>\n<div>Capacidad: 18 ml de l\u00edquido electr\u00f3nico para vapeo prolongado<\/div>\n<div>Tensi\u00f3n de salida: 3,7 V para una experiencia de vapeo consistentemente intensa<\/div>\n<div>Resistencia de la bobina: 1,2 ohmios para una \u00f3ptima liberaci\u00f3n de sabor<\/div>\n<div>Capacidad de la bater\u00eda: 600 mAh para hasta 8000 bocanegra<\/div>\n<div>Nikotin: 5 mg\/0,5 ml - Contenido de nicotina \u2013 perfecto para vapeadores que buscan un impulso de nicotina moderado<\/div>\n<div>Este vape no solo proporciona una experiencia de vapeo de primera clase, sino que tambi\u00e9n ofrece caracter\u00edsticas pr\u00e1cticas que facilitan su vida diaria. Desde su tama\u00f1o compacto hasta su capacidad de carga r\u00e1pida, este vape de un solo uso ha sido dise\u00f1ado para el vapeador moderno.<\/div>\n<div><\/div>\n<h2><strong>AL Fakher Crown Bar Pro 8000 tiradas \u00bfPor qu\u00e9 comprar el AL Fakher Crown Bar Pro 8000 tiradas?<\/strong><\/h2>\n<div>Simplicidad: No requiere rellenar ni una configuraci\u00f3n complicada, simplemente desempaqueta y vapea.<\/div>\n<div>Experiencia de sabor: Gracias a la bobina de malla, obtienes un sabor intenso y un vapor denso en cada calada.<\/div>\n<div>Pr\u00e1ctico para llevar: Ligero y port\u00e1til, perfecto para usar en movimiento.<\/div>\n<div>Durabilidad: Con hasta 8000 caladas, este vape de un solo uso dura m\u00e1s que muchos modelos comparables en el mercado.<\/div>\n<div>Carga r\u00e1pida: El conector tipo C garantiza que pueda vapear de nuevo r\u00e1pidamente en caso de que la bater\u00eda est\u00e9 vac\u00eda.<\/div>\n<div>Nivel de nicotina perfecto: Con 5 mg\/0,5 ml de nicotina, ofrece un impulso de nicotina equilibrado que es ideal tanto para vapeadores ocasionales como regulares.<\/div>\n<div><strong>Variedad de sabores - Two Apple en detalle <a href=\"https:\/\/alfakher24h.de\/es\/\">Cigarrillo electr\u00f3nico desechable con nicotina<\/a><\/strong><\/div>\n<div>El AL Fakher Crown Bar Pro 8000 ofrece no solo una excelencia t\u00e9cnica, sino tambi\u00e9n una experiencia de sabor excepcional. Un punto destacado de la variedad de sabores es el cl\u00e1sico sabor \"Dos Manzanas\", que es legendario en el mundo del vapeo.<\/div>\n<div><\/div>\n<div><strong>Manzana fresca y dulce con un toque de an\u00eds<\/strong><\/div>\n<div>El sabor \"Two Apple\" es una magistral combinaci\u00f3n del dulce y jugoso sabor de las manzanas rojas maduras y la ligera frescura herb\u00e1cea de las manzanas verdes. Esta mezcla armoniosa se ve redondeada por un toque sutil de an\u00eds, que le otorga al vapeo una profundidad y complejidad sorprendentes. Al inhalar, se siente la dulzura de la manzana roja, seguida de la nota refrescante de la manzana verde, que se conecta perfectamente con la nota ligeramente picante del an\u00eds. Esta combinaci\u00f3n \u00fanica garantiza una experiencia de vapeo equilibrada y satisfactoria.<\/div>\n<div><\/div>\n<div><strong>Perfecto para el uso diario<\/strong><\/div>\n<div>La variedad de sabor \"Two Apple\" es ideal para el uso diario. No es demasiado intensa y sin embargo es rica en matices que hacen que vapear sea variado. Cada calada es una nueva y fresca explosi\u00f3n de sabor que te deja con ganas de m\u00e1s. El equilibrio entre dulzura y frescura hace que este sabor nunca se vuelva aburrido, no importa cu\u00e1ntas veces lo disfrutes.<\/div>\n<div><\/div>\n<div><strong>Un sabor que perdura<\/strong><\/div>\n<div>Otro punto destacado del sabor a manzana de Two Apple es el efecto duradero del sabor. Incluso despu\u00e9s de varias caladas, el sabor a manzana fresca permanece presente en la lengua sin resultar abrumador. Esto hace que el <a href=\"https:\/\/alfakher24h.de\/es\/\">AL Fakhe<\/a>La Crown Bar Pro 8000 se convierte en una excelente opci\u00f3n para todos aquellos que buscan una experiencia de sabor constantemente intensa.<\/div>\n<div><\/div>\n<div><strong>Recomendaci\u00f3n de compra \u2013 <a href=\"https:\/\/alfakher24h.de\/es\/\">Cigarrillo electr\u00f3nico desechable<\/a> comprar en l\u00ednea c\u00f3modamente<\/strong><\/div>\n<div>Si est\u00e1s buscando un vape desechable de alta calidad, entonces visita nuestro sitio web alfakherwelt.de. Somos la plataforma en l\u00ednea m\u00e1s grande para cigarrillos electr\u00f3nicos desechables en Alemania y ofrecemos una variedad de productos que enriquecer\u00e1n tu experiencia de vapeo. El AL Fakher Crown Bar Pro 8000 caladas es solo uno de nuestros productos de primera clase que te ofrecer\u00e1n una experiencia de vapeo inigualable.<\/div>\n<div><\/div>\n<div><img loading=\"lazy\" decoding=\"async\" class=\"alignnone size-full wp-image-244\" src=\"https:\/\/alfakher24h.de\/wp-content\/uploads\/2024\/09\/AL-Fakher-Crown-Bar-Pro-8000-Zuege-Einweg-E-Zigarette-Mit-Nikotin-Two-Apple-2.webp\" alt=\"AL Fakher Crown Bar Pro 8000 Z\u00fcge Einweg E Zigarette Mit Nikotin -Two Apple se convierte en AL Fakher Crown Bar Pro 8000 caladas cigarrillo electr\u00f3nico desechable con nicotina -Dos Manzanas\" width=\"1000\" height=\"1000\" title=\"\" srcset=\"https:\/\/alfakher24h.de\/wp-content\/uploads\/2024\/09\/AL-Fakher-Crown-Bar-Pro-8000-Zuege-Einweg-E-Zigarette-Mit-Nikotin-Two-Apple-2.webp 1000w, https:\/\/alfakher24h.de\/wp-content\/uploads\/2024\/09\/AL-Fakher-Crown-Bar-Pro-8000-Zuege-Einweg-E-Zigarette-Mit-Nikotin-Two-Apple-2-300x300.webp 300w, https:\/\/alfakher24h.de\/wp-content\/uploads\/2024\/09\/AL-Fakher-Crown-Bar-Pro-8000-Zuege-Einweg-E-Zigarette-Mit-Nikotin-Two-Apple-2-150x150.webp 150w, https:\/\/alfakher24h.de\/wp-content\/uploads\/2024\/09\/AL-Fakher-Crown-Bar-Pro-8000-Zuege-Einweg-E-Zigarette-Mit-Nikotin-Two-Apple-2-768x768.webp 768w, https:\/\/alfakher24h.de\/wp-content\/uploads\/2024\/09\/AL-Fakher-Crown-Bar-Pro-8000-Zuege-Einweg-E-Zigarette-Mit-Nikotin-Two-Apple-2-600x600.webp 600w, https:\/\/alfakher24h.de\/wp-content\/uploads\/2024\/09\/AL-Fakher-Crown-Bar-Pro-8000-Zuege-Einweg-E-Zigarette-Mit-Nikotin-Two-Apple-2-100x100.webp 100w\" sizes=\"auto, (max-width: 1000px) 100vw, 1000px\" \/><\/div>\n<h2><strong>AL Fakher Crown Bar Pro 8000 Z\u00fcge \n\n(No translation needed for \"AL Fakher\" and product names, numbers and codes)\n\n La barra AL Fakher Crown Pro con 8000 tiradas es una opci\u00f3n popular.<\/strong><\/h2>\n<div>El AL Fakher Crown Bar Pro 8000 caladas es la elecci\u00f3n perfecta para los vapeadores de Two Apple que buscan un cigarrillo electr\u00f3nico desechable sencillo, potente y con un sabor intenso. Con su construcci\u00f3n de alta calidad, bater\u00eda potente y la enorme selecci\u00f3n de caladas, ofrece todo lo que el coraz\u00f3n de un vapeador desea. El sabor es la guinda del pastel y proporciona una experiencia de sabor inolvidable en cada calada.<a href=\"https:\/\/alfakher24h.de\/es\/\">alfakher24h.de<\/a><\/div>","protected":false},"excerpt":{"rendered":"<p>Der <strong>AL Fakher Crown Bar Pro 8000 Z\u00fcge Einweg E-Zigarette mit Nikotin \n\nbecomes \n\nAL Fakher Crown Bar Pro 8000 caladas cigarrillo electr\u00f3nico desechable con nicotina<\/strong> ofrece una experiencia de vapeo duradera e intensa de hasta 8000 caladas, sabor de alta calidad, tecnolog\u00eda innovadora y dise\u00f1o f\u00e1cil de usar - ideal para todos aquellos que buscan una experiencia de vapeo sencilla.<\/p>","protected":false},"featured_media":403,"comment_status":"open","ping_status":"closed","template":"","meta":{"om_disable_all_campaigns":false},"product_brand":[],"product_cat":[15],"product_tag":[],"class_list":{"0":"post-241","1":"product","2":"type-product","3":"status-publish","4":"has-post-thumbnail","6":"product_cat-al-fakher-crown-bar-pro-8000","8":"first","9":"instock","10":"shipping-taxable","11":"purchasable","12":"product-type-simple"},"_links":{"self":[{"href":"https:\/\/alfakher24h.de\/es\/wp-json\/wp\/v2\/product\/241","targetHints":{"allow":["GET"]}}],"collection":[{"href":"https:\/\/alfakher24h.de\/es\/wp-json\/wp\/v2\/product"}],"about":[{"href":"https:\/\/alfakher24h.de\/es\/wp-json\/wp\/v2\/types\/product"}],"replies":[{"embeddable":true,"href":"https:\/\/alfakher24h.de\/es\/wp-json\/wp\/v2\/comments?post=241"}],"wp:featuredmedia":[{"embeddable":true,"href":"https:\/\/alfakher24h.de\/es\/wp-json\/wp\/v2\/media\/403"}],"wp:attachment":[{"href":"https:\/\/alfakher24h.de\/es\/wp-json\/wp\/v2\/media?parent=241"}],"wp:term":[{"taxonomy":"product_brand","embeddable":true,"href":"https:\/\/alfakher24h.de\/es\/wp-json\/wp\/v2\/product_brand?post=241"},{"taxonomy":"product_cat","embeddable":true,"href":"https:\/\/alfakher24h.de\/es\/wp-json\/wp\/v2\/product_cat?post=241"},{"taxonomy":"product_tag","embeddable":true,"href":"https:\/\/alfakher24h.de\/es\/wp-json\/wp\/v2\/product_tag?post=241"}],"curies":[{"name":"wp","href":"https:\/\/api.w.org\/{rel}","templated":true}]}}