{"id":2073,"date":"2025-07-21T05:52:27","date_gmt":"2025-07-21T05:52:27","guid":{"rendered":"https:\/\/alfakher24h.de\/?post_type=product&#038;p=2073"},"modified":"2025-07-21T05:53:06","modified_gmt":"2025-07-21T05:53:06","slug":"vozol-star-20000-bocanadas-doble-potencia-recargable-vape-de-un-solo-uso-frambuesa-sandia","status":"publish","type":"product","link":"https:\/\/alfakher24h.de\/es\/producto\/vozol-star-20000-bocanadas-doble-potencia-recargable-vape-de-un-solo-uso-frambuesa-sandia\/","title":{"rendered":"Vozol Star 20000 Puffs Dual Power Vape Recargable Desechable Frambuesa Sand\u00eda"},"content":{"rendered":"<p><strong>Detalles:<\/strong><br \/>\n<a href=\"https:\/\/alfakher24h.de\/es\/producto\/vozol-star-20000-puffs-dual-power-recargable-vape-de-un-solo-uso-sabor-fresa-kiwi\/\"><strong>Vozol Star 20000 Puffs<\/strong><\/a>\u00a0Es un vapeador desechable inteligente con un dise\u00f1o Full-View y construido con la tecnolog\u00eda S.i.L.C, que ofrece hasta 20000 caladas. Contiene 24ml de 2% Niko E-l\u00edquido. La \u00faltima y \u00fanica S.i.L.C garantiza que cada calada sea suave, id\u00e9ntica, duradera y limpia. El Vozol Star 20000 Puffs est\u00e1 disponible en dos modos diferentes: el modo \"ECO\" puede alcanzar hasta 20000 caladas, impulsado por una sola bobina de malla, cada calada ofrece sabores matizados y nubes suaves. El modelo \"Power\" alcanza hasta 15000 caladas y las aumenta con la fuerza de la doble bobina de malla. Intensifica cada calada con sabores robustos y nubes gruesas. Para cada modo, existe el Star 20000. Solo necesita un interruptor para ajustar su estado de \u00e1nimo. Con una bater\u00eda recargable de 650 mAh y una capacidad asombrosa de 24 ml. Sus funciones de carga r\u00e1pida aseguran tiempos de inactividad m\u00ednimos, lo que permite a los usuarios disfrutar de sesiones m\u00e1s largas con menos interrupciones.<\/p>\n<p><img loading=\"lazy\" decoding=\"async\" class=\"alignnone size-full wp-image-2060\" src=\"https:\/\/alfakher24h.de\/wp-content\/uploads\/2025\/07\/vozol-star-20000.webp\" alt=\"\" width=\"1131\" height=\"1600\" title=\"\" srcset=\"https:\/\/alfakher24h.de\/wp-content\/uploads\/2025\/07\/vozol-star-20000.webp 1131w, https:\/\/alfakher24h.de\/wp-content\/uploads\/2025\/07\/vozol-star-20000-212x300.webp 212w, https:\/\/alfakher24h.de\/wp-content\/uploads\/2025\/07\/vozol-star-20000-724x1024.webp 724w, https:\/\/alfakher24h.de\/wp-content\/uploads\/2025\/07\/vozol-star-20000-768x1086.webp 768w, https:\/\/alfakher24h.de\/wp-content\/uploads\/2025\/07\/vozol-star-20000-1086x1536.webp 1086w, https:\/\/alfakher24h.de\/wp-content\/uploads\/2025\/07\/vozol-star-20000-8x12.webp 8w, https:\/\/alfakher24h.de\/wp-content\/uploads\/2025\/07\/vozol-star-20000-600x849.webp 600w\" sizes=\"auto, (max-width: 1131px) 100vw, 1131px\" \/><\/p>\n<p><strong>Datos t\u00e9cnicos:<\/strong><br \/>\nBater\u00eda recargable de 650mAh<br \/>\n24ml de l\u00edquido electr\u00f3nico prellenado<br \/>\n5% Typ<br \/>\nHasta 20.000 puff<br \/>\nProtecci\u00f3n de la boquilla<br \/>\nBobinas de malla dual<br \/>\nVisualizaci\u00f3n en pantalla completa<br \/>\nTipo C conector de carga<br \/>\nTipo de bobina: Bobinas de malla dual con modos duales (Modo de potencia y Modo Eco)<br \/>\nS.i.L.C. t\u00e9cnica: Suave, id\u00e9ntica, de larga duraci\u00f3n, limpia<\/p>\n<p><strong>El paquete incluye:<\/strong><br \/>\n1 pieza* Vozol Star 20000 Puffs Dual Power Vape desechable recargable<\/p>\n<p>&nbsp;<\/p>","protected":false},"excerpt":{"rendered":"<p><strong>Datos t\u00e9cnicos:<\/strong><br \/>\nBater\u00eda recargable de 650mAh<br \/>\n24ml de l\u00edquido electr\u00f3nico prellenado<br \/>\n5% Typ<br \/>\nHasta 20.000 puff<\/p>","protected":false},"featured_media":2074,"comment_status":"open","ping_status":"closed","template":"","meta":{"om_disable_all_campaigns":false},"product_brand":[],"product_cat":[50],"product_tag":[],"class_list":{"0":"post-2073","1":"product","2":"type-product","3":"status-publish","4":"has-post-thumbnail","6":"product_cat-vozol-star-20000-puffs","8":"first","9":"instock","10":"shipping-taxable","11":"purchasable","12":"product-type-simple"},"_links":{"self":[{"href":"https:\/\/alfakher24h.de\/es\/wp-json\/wp\/v2\/product\/2073","targetHints":{"allow":["GET"]}}],"collection":[{"href":"https:\/\/alfakher24h.de\/es\/wp-json\/wp\/v2\/product"}],"about":[{"href":"https:\/\/alfakher24h.de\/es\/wp-json\/wp\/v2\/types\/product"}],"replies":[{"embeddable":true,"href":"https:\/\/alfakher24h.de\/es\/wp-json\/wp\/v2\/comments?post=2073"}],"wp:featuredmedia":[{"embeddable":true,"href":"https:\/\/alfakher24h.de\/es\/wp-json\/wp\/v2\/media\/2074"}],"wp:attachment":[{"href":"https:\/\/alfakher24h.de\/es\/wp-json\/wp\/v2\/media?parent=2073"}],"wp:term":[{"taxonomy":"product_brand","embeddable":true,"href":"https:\/\/alfakher24h.de\/es\/wp-json\/wp\/v2\/product_brand?post=2073"},{"taxonomy":"product_cat","embeddable":true,"href":"https:\/\/alfakher24h.de\/es\/wp-json\/wp\/v2\/product_cat?post=2073"},{"taxonomy":"product_tag","embeddable":true,"href":"https:\/\/alfakher24h.de\/es\/wp-json\/wp\/v2\/product_tag?post=2073"}],"curies":[{"name":"wp","href":"https:\/\/api.w.org\/{rel}","templated":true}]}}