{"id":2050,"date":"2025-07-21T05:23:29","date_gmt":"2025-07-21T05:23:29","guid":{"rendered":"https:\/\/alfakher24h.de\/?post_type=product&#038;p=2050"},"modified":"2025-07-21T05:24:15","modified_gmt":"2025-07-21T05:24:15","slug":"humo-case-iphone-15-pro-30k-puffs-einweg-vape-kit-30000-puffs-miami-mint-hum-carcasa-iphone-15-pro-30k-inhalaciones-vape-kit-30000-inhalaciones-miami-menta","status":"publish","type":"product","link":"https:\/\/alfakher24h.de\/es\/producto\/humo-case-iphone-15-pro-30k-puffs-einweg-vape-kit-30000-puffs-miami-mint-hum-carcasa-iphone-15-pro-30k-inhalaciones-vape-kit-30000-inhalaciones-miami-menta\/","title":{"rendered":"Estuche Humo Case para iPhone 15 Pro 30K Puffs Kit de vapeador desechable (30000 Puffs) Miami Mint"},"content":{"rendered":"<h2>Fundas para Tel\u00e9fonos Humo Vape | Revisi\u00f3n de 30K Puffs<\/h2>\n<p><img loading=\"lazy\" decoding=\"async\" class=\"size-full wp-image-2408443 aligncenter\" src=\"https:\/\/alfakher24h.de\/wp-content\/uploads\/2025\/07\/HUMO-phone-Case-vape.webp\" sizes=\"auto, (max-width: 1380px) 100vw, 1380px\" srcset=\"https:\/\/alfakher24h.de\/wp-content\/uploads\/2025\/07\/HUMO-phone-Case-vape.webp 1380w, https:\/\/alfakher24h.de\/wp-content\/uploads\/2025\/07\/HUMO-phone-Case-vape-500x142.webp 500w, https:\/\/alfakher24h.de\/wp-content\/uploads\/2025\/07\/HUMO-phone-Case-vape-800x227.webp 800w, https:\/\/alfakher24h.de\/wp-content\/uploads\/2025\/07\/1_HUMO-phone-Case-vape-300x85.webp 300w, https:\/\/alfakher24h.de\/wp-content\/uploads\/2025\/07\/1_HUMO-phone-Case-vape-768x218.webp 768w, https:\/\/alfakher24h.de\/wp-content\/uploads\/2025\/07\/HUMO-phone-Case-vape-64x18.webp 64w\" alt=\"\" width=\"1380\" height=\"392\" title=\"\"><\/p>\n<p>Imagina un mundo donde tus art\u00edculos diarios m\u00e1s esenciales se fusionan en un dispositivo \u00fanico, potente y absolutamente revolucionario. Piensa en la comodidad de tener todo lo que necesitas justo en la palma de tu mano, sin el desorden de cargar m\u00faltiples dispositivos. Estamos constantemente buscando formas de simplificar nuestras vidas, de agilizar nuestras rutinas y de adoptar tecnolog\u00eda que no solo funcione sino que tambi\u00e9n inspire. \u00bfY si la funda de tu tel\u00e9fono pudiera hacer m\u00e1s que simplemente proteger tu dispositivo? \u00bfY si pudiera ofrecer una dimensi\u00f3n completamente nueva de funcionalidad, combinando un dise\u00f1o de vanguardia con un rendimiento sin igual? Esto no es solo un accesorio; es una extensi\u00f3n de tu estilo de vida, dise\u00f1ada para el individuo moderno que exige tanto estilo como sustancia. Prep\u00e1rate para replantear lo que esperas de tu equipo diario, ya que la l\u00ednea entre comunicaci\u00f3n y satisfacci\u00f3n ha sido oficialmente difuminada. Bienvenido a la pr\u00f3xima evoluci\u00f3n en lo personal.\u00a0<a href=\"https:\/\/vapesocietysupplies.com\/collections\/disposable-vapes\/\" target=\"_blank\" rel=\"noopener\">dispositivo de vapeo desechable<\/a>\u00a0La tecnolog\u00eda como el estuche de tel\u00e9fono Humo Vape  | 30K Puffs ha llegado!<\/p>\n<h2><strong>Un dise\u00f1o que redefine la discreci\u00f3n<\/strong><\/h2>\n<p>A primera vista, la funda para tel\u00e9fono Humo Vape se presenta con un aire de sofisticada sutileza. No anuncia su doble identidad con luces llamativas o se\u00f1ales de dise\u00f1o extravagantes. En su lugar, encarna el aspecto y la sensaci\u00f3n de una funda para tel\u00e9fono premium de alta protecci\u00f3n, dise\u00f1ada para complementar la est\u00e9tica elegante de tu iPhone. No hay adornos salvajes ni nada que llame la atenci\u00f3n. Aparece limpia, moderna y con prop\u00f3sito, lo que le permite mezclarse sin esfuerzo en cualquier entorno profesional o social. La textura se siente s\u00f3lida y sustancial en la mano, con un agarre cuidadosamente dise\u00f1ado que inspira confianza. Se desliza sobre tu iPhone con una precisi\u00f3n satisfactoria, abrazando cada curva y borde sin holgura ni flexibilidad. Esta primera impresi\u00f3n es de calidad y durabilidad, asegur\u00e1ndote que esto es mucho m\u00e1s que una novedad; es una pieza de hardware leg\u00edtimamente bien construida.<\/p>\n<p>El verdadero genio de su dise\u00f1o, sin embargo, radica en su potencial oculto. Un simple giro del dispositivo revela la boquilla elegantemente integrada, una maravilla de la ingenier\u00eda que permanece completamente oculta hasta que la necesitas. Esto no es un estuche con un vapeador torpemente metido dentro; es un sistema hol\u00edstico donde cada componente est\u00e1 dise\u00f1ado para funcionar en perfecta armon\u00eda. Los botones del estuche se alinean a la perfecci\u00f3n con los controles de tu iPhone, proporcionando la misma respuesta t\u00e1ctil a la que est\u00e1s acostumbrado. El mecanismo de la boquilla es un estudio de suavidad, desliz\u00e1ndose hacia afuera con una acci\u00f3n esforzada que se siente a la vez satisfactoria y refinada. La construcci\u00f3n general mantiene un equilibrio notable, distribuyendo el peso de manera que se siente natural y c\u00f3modo de sostener, ya sea que est\u00e9s enviando un texto o disfrutando de una calada. Es una clase magistral en funcionalidad oculta, dise\u00f1ada para aquellos que aprecian la ingenier\u00eda inteligente y el poder discreto.<\/p>\n<h2><strong>Dise\u00f1ada para el Ritmo de tu Vida<\/strong><\/h2>\n<p>La practicidad es el n\u00facleo de la existencia de la funda para tel\u00e9fono Humo Vape. Si bien es inherentemente m\u00e1s gruesa que una funda est\u00e1ndar delgada para acomodar su tecnolog\u00eda avanzada, nunca se siente inc\u00f3moda ni voluminosa. Los dise\u00f1adores han optimizado meticulosamente sus dimensiones para asegurarse de que siga siendo f\u00e1cil de llevar en el bolsillo y f\u00e1cil de manejar. Se ajusta c\u00f3modamente en el bolsillo de una sudadera, una chaqueta o un par de pantalones sueltos, lo que la convierte en un compa\u00f1ero ideal para tus aventuras diarias. Si bien puede ser un ajuste ajustado para los jeans m\u00e1s ajustados, su perfil es sorprendentemente manejable para un dispositivo que alberga tanta utilidad. La construcci\u00f3n est\u00e1 completamente libre de ruidos o espacios extra\u00f1os, lo que habla mucho sobre su calidad de fabricaci\u00f3n. Es una unidad limpia, s\u00f3lida y cohesiva que se siente como si estuviera destinada a ser una sola entidad desde el principio.<\/p>\n<p>Esta sinergia se extiende a su funci\u00f3n principal como un escudo protector para tu valioso tel\u00e9fono inteligente. Entendiendo que la vida es impredecible, la funda Humo ha sido sometida a pruebas rigurosas para garantizar que pueda soportar los rigores del uso diario. Cuenta con una impresionante calificaci\u00f3n de protecci\u00f3n contra ca\u00eddas de 10 pies, lo que te da tranquilidad al saber que tu dispositivo est\u00e1 seguro contra resbalones, ca\u00eddas e impactos accidentales. Esta protecci\u00f3n robusta garantiza que no est\u00e9s sacrificando la seguridad por la conveniencia. La funda est\u00e1 dise\u00f1ada espec\u00edficamente para ser compatible con lo \u00faltimo en tecnolog\u00eda m\u00f3vil, ofreciendo un ajuste perfecto para el iPhone 15, iPhone 15 Pro y iPhone 15 Pro Max, as\u00ed como para el pr\u00f3ximo iPhone 16, iPhone 16 Pro y iPhone 16 Pro Max. Esta compatibilidad con visi\u00f3n de futuro garantiza que tu inversi\u00f3n siga sirvi\u00e9ndote a medida que actualizas tus dispositivos.<\/p>\n<h2><strong>Liberando una potencia de vapeo sin precedentes<\/strong><\/h2>\n<p>El estuche para tel\u00e9fono Humo Vape no es solo un concepto inteligente; es un dispositivo de vapeo de alto rendimiento que se mantiene firme frente a hardware dedicado. En el coraz\u00f3n de su capacidad se encuentra una asombrosa capacidad de 30.000 bocanadas, una cifra que garantiza la longevidad y la satisfacci\u00f3n duradera. Esto se hace posible gracias a un tanque de e-l\u00edquido integrado generosamente dimensionado de 18 mL, precargado con una formulaci\u00f3n de fuerza premium 5% (50MG). Esta combinaci\u00f3n ofrece una experiencia consistentemente potente y sabrosa, bocanada tras bocanada, eliminando la necesidad constante de rellenar y asegurando que siempre est\u00e9 listo para usar. El mero volumen de bocanadas significa que puedes confiar en el estuche Humo para per\u00edodos prolongados, ya sea que est\u00e9s en un viaje largo, una semana ocupada en el trabajo o simplemente disfrutando de un fin de semana con amigos.<\/p>\n<p>Lo que impulsa este rendimiento incre\u00edble es una bater\u00eda recargable robusta de 680mAh. Esta c\u00e9lula de energ\u00eda est\u00e1 dise\u00f1ada para la resistencia y dura f\u00e1cilmente todo el d\u00eda con un uso normal. Cuando llega el momento de recargar, la inclusi\u00f3n de un puerto moderno Tipo-C garantiza una carga r\u00e1pida y eficiente, minimizando el tiempo de inactividad y haci\u00e9ndote volver a la plena fuerza r\u00e1pidamente. En un golpe de verdadera innovaci\u00f3n, la carcasa est\u00e1 dise\u00f1ada para permitir la carga pasante. Esto significa que puedes cargar tu iPhone y la carcasa del vapeador simult\u00e1neamente, utilizando un solo cable. Esta caracter\u00edstica es un cambio de juego para la comodidad, eliminando la necesidad de hacer malabarismos con varios cargadores y cables y simplificando a\u00fan m\u00e1s tu carga diaria. Es un detalle reflexivo que subraya el compromiso del dispositivo para simplificar tu vida.<\/p>\n<h2><strong>La Experiencia de Vapeo Quintessential<\/strong><\/h2>\n<p>El rendimiento es donde el Humo Vape Phone Case realmente brilla, demostrando que es mucho m\u00e1s que un simple truco de fiesta. El dispositivo ofrece una respuesta inmediata y gratificante con cada pulsaci\u00f3n. No hay un molesto retraso o per\u00edodo de calentamiento; se activa al instante, produciendo un vapor suave y satisfactorio en el momento que lo deseas. La aspiraci\u00f3n est\u00e1 perfectamente calibrada, gracias a la bobina de alto rendimiento de 0,9\u03a9. Logra un equilibrio ideal, ni demasiado aireado ni excesivamente ajustado, creando una aspiraci\u00f3n c\u00f3moda y agradable que atraer\u00e1 a una amplia gama de vapeadores. La producci\u00f3n de vapor es sustancial y satisfactoria, produciendo nubes s\u00f3lidas que brindan una experiencia visualmente agradable sin empa\u00f1ar toda una habitaci\u00f3n. Es perfecto para tomas casuales y r\u00e1pidas que satisfacen tu antojo sin llamar la atenci\u00f3n innecesaria.<\/p>\n<p>El sabor es primordial en cualquier experiencia de vapeo, y el caso de Humo destaca en este sentido. El sistema avanzado de bobina y mecha trabajan juntos para ofrecer un perfil de sabor limpio, puro y consistente desde el primer tir\u00f3n hasta el \u00faltimo. No hay notas \u00e1speras ni sabores quemados, solo el sabor aut\u00e9ntico del e-l\u00edquido tal como se pretend\u00eda. Cada calada se siente como un verdadero vapeo de alta calidad, desestimando por completo cualquier noci\u00f3n de que esto es un truco. Para mantener el control total de su experiencia, el caso cuenta con una pantalla LED brillante y clara. Esta pantalla intuitiva proporciona informaci\u00f3n vital de un vistazo, mostrando su nivel actual de bater\u00eda y el recuento de caladas. Esto le permite supervisar f\u00e1cilmente su uso y saber exactamente cu\u00e1ndo es hora de recargar, a\u00f1adiendo una capa de conveniencia moderna que eleva toda la experiencia.<\/p>\n<h2><strong>Un nuevo paradigma en la practicidad cotidiana<\/strong><\/h2>\n<p>El beneficio m\u00e1s profundo del estuche de tel\u00e9fono Humo Vape es su capacidad para cambiar fundamentalmente su rutina diaria. El simple acto de llevar un dispositivo en lugar de dos es una victoria significativa en la b\u00fasqueda de una vida m\u00e1s organizada. Ya no m\u00e1s golpes en los bolsillos en p\u00e1nico, al darte cuenta de que dejaste tu vape en casa. Ya no m\u00e1s dedicar valioso espacio en el bolsillo a un dispositivo separado. El estuche Humo consolida tus art\u00edculos m\u00e1s importantes en una sola unidad cohesiva, asegurando que siempre est\u00e9s preparado. Es un dispositivo tan pr\u00e1ctico como innovador, dise\u00f1ado para integrarse sin problemas en tu vida.<\/p>\n<p>Aunque su practicidad es innegable, su impacto social es igualmente impresionante. En un entorno social, es un flex innegable. En el momento en que das una calada desde tu tel\u00e9fono, se convierte en un iniciador de conversaci\u00f3n instant\u00e1neo. La gente es naturalmente curiosa, hace una doble toma mientras intenta comprender lo que acaba de ver. Es una pieza de tecnolog\u00eda divertida, atractiva y memorable que todos querr\u00e1n ver y probar. Sin embargo, tambi\u00e9n es notablemente efectiva para un uso discreto. Para el observador desinformado, es solo una funda para tel\u00e9fono, lo que te permite disfrutar de una calada sin transmitirla al mundo. Proporciona la combinaci\u00f3n definitiva de estilo abierto y funci\u00f3n encubierta, lo que te permite adaptar su uso a la situaci\u00f3n en cuesti\u00f3n. Es una herramienta, un juguete y un testimonio de lo que es posible cuando el pensamiento innovador se encuentra con el dise\u00f1o pr\u00e1ctico.<\/p>\n<h2><strong>Estuche para tel\u00e9fono Humo Vape Desechable Sabores para elegir:<\/strong><\/h2>\n<ul>\n<li><strong>Blue Razz Ice:<\/strong>\u00a0La frambuesa azul explota con un intenso fr\u00edo.<\/li>\n<li><strong>Miami Mint:<\/strong>\u00a0Frescura c\u00edtrica y refrescante bondad menta que hace que parezca que est\u00e1s en las playas de Miami.<\/li>\n<li><strong>Sour Apple Ice<\/strong>\u00a0Granny Smiths totalmente recubiertas de hielo.<\/li>\n<li><strong>Triple Berry<\/strong>\u00a0Una mezcla lujosa de tres bayas premium (morango, frambuesa y ar\u00e1ndano).<\/li>\n<li><strong>Sand\u00eda Hielo:<\/strong>\u00a0Las sand\u00edas jugosas y dulces reciben el tratamiento helado.<\/li>\n<\/ul>\n<h3><strong>Funciones y especificaciones:<\/strong><\/h3>\n<ul>\n<li>Tama\u00f1o: 76,13mm x 22,07mm \u00d7 163,16mm y 75,1mm \u00d7 21,9mm \u00d7 164,2mm<\/li>\n<li>18mL E-L\u00edquido Prellenado<\/li>\n<li>5% (50mg) Fuerza de nicotina<\/li>\n<li>Bater\u00eda recargable de 680mAh tipo C<\/li>\n<li>Aproximadamente 30.000 Puffs<\/li>\n<li>Indicadores de bater\u00eda y l\u00edquido electr\u00f3nico<\/li>\n<li>Durabilidad probada con ca\u00edda de 10 pies<\/li>\n<li>Bobina \u00fanica 0,9\u03a9<\/li>\n<li><strong>Compatibilidad<\/strong>: iPhone 15 \/ iPhone 15 Pro \/ iPhone 15 Pro Max y iPhone 16 \/ iPhone 16 Pro \/ iPhone 16 Pro Max<\/li>\n<\/ul>\n<h3><strong>Contenido del Paquete Incluye:\u00a0<\/strong><\/h3>\n<ul>\n<li>1 \u00d7 Funda de tel\u00e9fono Humo Vape<\/li>\n<\/ul>","protected":false},"excerpt":{"rendered":"<ul>\n<li>Tama\u00f1o: 76,13mm x 22,07mm \u00d7 163,16mm y 75,1mm \u00d7 21,9mm \u00d7 164,2mm<\/li>\n<li>18mL E-L\u00edquido Prellenado<\/li>\n<li>5% (50mg) Fuerza de nicotina<\/li>\n<li>Bater\u00eda recargable de 680mAh tipo C<\/li>\n<li>Aproximadamente 30.000 Puffs<\/li>\n<\/ul>","protected":false},"featured_media":2051,"comment_status":"open","ping_status":"closed","template":"","meta":{"om_disable_all_campaigns":false},"product_brand":[],"product_cat":[49],"product_tag":[],"class_list":{"0":"post-2050","1":"product","2":"type-product","3":"status-publish","4":"has-post-thumbnail","6":"product_cat-humo-case-iphone-15-pro-30k-puffs","8":"first","9":"instock","10":"shipping-taxable","11":"purchasable","12":"product-type-simple"},"_links":{"self":[{"href":"https:\/\/alfakher24h.de\/es\/wp-json\/wp\/v2\/product\/2050","targetHints":{"allow":["GET"]}}],"collection":[{"href":"https:\/\/alfakher24h.de\/es\/wp-json\/wp\/v2\/product"}],"about":[{"href":"https:\/\/alfakher24h.de\/es\/wp-json\/wp\/v2\/types\/product"}],"replies":[{"embeddable":true,"href":"https:\/\/alfakher24h.de\/es\/wp-json\/wp\/v2\/comments?post=2050"}],"wp:featuredmedia":[{"embeddable":true,"href":"https:\/\/alfakher24h.de\/es\/wp-json\/wp\/v2\/media\/2051"}],"wp:attachment":[{"href":"https:\/\/alfakher24h.de\/es\/wp-json\/wp\/v2\/media?parent=2050"}],"wp:term":[{"taxonomy":"product_brand","embeddable":true,"href":"https:\/\/alfakher24h.de\/es\/wp-json\/wp\/v2\/product_brand?post=2050"},{"taxonomy":"product_cat","embeddable":true,"href":"https:\/\/alfakher24h.de\/es\/wp-json\/wp\/v2\/product_cat?post=2050"},{"taxonomy":"product_tag","embeddable":true,"href":"https:\/\/alfakher24h.de\/es\/wp-json\/wp\/v2\/product_tag?post=2050"}],"curies":[{"name":"wp","href":"https:\/\/api.w.org\/{rel}","templated":true}]}}