{"id":2023,"date":"2025-07-21T04:36:36","date_gmt":"2025-07-21T04:36:36","guid":{"rendered":"https:\/\/alfakher24h.de\/?post_type=product&#038;p=2023"},"modified":"2025-07-21T04:37:49","modified_gmt":"2025-07-21T04:37:49","slug":"jnr-falcon-16000-puffs-desechable-blueberry-kiwi","status":"publish","type":"product","link":"https:\/\/alfakher24h.de\/es\/producto\/jnr-falcon-16000-puffs-desechable-blueberry-kiwi\/","title":{"rendered":"JNR Falcon 16000 Puffs Desechable Ar\u00e1ndano Kiwi"},"content":{"rendered":"<h4><strong>JNR Falcon 16000 Puffs Desechable, Hasta 16,000 Puffs<\/strong><\/h4>\n<p><img loading=\"lazy\" decoding=\"async\" class=\"alignnone size-full wp-image-2021\" src=\"https:\/\/alfakher24h.de\/wp-content\/uploads\/2025\/07\/JF16K20250214_1.webp\" alt=\"\" width=\"493\" height=\"493\" title=\"\" srcset=\"https:\/\/alfakher24h.de\/wp-content\/uploads\/2025\/07\/JF16K20250214_1.webp 493w, https:\/\/alfakher24h.de\/wp-content\/uploads\/2025\/07\/JF16K20250214_1-300x300.webp 300w, https:\/\/alfakher24h.de\/wp-content\/uploads\/2025\/07\/JF16K20250214_1-150x150.webp 150w, https:\/\/alfakher24h.de\/wp-content\/uploads\/2025\/07\/JF16K20250214_1-12x12.webp 12w, https:\/\/alfakher24h.de\/wp-content\/uploads\/2025\/07\/JF16K20250214_1-100x100.webp 100w\" sizes=\"auto, (max-width: 493px) 100vw, 493px\" \/><\/p>\n<p>There\u00a0<strong>JNR Falcon 16K<\/strong>\u00a0es un\u00a0<strong>cigarrillo electr\u00f3nico desechable<\/strong>\u00a0revolucionario, dise\u00f1ado para ofrecer una experiencia de vapeo sin precedentes. Con una impresionante capacidad de\u00a0<strong>16,000 puffs<\/strong>un embalse de\u00a0<strong>22 ml de capacidad de e<\/strong>y una bater\u00eda recargable de\u00a0<strong>850 mAh<\/strong>Combina durabilidad, rendimiento y comodidad. Ya seas un principiante o un vapeador experimentado, este puff se adapta a tus necesidades combinando tecnolog\u00eda avanzada y opciones excepcionales.<\/p>\n<h4><strong>Vape m\u00e1s tiempo con hasta 16.000 bocanadas<\/strong><\/h4>\n<p>Con una impresionante vida \u00fatil de la bater\u00eda de\u00a0<strong>16,000 puffs<\/strong>all\u00ed\u00a0<strong>JNR Falcon 16K<\/strong>\u00a0Est\u00e1 construido para durar. Disfruta de una experiencia m\u00e1s prolongada sin tener que reemplazar tu dispositivo con frecuencia. Perfecto para vapeadores regulares o aquellos que buscan una soluci\u00f3n duradera.<\/p>\n<h4><strong>Bater\u00eda recargable de 850 mAh: fiable y duradera<\/strong><\/h4>\n<p>There\u00a0<strong>JNR Falcon 16K<\/strong>\u00a0est\u00e1 equipado con una bater\u00eda de\u00a0<strong>850 mAh<\/strong>, proporcionando un rendimiento constante a lo largo de su vida \u00fatil.<\/p>\n<ul>\n<li><strong>Recarga f\u00e1cil<\/strong>\u00a0a trav\u00e9s de los puertos\u00a0<strong>Type-C<\/strong>\u00a0O\u00a0<strong>Rel\u00e1mpago<\/strong>.<\/li>\n<li><strong>Carga r\u00e1pida<\/strong>\u00a0para volver a vapear en un abrir y cerrar de ojos.<\/li>\n<\/ul>\n<p>No hay necesidad de preocuparse por quedarte sin capacidad - esta puff siempre est\u00e1 lista para ir.<\/p>\n<h4><strong>Dep\u00f3sito con capacidad generosa de 22ml<\/strong><\/h4>\n<p>Con un\u00a0<strong>22 ml tanque<\/strong>all\u00ed\u00a0<strong>JNR Falcon 16K<\/strong>\u00a0Garantiza una experiencia de vapeo m\u00e1s prolongada. Menos rellenos, m\u00e1s diversi\u00f3n: saborea tus opciones favoritas hasta la \u00faltima gota.<\/p>\n<h4><strong>Tecnolog\u00eda de doble malla para opciones intensas<\/strong><\/h4>\n<p>There\u00a0<strong>doble bobina de malla<\/strong>\u00a0avanzado garantiza:<\/p>\n<ul>\n<li>A\u00a0<strong>producci\u00f3n de vapor denso y homog\u00e9neo<\/strong>.<\/li>\n<li>A\u00a0<strong>restituci\u00f3n \u00f3ptima de opciones<\/strong>, incluso despu\u00e9s de sesiones largas.<\/li>\n<li>A\u00a0<strong>golpe contundente en la garganta<\/strong>\u00a0para una experiencia satisfactoria con cada calada.<\/li>\n<\/ul>\n<p>Ya sea que te gusten las grandes nubes o golpes m\u00e1s sutiles, esta tecnolog\u00eda garantiza un rendimiento excepcional.<\/p>\n<h4><strong>Una paleta de deliciosas opciones para todos los gustos<\/strong><\/h4>\n<p>Descubre una amplia variedad de opciones, perfectas para satisfacer todos tus antojos. Aqu\u00ed est\u00e1n las\u00a0<strong>20 opciones disponibles<\/strong>\u00a0:<\/p>\n<ul>\n<li><strong>Strawberry Watermelon Ice<\/strong>\u00a0\ud83c\udf53\ud83c\udf49\u2744\ufe0f: Fresa y sand\u00eda con un toque helado.<\/li>\n<li><strong>Hubba Bubba Fresa<\/strong>\u00a0\ud83c\udf53\ud83c\udf6c: Goma de mascar de fresa, dulce y nost\u00e1lgica.<\/li>\n<li><strong>Berry Burst<\/strong>\u00a0Explosi\u00f3n de bayas rojas y azules.<\/li>\n<li><strong>Cola Ice<\/strong>\u00a0Sabor a cola con hielo y gas.<\/li>\n<li><strong>Blue Razz Ice<\/strong>\u00a0\ud83d\udd35\u2744\ufe0f: Dulce y refrescante frambuesa azul menta.<\/li>\n<li><strong>Fresa Kiwi<\/strong>\u00a0\ud83c\udf53\ud83e\udd5d: Fresas dulces y kiwi \u00e1cido.<\/li>\n<li><strong>Pi\u00f1a Mango Naranja<\/strong>\u00a0Tropical pineapple, mango and orange.<\/li>\n<li><strong>Pink Lemon<\/strong>\u00a0Tangy y refrescante lim\u00f3n rosa.<\/li>\n<li><strong>Frutas del bosque mixtas<\/strong>\u00a0Rich blend of assorted berries.<\/li>\n<li><strong>Maracuy\u00e1 Kiwi<\/strong>\u00a0\ud83e\udd6d\ud83e\udd5d: Maracuy\u00e1 y kiwi ex\u00f3tico.<\/li>\n<li><strong>Strawberry Ice<\/strong>\u00a0\ud83c\udf53\u2744\ufe0f: Fresa congelada, dulce y refrescante.<\/li>\n<li><strong>Hielo de Limonada de Toronja<\/strong>\u00a0Toronja y lim\u00f3n congelados.<\/li>\n<li><strong>White Peach Razz<\/strong>\u00a0\ud83c\udf51\ud83d\udd35: Melocot\u00f3n blanco y frambuesa azul.<\/li>\n<li><strong>Ar\u00e1ndano Frambuesa Cereza<\/strong>\u00a0Ar\u00e1ndano, frambuesa y cereza.<\/li>\n<li><strong>Ar\u00e1ndano Frambuesa Roja<\/strong>\u00a0Ar\u00e1ndano y frambuesa roja.<\/li>\n<li><strong>Blueberry Pomegranate Ice<\/strong>\u00a0Ar\u00e1ndano azul y granada congelados.<\/li>\n<li><strong>Watermelon Bubblegum<\/strong>\u00a0\ud83c\udf49\ud83c\udf6c: Sand\u00eda y chicle dulce.<\/li>\n<li><strong>Sakura Grape<\/strong>\u00a0Sweet and floral sakura reason.<\/li>\n<li><strong>Fresa Pi\u00f1a Colada<\/strong>\u00a0\ud83c\udf53\ud83c\udf4d\ud83e\udd65: Fresa y Pina Colada tropical.<\/li>\n<li><strong>Sand\u00eda Mango Melocot\u00f3n<\/strong>\u00a0\ud83c\udf49\ud83e\udd6d\ud83c\udf51: Sand\u00eda jugosa, mango y melocot\u00f3n.<\/li>\n<\/ul>\n<h4><strong>Por qu\u00e9 elegir el JNR Falcon 16K<\/strong><\/h4>\n<p>Aqu\u00ed est\u00e1 por qu\u00e9 el\u00a0<strong>JNR Falcon 16K<\/strong>\u00a0es una elecci\u00f3n esencial:<\/p>\n<ul>\n<li><strong>Sostenibilidad<\/strong>\u00a0: Hasta 16,000 bocanegra y una bater\u00eda recargable.<\/li>\n<li><strong>Tecnolog\u00eda avanzada<\/strong>\u00a0: Bobina doble de malla, puertos Type-C y Lightning.<\/li>\n<li><strong>Opciones variadas<\/strong>\u00a0: 20 opciones para satisfacer todos los deseos.<\/li>\n<li><strong>Facilidad de uso<\/strong>\u00a0: Dise\u00f1o compacto e intuitivo.<\/li>\n<\/ul>\n<h4><strong>Entrega R\u00e1pida y Confiable en Francia<\/strong><\/h4>\n<p>En la casa de\u00a0<strong>JNR VAPE<\/strong>, sabemos que el tiempo importa. Aprovecha nuestra\u00a0<strong>entrega r\u00e1pida<\/strong>\u00a0:<\/p>\n<ul>\n<li><strong>3 a 5 d\u00edas laborables<\/strong>\u00a0En todas partes de Francia.<\/li>\n<li><strong>Entrega gratuita<\/strong>\u00a0desde una compra de 50 \u20ac.<\/li>\n<li>Seguimiento en tiempo real para saber d\u00f3nde est\u00e1 su pedido.<\/li>\n<\/ul>\n<p>Ordene ahora y reciba su\u00a0<strong>JNR Falcon 16K<\/strong>\u00a0directamente a tu hogar!<\/p>\n<h4><strong>Tarifas decrecientes para m\u00e1s ahorro<\/strong><\/h4>\n<p>Ordena m\u00e1s, ahorra m\u00e1s:<\/p>\n<ul>\n<li><strong>1 habitaci\u00f3n<\/strong>\u00a0: Precio est\u00e1ndar.<\/li>\n<li><strong>3 habitaciones<\/strong>\u00a0: Descuentos ventajosos.<\/li>\n<li><strong>5 habitaciones o m\u00e1s<\/strong>\u00a0: Descuentos adicionales, perfectos para probar varias opciones o compartir con seres queridos.<\/li>\n<\/ul>\n<h4><strong>Resumen: Tu vapeo diario ideal<\/strong><\/h4>\n<p>There\u00a0<strong>JNR Falcon 16K Disposable Puff<\/strong>\u00a0Se destaca por su rendimiento excepcional, gran capacidad y opciones variadas. Ya sea que sea un principiante o un vapeador experimentado, ofrece una experiencia rica, conveniente y satisfactoria. Ordene hoy y descubra por qu\u00e9 es la opci\u00f3n preferida de los vapeadores en Francia.<\/p>","protected":false},"excerpt":{"rendered":"<p>St\u00e4rke: 2 1\/3 (20 mg)<br \/>\nHasta 16.000 trenes<br \/>\nCapacidad de bater\u00eda de 850 mAh<br \/>\nMalla dual<br \/>\n22 ml de capacidad<br \/>\nMayores nubes y fuerte golpe en la garganta<br \/>\nSabor duradero hasta la \u00faltima calada<br \/>\nDos conectores de carga<br \/>\nTipo C y Lightning incluidos<\/p>","protected":false},"featured_media":2024,"comment_status":"open","ping_status":"closed","template":"","meta":{"om_disable_all_campaigns":false},"product_brand":[],"product_cat":[48],"product_tag":[],"class_list":{"0":"post-2023","1":"product","2":"type-product","3":"status-publish","4":"has-post-thumbnail","6":"product_cat-jnr-falcon-16000-puffs","8":"first","9":"instock","10":"shipping-taxable","11":"purchasable","12":"product-type-simple"},"_links":{"self":[{"href":"https:\/\/alfakher24h.de\/es\/wp-json\/wp\/v2\/product\/2023","targetHints":{"allow":["GET"]}}],"collection":[{"href":"https:\/\/alfakher24h.de\/es\/wp-json\/wp\/v2\/product"}],"about":[{"href":"https:\/\/alfakher24h.de\/es\/wp-json\/wp\/v2\/types\/product"}],"replies":[{"embeddable":true,"href":"https:\/\/alfakher24h.de\/es\/wp-json\/wp\/v2\/comments?post=2023"}],"wp:featuredmedia":[{"embeddable":true,"href":"https:\/\/alfakher24h.de\/es\/wp-json\/wp\/v2\/media\/2024"}],"wp:attachment":[{"href":"https:\/\/alfakher24h.de\/es\/wp-json\/wp\/v2\/media?parent=2023"}],"wp:term":[{"taxonomy":"product_brand","embeddable":true,"href":"https:\/\/alfakher24h.de\/es\/wp-json\/wp\/v2\/product_brand?post=2023"},{"taxonomy":"product_cat","embeddable":true,"href":"https:\/\/alfakher24h.de\/es\/wp-json\/wp\/v2\/product_cat?post=2023"},{"taxonomy":"product_tag","embeddable":true,"href":"https:\/\/alfakher24h.de\/es\/wp-json\/wp\/v2\/product_tag?post=2023"}],"curies":[{"name":"wp","href":"https:\/\/api.w.org\/{rel}","templated":true}]}}