{"id":1895,"date":"2025-04-30T05:39:20","date_gmt":"2025-04-30T05:39:20","guid":{"rendered":"https:\/\/alfakher24h.de\/?post_type=product&#038;p=1895"},"modified":"2025-07-12T13:36:18","modified_gmt":"2025-07-12T13:36:18","slug":"request-failed-with-status-code-550","status":"publish","type":"product","link":"https:\/\/alfakher24h.de\/es\/producto\/request-failed-with-status-code-550\/","title":{"rendered":"AI Fakher Crown Bar Hypermax 15000 Caladas Cigarrillo Electr\u00f3nico Desechable - MIXED BERRIES"},"content":{"rendered":"<h2 class=\"\" data-start=\"0\" data-end=\"61\"><a href=\"https:\/\/alfakher24h.de\/es\/\">AI Fakher Crown Bar Hypermax 15000<\/a>\u00a0Cigarrillos electr\u00f3nicos de un solo uso<\/h2>\n<div style=\"width: 848px;\" class=\"wp-video\"><video class=\"wp-video-shortcode\" id=\"video-1895-1\" width=\"848\" height=\"480\" preload=\"metadata\" controls=\"controls\"><source type=\"video\/mp4\" src=\"https:\/\/alfakher24h.de\/wp-content\/uploads\/2025\/04\/AF-15K-HYPERMAX-.mp4?_=1\" \/><a href=\"https:\/\/alfakher24h.de\/wp-content\/uploads\/2025\/04\/AF-15K-HYPERMAX-.mp4\">https:\/\/alfakher24h.de\/wp-content\/uploads\/2025\/04\/AF-15K-HYPERMAX-.mp4<\/a><\/video><\/div>\n<h3 class=\"\" data-start=\"63\" data-end=\"112\">Experiencia de vapor de alta calidad para exigentes<\/h3>\n<p class=\"\" data-start=\"114\" data-end=\"619\">La\u00a0<strong data-start=\"118\" data-end=\"180\">AI Fakher Crown Bar Hypermax 15000 Z\u00fcge \n\n(No translation needed) \nAI Fakher Crown Bar Hypermax 15000 Z\u00fcge <a href=\"https:\/\/alfakher24h.de\/es\/\">Cigarrillo electr\u00f3nico desechable<\/a><\/strong>\u00a0Establece nuevos est\u00e1ndares en el \u00e1mbito del vapeo. Con una impresionante capacidad de 22 ml de e-l\u00edquido precargado y una bater\u00eda duradera de 600 mAh, este dispositivo ofrece hasta 15.000 caladas - ideal para aquellos que buscan una experiencia de vapeo intensa y duradera. La combinaci\u00f3n de dise\u00f1o moderno, materiales de alta calidad y tecnolog\u00eda innovadora hace que la Crown Bar Hypermax sea un compa\u00f1ero indispensable para llevar contigo.<\/p>\n<h3 class=\"\" data-start=\"621\" data-end=\"653\">Caracter\u00edsticas del producto en general<\/h3>\n<ul data-start=\"655\" data-end=\"1563\">\n<li class=\"\" data-start=\"655\" data-end=\"773\">\n<p class=\"\" data-start=\"657\" data-end=\"773\"><strong data-start=\"657\" data-end=\"690\">Capacidad generosa de E-L\u00edquido<\/strong>:\u00a0<span class=\"relative -mx-px my-[-0.2rem] rounded px-px py-[0.2rem] transition-colors duration-100 ease-in-out\">Con 22\u202fml de l\u00edquido electr\u00f3nico prellenado, disfruta de un placer de vapeo duradero sin necesidad de rellenar con frecuencia.<\/span>\u200b<\/p>\n<\/li>\n<li class=\"\" data-start=\"775\" data-end=\"883\">\n<p class=\"\" data-start=\"777\" data-end=\"883\"><strong data-start=\"777\" data-end=\"800\">Bater\u00eda de larga duraci\u00f3n<\/strong>:\u00a0<span class=\"relative -mx-px my-[-0.2rem] rounded px-px py-[0.2rem] transition-colors duration-100 ease-in-out\">La bater\u00eda integrada de 600 mAh garantiza un rendimiento constante y permite hasta 15.000 tiradas.<\/span>\u200b<\/p>\n<\/li>\n<li class=\"\" data-start=\"885\" data-end=\"989\">\n<p class=\"\" data-start=\"887\" data-end=\"989\"><strong data-start=\"887\" data-end=\"906\">Visualizaci\u00f3n precisa<\/strong>:\u00a0<span class=\"relative -mx-px my-[-0.2rem] rounded px-px py-[0.2rem] transition-colors duration-100 ease-in-out\">Gracias a la pantalla integrada, siempre tiene una visi\u00f3n general del nivel de l\u00edquido y del estado de la bater\u00eda.<\/span>\u200b<\/p>\n<\/li>\n<li class=\"\" data-start=\"991\" data-end=\"1099\">\n<p class=\"\" data-start=\"993\" data-end=\"1099\"><strong data-start=\"993\" data-end=\"1016\">Dise\u00f1o c\u00f3modo<\/strong>:\u00a0<span class=\"relative -mx-px my-[-0.2rem] rounded px-px py-[0.2rem] transition-colors duration-100 ease-in-out\">La superficie de agarre de cuero ergon\u00f3mica se encuentra c\u00f3modamente en la mano y le da al dispositivo una apariencia elegante.<\/span>\u200b<\/p>\n<\/li>\n<li class=\"\" data-start=\"1101\" data-end=\"1210\">\n<p class=\"\" data-start=\"1103\" data-end=\"1210\"><strong data-start=\"1103\" data-end=\"1127\">Fuerte contenido de nicotina<\/strong>:\u00a0<span class=\"relative -mx-px my-[-0.2rem] rounded px-px py-[0.2rem] transition-colors duration-100 ease-in-out\">Con 2\u202f% (20\u202fmg\/ml) de nicotina, el cigarrillo electr\u00f3nico ofrece una experiencia de sabor intensa.<\/span>\u200b<\/p>\n<\/li>\n<li class=\"\" data-start=\"1212\" data-end=\"1322\">\n<p class=\"\" data-start=\"1214\" data-end=\"1322\"><strong data-start=\"1214\" data-end=\"1235\">Carga pr\u00e1ctica<\/strong>:\u00a0<span class=\"relative -mx-px my-[-0.2rem] rounded px-px py-[0.2rem] transition-colors duration-100 ease-in-out\">Equipado con un conector de carga tipo C (el cable no est\u00e1 incluido) para una carga r\u00e1pida y c\u00f3moda.<\/span>\u200b<\/p>\n<\/li>\n<li class=\"\" data-start=\"1324\" data-end=\"1450\">\n<p class=\"\" data-start=\"1326\" data-end=\"1450\"><strong data-start=\"1326\" data-end=\"1363\">T\u00e9cnica de acceso directo al pulm\u00f3n (DTL)<\/strong>:\u00a0<span class=\"relative -mx-px my-[-0.2rem] rounded px-px py-[0.2rem] transition-colors duration-100 ease-in-out\">Para una experiencia de vapeo intensa que se acerca al placer tradicional de fumar shisha.<\/span>\u200b<\/p>\n<\/li>\n<li class=\"\" data-start=\"1452\" data-end=\"1563\">\n<p class=\"\" data-start=\"1454\" data-end=\"1563\"><strong data-start=\"1454\" data-end=\"1476\">Amigable para el usuario<\/strong>:\u00a0<span class=\"relative -mx-px my-[-0.2rem] rounded px-px py-[0.2rem] transition-colors duration-100 ease-in-out\">Activaci\u00f3n por arrastre - no se requiere presi\u00f3n de bot\u00f3n.<\/span>\u200b<\/p>\n<\/li>\n<\/ul>\n<h3 class=\"\" data-start=\"1565\" data-end=\"1599\">Experiencias gastron\u00f3micas en detalle<\/h3>\n<p class=\"\" data-start=\"1604\" data-end=\"1714\"><strong data-start=\"1604\" data-end=\"1627\">Sand\u00eda Pi\u00f1a<\/strong>:\u00a0<span class=\"relative -mx-px my-[-0.2rem] rounded px-px py-[0.2rem] transition-colors duration-100 ease-in-out\">Una combinaci\u00f3n tropical de sand\u00eda jugosa y pi\u00f1a dulce, que ofrece una experiencia gustativa refrescante y ex\u00f3tica.<\/span>There is no text to translate.<\/p>\n<h3 class=\"\" data-start=\"2046\" data-end=\"2083\">Por qu\u00e9 con <a href=\"https:\/\/alfakher24h.de\/es\/\">alfakher24h.de<\/a>\u00a0\u00bfComprar?<\/h3>\n<p class=\"\" data-start=\"2085\" data-end=\"2493\">Como el mayor comerciante en l\u00ednea de cigarrillos electr\u00f3nicos desechables en Alemania, alfakher24h.de ofrece una amplia selecci\u00f3n de productos de alta calidad a precios atractivos. Aproveche nuestro r\u00e1pido env\u00edo, servicio al cliente excelente y ofertas exclusivas. Descubra la diversidad de\u00a0<strong data-start=\"2378\" data-end=\"2440\">Corona AI Fakher Crown Bar Hypermax 15000 caladas cigarrillo electr\u00f3nico desechable<\/strong>\u00a0y experimente una experiencia de vapor inigualable.<\/p>\n<p class=\"\" data-start=\"2495\" data-end=\"2613\">Visite nuestro sitio web <a href=\"https:\/\/alfakher24h.de\/es\/\">alfakher24h.de<\/a>\u00a0\u00a1y encuentre su nuevo e-cigarrillo favorito!<\/p>","protected":false},"excerpt":{"rendered":"<p>Barra Crown Hypermax 15000 caladas de cigarrillo electr\u00f3nico desechable AI Fakher Experiencia de vapeo de alta calidad para exigentes La barra Crown Hypermax 15000 caladas de cigarrillo electr\u00f3nico desechable AI Fakher establece nuevos est\u00e1ndares en el \u00e1mbito del vapeo. Con una impresionante capacidad de 22 ml de e-l\u00edquido prellenado y una bater\u00eda duradera de 600 mAh, este dispositivo ofrece hasta 15.000 caladas - ideal para todos aquellos que buscan una experiencia intensa y...","protected":false},"featured_media":1863,"comment_status":"open","ping_status":"closed","template":"","meta":{"om_disable_all_campaigns":false},"product_brand":[],"product_cat":[46],"product_tag":[],"class_list":{"0":"post-1895","1":"product","2":"type-product","3":"status-publish","4":"has-post-thumbnail","6":"product_cat-al-fakher-crown-bar-hypermax-15000","8":"first","9":"instock","10":"shipping-taxable","11":"purchasable","12":"product-type-simple"},"_links":{"self":[{"href":"https:\/\/alfakher24h.de\/es\/wp-json\/wp\/v2\/product\/1895","targetHints":{"allow":["GET"]}}],"collection":[{"href":"https:\/\/alfakher24h.de\/es\/wp-json\/wp\/v2\/product"}],"about":[{"href":"https:\/\/alfakher24h.de\/es\/wp-json\/wp\/v2\/types\/product"}],"replies":[{"embeddable":true,"href":"https:\/\/alfakher24h.de\/es\/wp-json\/wp\/v2\/comments?post=1895"}],"wp:featuredmedia":[{"embeddable":true,"href":"https:\/\/alfakher24h.de\/es\/wp-json\/wp\/v2\/media\/1863"}],"wp:attachment":[{"href":"https:\/\/alfakher24h.de\/es\/wp-json\/wp\/v2\/media?parent=1895"}],"wp:term":[{"taxonomy":"product_brand","embeddable":true,"href":"https:\/\/alfakher24h.de\/es\/wp-json\/wp\/v2\/product_brand?post=1895"},{"taxonomy":"product_cat","embeddable":true,"href":"https:\/\/alfakher24h.de\/es\/wp-json\/wp\/v2\/product_cat?post=1895"},{"taxonomy":"product_tag","embeddable":true,"href":"https:\/\/alfakher24h.de\/es\/wp-json\/wp\/v2\/product_tag?post=1895"}],"curies":[{"name":"wp","href":"https:\/\/api.w.org\/{rel}","templated":true}]}}