{"id":1773,"date":"2025-03-11T11:52:34","date_gmt":"2025-03-11T11:52:34","guid":{"rendered":"https:\/\/alfakher24h.de\/?post_type=product&#038;p=1773"},"modified":"2025-07-12T13:27:54","modified_gmt":"2025-07-12T13:27:54","slug":"httperror-response-code-429-too-many-requests-30","status":"publish","type":"product","link":"https:\/\/alfakher24h.de\/es\/producto\/httperror-response-code-429-too-many-requests-30\/","title":{"rendered":"Arymi IFun 28000 Z\u00fcge Einweg E Zigarette \u2013 Frutas Mixtas \u2013 Ron Pi\u00f1a Colada"},"content":{"rendered":"<hr data-start=\"813\" data-end=\"816\" \/>\n<h3 data-start=\"818\" data-end=\"844\"><strong data-start=\"821\" data-end=\"844\">Descripci\u00f3n del producto<\/strong><\/h3>\n<p data-start=\"846\" data-end=\"1366\">La\u00a0<strong data-start=\"850\" data-end=\"894\">Arymi IFun 28000 Z\u00fcge \n\n(No translation needed for this input, as it seems to be a product name or code) \nArymi IFun 28000 Z\u00fcge\u00a0<a href=\"https:\/\/alfakher24h.de\/es\/\">Cigarrillo electr\u00f3nico desechable<\/a><\/strong>\u00a0ofrece una experiencia de vapor excepcionalmente duradera con su impresionante cantidad de 28.000 tiradas. Equipado con una\u00a0<strong data-start=\"1032\" data-end=\"1067\">gran capacidad de 28 ml de l\u00edquido electr\u00f3nico<\/strong>\u00a0y uno\u00a0<strong data-start=\"1078\" data-end=\"1100\">2 % Nicotina - Fuerza<\/strong>es ideal para vapeadores que desean una absorci\u00f3n de nicotina fuerte pero agradable. Estos\u00a0<strong data-start=\"1211\" data-end=\"1233\">Cigarrillo electr\u00f3nico desechable<\/strong>\u00a0No solo es potente, sino que tambi\u00e9n est\u00e1 dise\u00f1ado de manera reflexiva para maximizar tanto el sabor como la facilidad de uso.<\/p>\n<p data-start=\"1368\" data-end=\"1953\">Con uno\u00a0<strong data-start=\"1378\" data-end=\"1411\">600 mAh bater\u00eda de cobalto puro<\/strong>, que por\u00a0<strong data-start=\"1421\" data-end=\"1431\">Type-C<\/strong>\u00a0aufgeladen werden kann, k\u00f6nnen Sie sicher sein, dass Ihre\u00a0<strong data-start=\"1490\" data-end=\"1505\">Cigarrillo electr\u00f3nico<\/strong>\u00a0funcion\u00f3 de manera fiable durante todo el per\u00edodo de su uso.\u00a0<strong data-start=\"1584\" data-end=\"1608\">1.0 \u03a9 Bobina Dual Mesh<\/strong>\u00a0provoca un sabor especialmente rico e intenso. Gracias al\u00a0<strong data-start=\"1678\" data-end=\"1704\">Airflows ajustables<\/strong>\u00a0pueden adaptar la experiencia de vapeo a sus preferencias personales y encontrar el tiro perfecto para usted. Ya sea que prefiera un tiro suave o m\u00e1s intenso, la\u00a0<strong data-start=\"1876\" data-end=\"1901\">Arymi IFun 28000 Z\u00fcge \n\n(No translation needed for this input, as it seems to be a product name or code) \nArymi IFun 28000 Z\u00fcge<\/strong>\u00a0ofrece una adaptabilidad de primer nivel.<\/p>\n<p data-start=\"1955\" data-end=\"2349\">Otro caracter\u00edstica pr\u00e1ctica es el\u00a0<strong data-start=\"1996\" data-end=\"2038\">Indicador de estado de l\u00edquido electr\u00f3nico y bater\u00eda<\/strong>con el que podr\u00e1 mantener en todo momento una visi\u00f3n general del estado actual de la bater\u00eda y del nivel de l\u00edquido. El dise\u00f1o de este\u00a0<strong data-start=\"2167\" data-end=\"2189\">Cigarrillo electr\u00f3nico desechable<\/strong>\u00a0Fue dise\u00f1ado no solo para la funcionalidad, sino tambi\u00e9n para la est\u00e9tica, para que pueda brillar con este producto tanto en t\u00e9rminos de rendimiento como de aspecto.<\/p>\n<p data-start=\"2351\" data-end=\"2379\"><strong data-start=\"2351\" data-end=\"2379\">Detalles de un vistazo:<\/strong><\/p>\n<ul data-start=\"2380\" data-end=\"2759\">\n<li data-start=\"2380\" data-end=\"2411\"><strong data-start=\"2382\" data-end=\"2392\">Puffs:<\/strong>\u00a0Hasta 28.000 trenes<\/li>\n<li data-start=\"2412\" data-end=\"2443\"><strong data-start=\"2414\" data-end=\"2437\">Capacidad de E-L\u00edquido:<\/strong>\u00a028 ml<\/li>\n<li data-start=\"2444\" data-end=\"2476\"><strong data-start=\"2446\" data-end=\"2464\">Nikotinanteil:<\/strong>\u00a02 % Nicotina<\/li>\n<li data-start=\"2477\" data-end=\"2514\"><strong data-start=\"2479\" data-end=\"2492\">Bater\u00eda:<\/strong>\u00a0600 mAh de cobalto puro<\/li>\n<li data-start=\"2515\" data-end=\"2577\"><strong data-start=\"2517\" data-end=\"2531\">Bobina de malla<\/strong>\u00a01.0 \u03a9 Bobina Dual Mesh para un sabor intenso<\/li>\n<li data-start=\"2578\" data-end=\"2641\"><strong data-start=\"2580\" data-end=\"2605\">Flujo de aire ajustable<\/strong>\u00a0para experiencias personalizadas de vapeo<\/li>\n<li data-start=\"2642\" data-end=\"2681\"><strong data-start=\"2644\" data-end=\"2681\">Indicador de bater\u00eda y l\u00edquido<\/strong><\/li>\n<li data-start=\"2682\" data-end=\"2728\"><strong data-start=\"2684\" data-end=\"2707\">Unidad de embalaje:<\/strong>\u00a010 piezas por paquete<\/li>\n<li data-start=\"2729\" data-end=\"2759\"><strong data-start=\"2731\" data-end=\"2753\">Peso por pieza:<\/strong>\u00a0120 g<\/li>\n<\/ul>\n<hr data-start=\"2761\" data-end=\"2764\" \/>\n<h3 data-start=\"2766\" data-end=\"2842\"><strong data-start=\"2769\" data-end=\"2842\">Por qu\u00e9 deber\u00edas comprar el cigarrillo electr\u00f3nico desechable Arymi IFun 28000 Z\u00fcge<\/strong><\/h3>\n<p data-start=\"2844\" data-end=\"3163\">La\u00a0<strong data-start=\"2848\" data-end=\"2892\">Arymi IFun 28000 Z\u00fcge Einweg E Zigarette \n\nbecomes \n\nArymi IFun 28000 tiradas Disposable E Cigarro electr\u00f3nico<\/strong>\u00a0ofrece no solo una durabilidad y rendimiento excepcionales, sino tambi\u00e9n una variedad de beneficios que la convierten en la mejor opci\u00f3n para los vapeadores que valoran la calidad y el placer. Aqu\u00ed hay algunas razones por las que deber\u00edas elegir este producto:<\/p>\n<ol data-start=\"3165\" data-end=\"4242\">\n<li data-start=\"3165\" data-end=\"3342\"><strong data-start=\"3168\" data-end=\"3200\">Unschlagbare Puff-Kapazit\u00e4t:<\/strong>\u00a0Con hasta\u00a0<strong data-start=\"3212\" data-end=\"3228\">28.000 trenes<\/strong>\u00a0ofrece un placer especialmente duradero, por lo que no tiene que preocuparse por compras frecuentes.<\/li>\n<li data-start=\"3343\" data-end=\"3558\"><strong data-start=\"3346\" data-end=\"3401\">Larga duraci\u00f3n de uso gracias a la bater\u00eda potente:<\/strong>\u00a0La\u00a0<strong data-start=\"3406\" data-end=\"3433\">Bater\u00eda de cobalto de 600 mAh<\/strong>\u00a0garantiza un rendimiento constante durante todo el per\u00edodo de uso y se puede actualizar f\u00e1cilmente a trav\u00e9s de\u00a0<strong data-start=\"3529\" data-end=\"3539\">Type-C<\/strong>\u00a0ser cargados.<\/li>\n<li data-start=\"3559\" data-end=\"3747\"><strong data-start=\"3562\" data-end=\"3593\">Vape personalizable:<\/strong>\u00a0Con el\u00a0<strong data-start=\"3602\" data-end=\"3627\">ajuste de flujo de aire<\/strong>\u00a0Puede personalizar la experiencia de vapeo seg\u00fan sus preferencias, desde una suave calada hasta una experiencia intensa.<\/li>\n<li data-start=\"3748\" data-end=\"3905\"><strong data-start=\"3751\" data-end=\"3789\">Sabor premium gracias a la bobina de malla:<\/strong>\u00a0Der\u00a0<strong data-start=\"3794\" data-end=\"3818\">1.0 \u03a9 Bobina Dual Mesh<\/strong>\u00a0garantiza una evaporaci\u00f3n uniforme y un sabor rico e intenso.<\/li>\n<li data-start=\"3906\" data-end=\"4101\"><strong data-start=\"3909\" data-end=\"3936\">Indicadores pr\u00e1cticos:<\/strong>\u00a0La\u00a0<strong data-start=\"3941\" data-end=\"3975\">Pantalla de bater\u00eda y l\u00edquido electr\u00f3nico<\/strong>\u00a0aseguran que siempre tengas una visi\u00f3n general y nunca te quedes inesperadamente con una bater\u00eda vac\u00eda o l\u00edquido vac\u00edo.<\/li>\n<li data-start=\"4102\" data-end=\"4242\"><strong data-start=\"4105\" data-end=\"4142\">Variedades de sabores:<\/strong>\u00a0Disfrute de una amplia variedad de sabores deliciosos que hacen que vapear sea un verdadero placer.<\/li>\n<\/ol>\n<p><img loading=\"lazy\" decoding=\"async\" class=\"alignnone wp-image-2299 size-full\" title=\"Arymi IFun 28000 Z\u00fcge Einweg E Zigarette - Frutas Mixtas - Ron Pina Colada 2\" src=\"https:\/\/alfakher24h.de\/wp-content\/uploads\/2025\/03\/arymi-hookalit-2.webp\" sizes=\"auto, (max-width: 1077px) 100vw, 1077px\" srcset=\"https:\/\/alfakher24h.de\/wp-content\/uploads\/2025\/03\/arymi-hookalit-2.webp 1077w, https:\/\/alfakher24h.de\/wp-content\/uploads\/2025\/03\/arymi-hookalit-2-300x284.webp 300w, https:\/\/alfakher24h.de\/wp-content\/uploads\/2025\/03\/arymi-hookalit-2-1024x970.webp 1024w, https:\/\/alfakher24h.de\/wp-content\/uploads\/2025\/03\/arymi-hookalit-2-768x727.webp 768w, https:\/\/alfakher24h.de\/wp-content\/uploads\/2025\/03\/arymi-hookalit-2-13x12.webp 13w, https:\/\/alfakher24h.de\/wp-content\/uploads\/2025\/03\/arymi-hookalit-2-600x568.webp 600w\" alt=\"Arymi IFun 28000 Z\u00fcge Einweg E Zigarette - Frutas Mixtas - Ron Pina Colada\" width=\"1077\" height=\"1020\" \/><\/p>\n<h3 data-start=\"4249\" data-end=\"4308\"><strong data-start=\"4252\" data-end=\"4308\">Sabores de la\u00a0<a href=\"https:\/\/alfakher24h.de\/es\/\">Arymi<\/a> IFun 28000 cigarrillos electr\u00f3nicos de un solo uso<\/strong><\/h3>\n<p data-start=\"4310\" data-end=\"4622\">La\u00a0<strong data-start=\"4314\" data-end=\"4358\">Arymi IFun 28000 Z\u00fcge Einweg E Zigarette \n\nbecomes \n\nArymi IFun 28000 tiradas Disposable E Cigarro electr\u00f3nico<\/strong>\u00a0ofrece no solo un rendimiento sobresaliente, sino tambi\u00e9n una selecci\u00f3n incre\u00edble de\u00a0<strong data-start=\"4442\" data-end=\"4466\">Sabores<\/strong>que satisfar\u00e1n incluso a los vapeadores m\u00e1s exigentes. Aqu\u00ed te presentamos algunos de los sabores m\u00e1s populares que puedes encontrar en alfakher24h.de:<\/p>\n<h4 data-start=\"4624\" data-end=\"4645\"><strong data-start=\"4628\" data-end=\"4645\">Frutas del bosque mixtas<\/strong><\/h4>\n<p data-start=\"4646\" data-end=\"5111\">Este aroma combina los sabores dulces y frescos de diferentes tipos de bayas para crear una experiencia gustativa \u00fanica. La\u00a0<strong data-start=\"4777\" data-end=\"4794\">Frutas del bosque mixtas<\/strong>\u00a0ofrecen una mezcla equilibrada de frambuesas, fresas, ar\u00e1ndanos y grosellas negras, que deleitan el paladar con una frescura afrutada y un toque de dulzura. La\u00a0<strong data-start=\"4979\" data-end=\"4997\">Mezcla de bayas<\/strong>\u00a0provoca una experiencia de sabor intensa y duradera que hace que cada sesi\u00f3n de vapeo sea algo especial.<\/p>\n<h4 data-start=\"5113\" data-end=\"5136\"><strong data-start=\"5117\" data-end=\"5136\">Ron Pina Colada<\/strong><\/h4>\n<p data-start=\"5137\" data-end=\"5601\">Sum\u00e9rjase en el placer tropical con la\u00a0<strong data-start=\"5186\" data-end=\"5205\">Ron Pina Colada<\/strong>Sabor. Este cigarrillo electr\u00f3nico trae el encanto ex\u00f3tico del Caribe directamente a usted. El\u00a0<strong data-start=\"5295\" data-end=\"5329\">sabor afrutado de pi\u00f1a<\/strong>\u00a0se mezcla perfectamente con la\u00a0<strong data-start=\"5361\" data-end=\"5383\">crema de coco<\/strong>\u00a0y un toque de\u00a0<strong data-start=\"5404\" data-end=\"5411\">Ron<\/strong>para ofrecer una experiencia dulce y deliciosa que inmediatamente evoca sentimientos de vacaciones. Cada bocado se siente como un placer tropical - ideal para aquellos que disfrutan de sabores frutales y refrescantes.<\/p>\n<hr data-start=\"5603\" data-end=\"5606\" \/>\n<h3 data-start=\"5608\" data-end=\"5645\"><strong data-start=\"5611\" data-end=\"5645\">Preguntas frecuentes (FAQs)<\/strong><\/h3>\n<h4 data-start=\"5647\" data-end=\"5717\"><strong data-start=\"5651\" data-end=\"5717\">Cu\u00e1ntos  ofrece el cigarrillo electr\u00f3nico desechable Arymi IFun 28000<\/strong><\/h4>\n<p data-start=\"5718\" data-end=\"5875\">La\u00a0<strong data-start=\"5722\" data-end=\"5747\">Arymi IFun 28000 Z\u00fcge \n\n(No translation needed for this input, as it seems to be a product name or code) \nArymi IFun 28000 Z\u00fcge<\/strong>\u00a0Una cigarrillo electr\u00f3nico desechable ofrece hasta 28.000 caladas, lo que la convierte en uno de los vaporizadores desechables m\u00e1s duraderos disponibles en el mercado.<\/p>\n<h4 data-start=\"5877\" data-end=\"5934\"><strong data-start=\"5881\" data-end=\"5934\">\u00bfCu\u00e1l es la duraci\u00f3n de la bater\u00eda del Arymi IFun 28000?<\/strong><\/h4>\n<p data-start=\"5935\" data-end=\"6168\">Con la\u00a0<strong data-start=\"5943\" data-end=\"5970\">Bater\u00eda de cobalto de 600 mAh<\/strong>\u00a0pueden ustedes\u00a0<strong data-start=\"5986\" data-end=\"6006\">Arymi IFun 28000<\/strong>\u00a0para un per\u00edodo de tiempo muy largo sin que el rendimiento disminuya. Adem\u00e1s, la bater\u00eda se puede recargar de manera r\u00e1pida y sencilla a trav\u00e9s del\u00a0<strong data-start=\"6138\" data-end=\"6158\">Conexi\u00f3n tipo C<\/strong>\u00a0cargar.<\/p>\n<h4 data-start=\"6170\" data-end=\"6219\"><strong data-start=\"6174\" data-end=\"6219\">Puedo ajustar el control de flujo de aire.<\/strong><\/h4>\n<p data-start=\"6220\" data-end=\"6383\">S\u00ed, la\u00a0<strong data-start=\"6228\" data-end=\"6272\">Arymi IFun 28000 Z\u00fcge Einweg E Zigarette \n\nbecomes \n\nArymi IFun 28000 tiradas Disposable E Cigarro electr\u00f3nico<\/strong>\u00a0dispone de una\u00a0<strong data-start=\"6291\" data-end=\"6315\">caudal de aire ajustable<\/strong>, para que puedas adaptar la experiencia de vapeo a tus preferencias.<\/p>\n<h4 data-start=\"6385\" data-end=\"6440\"><strong data-start=\"6389\" data-end=\"6440\">Wie viel E-Liquid enth\u00e4lt die Arymi IFun 28000?<\/strong><\/h4>\n<p data-start=\"6441\" data-end=\"6592\">La\u00a0<strong data-start=\"6445\" data-end=\"6465\">Arymi IFun 28000<\/strong>\u00a0contiene una\u00a0<strong data-start=\"6479\" data-end=\"6507\">28 ml de capacidad de l\u00edquido electr\u00f3nico<\/strong>que dura lo suficiente para un uso prolongado y le ofrece una experiencia de vapeo intensa.<\/p>\n<hr data-start=\"6594\" data-end=\"6597\" \/>\n<p data-start=\"6599\" data-end=\"6609\"><strong data-start=\"6599\" data-end=\"6609\">Conclusi\u00f3n:<\/strong><\/p>\n<p data-start=\"6611\" data-end=\"7155\">La\u00a0<strong data-start=\"6615\" data-end=\"6659\">Arymi IFun 28000 Z\u00fcge \n\n(No translation needed for this input, as it seems to be a product name or code) \nArymi IFun 28000 Z\u00fcge <a href=\"https:\/\/alfakher24h.de\/es\/\">Cigarrillo electr\u00f3nico desechable<\/a><\/strong>\u00a0es la elecci\u00f3n ideal para todos aquellos que buscan una experiencia de vapeo potente, duradera y excepcional en t\u00e9rminos de sabor. Con un alto n\u00famero de caladas, una pr\u00e1ctica\u00a0<strong data-start=\"6854\" data-end=\"6876\">Capacidad de l\u00edquido electr\u00f3nico<\/strong>\u00a0y variados\u00a0<strong data-start=\"6894\" data-end=\"6918\">Sabores<\/strong> ofrece este modelo todo lo que el coraz\u00f3n de un vapeador desea. Visite alfakher24h.de, la mayor tienda en l\u00ednea para\u00a0<strong data-start=\"7038\" data-end=\"7073\">Vapes desechables en Alemania<\/strong>y obtenga su\u00a0<strong data-start=\"7099\" data-end=\"7143\">Arymi IFun 28000 Z\u00fcge Einweg E Zigarette \n\nbecomes \n\nArymi IFun 28000 tiradas Disposable E Cigarro electr\u00f3nico<\/strong>\u00a0\u00a1Todav\u00eda hoy!<\/p>","protected":false},"excerpt":{"rendered":"<p><strong data-start=\"6615\" data-end=\"6659\">Arymi IFun 28000 Z\u00fcge \n\n(No translation needed for this input, as it seems to be a product name or code) \nArymi IFun 28000 Z\u00fcge <a href=\"https:\/\/alfakher24h.de\/es\/\">Cigarrillo electr\u00f3nico desechable<\/a><\/strong>\u00a0es la elecci\u00f3n ideal para todos aquellos que buscan una experiencia de vapeo potente, duradera y excepcionalmente sabrosa.<\/p>","protected":false},"featured_media":1774,"comment_status":"open","ping_status":"closed","template":"","meta":{"om_disable_all_campaigns":false},"product_brand":[],"product_cat":[45],"product_tag":[],"class_list":{"0":"post-1773","1":"product","2":"type-product","3":"status-publish","4":"has-post-thumbnail","6":"product_cat-arymi-ifun-28000","8":"first","9":"outofstock","10":"shipping-taxable","11":"purchasable","12":"product-type-simple"},"_links":{"self":[{"href":"https:\/\/alfakher24h.de\/es\/wp-json\/wp\/v2\/product\/1773","targetHints":{"allow":["GET"]}}],"collection":[{"href":"https:\/\/alfakher24h.de\/es\/wp-json\/wp\/v2\/product"}],"about":[{"href":"https:\/\/alfakher24h.de\/es\/wp-json\/wp\/v2\/types\/product"}],"replies":[{"embeddable":true,"href":"https:\/\/alfakher24h.de\/es\/wp-json\/wp\/v2\/comments?post=1773"}],"wp:featuredmedia":[{"embeddable":true,"href":"https:\/\/alfakher24h.de\/es\/wp-json\/wp\/v2\/media\/1774"}],"wp:attachment":[{"href":"https:\/\/alfakher24h.de\/es\/wp-json\/wp\/v2\/media?parent=1773"}],"wp:term":[{"taxonomy":"product_brand","embeddable":true,"href":"https:\/\/alfakher24h.de\/es\/wp-json\/wp\/v2\/product_brand?post=1773"},{"taxonomy":"product_cat","embeddable":true,"href":"https:\/\/alfakher24h.de\/es\/wp-json\/wp\/v2\/product_cat?post=1773"},{"taxonomy":"product_tag","embeddable":true,"href":"https:\/\/alfakher24h.de\/es\/wp-json\/wp\/v2\/product_tag?post=1773"}],"curies":[{"name":"wp","href":"https:\/\/api.w.org\/{rel}","templated":true}]}}