{"id":1771,"date":"2025-03-11T11:28:09","date_gmt":"2025-03-11T11:28:09","guid":{"rendered":"https:\/\/alfakher24h.de\/?post_type=product&#038;p=1771"},"modified":"2025-07-12T13:27:55","modified_gmt":"2025-07-12T13:27:55","slug":"httperror-response-code-429-too-many-requests-27","status":"publish","type":"product","link":"https:\/\/alfakher24h.de\/es\/producto\/httperror-response-code-429-too-many-requests-27\/","title":{"rendered":"Arymi IFun 28000 Z\u00fcge Einweg E Zigarette \u2013 Lim\u00f3n Lima \u2013 Bluerazz Gummy Bear"},"content":{"rendered":"<div class=\"wp-video\"><\/div>\n<h2 data-start=\"0\" data-end=\"71\"><a href=\"https:\/\/alfakher24h.de\/es\/\">Arymi IFun 28000 Z\u00fcge\u00a0Einweg E-Zigarette \n\nbecomes \n\nArymi IFun 28000 tiradas  Cigarrillo electr\u00f3nico desechable<\/a> Su experiencia premium de vapeo<\/h2>\n<div style=\"width: 848px;\" class=\"wp-video\"><video class=\"wp-video-shortcode\" id=\"video-1771-1\" width=\"848\" height=\"478\" preload=\"metadata\" controls=\"controls\"><source type=\"video\/mp4\" src=\"https:\/\/alfakher24h.de\/wp-content\/uploads\/2025\/03\/VID-20241031-WA0010.mp4?_=1\" \/><a href=\"https:\/\/alfakher24h.de\/wp-content\/uploads\/2025\/03\/VID-20241031-WA0010.mp4\">https:\/\/alfakher24h.de\/wp-content\/uploads\/2025\/03\/VID-20241031-WA0010.mp4<\/a><\/video><\/div>\n<p data-start=\"73\" data-end=\"589\">La\u00a0<strong data-start=\"77\" data-end=\"121\">Arymi IFun 28000 Z\u00fcge Einweg E-Zigarette \n\nbecomes \n\nArymi IFun 28000 Disposable Electronic Cigarette<\/strong>\u00a0ofrece no solo un sabor sobresaliente, sino tambi\u00e9n una notable longevidad. Desarrollado para llevar el vapeo al siguiente nivel, este dispositivo combina un n\u00famero excepcional de caladas, una bater\u00eda robusta y una variedad de sabores. Buscas un cigarrillo electr\u00f3nico desechable de alta calidad en\u00a0<strong data-start=\"475\" data-end=\"490\">Alemania<\/strong>, que puede disfrutar plenamente? Entonces el Arymi IFun 28000 es la elecci\u00f3n perfecta para usted.<\/p>\n<p data-start=\"591\" data-end=\"972\">Con un dise\u00f1o innovador y una impresionante capacidad de hasta\u00a0<strong data-start=\"667\" data-end=\"683\">28.000 trenes<\/strong>\u00a0Podr\u00e1 disfrutar de muchos d\u00edas de vaporizaci\u00f3n intensiva con este dispositivo sin tener que preocuparse por rellenar o recargar.\u00a0<strong data-start=\"831\" data-end=\"846\">Con nicotina<\/strong>\u00a0Equipado, ofrece una experiencia intensa que tanto principiantes como experimentados vapeadores apreciar\u00e1n.<\/p>\n<h3 data-start=\"974\" data-end=\"1001\"><strong data-start=\"978\" data-end=\"1001\">Descripci\u00f3n del producto<\/strong><\/h3>\n<p data-start=\"1003\" data-end=\"1474\">La\u00a0<strong data-start=\"1007\" data-end=\"1051\">Arymi IFun 28000 Z\u00fcge \n\n(No translation needed for this input, as it seems to be a product name or code) \nArymi IFun 28000 Z\u00fcge <a href=\"https:\/\/alfakher24h.de\/es\/\">Cigarrillo electr\u00f3nico desechable<\/a><\/strong>\u00a0es un verdadero destaque en el mercado de los vaporizadores desechables. Con una\u00a0<strong data-start=\"1119\" data-end=\"1147\">28 ml de capacidad de l\u00edquido electr\u00f3nico<\/strong>\u00a0ofrece una incomparable\u00a0<strong data-start=\"1181\" data-end=\"1200\">Durabilidad<\/strong>\u00a0y es adecuado tanto para el uso diario como para sesiones de vapor m\u00e1s prolongadas. Gracias a su pr\u00e1ctica\u00a0<strong data-start=\"1308\" data-end=\"1331\">Ajuste de flujo de aire<\/strong>\u00a0Puede personalizar la resistencia del tir\u00f3n seg\u00fan sus preferencias personales - ya sea un tir\u00f3n suave y suelto o un vapor m\u00e1s intenso y denso.<\/p>\n<p data-start=\"1476\" data-end=\"1802\">Otra caracter\u00edstica sobresaliente de este producto es la\u00a0<strong data-start=\"1536\" data-end=\"1549\">Bobina de malla<\/strong>\u00a0con una resistencia de\u00a0<strong data-start=\"1575\" data-end=\"1584\">1,0 \u03a9<\/strong>Estos coils aseguran una vaporizaci\u00f3n mejorada, lo que conduce a un sabor particularmente intenso y arom\u00e1tico. Por lo tanto, obtienes la mejor experiencia de vapeo posible con un sabor claro y uniforme.<\/p>\n<p data-start=\"1804\" data-end=\"2189\">Der\u00a0<strong data-start=\"1808\" data-end=\"1824\">Bater\u00eda de 600 mAh<\/strong>\u00a0garantiza una larga vida \u00fatil, y las\u00a0<strong data-start=\"1869\" data-end=\"1892\">Funci\u00f3n de carga tipo C<\/strong>\u00a0permite una carga r\u00e1pida para prolongar la vida \u00fatil del cigarrillo electr\u00f3nico seg\u00fan sea necesario. Adem\u00e1s, el dispositivo cuenta con un pr\u00e1ctico\u00a0<strong data-start=\"2043\" data-end=\"2077\">Pantalla de bater\u00eda y l\u00edquido electr\u00f3nico<\/strong>, que le muestra el estado actual de su vape en todo momento, para que nunca se quede sin energ\u00eda ni l\u00edquido.<\/p>\n<p data-start=\"2191\" data-end=\"2357\">En la caja encontrar\u00e1\u00a0<strong data-start=\"2213\" data-end=\"2225\">10 piezas<\/strong>\u00a0el\u00a0<strong data-start=\"2230\" data-end=\"2274\">Arymi IFun 28000 Z\u00fcge Einweg E-Zigarette \n\nbecomes \n\nArymi IFun 28000 Disposable Electronic Cigarette<\/strong>que le brinda una posibilidad de almacenamiento fiable durante un per\u00edodo de tiempo m\u00e1s largo.<\/p>\n<h3 data-start=\"2359\" data-end=\"2425\"><strong data-start=\"2363\" data-end=\"2425\">Caracter\u00edsticas principales de los trenes Arymi IFun 28000\u00a0<a href=\"https:\/\/alfakher24h.de\/es\/\">Cigarrillo electr\u00f3nico desechable<\/a><\/strong><\/h3>\n<ul data-start=\"2427\" data-end=\"3144\">\n<li data-start=\"2427\" data-end=\"2530\"><strong data-start=\"2429\" data-end=\"2468\">Impresionante cantidad de bocanegra (28.000 caladas)<\/strong>Ideal para vapear prolongadamente sin necesidad de rellenar constantemente.<\/li>\n<li data-start=\"2531\" data-end=\"2621\"><strong data-start=\"2533\" data-end=\"2587\">Bater\u00eda recargable con conector de carga tipo C<\/strong>Carga r\u00e1pida y eficiente.<\/li>\n<li data-start=\"2622\" data-end=\"2695\"><strong data-start=\"2624\" data-end=\"2652\">30 ml de capacidad de l\u00edquido electr\u00f3nico<\/strong>: Uso prolongado sin necesidad de rellenar frecuentemente.<\/li>\n<li data-start=\"2696\" data-end=\"2787\"><strong data-start=\"2698\" data-end=\"2742\">Bobina de malla premium (Bobina de malla dual de 1,0 \u03a9)<\/strong>Para un sabor intenso y un vapor denso.<\/li>\n<li data-start=\"2788\" data-end=\"2911\"><strong data-start=\"2790\" data-end=\"2838\">Flujo de aire ajustable<\/strong>: Ajustable a sus preferencias personales para una resistencia de tracci\u00f3n ideal.<\/li>\n<li data-start=\"2912\" data-end=\"2995\"><strong data-start=\"2914\" data-end=\"2951\">Diferentes sabores<\/strong>: Para todos los gustos, la experiencia adecuada.<\/li>\n<li data-start=\"2996\" data-end=\"3082\"><strong data-start=\"2998\" data-end=\"3032\">Pantalla de bater\u00eda y l\u00edquido electr\u00f3nico<\/strong>: Supervisi\u00f3n simple del estado de carga y l\u00edquido.<\/li>\n<li data-start=\"3083\" data-end=\"3144\"><strong data-start=\"3085\" data-end=\"3109\">Dise\u00f1o ergon\u00f3mico<\/strong>Compacto y conveniente para llevar.<\/li>\n<\/ul>\n<h3 data-start=\"3146\" data-end=\"3224\"><strong data-start=\"3150\" data-end=\"3224\">Por qu\u00e9 deber\u00edas comprar el cigarrillo electr\u00f3nico desechable Arymi IFun 28000?<\/strong><\/h3>\n<ol data-start=\"3226\" data-end=\"4355\">\n<li data-start=\"3226\" data-end=\"3409\"><strong data-start=\"3229\" data-end=\"3261\">Incomparable longevidad<\/strong>Con una capacidad de hasta\u00a0<strong data-start=\"3294\" data-end=\"3310\">28.000 trenes<\/strong>\u00a0No debe preocuparse por renovaciones frecuentes. Ideal para usuarios que vapean mucho.<\/li>\n<li data-start=\"3410\" data-end=\"3640\"><strong data-start=\"3413\" data-end=\"3442\">Alta concentraci\u00f3n de nicotina<\/strong>: Con\u00a0<strong data-start=\"3448\" data-end=\"3463\">2 % Nicotina<\/strong>\u00a0Proporciona esta cigarrilla electr\u00f3nica desechable una experiencia de nicotina satisfactoria, ideal para la transici\u00f3n de cigarrillos convencionales o para uso regular.<\/li>\n<li data-start=\"3641\" data-end=\"3838\"><strong data-start=\"3644\" data-end=\"3671\">Sabor de primera clase<\/strong>: Disfrute cada vez de un sabor pleno e intenso, gracias a la\u00a0<strong data-start=\"3741\" data-end=\"3766\">Tecnolog\u00eda de bobina de malla<\/strong>que optimiza la evaporaci\u00f3n del E-Liquid y intensifica el aroma.<\/li>\n<li data-start=\"3839\" data-end=\"4024\"><strong data-start=\"3842\" data-end=\"3869\">Caudal de aire ajustable<\/strong>: Puede ajustar individualmente la circulaci\u00f3n de aire para personalizar la experiencia de vapeo y disfrutar de m\u00e1s o menos resistencia seg\u00fan sea necesario.<\/li>\n<li data-start=\"4025\" data-end=\"4177\"><strong data-start=\"4028\" data-end=\"4050\">Carga r\u00e1pida<\/strong>: Con el\u00a0<strong data-start=\"4060\" data-end=\"4084\">Conector de carga tipo C<\/strong>\u00a0Puede recargar su e-cigarrillo de forma r\u00e1pida y c\u00f3moda sin perder mucho tiempo.<\/li>\n<li data-start=\"4178\" data-end=\"4355\"><strong data-start=\"4181\" data-end=\"4213\">Tama\u00f1o perfecto para llevar<\/strong>: Compacto y ligero, se deja\u00a0<strong data-start=\"4250\" data-end=\"4294\">Arymi IFun 28000 Z\u00fcge Einweg E-Zigarette \n\nbecomes \n\nArymi IFun 28000 Disposable Electronic Cigarette<\/strong>\u00a0guardar en cualquier bolsillo y llevar a cualquier lugar sin esfuerzo.<\/li>\n<\/ol>\n<p data-start=\"4181\" data-end=\"4633\"><img loading=\"lazy\" decoding=\"async\" class=\"alignnone wp-image-2302 size-full\" title=\"Arymi IFun 28000 Z\u00fcge Einweg E Zigarette - Lemon Lime - Bluerazz Gummy Bear 2 becomes Arymi IFun 28000 Zugs Disposable E-Cigarette - Lemon Lime - Bluerazz Gummy Bear 2\" src=\"https:\/\/alfakher24h.de\/wp-content\/uploads\/2025\/03\/all1.webp\" sizes=\"auto, (max-width: 904px) 100vw, 904px\" srcset=\"https:\/\/alfakher24h.de\/wp-content\/uploads\/2025\/03\/all1.webp 904w, https:\/\/alfakher24h.de\/wp-content\/uploads\/2025\/03\/all1-212x300.webp 212w, https:\/\/alfakher24h.de\/wp-content\/uploads\/2025\/03\/all1-723x1024.webp 723w, https:\/\/alfakher24h.de\/wp-content\/uploads\/2025\/03\/all1-768x1087.webp 768w, https:\/\/alfakher24h.de\/wp-content\/uploads\/2025\/03\/all1-8x12.webp 8w, https:\/\/alfakher24h.de\/wp-content\/uploads\/2025\/03\/all1-600x850.webp 600w\" alt=\"Arymi IFun 28000 Z\u00fcge Einweg E Zigarette - Lim\u00f3n Lima - Bluerazz Gummy Bear\" width=\"904\" height=\"1280\" \/><\/p>\n<hr data-start=\"4635\" data-end=\"4638\" \/>\n<h3 data-start=\"4357\" data-end=\"4417\"><strong data-start=\"4361\" data-end=\"4417\">Sabores de la Arymi IFun 28000 caladas  Cigarrillo electr\u00f3nico desechable<\/strong><\/h3>\n<p data-start=\"4419\" data-end=\"4570\">La\u00a0<strong data-start=\"4423\" data-end=\"4443\">Arymi IFun 28000<\/strong>\u00a0est\u00e1 en varios deliciosos\u00a0<strong data-start=\"4476\" data-end=\"4500\">Sabores<\/strong>\u00a0disponibles, que hacen que cada vapeo sea una experiencia \u00fanica:<\/p>\n<h4 data-start=\"4572\" data-end=\"4591\"><strong data-start=\"4577\" data-end=\"4591\">Limon y lima<\/strong><\/h4>\n<p data-start=\"4592\" data-end=\"4997\">Der\u00a0<strong data-start=\"4596\" data-end=\"4610\">Limon y lima<\/strong>Sabor es una experiencia refrescante y vibrante que ofrece el equilibrio perfecto entre la frescura c\u00edtrica de las\u00a0<strong data-start=\"4721\" data-end=\"4732\">Lim\u00f3n<\/strong>\u00a0y el dulce de la\u00a0<strong data-start=\"4750\" data-end=\"4761\">Lim\u00f3n<\/strong>\u00a0ofrece. Este sabor es ideal para vapeadores que prefieren un aroma refrescante y ligeramente \u00e1cido que permanece agradable durante todo el d\u00eda. Perfecto para el verano o cualquier d\u00eda que necesites algo fresco y revitalizante.<\/p>\n<h4 data-start=\"4999\" data-end=\"5027\"><strong data-start=\"5004\" data-end=\"5027\">Bluerazz Gummy Bear<\/strong><\/h4>\n<p data-start=\"5028\" data-end=\"5415\">Der\u00a0<strong data-start=\"5032\" data-end=\"5055\">Bluerazz Gummy Bear<\/strong>Sabor que ofrece una explosi\u00f3n dulce y afrutada que recuerda al popular osito de goma, con un intenso\u00a0<strong data-start=\"5172\" data-end=\"5184\">Ar\u00e1ndano<\/strong>sabor que se percibe con un toque de\u00a0<strong data-start=\"5220\" data-end=\"5232\">Frambuesa<\/strong>\u00a0Armoniza. Este sabor es ideal para los amantes de los aromas dulces y frutales y es perfecto para vapeadores que buscan un juego de notas dulces y frescas.<\/p>\n<h3 data-start=\"5417\" data-end=\"5454\"><strong data-start=\"5421\" data-end=\"5454\">Preguntas frecuentes (FAQ)<\/strong><\/h3>\n<p data-start=\"5456\" data-end=\"5628\"><strong data-start=\"5456\" data-end=\"5521\">\u00bfEs el cigarrillo electr\u00f3nico desechable Arymi IFun 28000 con nicotina?<\/strong>\u00a0S\u00ed, este cigarrillo electr\u00f3nico contiene\u00a0<strong data-start=\"5552\" data-end=\"5567\">2 % Nicotina<\/strong>Ideal para vapeadores que buscan el golpe de nicotina deseado.<\/p>\n<p data-start=\"5630\" data-end=\"5810\"><strong data-start=\"5630\" data-end=\"5694\">\u00bfCu\u00e1nto tiempo dura el cigarrillo electr\u00f3nico desechable Arymi IFun 28000 caladas?<\/strong>\u00a0La e-cigarro ofrece hasta\u00a0<strong data-start=\"5725\" data-end=\"5740\">28.000 trenes<\/strong>, lo que la convierte en uno de los vaporizadores desechables m\u00e1s duraderos del mercado.<\/p>\n<p data-start=\"5812\" data-end=\"6024\"><strong data-start=\"5812\" data-end=\"5879\">No, no puede cargar la cigarrilla electr\u00f3nica desechable Arymi IFun 28000.<\/strong>\u00a0S\u00ed, este cigarrillo electr\u00f3nico est\u00e1 equipado con un\u00a0<strong data-start=\"5916\" data-end=\"5942\">bater\u00eda recargable<\/strong>\u00a0equipado, que a trav\u00e9s de un\u00a0<strong data-start=\"5972\" data-end=\"5992\">Conector tipo C<\/strong>\u00a0se puede cargar r\u00e1pidamente.<\/p>\n<p data-start=\"6026\" data-end=\"6248\"><strong data-start=\"6026\" data-end=\"6091\">C\u00f3mo limpio el cigarrillo electr\u00f3nico desechable Arymi IFun 28000 caladas?<\/strong>\u00a0Da es sich um eine\u00a0<strong data-start=\"6111\" data-end=\"6133\">Cigarrillo electr\u00f3nico desechable<\/strong>\u00a0No es necesaria una limpieza. Despu\u00e9s de su uso completo, puede desechar el dispositivo de forma segura.<\/p>\n<p data-start=\"6250\" data-end=\"6549\"><strong data-start=\"6250\" data-end=\"6318\">D\u00f3nde puedo comprar el cigarrillo electr\u00f3nico desechable Arymi IFun 28000 caladas?<\/strong>\u00a0Sie k\u00f6nnen die\u00a0<strong data-start=\"6334\" data-end=\"6378\">Arymi IFun 28000 Z\u00fcge Einweg E-Zigarette \n\nbecomes \n\nArymi IFun 28000 Disposable Electronic Cigarette<\/strong> y muchos otros cigarrillos electr\u00f3nicos desechables de alta calidad en nuestro sitio web alfakher24h.de, el m\u00e1s grande\u00a0<strong data-start=\"6488\" data-end=\"6548\">Plataforma de venta en l\u00ednea de vapeadores desechables en Alemania<\/strong>.<\/p>\n<h3 data-start=\"6551\" data-end=\"6564\"><strong data-start=\"6555\" data-end=\"6564\">Conclusi\u00f3n<\/strong><\/h3>\n<p data-start=\"6566\" data-end=\"7095\" data-is-last-node=\"\">La\u00a0<strong data-start=\"6570\" data-end=\"6614\">Arymi IFun 28000 Z\u00fcge Einweg E-Zigarette \n\nbecomes \n\nArymi IFun 28000 Disposable Electronic Cigarette<\/strong>\u00a0es la elecci\u00f3n perfecta para todos aquellos que buscan una experiencia de vapeo duradera, sabrosa y f\u00e1cil de usar. Con hasta\u00a0<strong data-start=\"6742\" data-end=\"6758\">28.000 trenes<\/strong>a uno\u00a0<strong data-start=\"6766\" data-end=\"6793\">sabor refrescante<\/strong>\u00a0y uno\u00a0<strong data-start=\"6804\" data-end=\"6826\">dise\u00f1o pr\u00e1ctico<\/strong>\u00a0Este producto ofrece todo lo que se espera de un cigarrillo electr\u00f3nico desechable de alta calidad.\u00a0<strong data-start=\"6916\" data-end=\"7007\">Compre su cigarrillo electr\u00f3nico desechable Arymi IFun 28000 caladas hoy mismo en <a href=\"https:\/\/alfakher24h.de\/es\/\">alfakher24h.de<\/a><\/strong>la mejor plataforma para\u00a0<strong data-start=\"7034\" data-end=\"7058\">Vapes en Alemania<\/strong>Y disfrute del viaje perfecto.<\/p>","protected":false},"excerpt":{"rendered":"<p><strong data-start=\"6570\" data-end=\"6614\">Arymi IFun 28000 Z\u00fcge Einweg E-Zigarette \n\nbecomes \n\nArymi IFun 28000 Disposable Electronic Cigarette<\/strong>\u00a0es la elecci\u00f3n perfecta para todos aquellos que buscan una experiencia de vapeo duradera, sabrosa y f\u00e1cil de usar. Con hasta\u00a0<strong data-start=\"6742\" data-end=\"6758\">28.000 trenes<\/strong>,<\/p>","protected":false},"featured_media":1772,"comment_status":"open","ping_status":"closed","template":"","meta":{"om_disable_all_campaigns":false},"product_brand":[],"product_cat":[45],"product_tag":[],"class_list":{"0":"post-1771","1":"product","2":"type-product","3":"status-publish","4":"has-post-thumbnail","6":"product_cat-arymi-ifun-28000","8":"first","9":"outofstock","10":"shipping-taxable","11":"purchasable","12":"product-type-simple"},"_links":{"self":[{"href":"https:\/\/alfakher24h.de\/es\/wp-json\/wp\/v2\/product\/1771","targetHints":{"allow":["GET"]}}],"collection":[{"href":"https:\/\/alfakher24h.de\/es\/wp-json\/wp\/v2\/product"}],"about":[{"href":"https:\/\/alfakher24h.de\/es\/wp-json\/wp\/v2\/types\/product"}],"replies":[{"embeddable":true,"href":"https:\/\/alfakher24h.de\/es\/wp-json\/wp\/v2\/comments?post=1771"}],"wp:featuredmedia":[{"embeddable":true,"href":"https:\/\/alfakher24h.de\/es\/wp-json\/wp\/v2\/media\/1772"}],"wp:attachment":[{"href":"https:\/\/alfakher24h.de\/es\/wp-json\/wp\/v2\/media?parent=1771"}],"wp:term":[{"taxonomy":"product_brand","embeddable":true,"href":"https:\/\/alfakher24h.de\/es\/wp-json\/wp\/v2\/product_brand?post=1771"},{"taxonomy":"product_cat","embeddable":true,"href":"https:\/\/alfakher24h.de\/es\/wp-json\/wp\/v2\/product_cat?post=1771"},{"taxonomy":"product_tag","embeddable":true,"href":"https:\/\/alfakher24h.de\/es\/wp-json\/wp\/v2\/product_tag?post=1771"}],"curies":[{"name":"wp","href":"https:\/\/api.w.org\/{rel}","templated":true}]}}