{"id":1769,"date":"2025-03-11T11:15:30","date_gmt":"2025-03-11T11:15:30","guid":{"rendered":"https:\/\/alfakher24h.de\/?post_type=product&#038;p=1769"},"modified":"2025-07-12T13:27:55","modified_gmt":"2025-07-12T13:27:55","slug":"httperror-response-code-429-too-many-requests-32","status":"publish","type":"product","link":"https:\/\/alfakher24h.de\/es\/producto\/httperror-response-code-429-too-many-requests-32\/","title":{"rendered":"Arymi IFun 28000 Z\u00fcge Einweg E Zigarette \u2013 Frambuesa Uva \u2013 Fresa Fruto Drag\u00f3n"},"content":{"rendered":"<h2 data-start=\"0\" data-end=\"91\">Arymi IFun 28000 Z\u00fcge\u00a0Einweg E-Zigarette: El placer definitivo para vapeadores en Alemania<\/h2>\n<p data-start=\"93\" data-end=\"698\">La\u00a0<strong data-start=\"97\" data-end=\"141\">Arymi IFun 28000 Z\u00fcge Einweg E-Zigarette \n\nbecomes \n\nArymi IFun 28000 Disposable Electronic Cigarette<\/strong>\u00a0es la elecci\u00f3n perfecta para todos aquellos que buscan una experiencia de vapeo potente, duradera y de excelente sabor. En Alemania, la demanda de cigarrillos electr\u00f3nicos desechables de alta calidad, especialmente aquellos con\u00a0<strong data-start=\"367\" data-end=\"378\">Nicotina<\/strong>, en los \u00faltimos a\u00f1os ha aumentado considerablemente. Con la\u00a0<strong data-start=\"428\" data-end=\"448\">Arymi IFun 28000<\/strong>\u00a0Ofrecemos un producto que no solo destaca por su notable\u00a0<strong data-start=\"517\" data-end=\"532\">N\u00famero de caladas<\/strong>\u00a0de hasta\u00a0<strong data-start=\"544\" data-end=\"560\">28.000 trenes<\/strong>sino tambi\u00e9n por su avanzada\u00a0<strong data-start=\"604\" data-end=\"619\">Tecnolog\u00eda<\/strong>,\u00a0<strong data-start=\"621\" data-end=\"646\">bater\u00eda de alta potencia<\/strong>\u00a0y variados\u00a0<strong data-start=\"664\" data-end=\"688\">Sabores<\/strong>\u00a0soborna.<\/p>\n<p data-start=\"700\" data-end=\"954\">Si usted una\u00a0<strong data-start=\"714\" data-end=\"736\">Cigarrillo electr\u00f3nico desechable<\/strong>\u00a0buscar que ofrece m\u00e1s que los modelos convencionales, est\u00e1 en el lugar correcto. Puede\u00a0<strong data-start=\"831\" data-end=\"851\">Arymi IFun 28000<\/strong>\u00a0c\u00f3modo\u00a0<strong data-start=\"859\" data-end=\"882\">en alfakher24h.de<\/strong>\u00a0comprar - la mayor plataforma para\u00a0<strong data-start=\"918\" data-end=\"938\">dispositivos de vapeo desechables<\/strong>\u00a0en Alemania.<\/p>\n<h3 data-start=\"956\" data-end=\"1013\">Descripci\u00f3n del producto: Potente y de larga duraci\u00f3n<\/h3>\n<p data-start=\"1015\" data-end=\"1464\">La\u00a0<strong data-start=\"1019\" data-end=\"1063\">Arymi IFun 28000 Z\u00fcge Einweg E-Zigarette \n\nbecomes \n\nArymi IFun 28000 Disposable Electronic Cigarette<\/strong>\u00a0Es un producto sobresaliente que supera todas las expectativas de un cigarrillo electr\u00f3nico desechable. Con una\u00a0<strong data-start=\"1166\" data-end=\"1198\">Capacidad de 28 ml de l\u00edquido electr\u00f3nico<\/strong>\u00a0y uno\u00a0<strong data-start=\"1209\" data-end=\"1234\">Contenido de nicotina de 2 %<\/strong>\u00a0ofrece este modelo una\u00a0<strong data-start=\"1261\" data-end=\"1285\">uso a largo plazo<\/strong>\u00a0para vapeadores exigentes. Con\u00a0<strong data-start=\"1316\" data-end=\"1339\">hasta 28.000 trenes<\/strong>\u00a0es uno de los\u00a0<strong data-start=\"1357\" data-end=\"1382\">los m\u00e1s duraderos<\/strong>\u00a0Productos en el mercado, lo que lo hace la elecci\u00f3n ideal para el uso diario.<\/p>\n<p data-start=\"1466\" data-end=\"1868\">La\u00a0<strong data-start=\"1470\" data-end=\"1490\">Arymi IFun 28000<\/strong>\u00a0ofrece no solo una durabilidad impresionante, sino tambi\u00e9n una\u00a0<strong data-start=\"1559\" data-end=\"1584\">f\u00e1cil de usar<\/strong>\u00a0Aplicaci\u00f3n. Con un\u00a0<strong data-start=\"1606\" data-end=\"1641\">dise\u00f1o simple y ergon\u00f3mico<\/strong>\u00a0es particularmente f\u00e1cil de usar y c\u00f3moda de manejar. Gracias a la\u00a0<strong data-start=\"1723\" data-end=\"1757\">funci\u00f3n de flujo de aire ajustable<\/strong>\u00a0Puede personalizar el comportamiento del dispositivo seg\u00fan sus preferencias y disfrutar de una experiencia de vapeo individualizada.<\/p>\n<h3 data-start=\"1870\" data-end=\"1932\">Propiedades de los trenes Arymi IFun 28000 de cigarrillos electr\u00f3nicos desechables<\/h3>\n<ul data-start=\"1934\" data-end=\"2943\">\n<li data-start=\"1934\" data-end=\"2089\"><strong data-start=\"1936\" data-end=\"1978\">Larga durabilidad (hasta 28.000 caladas)<\/strong>Disfruta de una experiencia de vapeo prolongada sin tener que preocuparte por rellenar con frecuencia.<\/li>\n<li data-start=\"2090\" data-end=\"2201\"><strong data-start=\"2092\" data-end=\"2120\">28 ml de capacidad de l\u00edquido electr\u00f3nico<\/strong>: Ofrece una cantidad generosa de l\u00edquido para varias semanas de uso intensivo.<\/li>\n<li data-start=\"2202\" data-end=\"2311\"><strong data-start=\"2204\" data-end=\"2229\">2 1\/3% \no \n2,33 % \no \n2 und 1\/3 Prozent \nes lo mismo \nLa respuesta es \n2 1\/3 %<\/strong>: Ideal para fumadores que necesitan un aporte de nicotina dosificado de manera agradable.<\/li>\n<li data-start=\"2312\" data-end=\"2454\"><strong data-start=\"2314\" data-end=\"2356\">Bater\u00eda de 600 mAh (recargable v\u00eda Type-C)<\/strong>: Garantiza un rendimiento uniforme y permite que el dispositivo se cargue f\u00e1cilmente cuando es necesario.<\/li>\n<li data-start=\"2455\" data-end=\"2584\"><strong data-start=\"2457\" data-end=\"2501\">Bobina de malla premium (Bobina de malla dual de 1,0 \u03a9)<\/strong>: Produce nubes de vapor densas y sabrosas para una experiencia de sabor intensa.<\/li>\n<li data-start=\"2585\" data-end=\"2700\"><strong data-start=\"2587\" data-end=\"2611\">Flujo de aire ajustable<\/strong>: Permite el ajuste fino del flujo de aire para una producci\u00f3n de vapor personalizada.<\/li>\n<li data-start=\"2701\" data-end=\"2835\"><strong data-start=\"2703\" data-end=\"2734\">Indicador de bater\u00eda y l\u00edquido<\/strong>: Con las pr\u00e1cticas pantallas, sabr\u00e1 en todo momento cu\u00e1nta energ\u00eda y l\u00edquido a\u00fan est\u00e1n disponibles.<\/li>\n<li data-start=\"2836\" data-end=\"2943\"><strong data-start=\"2838\" data-end=\"2860\">Ligero y compacto<\/strong>El dispositivo pesa solo 120 g por unidad y es, por lo tanto, especialmente manejable y port\u00e1til.<\/li>\n<\/ul>\n<p data-start=\"2945\" data-end=\"3095\"><strong data-start=\"2945\" data-end=\"2964\">Unidad de embalaje<\/strong>: 10 piezas por caja<br data-start=\"2982\" data-end=\"2985\" \/><strong data-start=\"2985\" data-end=\"3008\">Peso por paquete<\/strong>: 120 g \/ unidad<br data-start=\"3023\" data-end=\"3026\" \/><strong data-start=\"3026\" data-end=\"3046\">Cantidad por caja<\/strong>: 200 piezas<br data-start=\"3057\" data-end=\"3060\" \/><strong data-start=\"3060\" data-end=\"3088\">Peso total por caja<\/strong>: 25 kg<\/p>\n<h2 data-start=\"0\" data-end=\"71\"><img loading=\"lazy\" decoding=\"async\" class=\"alignnone wp-image-2302 size-full\" title=\"Arymi IFun 28000 Z\u00fcge Einweg E Zigarette - Frambuesa Uva - Fresa Fruto Drag\u00f3n 2\" src=\"https:\/\/alfakher24h.de\/wp-content\/uploads\/2025\/03\/all1.webp\" sizes=\"auto, (max-width: 904px) 100vw, 904px\" srcset=\"https:\/\/alfakher24h.de\/wp-content\/uploads\/2025\/03\/all1.webp 904w, https:\/\/alfakher24h.de\/wp-content\/uploads\/2025\/03\/all1-212x300.webp 212w, https:\/\/alfakher24h.de\/wp-content\/uploads\/2025\/03\/all1-723x1024.webp 723w, https:\/\/alfakher24h.de\/wp-content\/uploads\/2025\/03\/all1-768x1087.webp 768w, https:\/\/alfakher24h.de\/wp-content\/uploads\/2025\/03\/all1-8x12.webp 8w, https:\/\/alfakher24h.de\/wp-content\/uploads\/2025\/03\/all1-600x850.webp 600w\" alt=\"Arymi IFun 28000 Z\u00fcge Einweg E Zigarette - Frambuesa Uva - Fresa Fruto Drag\u00f3n\" width=\"904\" height=\"1280\" \/><\/h2>\n<hr data-start=\"4635\" data-end=\"4638\" \/>\n<h3 data-start=\"3097\" data-end=\"3143\">Sabores: Explosi\u00f3n de sabor con cada calada<\/h3>\n<p data-start=\"3145\" data-end=\"3568\">La\u00a0<strong data-start=\"3149\" data-end=\"3193\"><a href=\"https:\/\/alfakherwelt.de\/product-category\/arymi-ifun-28000\/\" target=\"_blank\" rel=\"noopener\">Arymi IFun 28000 Z\u00fcge \n\n(No translation needed for this input, as it seems to be a product name or code) \nArymi IFun 28000 Z\u00fcge<\/a>\u00a0Cigarrillo electr\u00f3nico desechable<\/strong>\u00a0ofrece una impresionante selecci\u00f3n de\u00a0<strong data-start=\"3232\" data-end=\"3256\">Sabores<\/strong>, que tienen algo para cada vapeador. Cada calada trae una explosi\u00f3n de sabor que no olvidar\u00e1s tan f\u00e1cilmente. Las dos variantes m\u00e1s populares son\u00a0<strong data-start=\"3426\" data-end=\"3444\">Frambuesa-uva<\/strong>\u00a0y\u00a0<strong data-start=\"3449\" data-end=\"3473\">Fruta del drag\u00f3n de fresa<\/strong>, pero la selecci\u00f3n est\u00e1 creciendo constantemente. Aqu\u00ed hay una descripci\u00f3n detallada de estos dos sabores:<\/p>\n<h4 data-start=\"3570\" data-end=\"3595\"><strong data-start=\"3575\" data-end=\"3593\">Frambuesa-uva<\/strong><\/h4>\n<p data-start=\"3596\" data-end=\"4205\">Un mix afrutado de frambuesas jugosas y uvas dulces, que une lo mejor de ambos mundos. El sabor es a la vez dulce y ligeramente \u00e1cido, y proporciona una experiencia refrescante que seduce el paladar. Con cada calada, disfrutas de la frescura natural y del intenso sabor de estas dos frutas, que armonizan perfectamente. El sabor afrutado y dulce perdura durante mucho tiempo y permanece inconfundible en cada inhalaci\u00f3n. Ideal para todos aquellos que buscan un sabor equilibrado y placentero.\u00a0<strong data-start=\"4069\" data-end=\"4103\">sabor afrutado y dulce<\/strong>\u00a0prefieren y la nota fresca de\u00a0<strong data-start=\"4140\" data-end=\"4153\">Frambuesas<\/strong>\u00a0en combinaci\u00f3n con la\u00a0<strong data-start=\"4177\" data-end=\"4197\">dulzura de uvas<\/strong>\u00a0Querer.<\/p>\n<h4 data-start=\"4207\" data-end=\"4238\"><strong data-start=\"4212\" data-end=\"4236\">Fruta del drag\u00f3n de fresa<\/strong><\/h4>\n<p data-start=\"4239\" data-end=\"4852\">Esta combinaci\u00f3n une la fresa fresca y dulce con el sabor ex\u00f3tico de la\u00a0<strong data-start=\"4336\" data-end=\"4352\">Fruta del drag\u00f3n<\/strong>. La\u00a0<strong data-start=\"4358\" data-end=\"4374\">Fruta del drag\u00f3n<\/strong>Tambi\u00e9n conocido como Pitaya, tiene un toque suave y ligeramente dulce que combina perfectamente con la frescura e intensidad de la fresa. El sabor no solo es afrutado, sino tambi\u00e9n ligeramente floral, lo que hace que el jugo sea especialmente\u00a0<strong data-start=\"4599\" data-end=\"4611\">ex\u00f3tico<\/strong>\u00a0y\u00a0<strong data-start=\"4616\" data-end=\"4628\">vivo<\/strong>\u00a0hace. Si est\u00e1s buscando un sabor a frutas intenso pero no demasiado pesado, esta combinaci\u00f3n seguramente te gustar\u00e1. Es una elecci\u00f3n ideal para vapeadores que\u00a0<strong data-start=\"4816\" data-end=\"4845\">dulces y tropicales aromas<\/strong>\u00a0Quieren.<\/p>\n<p data-start=\"4854\" data-end=\"4918\"><strong data-start=\"4854\" data-end=\"4915\">Otras posibles variedades de sabor (disponibles pr\u00f3ximamente)<\/strong>:<\/p>\n<ul data-start=\"4919\" data-end=\"5007\">\n<li data-start=\"4919\" data-end=\"4939\"><strong data-start=\"4921\" data-end=\"4937\">Mango-Papaya<\/strong><\/li>\n<li data-start=\"4940\" data-end=\"4961\"><strong data-start=\"4942\" data-end=\"4959\">Menta-lim\u00f3n<\/strong><\/li>\n<li data-start=\"4962\" data-end=\"4987\"><strong data-start=\"4964\" data-end=\"4985\">Frutas tropicales<\/strong><\/li>\n<li data-start=\"4988\" data-end=\"5007\"><strong data-start=\"4990\" data-end=\"5007\">Crema de vainilla<\/strong><\/li>\n<\/ul>\n<h3 data-start=\"5009\" data-end=\"5082\">Por qu\u00e9 deber\u00edas comprar el cigarrillo electr\u00f3nico desechable Arymi IFun 28000 golpes<\/h3>\n<ol data-start=\"5084\" data-end=\"5767\">\n<li data-start=\"5084\" data-end=\"5231\"><strong data-start=\"5087\" data-end=\"5104\">Durabilidad<\/strong>: Con\u00a0<strong data-start=\"5110\" data-end=\"5126\">28.000 trenes<\/strong>\u00a0Tienen la garant\u00eda de que su vape dura mucho tiempo. No tienen que preocuparse constantemente por volver a comprar.<\/li>\n<li data-start=\"5232\" data-end=\"5340\"><strong data-start=\"5235\" data-end=\"5256\">Sabor premium<\/strong>: El\u00a0<strong data-start=\"5262\" data-end=\"5275\">Bobina de malla<\/strong>\u00a0garantiza un vapeo intenso y sabroso con cada calada.<\/li>\n<li data-start=\"5341\" data-end=\"5449\"><strong data-start=\"5344\" data-end=\"5367\">Manejo sencillo<\/strong>: No rellenar, no recargar (excepto cuando la bater\u00eda est\u00e9 vac\u00eda), simplemente disfrutar.<\/li>\n<li data-start=\"5450\" data-end=\"5620\"><strong data-start=\"5453\" data-end=\"5489\">Variedades de sabores<\/strong>: Da igual si prefieres sabores frutales, dulces o ex\u00f3ticos - la\u00a0<strong data-start=\"5559\" data-end=\"5579\">Arymi IFun 28000<\/strong>\u00a0Tiene algo para todos los gustos.<\/li>\n<li data-start=\"5621\" data-end=\"5767\"><strong data-start=\"5624\" data-end=\"5650\">Perfecci\u00f3n de la fuerza de la nicotina<\/strong>Con 2 % de nicotina obtendr\u00e1 una dosis agradable de nicotina, ideal para fumadores y exfumadores.<\/li>\n<\/ol>\n<h3 data-start=\"5769\" data-end=\"5821\">Preguntas frecuentes sobre el cigarrillo electr\u00f3nico desechable Arymi IFun 28000<\/h3>\n<p data-start=\"5823\" data-end=\"6066\"><strong data-start=\"5823\" data-end=\"5890\">1. \u00bfCu\u00e1nto tiempo dura la cigarrilla electr\u00f3nica desechable Arymi IFun 28000 caladas?<\/strong><br data-start=\"5890\" data-end=\"5893\" \/>La\u00a0<strong data-start=\"5897\" data-end=\"5922\">Arymi IFun 28000 Z\u00fcge \n\n(No translation needed for this input, as it seems to be a product name or code) \nArymi IFun 28000 Z\u00fcge<\/strong>\u00a0ofrece\u00a0<strong data-start=\"5930\" data-end=\"5952\">hasta 28.000 trenes<\/strong>, lo que es suficiente para el uso diario durante varias semanas o meses, dependiendo de la frecuencia con la que lo uses.<\/p>\n<p data-start=\"6068\" data-end=\"6242\"><strong data-start=\"6068\" data-end=\"6121\">2. Cu\u00e1nto nicotina contiene el Arymi IFun 28000?<\/strong><br data-start=\"6121\" data-end=\"6124\" \/>El contenido de nicotina es\u00a0<strong data-start=\"6150\" data-end=\"6157\">2 %<\/strong>que ofrece un suministro moderado de nicotina, adecuado para la mayor\u00eda de los vapeadores.<\/p>\n<p data-start=\"6244\" data-end=\"6483\"><strong data-start=\"6244\" data-end=\"6309\">3. \u00bfDebo cargar el cigarrillo electr\u00f3nico desechable Arymi IFun 28000?<\/strong><br data-start=\"6309\" data-end=\"6312\" \/>S\u00ed, la bater\u00eda es\u00a0<strong data-start=\"6329\" data-end=\"6348\">recargable<\/strong>\u00a0sobre\u00a0<strong data-start=\"6354\" data-end=\"6364\">Type-C<\/strong>El acumulador dura toda la vida \u00fatil del l\u00edquido, pero cuando se ha descargado, puede recargarlo sin problemas.<\/p>\n<p data-start=\"6485\" data-end=\"6702\"><strong data-start=\"6485\" data-end=\"6527\">4. \u00bfPuedo ajustar la entrada de aire?<\/strong><br data-start=\"6527\" data-end=\"6530\" \/>S\u00ed, la\u00a0<strong data-start=\"6538\" data-end=\"6563\">Arymi IFun 28000 Z\u00fcge \n\n(No translation needed for this input, as it seems to be a product name or code) \nArymi IFun 28000 Z\u00fcge<\/strong>\u00a0dispone de una\u00a0<strong data-start=\"6582\" data-end=\"6606\">caudal de aire ajustable<\/strong>, con la que puede ajustar el flujo de aire a su gusto para optimizar la experiencia de vapeo.<\/p>\n<p data-start=\"6704\" data-end=\"6922\"><strong data-start=\"6704\" data-end=\"6751\">5. \u00bfD\u00f3nde puedo comprar la Arymi IFun 28000?<\/strong><br data-start=\"6751\" data-end=\"6754\" \/>Sie k\u00f6nnen die\u00a0<strong data-start=\"6769\" data-end=\"6808\">Arymi IFun 28000 Einweg E-Zigarette \n\nbecomes \n\nArymi IFun 28000 Disposable E-Cigarette \n\n No, \n\nbecomes \n\nArymi IFun 28000 Disposable E-Cigarette \n\n Arymi IFun 28000 Einweg E-Zigarette \nbecomes \nArymi IFun 28000 cigarrillo electr\u00f3nico desechable<\/strong> c\u00f3modamente y de manera segura en alfakher24h.de - la mayor plataforma para\u00a0<strong data-start=\"6886\" data-end=\"6906\">dispositivos de vapeo desechables<\/strong>\u00a0en Alemania.<\/p>\n<h3 data-start=\"6924\" data-end=\"6933\">Conclusi\u00f3n<\/h3>\n<p data-start=\"6935\" data-end=\"7461\" data-is-last-node=\"\">La\u00a0<strong data-start=\"6939\" data-end=\"6983\">Arymi IFun 28000 Z\u00fcge Einweg E-Zigarette \n\nbecomes \n\nArymi IFun 28000 Disposable Electronic Cigarette<\/strong>\u00a0es m\u00e1s que un simple vape - es la elecci\u00f3n perfecta para todos aquellos que buscan un cigarrillo electr\u00f3nico desechable duradero, de alta calidad y con un sabor sobresaliente. Con su\u00a0<strong data-start=\"7174\" data-end=\"7202\">una cantidad considerable de gases<\/strong>el\u00a0<strong data-start=\"7208\" data-end=\"7245\">variadas variedades de sabor<\/strong>\u00a0y el\u00a0<strong data-start=\"7254\" data-end=\"7278\">manejo sencillo<\/strong>\u00a0es la elecci\u00f3n ideal para todos los vapeadores en\u00a0<strong data-start=\"7321\" data-end=\"7336\">Alemania<\/strong>Compre hoy mismo su\u00a0<strong data-start=\"7365\" data-end=\"7385\">Arymi IFun 28000<\/strong> en alfakher24h.de y experimente el vapeo en un nivel completamente nuevo.<\/p>","protected":false},"excerpt":{"rendered":"<p><strong data-start=\"6939\" data-end=\"6983\">Arymi IFun 28000 Z\u00fcge Einweg E-Zigarette \n\nbecomes \n\nArymi IFun 28000 Disposable Electronic Cigarette<\/strong>\u00a0es m\u00e1s que un simple vape - es la elecci\u00f3n perfecta para todos aquellos que buscan un cigarrillo electr\u00f3nico desechable duradero, de alta calidad y con un sabor sobresaliente. Con su\u00a0<strong data-start=\"7174\" data-end=\"7202\">una cantidad considerable de gases<\/strong>,<\/p>","protected":false},"featured_media":1770,"comment_status":"open","ping_status":"closed","template":"","meta":{"om_disable_all_campaigns":false},"product_brand":[],"product_cat":[45],"product_tag":[],"class_list":{"0":"post-1769","1":"product","2":"type-product","3":"status-publish","4":"has-post-thumbnail","6":"product_cat-arymi-ifun-28000","8":"first","9":"outofstock","10":"shipping-taxable","11":"purchasable","12":"product-type-simple"},"_links":{"self":[{"href":"https:\/\/alfakher24h.de\/es\/wp-json\/wp\/v2\/product\/1769","targetHints":{"allow":["GET"]}}],"collection":[{"href":"https:\/\/alfakher24h.de\/es\/wp-json\/wp\/v2\/product"}],"about":[{"href":"https:\/\/alfakher24h.de\/es\/wp-json\/wp\/v2\/types\/product"}],"replies":[{"embeddable":true,"href":"https:\/\/alfakher24h.de\/es\/wp-json\/wp\/v2\/comments?post=1769"}],"wp:featuredmedia":[{"embeddable":true,"href":"https:\/\/alfakher24h.de\/es\/wp-json\/wp\/v2\/media\/1770"}],"wp:attachment":[{"href":"https:\/\/alfakher24h.de\/es\/wp-json\/wp\/v2\/media?parent=1769"}],"wp:term":[{"taxonomy":"product_brand","embeddable":true,"href":"https:\/\/alfakher24h.de\/es\/wp-json\/wp\/v2\/product_brand?post=1769"},{"taxonomy":"product_cat","embeddable":true,"href":"https:\/\/alfakher24h.de\/es\/wp-json\/wp\/v2\/product_cat?post=1769"},{"taxonomy":"product_tag","embeddable":true,"href":"https:\/\/alfakher24h.de\/es\/wp-json\/wp\/v2\/product_tag?post=1769"}],"curies":[{"name":"wp","href":"https:\/\/api.w.org\/{rel}","templated":true}]}}