{"id":1766,"date":"2025-03-11T06:02:06","date_gmt":"2025-03-11T06:02:06","guid":{"rendered":"https:\/\/alfakher24h.de\/?post_type=product&#038;p=1766"},"modified":"2025-07-12T13:27:55","modified_gmt":"2025-07-12T13:27:55","slug":"httperror-response-code-429-too-many-requests-29","status":"publish","type":"product","link":"https:\/\/alfakher24h.de\/es\/producto\/httperror-response-code-429-too-many-requests-29\/","title":{"rendered":"Arymi IFun 28000 Z\u00fcge Einweg E Zigarette \u2013 Mint Ice \u2013 Banana Milkshake \n\nbecomes \n\nArymi IFun 28000 Zugs Disposable E-Cigarette \u2013 Mint Ice \u2013 Banana Milkshake"},"content":{"rendered":"<h2><a href=\"https:\/\/alfakher24h.de\/es\/\">Arymi IFun 28000 Z\u00fcge Einweg E-Zigarette \n\nbecomes \n\nArymi IFun 28000 Z\u00fcge Disposable E-Cigarette<\/a>: La elecci\u00f3n definitiva para vapeadores exigentes<\/h2>\n<div style=\"width: 848px;\" class=\"wp-video\"><video class=\"wp-video-shortcode\" id=\"video-1766-1\" width=\"848\" height=\"478\" preload=\"metadata\" controls=\"controls\"><source type=\"video\/mp4\" src=\"https:\/\/alfakher24h.de\/wp-content\/uploads\/2025\/03\/VID-20241031-WA0010.mp4?_=1\" \/><a href=\"https:\/\/alfakher24h.de\/wp-content\/uploads\/2025\/03\/VID-20241031-WA0010.mp4\">https:\/\/alfakher24h.de\/wp-content\/uploads\/2025\/03\/VID-20241031-WA0010.mp4<\/a><\/video><\/div>\n<p data-start=\"92\" data-end=\"802\">La\u00a0<strong data-start=\"96\" data-end=\"140\">Arymi IFun 28000 Z\u00fcge Einweg E Zigarette \n\nbecomes \n\nArymi IFun 28000 tiradas Disposable E Cigarro electr\u00f3nico<\/strong>\u00a0es la soluci\u00f3n perfecta para todos aquellos que buscan una experiencia de vapeo duradera, f\u00e1cil de usar y sabrosa. Con un impresionante n\u00famero de 28.000 bocanadas, una generosa capacidad de l\u00edquido electr\u00f3nico y funciones innovadoras, este producto ofrece un rendimiento excepcional que le convencer\u00e1. En este art\u00edculo, aprender\u00e1 todo lo que necesita saber sobre la\u00a0<strong data-start=\"509\" data-end=\"542\">Arymi IFun cigarrillo electr\u00f3nico desechable<\/strong>\u00a0deben saber, desde las caracter\u00edsticas notables hasta una descripci\u00f3n detallada de los sabores. Compre su\u00a0<strong data-start=\"678\" data-end=\"700\">Cigarrillo electr\u00f3nico desechable<\/strong> directamente en \/alfakher24h.de, la mayor plataforma de venta en l\u00ednea de vapeadores desechables en Alemania.<\/p>\n<hr data-start=\"804\" data-end=\"807\" \/>\n<h3 data-start=\"809\" data-end=\"886\"><strong data-start=\"812\" data-end=\"886\">Por qu\u00e9 el Arymi IFun 28000 <a href=\"https:\/\/alfakher24h.de\/es\/\">Cigarrillo electr\u00f3nico desechable<\/a> Su primera opci\u00f3n es<\/strong><\/h3>\n<p data-start=\"888\" data-end=\"1358\">La\u00a0<strong data-start=\"892\" data-end=\"936\">Arymi IFun 28000 Z\u00fcge Einweg E Zigarette \n\nbecomes \n\nArymi IFun 28000 tiradas Disposable E Cigarro electr\u00f3nico<\/strong>\u00a0Fue desarrollado con un objetivo claro: ofrecer una experiencia de vapeo de alta calidad, duradera y vers\u00e1til. Ya sea que sea un principiante o un vapeador experimentado, este dispositivo superar\u00e1 sus expectativas. La combinaci\u00f3n de una gran cantidad de caladas y una tecnolog\u00eda de bobina de malla de primera clase garantiza un vapeo constante e intenso para que disfrute cada segundo.<\/p>\n<h3><strong data-start=\"1364\" data-end=\"1426\">Caracter\u00edsticas principales de los cigarrillos electr\u00f3nicos desechables Arymi IFun 28000<\/strong><\/h3>\n<ul data-start=\"1428\" data-end=\"2738\">\n<li data-start=\"1428\" data-end=\"1602\"><strong data-start=\"1430\" data-end=\"1465\">N\u00famero m\u00e1ximo de trenes: 28.000 trenes<\/strong>: Con un n\u00famero excepcionalmente alto de bocanegra ofrece este cigarrillo electr\u00f3nico de un solo uso una de las posibilidades de uso m\u00e1s largas del mercado.<\/li>\n<li data-start=\"1603\" data-end=\"1742\"><strong data-start=\"1605\" data-end=\"1640\">Gran capacidad de E-L\u00edquido: 28 ml<\/strong>: El tanque de l\u00edquido de 28 ml asegura que puede vapear durante m\u00e1s tiempo sin necesidad de rellenar.<\/li>\n<li data-start=\"1743\" data-end=\"1906\"><strong data-start=\"1745\" data-end=\"1770\">Contenido de nicotina de 2 %<\/strong>Ideal para aquellos que desean el mismo contenido de nicotina que un cigarrillo tradicional, pero con los beneficios de vapear.<\/li>\n<li data-start=\"1907\" data-end=\"2050\"><strong data-start=\"1909\" data-end=\"1938\">Akku: 600 mAh Pure Cobalt<\/strong>: La bater\u00eda potente asegura un rendimiento constante que no disminuye ni siquiera durante largas sesiones de vapor.<\/li>\n<li data-start=\"2051\" data-end=\"2252\"><strong data-start=\"2053\" data-end=\"2099\">Bobina de malla premium con bobina de malla dual de 1,0 \u03a9<\/strong>La innovadora tecnolog\u00eda de bobina de malla garantiza una vaporizaci\u00f3n uniforme del l\u00edquido y, por lo tanto, un sabor intenso y una producci\u00f3n de vapor densa.<\/li>\n<li data-start=\"2253\" data-end=\"2412\"><strong data-start=\"2255\" data-end=\"2282\">Ajuste de suministro de aire<\/strong>: Ajuste el flujo de aire seg\u00fan sus preferencias para personalizar su experiencia de vapeo y disfrutar del tiro perfecto.<\/li>\n<li data-start=\"2413\" data-end=\"2587\"><strong data-start=\"2415\" data-end=\"2451\">Indicador de bater\u00eda y l\u00edquido electr\u00f3nico<\/strong>: Mantenga un registro del estado de la bater\u00eda y la cantidad de l\u00edquido para asegurarse siempre de tener suficiente energ\u00eda y l\u00edquido.<\/li>\n<li data-start=\"2588\" data-end=\"2738\"><strong data-start=\"2590\" data-end=\"2616\">Manejo c\u00f3modo<\/strong>El dispositivo es ligero, f\u00e1cil de manejar y est\u00e1 listo para usar inmediatamente sin que tenga que preocuparse por configuraciones adicionales.<\/li>\n<\/ul>\n<hr data-start=\"2740\" data-end=\"2743\" \/>\n<h3 data-start=\"2745\" data-end=\"2804\"><strong data-start=\"2748\" data-end=\"2804\">Sabores de la Arymi IFun 28000 caladas  Cigarrillo electr\u00f3nico desechable<\/strong><\/h3>\n<h4 data-start=\"2806\" data-end=\"2822\"><strong data-start=\"2810\" data-end=\"2822\">Mint Ice<\/strong><\/h4>\n<p data-start=\"2824\" data-end=\"3278\">Der\u00a0<strong data-start=\"2828\" data-end=\"2840\">Mint Ice<\/strong>El sabor es perfecto para todos los amantes de experiencias de vapeo frescas y refrescantes. Esta combinaci\u00f3n de sabores de menta fresca y un toque helado brinda una refrescencia inmediata. La frescura natural de la menta, combinada con una nota de cristal de hielo fresco, proporciona una experiencia agradable e intensa que nunca es demasiado abrumadora. Perfecto para empezar el d\u00eda o disfrutar de un momento de vapeo refrescante en cualquier momento.<\/p>\n<h4 data-start=\"3280\" data-end=\"3304\"><strong data-start=\"3284\" data-end=\"3304\">Batido de pl\u00e1tano<\/strong><\/h4>\n<p data-start=\"3306\" data-end=\"3763\">Der\u00a0<strong data-start=\"3310\" data-end=\"3330\">Batido de pl\u00e1tano<\/strong>El sabor es una combinaci\u00f3n atractiva de pl\u00e1tanos dulces y una nota cremosa de batido de leche. Este sabor recuerda a un cl\u00e1sico batido de leche de pl\u00e1tano fresco y directo de la barra. La textura cremosa proporciona una experiencia de vapeo suave y agradable, que es a la vez dulce y satisfactoria. Para aquellos que buscan una opci\u00f3n dulce pero no demasiado pesada, este sabor es una excelente elecci\u00f3n.<\/p>\n<h2 data-start=\"0\" data-end=\"107\"><img loading=\"lazy\" decoding=\"async\" class=\"alignnone wp-image-2299 size-full\" title=\"Arymi IFun 28000 Z\u00fcge Einweg E Zigarette - Mint Ice - Banana Milkshake 2\" src=\"https:\/\/alfakher24h.de\/wp-content\/uploads\/2025\/03\/arymi-hookalit-2.webp\" sizes=\"auto, (max-width: 1077px) 100vw, 1077px\" srcset=\"https:\/\/alfakher24h.de\/wp-content\/uploads\/2025\/03\/arymi-hookalit-2.webp 1077w, https:\/\/alfakher24h.de\/wp-content\/uploads\/2025\/03\/arymi-hookalit-2-300x284.webp 300w, https:\/\/alfakher24h.de\/wp-content\/uploads\/2025\/03\/arymi-hookalit-2-1024x970.webp 1024w, https:\/\/alfakher24h.de\/wp-content\/uploads\/2025\/03\/arymi-hookalit-2-768x727.webp 768w, https:\/\/alfakher24h.de\/wp-content\/uploads\/2025\/03\/arymi-hookalit-2-13x12.webp 13w, https:\/\/alfakher24h.de\/wp-content\/uploads\/2025\/03\/arymi-hookalit-2-600x568.webp 600w\" alt=\"Arymi IFun 28000 Z\u00fcge Einweg E Zigarette - Mint Ice - Banana Milkshake becomes Arymi IFun 28000 Z\u00fcge Disposable E-Cigarette - Mint Ice - Banana Milkshake\" width=\"1077\" height=\"1020\" \/><\/h2>\n<h3 data-start=\"3770\" data-end=\"3840\"><strong data-start=\"3773\" data-end=\"3840\">Ventajas de comprar el cigarrillo electr\u00f3nico desechable Arymi IFun 28000 caladas<\/strong><\/h3>\n<ul data-start=\"3842\" data-end=\"4862\">\n<li data-start=\"3842\" data-end=\"4043\"><strong data-start=\"3844\" data-end=\"3871\">Uso prolongado<\/strong>Con 28.000 tiradas, este producto ofrece una vida \u00fatil excepcionalmente larga y es ideal para el uso diario sin necesidad de ser reemplazado despu\u00e9s de un corto per\u00edodo de tiempo.<\/li>\n<li data-start=\"4044\" data-end=\"4298\"><strong data-start=\"4046\" data-end=\"4078\">No es necesario rellenar<\/strong>Como se trata de un cigarrillo electr\u00f3nico desechable, no tiene que preocuparse por rellenar el l\u00edquido. Una vez que la bater\u00eda o el l\u00edquido est\u00e9 vac\u00edo, simplemente puede desechar el dispositivo y usar uno nuevo.<\/li>\n<li data-start=\"4299\" data-end=\"4470\"><strong data-start=\"4301\" data-end=\"4324\">Manejo sencillo<\/strong>: No se requiere una configuraci\u00f3n complicada. Abra el paquete y comience a vapear de inmediato, perfecto para principiantes y personas ocupadas.<\/li>\n<li data-start=\"4471\" data-end=\"4653\"><strong data-start=\"4473\" data-end=\"4498\">Portabilidad perfecta<\/strong>: Compacta y ligera, la Arymi IFun se puede guardar f\u00e1cilmente en su bolsillo o mochila, para que pueda disfrutarla en cualquier momento y en cualquier lugar.<\/li>\n<li data-start=\"4654\" data-end=\"4862\"><strong data-start=\"4656\" data-end=\"4692\">Variedades de sabores<\/strong>Con una selecci\u00f3n de deliciosos sabores que van desde frescos toques de menta hasta dulces y cremosas creaciones de frutas, hay algo para todos los gustos.<\/li>\n<\/ul>\n<hr data-start=\"4864\" data-end=\"4867\" \/>\n<h3 data-start=\"4869\" data-end=\"4965\"><strong data-start=\"4872\" data-end=\"4965\">Por qu\u00e9 deber\u00edas comprar el cigarrillo electr\u00f3nico desechable Arymi IFun 28000 en \/alfakher24h.de<\/strong><\/h3>\n<p data-start=\"4967\" data-end=\"5318\"><strong data-start=\"4967\" data-end=\"4986\">\/alfakher24h.de Alfakherwelt.de<\/strong>\u00a0es la mayor plataforma en l\u00ednea para la compra de\u00a0<strong data-start=\"5036\" data-end=\"5059\">Cigarrillos electr\u00f3nicos desechables<\/strong>\u00a0En Alemania y ofrece una gran selecci\u00f3n de productos de vapeo. Nuestro sitio web est\u00e1 dise\u00f1ado para garantizarle no solo una entrega r\u00e1pida y segura, sino tambi\u00e9n una experiencia de compra f\u00e1cil y amigable.<\/p>\n<h3><strong data-start=\"5324\" data-end=\"5350\">\u00bfPor qu\u00e9 alfakher24h.de?<\/strong><\/h3>\n<ul data-start=\"5351\" data-end=\"5879\">\n<li data-start=\"5351\" data-end=\"5527\"><strong data-start=\"5353\" data-end=\"5370\">Gran selecci\u00f3n<\/strong>: Ofrecemos una amplia selecci\u00f3n de\u00a0<strong data-start=\"5412\" data-end=\"5435\">Cigarrillos electr\u00f3nicos desechables<\/strong>incluyendo los\u00a0<strong data-start=\"5456\" data-end=\"5481\">Arymi IFun 28000 Z\u00fcge \n\n(No translation needed for this input, as it seems to be a product name or code) \nArymi IFun 28000 Z\u00fcge<\/strong>para que pueda encontrar los mejores productos.<\/li>\n<li data-start=\"5528\" data-end=\"5649\"><strong data-start=\"5530\" data-end=\"5552\">Entrega r\u00e1pida<\/strong>: Beneficie de una entrega r\u00e1pida para disfrutar de sus vapes sin demora.<\/li>\n<li data-start=\"5650\" data-end=\"5755\"><strong data-start=\"5652\" data-end=\"5672\">Compra segura<\/strong>Sus datos son seguros con nosotros y garantizamos un pago sin problemas.<\/li>\n<li data-start=\"5756\" data-end=\"5879\"><strong data-start=\"5758\" data-end=\"5780\">Ofertas exclusivas<\/strong>Como plataforma l\u00edder, ofrecemos peri\u00f3dicamente ofertas y descuentos exclusivos para nuestros clientes.<\/li>\n<\/ul>\n<hr data-start=\"5881\" data-end=\"5884\" \/>\n<h3 data-start=\"5886\" data-end=\"5952\"><strong data-start=\"5889\" data-end=\"5952\">Preguntas frecuentes sobre la <a href=\"https:\/\/alfakher24h.de\/es\/\">Arymi<\/a> IFun 28000 Z\u00fcge Einweg E Zigarette \n\n se convierte en \n\nIFun 28000 tiradas cigarrillo electr\u00f3nico desechable<\/strong><\/h3>\n<h3 data-start=\"5954\" data-end=\"6031\"><strong data-start=\"5958\" data-end=\"6031\">\u00bfCu\u00e1nto dura la bater\u00eda del cigarrillo electr\u00f3nico desechable Arymi IFun 28000 caladas?<\/strong><\/h3>\n<p data-start=\"6033\" data-end=\"6232\">La bater\u00eda de la\u00a0<strong data-start=\"6046\" data-end=\"6060\">Arymi IFun<\/strong>\u00a0Tiene una capacidad de 600 mAh y ofrece suficiente potencia para soportar los 28.000 disparos completos. Est\u00e1 dise\u00f1ado para durar mucho tiempo incluso con un uso intensivo.<\/p>\n<h3 data-start=\"6234\" data-end=\"6289\"><strong data-start=\"6238\" data-end=\"6289\">Cu\u00e1ntas veces debo rellenar el dep\u00f3sito de l\u00edquido?<\/strong><\/h3>\n<p data-start=\"6291\" data-end=\"6494\">La\u00a0<strong data-start=\"6295\" data-end=\"6339\">Arymi IFun 28000 Z\u00fcge Einweg E Zigarette \n\nbecomes \n\nArymi IFun 28000 tiradas Disposable E Cigarro electr\u00f3nico<\/strong>\u00a0Es un producto desechable y no necesita ser recargado. Una vez que se ha agotado el l\u00edquido, puede desechar el cigarrillo electr\u00f3nico y usar uno nuevo.<\/p>\n<h3 data-start=\"6496\" data-end=\"6539\"><strong data-start=\"6500\" data-end=\"6539\">Puedo ajustar la entrada de aire?<\/strong><\/h3>\n<p data-start=\"6541\" data-end=\"6751\">S\u00ed, la\u00a0<strong data-start=\"6549\" data-end=\"6593\">Arymi IFun 28000 Z\u00fcge Einweg E Zigarette \n\nbecomes \n\nArymi IFun 28000 tiradas Disposable E Cigarro electr\u00f3nico<\/strong>\u00a0Cuenta con un suministro de aire ajustable, para que pueda adaptar el flujo de aire a sus preferencias y disfrutar de una experiencia de vapeo personalizada.<\/p>\n<h3 data-start=\"6753\" data-end=\"6803\"><strong data-start=\"6757\" data-end=\"6803\">\u00bfEst\u00e1 disponible el producto en Alemania?<\/strong><\/h3>\n<p data-start=\"6805\" data-end=\"6961\">S\u00ed, la\u00a0<strong data-start=\"6813\" data-end=\"6857\">Arymi IFun 28000 Z\u00fcge Einweg E Zigarette \n\nbecomes \n\nArymi IFun 28000 tiradas Disposable E Cigarro electr\u00f3nico<\/strong> est\u00e1 disponible en Alemania y se puede obtener f\u00e1cilmente a trav\u00e9s de nuestro sitio web\/ <a href=\"https:\/\/alfakher24h.de\/es\/\">alfakher24h.de<\/a>\u00a0ser pedidos.<\/p>\n<hr data-start=\"6963\" data-end=\"6966\" \/>\n<p data-start=\"6968\" data-end=\"7202\" data-is-last-node=\"\">Con la\u00a0<strong data-start=\"6976\" data-end=\"7020\">Arymi IFun 28000 Z\u00fcge \n\n(No translation needed for this input, as it seems to be a product name or code) \nArymi IFun 28000 Z\u00fcge <a href=\"https:\/\/alfakher24h.de\/es\/\">Cigarrillo electr\u00f3nico desechable<\/a><\/strong> Dec\u00eddase por una experiencia de vapeo de alta calidad, duradera y sabrosa. \u00a1Ordene hoy mismo en \/alfakher24h.de y disfrute del futuro del vapeo!<\/p>","protected":false},"excerpt":{"rendered":"<p>Con la\u00a0<strong data-start=\"6976\" data-end=\"7020\">Arymi IFun 28000 Z\u00fcge \n\n(No translation needed for this input, as it seems to be a product name or code) \nArymi IFun 28000 Z\u00fcge <a href=\"https:\/\/alfakher24h.de\/es\/\">Cigarrillo electr\u00f3nico desechable<\/a><\/strong> Dec\u00eddase por una experiencia de vapeo de alta calidad, duradera y sabrosa. \u00a1Ordene hoy mismo en \/alfakher24h.de y disfrute del futuro del vapeo!<\/p>","protected":false},"featured_media":1767,"comment_status":"open","ping_status":"closed","template":"","meta":{"om_disable_all_campaigns":false},"product_brand":[],"product_cat":[45],"product_tag":[],"class_list":{"0":"post-1766","1":"product","2":"type-product","3":"status-publish","4":"has-post-thumbnail","6":"product_cat-arymi-ifun-28000","8":"first","9":"outofstock","10":"shipping-taxable","11":"purchasable","12":"product-type-simple"},"_links":{"self":[{"href":"https:\/\/alfakher24h.de\/es\/wp-json\/wp\/v2\/product\/1766","targetHints":{"allow":["GET"]}}],"collection":[{"href":"https:\/\/alfakher24h.de\/es\/wp-json\/wp\/v2\/product"}],"about":[{"href":"https:\/\/alfakher24h.de\/es\/wp-json\/wp\/v2\/types\/product"}],"replies":[{"embeddable":true,"href":"https:\/\/alfakher24h.de\/es\/wp-json\/wp\/v2\/comments?post=1766"}],"wp:featuredmedia":[{"embeddable":true,"href":"https:\/\/alfakher24h.de\/es\/wp-json\/wp\/v2\/media\/1767"}],"wp:attachment":[{"href":"https:\/\/alfakher24h.de\/es\/wp-json\/wp\/v2\/media?parent=1766"}],"wp:term":[{"taxonomy":"product_brand","embeddable":true,"href":"https:\/\/alfakher24h.de\/es\/wp-json\/wp\/v2\/product_brand?post=1766"},{"taxonomy":"product_cat","embeddable":true,"href":"https:\/\/alfakher24h.de\/es\/wp-json\/wp\/v2\/product_cat?post=1766"},{"taxonomy":"product_tag","embeddable":true,"href":"https:\/\/alfakher24h.de\/es\/wp-json\/wp\/v2\/product_tag?post=1766"}],"curies":[{"name":"wp","href":"https:\/\/api.w.org\/{rel}","templated":true}]}}