{"id":1764,"date":"2025-03-11T05:50:34","date_gmt":"2025-03-11T05:50:34","guid":{"rendered":"https:\/\/alfakher24h.de\/?post_type=product&#038;p=1764"},"modified":"2025-07-12T13:27:55","modified_gmt":"2025-07-12T13:27:55","slug":"httperror-response-code-429-too-many-requests-28","status":"publish","type":"product","link":"https:\/\/alfakher24h.de\/es\/producto\/httperror-response-code-429-too-many-requests-28\/","title":{"rendered":"Arymi IFun 28000 Z\u00fcge Einweg E Zigarette \u2013 Lush Ice \u2013 Kiwi Passion Fruit Guava \n\nbecomes \n\nArymi IFun 28000 disposable e-cigarette \u2013 Lush Ice \u2013 Kiwi Passion Fruit Guava"},"content":{"rendered":"<h2 data-start=\"0\" data-end=\"121\"><strong data-start=\"0\" data-end=\"121\"><a href=\"https:\/\/alfakher24h.de\/es\/\">Arymi IFun 28000 Z\u00fcge\u00a0Einweg E-Zigarette \n\nbecomes \n\nArymi IFun 28000 tiradas  Cigarrillo electr\u00f3nico desechable<\/a>: Su elecci\u00f3n definitiva para una experiencia de vapeo incomparable en Alemania<\/strong><\/h2>\n<div style=\"width: 848px;\" class=\"wp-video\"><video class=\"wp-video-shortcode\" id=\"video-1764-1\" width=\"848\" height=\"478\" preload=\"metadata\" controls=\"controls\"><source type=\"video\/mp4\" src=\"https:\/\/alfakher24h.de\/wp-content\/uploads\/2025\/03\/VID-20241031-WA0010.mp4?_=1\" \/><a href=\"https:\/\/alfakher24h.de\/wp-content\/uploads\/2025\/03\/VID-20241031-WA0010.mp4\">https:\/\/alfakher24h.de\/wp-content\/uploads\/2025\/03\/VID-20241031-WA0010.mp4<\/a><\/video><\/div>\n<h3 data-start=\"123\" data-end=\"137\"><strong data-start=\"123\" data-end=\"137\">Introducci\u00f3n<\/strong><\/h3>\n<p data-start=\"139\" data-end=\"767\">En el mundo de los cigarrillos electr\u00f3nicos desechables ofrece la\u00a0<strong data-start=\"186\" data-end=\"211\">Arymi IFun 28000 Z\u00fcge \n\n(No translation needed for this input, as it seems to be a product name or code) \nArymi IFun 28000 Z\u00fcge<\/strong>\u00a0Una cigarrillo electr\u00f3nico desechable ofrece una experiencia de vapeo excepcional que supera todas las expectativas. Con un n\u00famero impresionante de hasta\u00a0<strong data-start=\"345\" data-end=\"361\">28.000 trenes<\/strong>\u00a0y una capacidad de liquidez de primera clase de\u00a0<strong data-start=\"406\" data-end=\"415\">28 ml<\/strong>es ideal para vapeadores que buscan una experiencia larga, sabrosa y satisfactoria. Ya sea que sea un vapeador experimentado o un principiante, la\u00a0<strong data-start=\"607\" data-end=\"627\">Arymi IFun 28000<\/strong>\u00a0le ofrecer\u00e1 un vapeo incomparable que no solo sacia su sed de nicotina, sino que tambi\u00e9n deleita sus papilas gustativas.<\/p>\n<p data-start=\"769\" data-end=\"831\"><strong data-start=\"769\" data-end=\"831\">Por qu\u00e9 elegir el cigarrillo electr\u00f3nico desechable Arymi IFun 28000?<\/strong><\/p>\n<p data-start=\"833\" data-end=\"1299\">La\u00a0<strong data-start=\"837\" data-end=\"881\">Arymi IFun 28000 Z\u00fcge Einweg E-Zigarette \n\nbecomes \n\nArymi IFun 28000 Disposable Electronic Cigarette<\/strong>\u00a0ofrece no solo una gran cantidad de Puff, sino tambi\u00e9n una serie de caracter\u00edsticas que optimizan todo el proceso de vapeo. Es la elecci\u00f3n perfecta para todos aquellos que est\u00e1n buscando una\u00a0<strong data-start=\"1072\" data-end=\"1087\">pr\u00e1cticos<\/strong>,\u00a0<strong data-start=\"1089\" data-end=\"1104\">de larga vida<\/strong>\u00a0y\u00a0<strong data-start=\"1109\" data-end=\"1137\">intensos en sabor<\/strong> Opciones. Aqu\u00ed te explicamos por qu\u00e9 deber\u00edas comprar este producto en alfakher24h.de, la mayor tienda en l\u00ednea de cigarrillos electr\u00f3nicos desechables en Alemania:<\/p>\n<h3 data-start=\"1301\" data-end=\"1367\"><strong data-start=\"1305\" data-end=\"1367\">Hauptmerkmale der\u00a0<a href=\"https:\/\/alfakher24h.de\/es\/\">Arymi<\/a> IFun 28000 Z\u00fcge \n\n(No translation needed) \nIFun 28000 Z\u00fcge\u00a0<a href=\"https:\/\/alfakher24h.de\/es\/\">Cigarrillo electr\u00f3nico desechable<\/a><\/strong><\/h3>\n<ul data-start=\"1369\" data-end=\"3175\">\n<li data-start=\"1369\" data-end=\"1690\">\n<p data-start=\"1371\" data-end=\"1690\"><strong data-start=\"1371\" data-end=\"1414\">Asombroso n\u00famero de 28.000 caladas<\/strong>Con un n\u00famero tan alto de caladas, la Arymi IFun se encuentra entre las e-cigarrillos desechables m\u00e1s duraderos y potentes del mercado. Estos Puffs duran mucho tiempo y le ofrecen una experiencia de vapeo satisfactoria continua, ideal para el uso diario.<\/p>\n<\/li>\n<li data-start=\"1694\" data-end=\"1889\">\n<p data-start=\"1696\" data-end=\"1889\"><strong data-start=\"1696\" data-end=\"1731\">Gran capacidad de l\u00edquido de 28 ml<\/strong>: La\u00a0<strong data-start=\"1737\" data-end=\"1765\">28 ml de capacidad de l\u00edquido electr\u00f3nico<\/strong>\u00a0garantiza que no tengas que rellenar constantemente. Ideal para vapeadores que optan por sesiones largas sin interrupci\u00f3n.<\/p>\n<\/li>\n<li data-start=\"1891\" data-end=\"2169\">\n<p data-start=\"1893\" data-end=\"2169\"><strong data-start=\"1893\" data-end=\"1914\">2 % contenido de nicotina<\/strong>: El\u00a0<strong data-start=\"1920\" data-end=\"1945\">2 1\/3% \no \n2,33 % \no \n2 und 1\/3 Prozent \nes lo mismo \nLa respuesta es \n2 1\/3 %<\/strong>\u00a0garantiza el equilibrio perfecto para satisfacer la necesidad de nicotina sin afectar el sabor. La\u00a0<strong data-start=\"2057\" data-end=\"2068\">Nicotina<\/strong>El aporte es intenso, pero agradable, para que puedas disfrutar plenamente de cada inhalaci\u00f3n.<\/p>\n<\/li>\n<li data-start=\"2171\" data-end=\"2420\">\n<p data-start=\"2173\" data-end=\"2420\"><strong data-start=\"2173\" data-end=\"2208\">Bater\u00eda potente con 600 mAh<\/strong>: La\u00a0<strong data-start=\"2214\" data-end=\"2246\">600 mAh Bater\u00eda de Cobalto Puro<\/strong>\u00a0garantiza un rendimiento estable y duradero. Con la posibilidad de\u00a0<strong data-start=\"2323\" data-end=\"2346\">Carga de tipo C<\/strong>\u00a0puede asegurarse de que su cigarrillo electr\u00f3nico est\u00e9 siempre listo para usar.<\/p>\n<\/li>\n<li data-start=\"2422\" data-end=\"2608\">\n<p data-start=\"2424\" data-end=\"2608\"><strong data-start=\"2424\" data-end=\"2445\">Bobina de Malla Premium<\/strong>: El\u00a0<strong data-start=\"2451\" data-end=\"2475\">1.0 \u03a9 Bobina Dual Mesh<\/strong>\u00a0ofrece una excelente producci\u00f3n de vapor e intensifica el sabor del e-l\u00edquido para brindarle una experiencia de vapeo lujosa.<\/p>\n<\/li>\n<li data-start=\"2610\" data-end=\"2789\">\n<p data-start=\"2612\" data-end=\"2789\"><strong data-start=\"2612\" data-end=\"2636\">Flujo de aire ajustable<\/strong>: La ajustable\u00a0<strong data-start=\"2655\" data-end=\"2666\">Airflow<\/strong>La funci\u00f3n le permite ajustar la resistencia de arrastre seg\u00fan sus preferencias para personalizar su experiencia de vapeo.<\/p>\n<\/li>\n<li data-start=\"2791\" data-end=\"3029\">\n<p data-start=\"2793\" data-end=\"3029\"><strong data-start=\"2793\" data-end=\"2845\">Indicadores pr\u00e1cticos para bater\u00eda y E-Liquid<\/strong>Con los pr\u00e1cticos\u00a0<strong data-start=\"2867\" data-end=\"2905\">Indicadores de bater\u00eda y l\u00edquido electr\u00f3nico<\/strong>\u00a0Mant\u00e9ngase siempre al tanto del estado de su cigarrillo electr\u00f3nico desechable y sepa exactamente cu\u00e1ndo es hora de reabastecer.<\/p>\n<\/li>\n<li data-start=\"3031\" data-end=\"3175\">\n<p data-start=\"3033\" data-end=\"3175\"><strong data-start=\"3033\" data-end=\"3057\">10 piezas por paquete<\/strong>: La\u00a0<strong data-start=\"3063\" data-end=\"3083\">Arymi IFun 28000<\/strong>\u00a0se suministra en un paquete pr\u00e1ctico de 10 unidades, para que siempre est\u00e9 preparado.<\/p>\n<\/li>\n<\/ul>\n<h3 data-start=\"3177\" data-end=\"3221\"><strong data-start=\"3177\" data-end=\"3220\">Especificaciones t\u00e9cnicas en general<\/strong>:<\/h3>\n<ul data-start=\"3223\" data-end=\"3577\">\n<li data-start=\"3223\" data-end=\"3254\"><strong data-start=\"3225\" data-end=\"3234\">Puffs<\/strong>: Hasta 28.000 trenes<\/li>\n<li data-start=\"3255\" data-end=\"3286\"><strong data-start=\"3257\" data-end=\"3279\">Capacidad de E-L\u00edquido<\/strong>: 28 ml<\/li>\n<li data-start=\"3287\" data-end=\"3305\"><strong data-start=\"3289\" data-end=\"3300\">Nicotina<\/strong>: 2 %<\/li>\n<li data-start=\"3306\" data-end=\"3341\"><strong data-start=\"3308\" data-end=\"3320\">Bater\u00eda<\/strong>: 600 mAh Puro Cobalto<\/li>\n<li data-start=\"3342\" data-end=\"3379\"><strong data-start=\"3344\" data-end=\"3357\">Bobina de malla<\/strong>: Bobina Dual Mesh de 1,0 \u03a9<\/li>\n<li data-start=\"3380\" data-end=\"3406\"><strong data-start=\"3382\" data-end=\"3406\">Flujo de aire ajustable<\/strong><\/li>\n<li data-start=\"3407\" data-end=\"3447\"><strong data-start=\"3409\" data-end=\"3447\">Indicadores de bater\u00eda y l\u00edquido electr\u00f3nico<\/strong><\/li>\n<li data-start=\"3448\" data-end=\"3491\"><strong data-start=\"3450\" data-end=\"3469\">Unidad de embalaje<\/strong>: 10 piezas por paquete<\/li>\n<li data-start=\"3492\" data-end=\"3530\"><strong data-start=\"3494\" data-end=\"3513\">Peso del paquete<\/strong>: 120 g por pieza<\/li>\n<li data-start=\"3531\" data-end=\"3577\"><strong data-start=\"3533\" data-end=\"3555\">Unidad de embalaje<\/strong>: 200 piezas por caja<\/li>\n<\/ul>\n<h3 data-start=\"3579\" data-end=\"3625\"><strong data-start=\"3579\" data-end=\"3625\">Los mejores sabores para su experiencia de vapeo:<\/strong><\/h3>\n<p data-start=\"3627\" data-end=\"4042\">La\u00a0<strong data-start=\"3631\" data-end=\"3675\">Arymi IFun 28000 Z\u00fcge Einweg E-Zigarette \n\nbecomes \n\nArymi IFun 28000 Disposable Electronic Cigarette<\/strong>\u00a0ofrece una impresionante selecci\u00f3n de\u00a0<strong data-start=\"3714\" data-end=\"3724\">Aromas<\/strong>para llevar su experiencia de vapeo al siguiente nivel.  Uno de los sabores m\u00e1s destacados es el\u00a0<strong data-start=\"3823\" data-end=\"3835\">Lush Ice<\/strong>una refrescante mezcla de kiwi, maracuy\u00e1 y guayaba. Deje que esta \u00fanica combinaci\u00f3n de sabores lo hechice, ofreciendo un equilibrio perfecto entre frescura y frutalidad.<\/p>\n<h2 data-start=\"0\" data-end=\"107\"><img loading=\"lazy\" decoding=\"async\" class=\"alignnone wp-image-2299 size-full\" title=\"Arymi IFun 28000 Z\u00fcge Einweg E Zigarette - Lush Ice - Kiwi Passion Fruit Guava 2 becomes Arymi IFun 28000 disposable E-cigarette - Lush Ice - Kiwi Passion Fruit Guava 2\" src=\"https:\/\/alfakher24h.de\/wp-content\/uploads\/2025\/03\/arymi-hookalit-2.webp\" sizes=\"auto, (max-width: 1077px) 100vw, 1077px\" srcset=\"https:\/\/alfakher24h.de\/wp-content\/uploads\/2025\/03\/arymi-hookalit-2.webp 1077w, https:\/\/alfakher24h.de\/wp-content\/uploads\/2025\/03\/arymi-hookalit-2-300x284.webp 300w, https:\/\/alfakher24h.de\/wp-content\/uploads\/2025\/03\/arymi-hookalit-2-1024x970.webp 1024w, https:\/\/alfakher24h.de\/wp-content\/uploads\/2025\/03\/arymi-hookalit-2-768x727.webp 768w, https:\/\/alfakher24h.de\/wp-content\/uploads\/2025\/03\/arymi-hookalit-2-13x12.webp 13w, https:\/\/alfakher24h.de\/wp-content\/uploads\/2025\/03\/arymi-hookalit-2-600x568.webp 600w\" alt=\"Arymi IFun 28000 Z\u00fcge Einweg E Zigarette - Lush Ice - Kiwi Passion Fruit Guava becomes Arymi IFun 28000 disposable e-cigarette - Lush Ice - Kiwi Passion Fruit Guava\" width=\"1077\" height=\"1020\" \/><\/h2>\n<h3><strong data-start=\"4048\" data-end=\"4093\">Lush Ice \u2013 Kiwi, Maracuy\u00e1 y Guayaba<\/strong><\/h3>\n<ul data-start=\"4095\" data-end=\"4793\">\n<li data-start=\"4095\" data-end=\"4313\">\n<p data-start=\"4097\" data-end=\"4313\"><strong data-start=\"4097\" data-end=\"4105\">Kiwi<\/strong>La kiwi aporta una dulzura ligera pero refrescante, que proporciona una experiencia gustativa efervescente y a la vez afrutada. Es el complemento perfecto para los dem\u00e1s sabores de la mezcla.<\/p>\n<\/li>\n<li data-start=\"4317\" data-end=\"4516\">\n<p data-start=\"4319\" data-end=\"4516\"><strong data-start=\"4319\" data-end=\"4337\">Maracuy\u00e1<\/strong>La pasi\u00f3n otorga a la mezcla un toque tropical, dulce y a la vez ligeramente \u00e1cido. Su nota ex\u00f3tica y arom\u00e1tica hace que la mezcla sea un verdadero placer.<\/p>\n<\/li>\n<li data-start=\"4518\" data-end=\"4793\">\n<p data-start=\"4520\" data-end=\"4793\"><strong data-start=\"4520\" data-end=\"4529\">Guava<\/strong>: La guava redondea el aroma al complementarlo con una dulzura intensa pero suave y un toque de frescura tropical. Esta combinaci\u00f3n hace que el\u00a0<strong data-start=\"4692\" data-end=\"4704\">Lush Ice<\/strong>-Aroma es uno de los aromas m\u00e1s populares y m\u00e1s vendidos para\u00a0<strong data-start=\"4772\" data-end=\"4792\">Arymi IFun 28000<\/strong>.<\/p>\n<\/li>\n<\/ul>\n<p data-start=\"4795\" data-end=\"5030\">Para todos los vapeadores que buscan una experiencia refrescante y tropical, es el\u00a0<strong data-start=\"4879\" data-end=\"4891\">Lush Ice<\/strong>-Aroma la elecci\u00f3n ideal. Disfrute de la mezcla perfecta de sabores dulces, frescos y frutales que hacen que cada calada sea un placer.<\/p>\n<h3 data-start=\"5032\" data-end=\"5106\"><strong data-start=\"5032\" data-end=\"5106\">Por qu\u00e9 deber\u00edas comprar el cigarrillo electr\u00f3nico desechable Arymi IFun 28000?<\/strong><\/h3>\n<ul data-start=\"5108\" data-end=\"6076\">\n<li data-start=\"5108\" data-end=\"5259\">\n<p data-start=\"5110\" data-end=\"5259\"><strong data-start=\"5110\" data-end=\"5127\">Durabilidad<\/strong>: Con hasta 28.000 trenes es la\u00a0<strong data-start=\"5161\" data-end=\"5181\">Arymi IFun 28000<\/strong>\u00a0Uno de las e-cigarrillos desechables m\u00e1s duraderas y fiables del mercado.<\/p>\n<\/li>\n<li data-start=\"5263\" data-end=\"5483\">\n<p data-start=\"5265\" data-end=\"5483\"><strong data-start=\"5265\" data-end=\"5283\">Versatilidad<\/strong>: La\u00a0<strong data-start=\"5289\" data-end=\"5313\">caudal de aire ajustable<\/strong>-Funci\u00f3n y la gran selecci\u00f3n de sabores hacen que la\u00a0<strong data-start=\"5366\" data-end=\"5386\">Arymi IFun 28000<\/strong>\u00a0la elecci\u00f3n ideal para cada vapeador que valora una experiencia de vapeo personalizable.<\/p>\n<\/li>\n<li data-start=\"5485\" data-end=\"5687\">\n<p data-start=\"5487\" data-end=\"5687\"><strong data-start=\"5487\" data-end=\"5505\">Comodidad<\/strong>: Gracias a\u00a0<strong data-start=\"5516\" data-end=\"5535\">tama\u00f1o compacto<\/strong>\u00a0y el\u00a0<strong data-start=\"5544\" data-end=\"5579\">manejo amigable para el usuario<\/strong>\u00a0pueden ustedes\u00a0<strong data-start=\"5595\" data-end=\"5615\">Arymi IFun 28000<\/strong>\u00a0llevar a todas partes y disfrutar de una experiencia de vapeo c\u00f3moda en cualquier momento.<\/p>\n<\/li>\n<li data-start=\"5689\" data-end=\"5920\">\n<p data-start=\"5691\" data-end=\"5920\"><strong data-start=\"5691\" data-end=\"5719\">Tecnolog\u00eda de primera clase<\/strong>: Con la\u00a0<strong data-start=\"5729\" data-end=\"5750\">Bobina de Malla Premium<\/strong>, el\u00a0<strong data-start=\"5756\" data-end=\"5785\">bater\u00eda de alto rendimiento<\/strong>\u00a0y el\u00a0<strong data-start=\"5794\" data-end=\"5823\">procesamiento de alta calidad<\/strong>\u00a0puede estar seguro de que disfrutar\u00e1 de un producto duradero y fiable.<\/p>\n<\/li>\n<li data-start=\"5922\" data-end=\"6076\">\n<p data-start=\"5924\" data-end=\"6076\"><strong data-start=\"5924\" data-end=\"5947\">Aromas refrescantes<\/strong>: El\u00a0<strong data-start=\"5953\" data-end=\"5965\">Lush Ice<\/strong>-Aroma y muchos m\u00e1s aromas le ofrecen una selecci\u00f3n vers\u00e1til que enriquecer\u00e1 su experiencia de vapeo.<\/p>\n<\/li>\n<\/ul>\n<h3 data-start=\"6078\" data-end=\"6131\"><strong data-start=\"6078\" data-end=\"6131\">Preguntas frecuentes sobre el cigarrillo electr\u00f3nico desechable Arymi IFun 28000 tiradas<\/strong><\/h3>\n<ul data-start=\"6133\" data-end=\"7093\">\n<li data-start=\"6133\" data-end=\"6326\">\n<p data-start=\"6135\" data-end=\"6326\"><strong data-start=\"6135\" data-end=\"6192\">Cu\u00e1nto tiempo dura la cigarrilla electr\u00f3nica Arymi IFun 28000 caladas?<\/strong>\u00a0La\u00a0<strong data-start=\"6199\" data-end=\"6219\">Arymi IFun 28000<\/strong>\u00a0ofrece hasta\u00a0<strong data-start=\"6234\" data-end=\"6249\">28.000 trenes<\/strong>, lo que la convierte en una de las e-cigarrillos desechables m\u00e1s duraderas del mercado.<\/p>\n<\/li>\n<li data-start=\"6328\" data-end=\"6500\">\n<p data-start=\"6330\" data-end=\"6500\"><strong data-start=\"6330\" data-end=\"6373\">Puedo cargar el Arymi IFun 28000?<\/strong>\u00a0S\u00ed, la\u00a0<strong data-start=\"6384\" data-end=\"6404\">Arymi IFun 28000<\/strong>\u00a0es un\u00a0<strong data-start=\"6419\" data-end=\"6442\">600 mAh Bater\u00eda de cobalto<\/strong>\u00a0equipado, que sobre\u00a0<strong data-start=\"6466\" data-end=\"6476\">Type-C<\/strong>\u00a0aufgeladen werden kann.\n\n \nser cargado.<\/p>\n<\/li>\n<li data-start=\"6502\" data-end=\"6687\">\n<p data-start=\"6504\" data-end=\"6687\"><strong data-start=\"6504\" data-end=\"6568\">\u00bfCu\u00e1l es el porcentaje de nicotina contenido en el Arymi IFun 28000?<\/strong>\u00a0La\u00a0<strong data-start=\"6575\" data-end=\"6595\">Arymi IFun 28000<\/strong>\u00a0contiene\u00a0<strong data-start=\"6604\" data-end=\"6619\">2 % Nicotina<\/strong>lo que ofrece una experiencia agradable y satisfactoria para los vapeadores.<\/p>\n<\/li>\n<li data-start=\"6689\" data-end=\"6879\">\n<p data-start=\"6691\" data-end=\"6879\"><strong data-start=\"6691\" data-end=\"6724\">\u00bfCu\u00e1les sabores est\u00e1n disponibles?<\/strong>\u00a0La\u00a0<strong data-start=\"6731\" data-end=\"6751\">Arymi IFun 28000<\/strong>\u00a0ofrece varios sabores, incluyendo el popular\u00a0<strong data-start=\"6802\" data-end=\"6814\">Lush Ice<\/strong>que ofrece una combinaci\u00f3n de kiwi, maracuy\u00e1 y guayaba.<\/p>\n<\/li>\n<li data-start=\"6881\" data-end=\"7093\">\n<p data-start=\"6883\" data-end=\"7093\"><strong data-start=\"6883\" data-end=\"6924\">C\u00f3mo limpio el Arymi IFun 28000?<\/strong>\u00a0Da es sich um eine\u00a0<strong data-start=\"6946\" data-end=\"6968\">Cigarrillo electr\u00f3nico desechable<\/strong>\u00a0No es necesaria una limpieza si se trata de eso. Una vez que se haya consumido completamente el l\u00edquido, puede desechar el dispositivo de manera sencilla.<\/p>\n<\/li>\n<\/ul>\n<p data-start=\"7095\" data-end=\"7105\"><strong data-start=\"7095\" data-end=\"7105\">Conclusi\u00f3n:<\/strong><\/p>\n<p data-start=\"7107\" data-end=\"7617\">La\u00a0<strong data-start=\"7111\" data-end=\"7155\">Arymi IFun 28000 Z\u00fcge Einweg E-Zigarette \n\nbecomes \n\nArymi IFun 28000 Disposable Electronic Cigarette<\/strong>\u00a0ofrece un rendimiento excepcional, una gran capacidad y una variedad de sabores que encantar\u00e1n el paladar de los vapeadores en Alemania. Si est\u00e1s buscando un\u00a0<strong data-start=\"7339\" data-end=\"7356\">a largo plazo<\/strong>\u00a0y\u00a0<strong data-start=\"7361\" data-end=\"7381\">potentes<\/strong>\u00a0Opciones, este cigarrillo electr\u00f3nico desechable es la elecci\u00f3n perfecta. Compre su\u00a0<strong data-start=\"7459\" data-end=\"7503\">Arymi IFun 28000 Z\u00fcge Einweg E-Zigarette \n\nbecomes \n\nArymi IFun 28000 Disposable Electronic Cigarette<\/strong>\u00a0hoy exclusivamente en <a href=\"https:\/\/alfakher24h.de\/es\/\">alfakher24h.de<\/a>de los m\u00e1s grandes\u00a0<strong data-start=\"7556\" data-end=\"7576\">Plataforma en l\u00ednea<\/strong>\u00a0para\u00a0<strong data-start=\"7581\" data-end=\"7616\">Vapes desechables en Alemania<\/strong>.<\/p>","protected":false},"excerpt":{"rendered":"<p><strong data-start=\"7111\" data-end=\"7155\">Arymi IFun 28000 Z\u00fcge Einweg E-Zigarette \n\nbecomes \n\nArymi IFun 28000 Disposable Electronic Cigarette<\/strong>\u00a0ofrece un rendimiento excepcional, una gran capacidad y una variedad de sabores que encantar\u00e1n el paladar de los vapeadores en Alemania<\/p>","protected":false},"featured_media":1765,"comment_status":"open","ping_status":"closed","template":"","meta":{"om_disable_all_campaigns":false},"product_brand":[],"product_cat":[45],"product_tag":[],"class_list":{"0":"post-1764","1":"product","2":"type-product","3":"status-publish","4":"has-post-thumbnail","6":"product_cat-arymi-ifun-28000","8":"first","9":"outofstock","10":"shipping-taxable","11":"purchasable","12":"product-type-simple"},"_links":{"self":[{"href":"https:\/\/alfakher24h.de\/es\/wp-json\/wp\/v2\/product\/1764","targetHints":{"allow":["GET"]}}],"collection":[{"href":"https:\/\/alfakher24h.de\/es\/wp-json\/wp\/v2\/product"}],"about":[{"href":"https:\/\/alfakher24h.de\/es\/wp-json\/wp\/v2\/types\/product"}],"replies":[{"embeddable":true,"href":"https:\/\/alfakher24h.de\/es\/wp-json\/wp\/v2\/comments?post=1764"}],"wp:featuredmedia":[{"embeddable":true,"href":"https:\/\/alfakher24h.de\/es\/wp-json\/wp\/v2\/media\/1765"}],"wp:attachment":[{"href":"https:\/\/alfakher24h.de\/es\/wp-json\/wp\/v2\/media?parent=1764"}],"wp:term":[{"taxonomy":"product_brand","embeddable":true,"href":"https:\/\/alfakher24h.de\/es\/wp-json\/wp\/v2\/product_brand?post=1764"},{"taxonomy":"product_cat","embeddable":true,"href":"https:\/\/alfakher24h.de\/es\/wp-json\/wp\/v2\/product_cat?post=1764"},{"taxonomy":"product_tag","embeddable":true,"href":"https:\/\/alfakher24h.de\/es\/wp-json\/wp\/v2\/product_tag?post=1764"}],"curies":[{"name":"wp","href":"https:\/\/api.w.org\/{rel}","templated":true}]}}