{"id":1762,"date":"2025-03-11T05:43:45","date_gmt":"2025-03-11T05:43:45","guid":{"rendered":"https:\/\/alfakher24h.de\/?post_type=product&#038;p=1762"},"modified":"2025-07-12T13:27:56","modified_gmt":"2025-07-12T13:27:56","slug":"httperror-response-code-429-too-many-requests-22","status":"publish","type":"product","link":"https:\/\/alfakher24h.de\/es\/producto\/httperror-response-code-429-too-many-requests-22\/","title":{"rendered":"Arymi IFun 28000 Z\u00fcge Einweg E Zigarette \u2013 Blueberry Raspberry \u2013 Mojito \n\nbecomes \n\nArymi IFun 28000 Z\u00fcge Disposable E-Cigarette \u2013 Blueberry Raspberry \u2013 Mojito"},"content":{"rendered":"<h2 data-start=\"0\" data-end=\"92\"><strong data-start=\"0\" data-end=\"92\"><a href=\"https:\/\/alfakher24h.de\/es\/\">Arymi IFun 28000 Z\u00fcge\u00a0Einweg E-Zigarette \n\nbecomes \n\nArymi IFun 28000 tiradas  Cigarrillo electr\u00f3nico desechable<\/a> La experiencia definitiva de vapeo en Alemania<\/strong><\/h2>\n<div style=\"width: 848px;\" class=\"wp-video\"><video class=\"wp-video-shortcode\" id=\"video-1762-1\" width=\"848\" height=\"478\" preload=\"metadata\" controls=\"controls\"><source type=\"video\/mp4\" src=\"https:\/\/alfakher24h.de\/wp-content\/uploads\/2025\/03\/VID-20241031-WA0010.mp4?_=1\" \/><a href=\"https:\/\/alfakher24h.de\/wp-content\/uploads\/2025\/03\/VID-20241031-WA0010.mp4\">https:\/\/alfakher24h.de\/wp-content\/uploads\/2025\/03\/VID-20241031-WA0010.mp4<\/a><\/video><\/div>\n<p data-start=\"94\" data-end=\"675\">La\u00a0<strong data-start=\"98\" data-end=\"142\">Arymi IFun 28000 Z\u00fcge \n\n(No translation needed for this input, as it seems to be a product name or code) \nArymi IFun 28000 Z\u00fcge <a href=\"https:\/\/alfakher24h.de\/es\/\">Cigarrillo electr\u00f3nico desechable<\/a><\/strong>\u00a0es una de las \u00faltimas innovaciones en el mercado y proporciona una experiencia de vapeo excepcional que supera todas las expectativas. Con un n\u00famero impresionante de\u00a0<strong data-start=\"315\" data-end=\"331\">28.000 trenes<\/strong> y una variedad de funciones de alta calidad, este dispositivo ofrece un rendimiento sin precedentes que te dejar\u00e1 impresionado. En este art\u00edculo, aprender\u00e1s todo lo que necesitas saber sobre este producto sobresaliente y por qu\u00e9 vale la pena comprarlo en alfakher24h.de, tu mayor tienda en l\u00ednea de cigarrillos electr\u00f3nicos desechables en Alemania.<\/p>\n<hr data-start=\"677\" data-end=\"680\" \/>\n<h3 data-start=\"682\" data-end=\"763\">Descripci\u00f3n detallada del producto de la cigarrilla electr\u00f3nica desechable Arymi IFun 28000 caladas<\/h3>\n<p data-start=\"765\" data-end=\"1293\">La\u00a0<strong data-start=\"769\" data-end=\"813\">Arymi IFun 28000 Z\u00fcge Einweg E-Zigarette \n\nbecomes \n\nArymi IFun 28000 Disposable Electronic Cigarette<\/strong>\u00a0fue desarrollado espec\u00edficamente para vapeadores exigentes que buscan una experiencia duradera, potente y sabrosa. Con una\u00a0<strong data-start=\"951\" data-end=\"983\">Capacidad de E-L\u00edquido de 28 ml<\/strong>\u00a0y uno\u00a0<strong data-start=\"994\" data-end=\"1019\">Contenido de nicotina de 2 %<\/strong>\u00a0Ofrece no solo una larga vida \u00fatil, sino tambi\u00e9n una experiencia de vapeo agradable y con nicotina. Es el compa\u00f1ero ideal para todos aquellos que desean un dispositivo de alta calidad, f\u00e1cil de usar y que se adapte perfectamente al uso diario.<\/p>\n<p data-start=\"1295\" data-end=\"1773\">Gracias a\u00a0<strong data-start=\"1304\" data-end=\"1329\">1,0 \u03a9 Bobinas Dual Mesh<\/strong>\u00a0y el\u00a0<strong data-start=\"1338\" data-end=\"1373\">funci\u00f3n de flujo de aire ajustable<\/strong>\u00a0pueden personalizar sus bocanales seg\u00fan sus preferencias y obtener la experiencia de vapeo deseada. La\u00a0<strong data-start=\"1467\" data-end=\"1492\">Tecnolog\u00eda de bobina de malla<\/strong>\u00a0produce un vapor intenso y uniforme que despliega los aromas en todo su esplendor. Ya sea que seas un vapeador experimentado o que acabes de empezar,\u00a0<strong data-start=\"1658\" data-end=\"1702\">Arymi IFun 28000 Z\u00fcge Einweg E-Zigarette \n\nbecomes \n\nArymi IFun 28000 Disposable Electronic Cigarette<\/strong>\u00a0ofrece todo lo que necesita para una experiencia sobresaliente.<\/p>\n<hr data-start=\"1775\" data-end=\"1778\" \/>\n<h3 data-start=\"1780\" data-end=\"1841\">Caracter\u00edsticas clave de Arymi IFun 28000 tiradas\u00a0<a href=\"https:\/\/alfakher24h.de\/es\/\">Cigarrillo electr\u00f3nico desechable<\/a><\/h3>\n<ul data-start=\"1843\" data-end=\"3054\">\n<li data-start=\"1843\" data-end=\"1979\"><strong data-start=\"1845\" data-end=\"1884\">Impresionante cantidad de bocanegra (28.000 caladas)<\/strong>Con hasta 28.000 caladas tiene suficiente suministro para semanas o incluso meses, dependiendo del uso.<\/li>\n<li data-start=\"1980\" data-end=\"2207\"><strong data-start=\"1982\" data-end=\"2036\">Bater\u00eda recargable con conector de carga tipo C<\/strong>: Disfrute de un rendimiento constante gracias a la recargable\u00a0<strong data-start=\"2102\" data-end=\"2129\">Bater\u00eda de cobalto de 600 mAh<\/strong>. El\u00a0<strong data-start=\"2135\" data-end=\"2159\">Conector de carga tipo C<\/strong>\u00a0Permite una carga r\u00e1pida y sencilla.<\/li>\n<li data-start=\"2208\" data-end=\"2333\"><strong data-start=\"2210\" data-end=\"2238\">30 ml de capacidad de l\u00edquido electr\u00f3nico<\/strong>: Con una capacidad de 28 ml de l\u00edquido electr\u00f3nico, obtiene una cantidad generosa para vapear ininterrumpidamente.<\/li>\n<li data-start=\"2334\" data-end=\"2494\"><strong data-start=\"2336\" data-end=\"2382\">Bobina de malla premium para un sabor intenso<\/strong>: El\u00a0<strong data-start=\"2388\" data-end=\"2406\">Bobina de doble malla<\/strong>\u00a0garantiza un vapor uniforme y completo, e intensifica el sabor de cada calada.<\/li>\n<li data-start=\"2495\" data-end=\"2670\"><strong data-start=\"2497\" data-end=\"2524\">Flujo de aire ajustable<\/strong>: Con la\u00a0<strong data-start=\"2534\" data-end=\"2570\">control de flujo de aire ajustable<\/strong>\u00a0Puede ajustar el suministro de aire a su gusto para obtener la experiencia de vapeo perfecta.<\/li>\n<li data-start=\"2671\" data-end=\"2852\"><strong data-start=\"2673\" data-end=\"2709\">Indicador de bater\u00eda y l\u00edquido electr\u00f3nico<\/strong>: Un pr\u00e1ctico\u00a0<strong data-start=\"2727\" data-end=\"2763\">Indicador de bater\u00eda y l\u00edquido electr\u00f3nico<\/strong>\u00a0Le mantiene siempre informado para que nunca se quede con la bater\u00eda vac\u00eda o sin l\u00edquido electr\u00f3nico.<\/li>\n<li data-start=\"2853\" data-end=\"3054\"><strong data-start=\"2855\" data-end=\"2873\">Tama\u00f1o compacto<\/strong>A pesar de su gran capacidad y numerosas funciones, el IFun 28000 es sorprendentemente compacto y ligero. Puede llevar el dispositivo c\u00f3modamente en su bolsillo y disfrutarlo en cualquier momento.<\/li>\n<\/ul>\n<hr data-start=\"3056\" data-end=\"3059\" \/>\n<h3 data-start=\"3061\" data-end=\"3128\">Experiencia gustativa de los cigarrillos electr\u00f3nicos desechables Arymi IFun 28000 trenes<\/h3>\n<p data-start=\"3130\" data-end=\"3476\">La\u00a0<strong data-start=\"3134\" data-end=\"3178\">Arymi IFun 28000 Z\u00fcge Einweg E-Zigarette \n\nbecomes \n\nArymi IFun 28000 Disposable Electronic Cigarette<\/strong>\u00a0ofrece una variedad de sabores deliciosos que deleitan los sentidos y convierten cada experiencia de vapeo en algo especial. Especialmente dignos de destacar son los \u00fanicos y populares\u00a0<strong data-start=\"3359\" data-end=\"3382\">Ar\u00e1ndano Frambuesa<\/strong>- y\u00a0<strong data-start=\"3388\" data-end=\"3398\">Mojito<\/strong>Sabores. Aqu\u00ed te contamos qu\u00e9 hace que estos aromas sean tan especiales:<\/p>\n<h4 data-start=\"3478\" data-end=\"3507\"><strong data-start=\"3483\" data-end=\"3506\">Ar\u00e1ndano Frambuesa<\/strong>:<\/h4>\n<p data-start=\"3508\" data-end=\"4027\">Este sabor es una verdadera explosi\u00f3n de sabor. El\u00a0<strong data-start=\"3565\" data-end=\"3607\">sabor fresco de ar\u00e1ndanos dulces<\/strong>\u00a0coincide con la nota refrescante de la\u00a0<strong data-start=\"3645\" data-end=\"3658\">Frambuesas<\/strong>lo que conduce a una experiencia de vapeo afrutada pero no demasiado dulce. La\u00a0<strong data-start=\"3732\" data-end=\"3746\">Ar\u00e1ndanos<\/strong>\u00a0proporcionan un dulzor ligero pero profundo, mientras que los\u00a0<strong data-start=\"3808\" data-end=\"3821\">Frambuesas<\/strong>\u00a0las yemas gustativas con un toque de frescura y tonos ligeramente \u00e1cidos. En conjunto, se obtiene una mezcla armoniosa de sabor a fruta que entusiasma una y otra vez a los amantes del vapeo.<\/p>\n<h4 data-start=\"4029\" data-end=\"4045\"><strong data-start=\"4034\" data-end=\"4044\">Mojito<\/strong>:<\/h4>\n<p data-start=\"4046\" data-end=\"4482\">Para los aficionados a aromas refrescantes y efervescentes es el\u00a0<strong data-start=\"4103\" data-end=\"4113\">Mojito<\/strong>el sabor la elecci\u00f3n perfecta. Esta mezcla combina los\u00a0<strong data-start=\"4173\" data-end=\"4190\">mmenta fresca<\/strong>el\u00a0<strong data-start=\"4196\" data-end=\"4226\">sabor a c\u00edtrico de lima<\/strong>\u00a0y un toque de\u00a0<strong data-start=\"4247\" data-end=\"4261\">Ca\u00f1a de az\u00facar<\/strong>\u00a0a un experiencia fresca, revitalizante y muy refrescante. Se siente como si estuvieras disfrutando de una verdadera bebida Mojito - solo sin alcohol, pero con el sabor intenso que trae el verano al invierno.<\/p>\n<h2 data-start=\"0\" data-end=\"91\"><img loading=\"lazy\" decoding=\"async\" class=\"alignnone wp-image-2302 size-full\" title=\"Arymi IFun 28000 Z\u00fcge Einweg E Zigarette - Blueberry Raspberry - Mojito 2 becomes Arymi IFun 28000 Z\u00fcge Disposable E-Cigarette - Blueberry Raspberry - Mojito 2\" src=\"https:\/\/alfakher24h.de\/wp-content\/uploads\/2025\/03\/all1.webp\" sizes=\"auto, (max-width: 904px) 100vw, 904px\" srcset=\"https:\/\/alfakher24h.de\/wp-content\/uploads\/2025\/03\/all1.webp 904w, https:\/\/alfakher24h.de\/wp-content\/uploads\/2025\/03\/all1-212x300.webp 212w, https:\/\/alfakher24h.de\/wp-content\/uploads\/2025\/03\/all1-723x1024.webp 723w, https:\/\/alfakher24h.de\/wp-content\/uploads\/2025\/03\/all1-768x1087.webp 768w, https:\/\/alfakher24h.de\/wp-content\/uploads\/2025\/03\/all1-8x12.webp 8w, https:\/\/alfakher24h.de\/wp-content\/uploads\/2025\/03\/all1-600x850.webp 600w\" alt=\"Arymi IFun 28000 Z\u00fcge Einweg E Zigarette - Ar\u00e1ndano Frambuesa - Mojito\" width=\"904\" height=\"1280\" \/><\/h2>\n<hr data-start=\"4635\" data-end=\"4638\" \/>\n<h3 data-start=\"4489\" data-end=\"4563\">Por qu\u00e9 deber\u00edas comprar el cigarrillo electr\u00f3nico desechable Arymi IFun 28000?<\/h3>\n<p data-start=\"4565\" data-end=\"4866\">La\u00a0<strong data-start=\"4569\" data-end=\"4613\">Arymi IFun 28000 Z\u00fcge Einweg E-Zigarette \n\nbecomes \n\nArymi IFun 28000 Disposable Electronic Cigarette<\/strong>\u00a0no solo ofrece\u00a0<strong data-start=\"4631\" data-end=\"4646\">28.000 trenes<\/strong>\u00a0y\u00a0<strong data-start=\"4651\" data-end=\"4669\">30 ml E-L\u00edquido<\/strong>sino tambi\u00e9n una variedad de beneficios adicionales que los convierten en la mejor opci\u00f3n para los entusiastas del vapeo. Aqu\u00ed hay algunas razones por las que deber\u00edas comprar este producto en alfakher24h.de:<\/p>\n<ol data-start=\"4868\" data-end=\"5841\">\n<li data-start=\"4868\" data-end=\"5060\"><strong data-start=\"4871\" data-end=\"4894\">Larga vida \u00fatil<\/strong>: Con hasta\u00a0<strong data-start=\"4907\" data-end=\"4923\">28.000 trenes<\/strong>\u00a0No tiene que preocuparse de que su dispositivo se agote demasiado r\u00e1pido. Esto hace que el IFun 28000 sea especialmente atractivo para los vapeadores intensivos.<\/li>\n<li data-start=\"5061\" data-end=\"5258\"><strong data-start=\"5064\" data-end=\"5087\">Manejo sencillo<\/strong>El dispositivo es\u00a0<strong data-start=\"5103\" data-end=\"5131\">no solo potente<\/strong>sino que tambi\u00e9n es f\u00e1cil de usar. Es ideal para todos aquellos que buscan una experiencia de vapeo sencilla, pr\u00e1ctica y sin preocupaciones.<\/li>\n<li data-start=\"5259\" data-end=\"5479\"><strong data-start=\"5262\" data-end=\"5284\">Aromas de alta calidad<\/strong>Con aromas exquisitos como\u00a0<strong data-start=\"5316\" data-end=\"5339\">Ar\u00e1ndano Frambuesa<\/strong>\u00a0y\u00a0<strong data-start=\"5344\" data-end=\"5354\">Mojito<\/strong>\u00a0Disfrute de una experiencia de sabor intensa y deliciosa que refresca sus sentidos y proporciona un placer duradero.<\/li>\n<li data-start=\"5480\" data-end=\"5677\"><strong data-start=\"5483\" data-end=\"5508\">Tecnolog\u00eda de \u00faltima generaci\u00f3n<\/strong>: Con la\u00a0<strong data-start=\"5518\" data-end=\"5531\">Bobina de malla<\/strong>\u00a0y el\u00a0<strong data-start=\"5540\" data-end=\"5576\">control de flujo de aire ajustable<\/strong>\u00a0Ofrece un rendimiento de primera categor\u00eda que no encontrar\u00e1 en ning\u00fan otro vapeador desechable.<\/li>\n<li data-start=\"5678\" data-end=\"5841\"><strong data-start=\"5681\" data-end=\"5706\">Perfecto para llevar<\/strong>: El tama\u00f1o compacto y la posibilidad de cargar c\u00f3modamente el dispositivo lo hacen el acompa\u00f1ante ideal para la vida diaria, los viajes y mucho m\u00e1s.<\/li>\n<\/ol>\n<hr data-start=\"5843\" data-end=\"5846\" \/>\n<h3 data-start=\"5848\" data-end=\"5882\">Preguntas frecuentes (FAQs)<\/h3>\n<p data-start=\"5884\" data-end=\"6066\"><strong data-start=\"5884\" data-end=\"5952\">1. \u00bfEs el cigarrillo electr\u00f3nico desechable Arymi IFun 28000 con nicotina?<\/strong>\u00a0S\u00ed, la\u00a0<strong data-start=\"5961\" data-end=\"5981\">Arymi IFun 28000<\/strong>\u00a0contiene\u00a0<strong data-start=\"5990\" data-end=\"6005\">2 % Nicotina<\/strong>Ideal para vapeadores que buscan un suministro de nicotina ligero.<\/p>\n<p data-start=\"6068\" data-end=\"6327\"><strong data-start=\"6068\" data-end=\"6120\">2. \u00bfCu\u00e1nto tiempo dura la bater\u00eda de la Arymi IFun 28000?<\/strong>\u00a0La bater\u00eda de la\u00a0<strong data-start=\"6134\" data-end=\"6154\">Arymi IFun 28000<\/strong>\u00a0con uno\u00a0<strong data-start=\"6169\" data-end=\"6196\">Bater\u00eda de cobalto de 600 mAh<\/strong>\u00a0equipados, que permiten hasta\u00a0<strong data-start=\"6226\" data-end=\"6241\">28.000 trenes<\/strong>\u00a0ausreicht. Das Ger\u00e4t kann bei Bedarf \u00fcber den\u00a0<strong data-start=\"6288\" data-end=\"6308\">Conexi\u00f3n tipo C<\/strong>\u00a0ser cargados.<\/p>\n<p data-start=\"6329\" data-end=\"6503\"><strong data-start=\"6329\" data-end=\"6372\">\u00bfCu\u00e1l es la capacidad del l\u00edquido electr\u00f3nico?<\/strong>\u00a0La\u00a0<strong data-start=\"6377\" data-end=\"6399\">Capacidad de E-L\u00edquido<\/strong>\u00a0del dispositivo betr\u00e4gt\u00a0<strong data-start=\"6419\" data-end=\"6428\">28 ml<\/strong>, lo que garantiza un uso prolongado sin necesidad de rellenarlo con frecuencia.<\/p>\n<p data-start=\"6505\" data-end=\"6660\"><strong data-start=\"6505\" data-end=\"6544\">4. \u00bfC\u00f3mo puedo cargar el dispositivo?<\/strong>\u00a0El dispositivo est\u00e1 equipado con un\u00a0<strong data-start=\"6569\" data-end=\"6593\">Conector de carga tipo C<\/strong>\u00a0equipado con un sistema que permite una carga r\u00e1pida y sencilla.<\/p>\n<p data-start=\"6662\" data-end=\"6865\"><strong data-start=\"6662\" data-end=\"6699\">5. \u00bfQu\u00e9 sabores est\u00e1n disponibles?<\/strong>\u00a0Derzeit bietet die\u00a0<strong data-start=\"6719\" data-end=\"6739\">Arymi IFun 28000<\/strong>\u00a0dos sabores populares:\u00a0<strong data-start=\"6762\" data-end=\"6785\">Ar\u00e1ndano Frambuesa<\/strong>\u00a0y\u00a0<strong data-start=\"6790\" data-end=\"6800\">Mojito<\/strong>Otras variedades podr\u00edan estar disponibles en el futuro.<\/p>\n<hr data-start=\"6867\" data-end=\"6870\" \/>\n<h3 data-start=\"6872\" data-end=\"6881\">Conclusi\u00f3n<\/h3>\n<p data-start=\"6883\" data-end=\"7489\">La\u00a0<strong data-start=\"6887\" data-end=\"6931\"><a href=\"https:\/\/alfakher24h.de\/es\/\">Arymi<\/a> IFun 28000 Z\u00fcge Einweg E-Zigarette \n\n se convierte en \n\nIFun 28000 Disposable Vape Cigarette<\/strong>\u00a0es un dispositivo potente, vers\u00e1til y f\u00e1cil de usar que entusiasma tanto a los vapeadores nuevos como a los experimentados. Con una\u00a0<strong data-start=\"7068\" data-end=\"7100\">Capacidad de E-L\u00edquido de 28 ml<\/strong>,\u00a0<strong data-start=\"7102\" data-end=\"7118\">28.000 trenes<\/strong>,\u00a0<strong data-start=\"7120\" data-end=\"7146\">bobina de malla de alta calidad<\/strong>\u00a0y\u00a0<strong data-start=\"7151\" data-end=\"7178\">caudal de aire ajustable<\/strong>\u00a0ofrece todo lo que necesitas para una experiencia de vapeo intensa y placentera. Descubre la experiencia de vapeo definitiva y compra la\u00a0<strong data-start=\"7339\" data-end=\"7383\">Arymi IFun 28000 Z\u00fcge Einweg E-Zigarette \n\nbecomes \n\nArymi IFun 28000 Disposable Electronic Cigarette<\/strong>\u00a0a\u00fan hoy en alfakher24h.de, su mayor tienda en l\u00ednea para\u00a0<strong data-start=\"7450\" data-end=\"7488\">E-cigarrillos desechables en Alemania<\/strong>.<\/p>","protected":false},"excerpt":{"rendered":"<p><strong data-start=\"6887\" data-end=\"6931\">Arymi IFun 28000 Z\u00fcge Einweg E-Zigarette \n\nbecomes \n\nArymi IFun 28000 Disposable Electronic Cigarette<\/strong>\u00a0es un dispositivo potente, vers\u00e1til y f\u00e1cil de usar que entusiasma tanto a los vapeadores nuevos como a los experimentados. Con una\u00a0<strong data-start=\"7068\" data-end=\"7100\">Capacidad de E-L\u00edquido de 28 ml<\/strong>,\u00a0<strong data-start=\"7102\" data-end=\"7118\">28.000 trenes<\/strong>,\u00a0<strong data-start=\"7120\" data-end=\"7146\">bobina de malla de alta calidad<\/strong>\u00a0y\u00a0<strong data-start=\"7151\" data-end=\"7178\">caudal de aire ajustable<\/strong>\u00a0ofrece todo lo que necesitas para una experiencia de vapeo intensa y placentera. Descubre la experiencia de vapeo definitiva y compra la\u00a0<strong data-start=\"7339\" data-end=\"7383\">Arymi IFun 28000 Z\u00fcge Einweg E-Zigarette \n\nbecomes \n\nArymi IFun 28000 Disposable Electronic Cigarette<\/strong><\/p>","protected":false},"featured_media":1763,"comment_status":"open","ping_status":"closed","template":"","meta":{"om_disable_all_campaigns":false},"product_brand":[],"product_cat":[45],"product_tag":[],"class_list":{"0":"post-1762","1":"product","2":"type-product","3":"status-publish","4":"has-post-thumbnail","6":"product_cat-arymi-ifun-28000","8":"first","9":"outofstock","10":"shipping-taxable","11":"purchasable","12":"product-type-simple"},"_links":{"self":[{"href":"https:\/\/alfakher24h.de\/es\/wp-json\/wp\/v2\/product\/1762","targetHints":{"allow":["GET"]}}],"collection":[{"href":"https:\/\/alfakher24h.de\/es\/wp-json\/wp\/v2\/product"}],"about":[{"href":"https:\/\/alfakher24h.de\/es\/wp-json\/wp\/v2\/types\/product"}],"replies":[{"embeddable":true,"href":"https:\/\/alfakher24h.de\/es\/wp-json\/wp\/v2\/comments?post=1762"}],"wp:featuredmedia":[{"embeddable":true,"href":"https:\/\/alfakher24h.de\/es\/wp-json\/wp\/v2\/media\/1763"}],"wp:attachment":[{"href":"https:\/\/alfakher24h.de\/es\/wp-json\/wp\/v2\/media?parent=1762"}],"wp:term":[{"taxonomy":"product_brand","embeddable":true,"href":"https:\/\/alfakher24h.de\/es\/wp-json\/wp\/v2\/product_brand?post=1762"},{"taxonomy":"product_cat","embeddable":true,"href":"https:\/\/alfakher24h.de\/es\/wp-json\/wp\/v2\/product_cat?post=1762"},{"taxonomy":"product_tag","embeddable":true,"href":"https:\/\/alfakher24h.de\/es\/wp-json\/wp\/v2\/product_tag?post=1762"}],"curies":[{"name":"wp","href":"https:\/\/api.w.org\/{rel}","templated":true}]}}