{"id":1760,"date":"2025-03-11T05:34:06","date_gmt":"2025-03-11T05:34:06","guid":{"rendered":"https:\/\/alfakher24h.de\/?post_type=product&#038;p=1760"},"modified":"2025-07-12T13:27:56","modified_gmt":"2025-07-12T13:27:56","slug":"httperror-response-code-429-too-many-requests-24","status":"publish","type":"product","link":"https:\/\/alfakher24h.de\/es\/producto\/httperror-response-code-429-too-many-requests-24\/","title":{"rendered":"Arymi IFun 28000 Z\u00fcge Einweg E Zigarette \u2013 Double apple \u2013 blueberry cherry cranbarry \n\nse convierte en \n\nArymi IFun 28000 Zugs Disposable E-Cigarette \u2013 Double Apple \u2013 Blueberry Cherry Cranberry"},"content":{"rendered":"<h2 data-start=\"493\" data-end=\"598\"><strong data-start=\"497\" data-end=\"598\">Arymi IFun 28000 Z\u00fcge\u00a0Einweg E-Zigarette: La elecci\u00f3n definitiva para los amantes del vapeo en Alemania<\/strong><\/h2>\n<div style=\"width: 848px;\" class=\"wp-video\"><video class=\"wp-video-shortcode\" id=\"video-1760-1\" width=\"848\" height=\"478\" preload=\"metadata\" controls=\"controls\"><source type=\"video\/mp4\" src=\"https:\/\/alfakher24h.de\/wp-content\/uploads\/2025\/03\/VID-20241031-WA0010.mp4?_=1\" \/><a href=\"https:\/\/alfakher24h.de\/wp-content\/uploads\/2025\/03\/VID-20241031-WA0010.mp4\">https:\/\/alfakher24h.de\/wp-content\/uploads\/2025\/03\/VID-20241031-WA0010.mp4<\/a><\/video><\/div>\n<p data-start=\"600\" data-end=\"1130\">La\u00a0<strong data-start=\"604\" data-end=\"648\">Arymi IFun 28000 Z\u00fcge Einweg E-Zigarette \n\nbecomes \n\nArymi IFun 28000 Disposable Electronic Cigarette<\/strong>\u00a0Representa una verdadera revoluci\u00f3n en el \u00e1mbito de los vapeadores desechables y establece nuevos est\u00e1ndares de calidad, sabor y experiencia del usuario. Con un impresionante n\u00famero de 28.000 caladas y un dise\u00f1o f\u00e1cil de usar, este cigarrillo electr\u00f3nico es la elecci\u00f3n ideal para los vapeadores que buscan una larga durabilidad y un sabor de primera clase. Aqu\u00ed no solo obtienes un alto rendimiento, sino tambi\u00e9n una variedad de sabores que hacen que cada momento de vapeo sea una experiencia \u00fanica.<\/p>\n<h4 data-start=\"1132\" data-end=\"1160\"><strong data-start=\"1137\" data-end=\"1160\">Descripci\u00f3n del producto<\/strong><\/h4>\n<p data-start=\"1162\" data-end=\"1744\">La\u00a0<strong data-start=\"1166\" data-end=\"1210\">Arymi IFun 28000 Z\u00fcge Einweg E-Zigarette \n\nbecomes \n\nArymi IFun 28000 Disposable Electronic Cigarette<\/strong>\u00a0fue desarrollado con el objetivo de ofrecer una experiencia de vapeo incomparable. Con un generoso\u00a0<strong data-start=\"1311\" data-end=\"1334\">Capacidad de 28 ml<\/strong>\u00a0E-L\u00edquido y uno\u00a0<strong data-start=\"1354\" data-end=\"1378\">Nikotingehalt von 2% \nbecomes \n\n Contenido de nicotina de 2%<\/strong>\u00a0es perfecta para aquellos que quieren disfrutar tanto del sabor como de la nicotina. La\u00a0<strong data-start=\"1480\" data-end=\"1512\">600 mAh bater\u00eda de cobalto puro<\/strong>\u00a0asegur\u00e1ndose de que pueda disfrutar de cada calada hasta la \u00faltima bocanada. Gracias a la\u00a0<strong data-start=\"1592\" data-end=\"1640\">Tecnolog\u00eda de bobina de malla (1,0 \u03a9 Bobina de malla dual)<\/strong>\u00a0El sabor se vuelve intenso y completo, lo que conduce a una experiencia de vapeo especialmente sabrosa.<\/p>\n<p data-start=\"1746\" data-end=\"2170\">Un rasgo sobresaliente de este cigarrillo electr\u00f3nico es el\u00a0<strong data-start=\"1800\" data-end=\"1826\">caudal de aire ajustable<\/strong>, que permite al usuario adaptar la experiencia de vapeo a sus preferencias personales. Ya sea que prefiera un golpe suave o un sabor intenso y potente, el IFun 28000 puede ofrecer ambas cosas. Adem\u00e1s, asegura el\u00a0<strong data-start=\"2057\" data-end=\"2093\">Indicador de bater\u00eda y l\u00edquido electr\u00f3nico<\/strong>\u00a0para que siempre sepas cu\u00e1ndo es hora de comprar el pr\u00f3ximo vape.<\/p>\n<p data-start=\"2172\" data-end=\"2428\">Gracias al dise\u00f1o pr\u00e1ctico y compacto de la\u00a0<strong data-start=\"2219\" data-end=\"2239\">Arymi IFun 28000<\/strong>\u00a0Puede llevarse este cigarrillo electr\u00f3nico a cualquier lugar. No solo es f\u00e1cil de usar, sino tambi\u00e9n extremadamente fiable - ideal para llevarlo mientras se est\u00e1 de viaje, en viajes o mientras se relaja en casa.<\/p>\n<h3 data-start=\"2430\" data-end=\"2500\"><strong data-start=\"2434\" data-end=\"2500\">Caracter\u00edsticas importantes de los cigarrillos electr\u00f3nicos desechables Arymi IFun 28000<\/strong><\/h3>\n<ul data-start=\"2502\" data-end=\"3487\">\n<li data-start=\"2502\" data-end=\"2679\"><strong data-start=\"2504\" data-end=\"2550\">Asombroso n\u00famero de trenes (28.000 trenes)<\/strong>Con uno de los n\u00fameros de puffs m\u00e1s altos del mercado, obtienes m\u00e1s que suficientes bocanadas antes de que se necesite un nuevo cigarrillo electr\u00f3nico.<\/li>\n<li data-start=\"2680\" data-end=\"2835\"><strong data-start=\"2682\" data-end=\"2714\">Capacidad de E-L\u00edquido de 28 ml<\/strong>Una generosa capacidad de l\u00edquido que garantiza un placer duradero sin necesidad de rellenar constantemente.<\/li>\n<li data-start=\"2836\" data-end=\"2953\"><strong data-start=\"2838\" data-end=\"2862\">Nikotinanteil von 21%<\/strong>Ideal para aquellos que desean un nivel moderado de nicotina sin excederse.<\/li>\n<li data-start=\"2954\" data-end=\"3091\"><strong data-start=\"2956\" data-end=\"2993\">Tecnolog\u00eda de bobina de malla de alta calidad<\/strong>: La bobina de doble malla de 1,0 \u03a9 garantiza una vaporizaci\u00f3n uniforme y un sabor intenso.<\/li>\n<li data-start=\"3092\" data-end=\"3204\"><strong data-start=\"3094\" data-end=\"3121\">Caudal de aire ajustable<\/strong>: Adapte su experiencia de vapeo, desde suave hasta intensa, seg\u00fan sus preferencias.<\/li>\n<li data-start=\"3205\" data-end=\"3326\"><strong data-start=\"3207\" data-end=\"3248\">Indicadores para E-L\u00edquido y bater\u00eda<\/strong>: Mantenga una visi\u00f3n general del nivel de llenado y del estado de carga en todo momento.<\/li>\n<li data-start=\"3327\" data-end=\"3487\"><strong data-start=\"3329\" data-end=\"3352\">M\u00f3vil y pr\u00e1ctico<\/strong>Con un peso de solo 120 g por unidad y un dise\u00f1o pr\u00e1ctico, el IFun 28000 es la elecci\u00f3n ideal para el uso diario.<\/li>\n<\/ul>\n<h3 data-start=\"3489\" data-end=\"3548\"><strong data-start=\"3493\" data-end=\"3548\">Los sabores de cigarrillo electr\u00f3nico de un solo uso Arymi IFun 28000<\/strong><\/h3>\n<p data-start=\"3550\" data-end=\"3815\">La cigarrilla electr\u00f3nica desechable Arymi IFun 28000 viene en una amplia variedad de sabores emocionantes que est\u00e1n perfectamente adaptados a los sentidos del gusto. Aqu\u00ed te presentamos los sabores m\u00e1s populares que se encuentran en la\u00a0<strong data-start=\"3766\" data-end=\"3786\">Arymi IFun 28000<\/strong>\u00a0E-Zigaretten sind erh\u00e4ltlich als:<\/p>\n<h4 data-start=\"3817\" data-end=\"3841\"><strong data-start=\"3822\" data-end=\"3841\">1. Double Apple<\/strong><\/h4>\n<p data-start=\"3842\" data-end=\"4394\">El sabor de\u00a0<strong data-start=\"3860\" data-end=\"3876\">Double Apple<\/strong>\u00a0Es una verdadera explosi\u00f3n de sabor para cualquier amante de las manzanas. Con una mezcla de notas de manzana dulces y ligeramente \u00e1cidas, que est\u00e1n perfectamente armonizadas, este sabor ofrece una experiencia fresca y crujiente que permanece refrescante todo el d\u00eda. La proporci\u00f3n equilibrada entre dulzura y frescura hace que este aroma sea un compa\u00f1ero ideal para tu viaje de vapeo. El sabor ligeramente afrutado te hace so\u00f1ar con la cosecha de manzanas jugosas y aporta una frescura natural a cada calada.<\/p>\n<h4 data-start=\"4396\" data-end=\"4417\"><strong data-start=\"4401\" data-end=\"4417\">2. Ar\u00e1ndano<\/strong><\/h4>\n<p data-start=\"4418\" data-end=\"4974\">Das\u00a0<strong data-start=\"4422\" data-end=\"4435\">Ar\u00e1ndano<\/strong>-Aroma ofrece un sabor delicioso e intenso de ar\u00e1ndanos maduros y frescos. Cada calada despliega una nota dulce y al mismo tiempo ligeramente \u00e1cida, que refresca los sentidos y ofrece una agradable dulzura. Los ar\u00e1ndanos se convierten en una experiencia arom\u00e1tica que recuerda a un cuento de verano \u2013 simplemente perfecto para todos aquellos que desean disfrutar del sabor frutal intenso. Con cada inhalaci\u00f3n, sientes c\u00f3mo el sabor fresco de las bayas se despliega en tu boca y te brinda una experiencia de vapeo satisfactoria.<\/p>\n<h4 data-start=\"4976\" data-end=\"4994\"><strong data-start=\"4981\" data-end=\"4994\">3. Cherry -&gt; 3. Cereza<\/strong><\/h4>\n<p data-start=\"4995\" data-end=\"5406\"><strong data-start=\"4995\" data-end=\"5005\">Cereza<\/strong>\u00a0o la cereza es otro aroma popular que captura perfectamente el sabor dulce y ligeramente \u00e1cido de la cereza. Es el ep\u00edtome de la fruta y proporciona un sabor armonioso y agradable que deleita el paladar. Ya sea en combinaci\u00f3n con otras frutas o como sabor \u00fanico, la\u00a0<strong data-start=\"5328\" data-end=\"5338\">Cereza<\/strong>-Option siempre garantiza una experiencia de vapeo refrescante y dulce.<\/p>\n<h4 data-start=\"5408\" data-end=\"5429\"><strong data-start=\"5413\" data-end=\"5429\">Ar\u00e1ndano rojo<\/strong><\/h4>\n<p data-start=\"5430\" data-end=\"5940\">La\u00a0<strong data-start=\"5434\" data-end=\"5447\">Ar\u00e1ndano rojo<\/strong>El sabor aporta un \u00e1cido refrescante que se destaca agradablemente de los aromas frutales m\u00e1s dulces. El sabor agridulce de la ar\u00e1ndano rojo se equilibra con una ligera dulzura, lo que conduce a una experiencia de vapeo equilibrada y fresca. Este aroma es perfecto para aquellos que buscan un sabor frutal que sea a la vez refrescante y algo inusual. El sabor fresco y ligeramente agridulce proporciona un cambio agradable y es ideal para el consumo diario.<\/p>\n<h2 data-start=\"0\" data-end=\"91\"><img loading=\"lazy\" decoding=\"async\" class=\"alignnone wp-image-2302 size-full\" title=\"Arymi IFun 28000 Z\u00fcge Einweg E Zigarette - Manzana doble - Cereza ar\u00e1ndano mirtilo 2\" src=\"https:\/\/alfakher24h.de\/wp-content\/uploads\/2025\/03\/all1.webp\" sizes=\"auto, (max-width: 904px) 100vw, 904px\" srcset=\"https:\/\/alfakher24h.de\/wp-content\/uploads\/2025\/03\/all1.webp 904w, https:\/\/alfakher24h.de\/wp-content\/uploads\/2025\/03\/all1-212x300.webp 212w, https:\/\/alfakher24h.de\/wp-content\/uploads\/2025\/03\/all1-723x1024.webp 723w, https:\/\/alfakher24h.de\/wp-content\/uploads\/2025\/03\/all1-768x1087.webp 768w, https:\/\/alfakher24h.de\/wp-content\/uploads\/2025\/03\/all1-8x12.webp 8w, https:\/\/alfakher24h.de\/wp-content\/uploads\/2025\/03\/all1-600x850.webp 600w\" alt=\"Arymi IFun 28000 Z\u00fcge Einweg E Zigarette - Manzana doble - Cereza ar\u00e1ndano mirtilo\" width=\"904\" height=\"1280\" \/><\/h2>\n<hr data-start=\"4635\" data-end=\"4638\" \/>\n<h3 data-start=\"5942\" data-end=\"6019\"><strong data-start=\"5946\" data-end=\"6019\">Por qu\u00e9 deber\u00edas comprar el cigarrillo electr\u00f3nico desechable Arymi IFun 28000 caladas<\/strong><\/h3>\n<p data-start=\"6021\" data-end=\"6541\">La\u00a0<strong data-start=\"6025\" data-end=\"6069\">Arymi IFun 28000 Z\u00fcge Einweg E-Zigarette \n\nbecomes \n\nArymi IFun 28000 Disposable Electronic Cigarette<\/strong>\u00a0Es la elecci\u00f3n perfecta para todos aquellos que buscan una experiencia de vapeo duradera y sabrosa. Con un alto n\u00famero de caladas, una gran capacidad de l\u00edquido electr\u00f3nico y una bater\u00eda potente, este cigarrillo electr\u00f3nico garantiza un uso prolongado sin necesidad de rellenar o recargar con frecuencia. El flujo de aire ajustable le permite personalizar la experiencia de vapeo seg\u00fan sus preferencias individuales, mientras que los diversos sabores satisfacen todos los gustos.<\/p>\n<p data-start=\"6543\" data-end=\"7035\">Si est\u00e1s buscando en Alemania un cigarrillo electr\u00f3nico desechable de alta calidad y duradero que te brinde una experiencia de sabor inigualable, es el\u00a0<strong data-start=\"6698\" data-end=\"6742\">Arymi IFun 28000 Z\u00fcge Einweg E-Zigarette \n\nbecomes \n\nArymi IFun 28000 Disposable Electronic Cigarette<\/strong>\u00a0La elecci\u00f3n ideal.\u00a0<strong data-start=\"6760\" data-end=\"6833\">Compre su cigarrillo electr\u00f3nico desechable directamente con nosotros en alfakher24h.de<\/strong>, la mayor plataforma de ventas de vapeadores desechables en Alemania. No solo le ofrecemos los mejores precios, sino tambi\u00e9n una variedad de sabores y productos de primera calidad para sus necesidades.<\/p>\n<h3 data-start=\"7037\" data-end=\"7094\"><strong data-start=\"7041\" data-end=\"7094\">Preguntas frecuentes sobre el cigarrillo electr\u00f3nico desechable Arymi IFun 28000 tiradas<\/strong><\/h3>\n<p data-start=\"7096\" data-end=\"7282\"><strong data-start=\"7096\" data-end=\"7158\">1. Cu\u00e1ntos golpes ofrece el cigarrillo electr\u00f3nico Arymi IFun 28000 vape?<\/strong><br data-start=\"7158\" data-end=\"7161\" \/>La Arymi IFun ofrece hasta\u00a0<strong data-start=\"7190\" data-end=\"7205\">28.000 trenes<\/strong>, lo que la convierte en una de las cigarrillas electr\u00f3nicas desechables m\u00e1s duraderas del mercado.<\/p>\n<p data-start=\"7284\" data-end=\"7461\"><strong data-start=\"7284\" data-end=\"7345\">2. \u00bfCu\u00e1l es el contenido de nicotina en el IFun 28000?<\/strong><br data-start=\"7345\" data-end=\"7348\" \/>La\u00a0<strong data-start=\"7352\" data-end=\"7372\">Arymi IFun 28000<\/strong>\u00a0contiene\u00a0<strong data-start=\"7381\" data-end=\"7395\">2% Nikotin<\/strong>, ideal para aquellos que prefieren una dosis moderada de nicotina.<\/p>\n<p data-start=\"7463\" data-end=\"7706\"><strong data-start=\"7463\" data-end=\"7536\">\u00bfCu\u00e1les sabores est\u00e1n disponibles en el cigarrillo electr\u00f3nico Arymi IFun 28000?<\/strong><br data-start=\"7536\" data-end=\"7539\" \/>Entre los sabores m\u00e1s populares se encuentran\u00a0<strong data-start=\"7574\" data-end=\"7590\">Double Apple<\/strong>,\u00a0<strong data-start=\"7592\" data-end=\"7605\">Ar\u00e1ndano<\/strong>,\u00a0<strong data-start=\"7607\" data-end=\"7617\">Cereza<\/strong>\u00a0y\u00a0<strong data-start=\"7622\" data-end=\"7635\">Ar\u00e1ndano rojo<\/strong>Cada aroma proporciona una experiencia de vapeo \u00fanica e intensa.<\/p>\n<p data-start=\"7708\" data-end=\"7915\"><strong data-start=\"7708\" data-end=\"7760\">\u00bfCu\u00e1nto tiempo dura la bater\u00eda de la Arymi IFun 28000?<\/strong><br data-start=\"7760\" data-end=\"7763\" \/>La\u00a0<strong data-start=\"7767\" data-end=\"7787\">Arymi IFun 28000<\/strong>\u00a0dispone de una larga vida \u00fatil\u00a0<strong data-start=\"7817\" data-end=\"7837\">600 mAh bater\u00eda<\/strong>que asegura una variedad de disparos antes de que sea necesario recargar.<\/p>\n<p data-start=\"7917\" data-end=\"8097\"><strong data-start=\"7917\" data-end=\"7965\">5. \u00bfEs recargable la Arymi IFun 28000?<\/strong><br data-start=\"7965\" data-end=\"7968\" \/>S\u00ed, la\u00a0<strong data-start=\"7976\" data-end=\"7996\">Arymi IFun 28000<\/strong>\u00a0es un\u00a0<strong data-start=\"8011\" data-end=\"8035\">Conector de carga tipo C<\/strong>\u00a0equipado, para que puedas cargar la bater\u00eda seg\u00fan sea necesario.<\/p>\n<hr data-start=\"8099\" data-end=\"8102\" \/>\n<p data-start=\"8104\" data-end=\"8277\" data-is-last-node=\"\">Para obtener m\u00e1s informaci\u00f3n y para\u00a0<strong data-start=\"8135\" data-end=\"8150\">Comprar vape<\/strong>, visite nuestro sitio web<a href=\"https:\/\/alfakher24h.de\/es\/\"> alfakher24h.de<\/a>, su primera opci\u00f3n para Disposable Vapes en Alemania!<\/p>","protected":false},"excerpt":{"rendered":"<p><strong data-start=\"6025\" data-end=\"6069\">Arymi IFun 28000 Z\u00fcge Einweg E-Zigarette \n\nbecomes \n\nArymi IFun 28000 Disposable Electronic Cigarette<\/strong>\u00a0Es la elecci\u00f3n perfecta para todos aquellos que buscan una experiencia de vapeo duradera y sabrosa. Con un alto n\u00famero de caladas, una gran capacidad de l\u00edquido electr\u00f3nico y una bater\u00eda potente, este cigarrillo electr\u00f3nico garantiza un uso prolongado sin necesidad de rellenar o recargar con frecuencia. El flujo de aire ajustable le permite personalizar la experiencia de vapeo seg\u00fan sus preferencias individuales, mientras que los diversos sabores satisfacen todos los gustos.<\/p>","protected":false},"featured_media":1761,"comment_status":"open","ping_status":"closed","template":"","meta":{"om_disable_all_campaigns":false},"product_brand":[],"product_cat":[45],"product_tag":[],"class_list":{"0":"post-1760","1":"product","2":"type-product","3":"status-publish","4":"has-post-thumbnail","6":"product_cat-arymi-ifun-28000","8":"first","9":"outofstock","10":"shipping-taxable","11":"purchasable","12":"product-type-simple"},"_links":{"self":[{"href":"https:\/\/alfakher24h.de\/es\/wp-json\/wp\/v2\/product\/1760","targetHints":{"allow":["GET"]}}],"collection":[{"href":"https:\/\/alfakher24h.de\/es\/wp-json\/wp\/v2\/product"}],"about":[{"href":"https:\/\/alfakher24h.de\/es\/wp-json\/wp\/v2\/types\/product"}],"replies":[{"embeddable":true,"href":"https:\/\/alfakher24h.de\/es\/wp-json\/wp\/v2\/comments?post=1760"}],"wp:featuredmedia":[{"embeddable":true,"href":"https:\/\/alfakher24h.de\/es\/wp-json\/wp\/v2\/media\/1761"}],"wp:attachment":[{"href":"https:\/\/alfakher24h.de\/es\/wp-json\/wp\/v2\/media?parent=1760"}],"wp:term":[{"taxonomy":"product_brand","embeddable":true,"href":"https:\/\/alfakher24h.de\/es\/wp-json\/wp\/v2\/product_brand?post=1760"},{"taxonomy":"product_cat","embeddable":true,"href":"https:\/\/alfakher24h.de\/es\/wp-json\/wp\/v2\/product_cat?post=1760"},{"taxonomy":"product_tag","embeddable":true,"href":"https:\/\/alfakher24h.de\/es\/wp-json\/wp\/v2\/product_tag?post=1760"}],"curies":[{"name":"wp","href":"https:\/\/api.w.org\/{rel}","templated":true}]}}