{"id":1758,"date":"2025-03-11T05:16:32","date_gmt":"2025-03-11T05:16:32","guid":{"rendered":"https:\/\/alfakher24h.de\/?post_type=product&#038;p=1758"},"modified":"2025-07-12T13:27:56","modified_gmt":"2025-07-12T13:27:56","slug":"httperror-response-code-429-too-many-requests-33","status":"publish","type":"product","link":"https:\/\/alfakher24h.de\/es\/producto\/httperror-response-code-429-too-many-requests-33\/","title":{"rendered":"Arymi IFun 28000 Z\u00fcge Einweg E Zigarette \u2013 Red apple \u2013 vimto Crush \n\nbecomes \n\nArymi IFun 28000 Z\u00fcge Disposable E-Cigarette \u2013 Red apple \u2013 vimto Crush"},"content":{"rendered":"<h2 data-start=\"0\" data-end=\"95\"><strong data-start=\"0\" data-end=\"95\"><a href=\"https:\/\/alfakher24h.de\/es\/?post_type=product&amp;p=1758&amp;preview=true\">Arymi IFun 28000 Z\u00fcge Einweg E-Zigarette \n\nbecomes \n\nArymi IFun 28000 Z\u00fcge Disposable E-Cigarette<\/a> El placer definitivo para vapeadores exigentes<\/strong><\/h2>\n<div style=\"width: 848px;\" class=\"wp-video\"><video class=\"wp-video-shortcode\" id=\"video-1758-1\" width=\"848\" height=\"478\" preload=\"metadata\" controls=\"controls\"><source type=\"video\/mp4\" src=\"https:\/\/alfakher24h.de\/wp-content\/uploads\/2025\/03\/VID-20241031-WA0010.mp4?_=1\" \/><a href=\"https:\/\/alfakher24h.de\/wp-content\/uploads\/2025\/03\/VID-20241031-WA0010.mp4\">https:\/\/alfakher24h.de\/wp-content\/uploads\/2025\/03\/VID-20241031-WA0010.mp4<\/a><\/video><\/div>\n<p data-start=\"97\" data-end=\"762\">La\u00a0<strong data-start=\"101\" data-end=\"145\">Arymi IFun 28000 Z\u00fcge Einweg E Zigarette \n\nbecomes \n\nArymi IFun 28000 tiradas Disposable E Cigarro electr\u00f3nico<\/strong>\u00a0representa un paso innovador en el \u00e1mbito de la\u00a0<strong data-start=\"197\" data-end=\"220\">Cigarrillos electr\u00f3nicos desechables<\/strong>\u00a0y ofrece a los vapeadores en\u00a0<strong data-start=\"248\" data-end=\"263\">Alemania<\/strong>\u00a0una experiencia de vapeo incomparable. Con una capacidad generosa de l\u00edquido, un n\u00famero impresionantemente alto de caladas y una variedad de sabores \u00fanicos, este cigarrillo electr\u00f3nico es una absoluta necesidad para todos aquellos que buscan una experiencia de vapeo de alta calidad y duradera. Si est\u00e1s buscando el mejor\u00a0<strong data-start=\"611\" data-end=\"633\">Cigarrillo electr\u00f3nico desechable<\/strong> son, entonces puede adquirirlos de forma exclusiva en alfakher24h.de, la mayor tienda en l\u00ednea de Alemania para\u00a0<strong data-start=\"733\" data-end=\"753\">Vapes Desechables<\/strong>, comprar.<\/p>\n<h3 data-start=\"764\" data-end=\"787\">Descripci\u00f3n del producto<\/h3>\n<p data-start=\"789\" data-end=\"1214\">La\u00a0<strong data-start=\"793\" data-end=\"837\">Arymi IFun 28000 Z\u00fcge Einweg E Zigarette \n\nbecomes \n\nArymi IFun 28000 tiradas Disposable E Cigarro electr\u00f3nico<\/strong>\u00a0fue desarrollado para vapeadores que buscan calidad, confort y placer a un nivel superior. Con una\u00a0<strong data-start=\"939\" data-end=\"971\">Capacidad de 28 ml de l\u00edquido electr\u00f3nico<\/strong>\u00a0y uno\u00a0<strong data-start=\"982\" data-end=\"1006\">Nikotinmenge von 2 1\/3<\/strong>\u00a0ofrece este modelo todo lo que un vapeador exigente puede desear. El alto n\u00famero de\u00a0<strong data-start=\"1107\" data-end=\"1122\">28.000 trenes<\/strong>\u00a0garantiza una experiencia duradera, ideal para el uso diario.<\/p>\n<p data-start=\"1216\" data-end=\"1509\">El dise\u00f1o innovador del vapeador garantiza que su uso sea intuitivo y c\u00f3modo.\u00a0<strong data-start=\"1314\" data-end=\"1341\">Ajuste de suministro de aire<\/strong>\u00a0permite a los usuarios adaptar la experiencia de vapeo a sus preferencias - ya sea que prefieran un golpe m\u00e1s intenso o m\u00e1s suave, esta funci\u00f3n lo hace posible.<\/p>\n<p data-start=\"1511\" data-end=\"1859\">La\u00a0<strong data-start=\"1515\" data-end=\"1562\">Bater\u00eda recargable con conector de carga tipo C<\/strong>\u00a0No es solo potente, sino tambi\u00e9n ecol\u00f3gico y permite cargar el cigarrillo electr\u00f3nico r\u00e1pidamente en cualquier momento, para que nunca tenga que renunciar a su experiencia de vapeo. La\u00a0<strong data-start=\"1748\" data-end=\"1772\">1,0 \u03a9 Bobina Dual Mesh<\/strong>\u00a0garantiza un vapor uniforme y refuerza el\u00a0<strong data-start=\"1833\" data-end=\"1846\">Sabor<\/strong>\u00a0Cada tren.<\/p>\n<h3 data-start=\"1861\" data-end=\"1938\">principales caracter\u00edsticas de las\u00a0<strong data-start=\"1894\" data-end=\"1938\">Arymi IFun 28000 Z\u00fcge \n\n(No translation needed for this input, as it seems to be a product name or code) \nArymi IFun 28000 Z\u00fcge\u00a0<a href=\"https:\/\/alfakher24h.de\/es\/\">Cigarrillo electr\u00f3nico desechable<\/a><\/strong><\/h3>\n<ul data-start=\"1940\" data-end=\"3243\">\n<li data-start=\"1940\" data-end=\"2178\"><strong data-start=\"1942\" data-end=\"1982\">Impresionante cantidad de bocanegra (28.000 caladas):<\/strong>\u00a0Con un n\u00famero impresionante de\u00a0<strong data-start=\"2018\" data-end=\"2034\">28.000 trenes<\/strong>\u00a0pueden disfrutar plenamente de esta\u00a0<strong data-start=\"2071\" data-end=\"2093\">Cigarrillo electr\u00f3nico desechable<\/strong>\u00a0experimentar durante un largo per\u00edodo de tiempo sin tener que reemplazar constantemente el cigarrillo electr\u00f3nico.<\/li>\n<li data-start=\"2179\" data-end=\"2369\"><strong data-start=\"2181\" data-end=\"2204\">Capacidad de E-L\u00edquido:<\/strong>\u00a0Con una\u00a0<strong data-start=\"2215\" data-end=\"2243\">28 ml de capacidad de l\u00edquido electr\u00f3nico<\/strong>\u00a0No tiene que preocuparse de que el l\u00edquido se acabe r\u00e1pidamente. Ofrece suficiente capacidad para un disfrute intensivo.<\/li>\n<li data-start=\"2370\" data-end=\"2548\"><strong data-start=\"2372\" data-end=\"2388\">2 % Nicotina:<\/strong>\u00a0Ideal para vapeadores que buscan un ligero contenido de nicotina. Este\u00a0<strong data-start=\"2455\" data-end=\"2478\">Cigarrillo electr\u00f3nico de nicotina<\/strong>\u00a0ofrece un sabor equilibrado y la entrega de nicotina deseada.<\/li>\n<li data-start=\"2549\" data-end=\"2754\"><strong data-start=\"2551\" data-end=\"2584\">Bater\u00eda de cobalto puro de 600 mAh:<\/strong>\u00a0La bater\u00eda proporciona una larga vida \u00fatil y se puede recargar f\u00e1cilmente por\u00a0<strong data-start=\"2652\" data-end=\"2672\">Cable de carga tipo C<\/strong>\u00a0ser cargados. Esto garantiza una carga r\u00e1pida y eficiente.<\/li>\n<li data-start=\"2755\" data-end=\"2903\"><strong data-start=\"2757\" data-end=\"2779\">Bobina de Malla Premium:<\/strong>\u00a0La\u00a0<strong data-start=\"2784\" data-end=\"2808\">1,0 \u03a9 Bobina Dual Mesh<\/strong>\u00a0garantiza un vapeo uniforme y un sabor intenso que deleita tus papilas gustativas.<\/li>\n<li data-start=\"2904\" data-end=\"3078\"><strong data-start=\"2906\" data-end=\"2934\">Ajuste de suministro de aire:<\/strong>\u00a0Ajuste el suministro de aire seg\u00fan sea necesario para personalizar el vapeo y encontrar el flujo de aire \u00f3ptimo para su experiencia de sabor.<\/li>\n<li data-start=\"3079\" data-end=\"3243\"><strong data-start=\"3081\" data-end=\"3119\">Diferentes sabores:<\/strong>\u00a0Elige entre una variedad de sabores que satisfacen todos los gustos - desde afrutado hasta dulce y refrescante.<\/li>\n<\/ul>\n<h3 data-start=\"3245\" data-end=\"3293\">Sabores - La experiencia gastron\u00f3mica definitiva<\/h3>\n<p data-start=\"3295\" data-end=\"3464\">La\u00a0<strong data-start=\"3299\" data-end=\"3343\">Arymi IFun 28000 Z\u00fcge Einweg E Zigarette \n\nbecomes \n\nArymi IFun 28000 tiradas Disposable E Cigarro electr\u00f3nico<\/strong>\u00a0ofrece una variedad de sabores que hacen que cada viaje de vapeo sea una experiencia incomparable. En detalle:<\/p>\n<ol data-start=\"3466\" data-end=\"4757\">\n<li data-start=\"3466\" data-end=\"4102\">\n<p data-start=\"3469\" data-end=\"4102\"><strong data-start=\"3469\" data-end=\"3483\">Manzana Roja:<\/strong>\u00a0Der\u00a0<strong data-start=\"3488\" data-end=\"3501\">Manzana Roja<\/strong>\u00a0Sabor es un cl\u00e1sico favorito entre los vapeadores, que proporciona el sabor pleno y fresco de una manzana roja jugosa. El sabor es dulce y al mismo tiempo refrescante, con una nota de fruta natural que se puede disfrutar perfectamente durante todo el d\u00eda. Cada calada se siente como si estuvieras mordiendo una manzana reci\u00e9n cogida - crujiente, fresca y afrutada. El sabor dulce, pero no excesivo, es ideal para los vapeadores que buscan una experiencia suave y sin embargo satisfactoria. El\u00a0<strong data-start=\"4005\" data-end=\"4018\">Manzana Roja<\/strong>\u00a0provoca una mezcla armoniosa de dulzura y frescura que permanece en la lengua.<\/p>\n<\/li>\n<li data-start=\"4104\" data-end=\"4757\">\n<p data-start=\"4107\" data-end=\"4757\"><strong data-start=\"4107\" data-end=\"4123\">Vimto Crush:<\/strong>\u00a0Para todos los amantes de sabores frutales ex\u00f3ticos y \u00fanicos ofrece el\u00a0<strong data-start=\"4210\" data-end=\"4225\">Vimto Crush<\/strong>\u00a0Sabor una experiencia intensa y emocionante. Inspirada en la popular mezcla afrutada de la bebida cl\u00e1sica Vimto, esta cigarrillo electr\u00f3nico ofrece una deliciosa combinaci\u00f3n de grosellas negras, frambuesas y un toque de lim\u00f3n. El sabor es vivo, afrutado y sin embargo equilibrado. El\u00a0<strong data-start=\"4545\" data-end=\"4560\">Vimto Crush<\/strong>\u00a0Convence por su complejidad y frescura, que proporciona una experiencia de vapeo revitalizante. Es una excelente opci\u00f3n para los vapeadores que buscan algo \u00fanico y emocionante.<\/p>\n<\/li>\n<\/ol>\n<h2 data-start=\"0\" data-end=\"107\"><img loading=\"lazy\" decoding=\"async\" class=\"alignnone wp-image-2299 size-full\" title=\"Arymi IFun 28000 Z\u00fcge Einweg E Zigarette - Red apple - vimto Crush 2 becomes Arymi IFun 28000 Z\u00fcge Einweg E Zigarette - Red apple - vimto Crush 2  No translation needed for brand and product names, numbers and codes becomes Arymi IFun 28000 Z\u00fcge Disposable E-Cigarette - Red apple - vimto Crush 2  Let me try again Arymi IFun 28000 Disposable E-Cigarette - Manzana Roja - vimto Crush 2\" src=\"https:\/\/alfakher24h.de\/wp-content\/uploads\/2025\/03\/arymi-hookalit-2.webp\" sizes=\"auto, (max-width: 1077px) 100vw, 1077px\" srcset=\"https:\/\/alfakher24h.de\/wp-content\/uploads\/2025\/03\/arymi-hookalit-2.webp 1077w, https:\/\/alfakher24h.de\/wp-content\/uploads\/2025\/03\/arymi-hookalit-2-300x284.webp 300w, https:\/\/alfakher24h.de\/wp-content\/uploads\/2025\/03\/arymi-hookalit-2-1024x970.webp 1024w, https:\/\/alfakher24h.de\/wp-content\/uploads\/2025\/03\/arymi-hookalit-2-768x727.webp 768w, https:\/\/alfakher24h.de\/wp-content\/uploads\/2025\/03\/arymi-hookalit-2-13x12.webp 13w, https:\/\/alfakher24h.de\/wp-content\/uploads\/2025\/03\/arymi-hookalit-2-600x568.webp 600w\" alt=\"Arymi IFun 28000 Z\u00fcge Einweg E Zigarette - Manzana roja - Crush de vimto\" width=\"1077\" height=\"1020\" \/><\/h2>\n<h3 data-start=\"4759\" data-end=\"4836\">Por qu\u00e9 usted la\u00a0<strong data-start=\"4777\" data-end=\"4821\">Arymi IFun 28000 Z\u00fcge \n\n(No translation needed for this input, as it seems to be a product name or code) \nArymi IFun 28000 Z\u00fcge\u00a0<a href=\"https:\/\/alfakher24h.de\/es\/\">Cigarrillo electr\u00f3nico desechable<\/a><\/strong>\u00a0deber\u00edan comprar<\/h3>\n<ul data-start=\"4838\" data-end=\"5735\">\n<li data-start=\"4838\" data-end=\"5011\"><strong data-start=\"4840\" data-end=\"4858\">Durabilidad<\/strong>\u00a0Con una\u00a0<strong data-start=\"4869\" data-end=\"4898\">Capacidad de 28000 trenes<\/strong>\u00a0Obtenga una experiencia de vapeo excepcionalmente duradera - ideal para el uso diario y en movimiento.<\/li>\n<li data-start=\"5012\" data-end=\"5196\"><strong data-start=\"5014\" data-end=\"5052\">Pr\u00e1ctico y f\u00e1cil de usar:<\/strong>\u00a0Das\u00a0<strong data-start=\"5057\" data-end=\"5087\">dise\u00f1o amigable para el usuario<\/strong>\u00a0el\u00a0<strong data-start=\"5092\" data-end=\"5114\">Cigarrillo electr\u00f3nico desechable<\/strong>\u00a0no requiere una manipulaci\u00f3n complicada. Simplemente retire, vapee y disfrute.<\/li>\n<li data-start=\"5197\" data-end=\"5358\"><strong data-start=\"5199\" data-end=\"5236\">Variedades de sabores:<\/strong>\u00a0La\u00a0<strong data-start=\"5241\" data-end=\"5264\">variados aromas<\/strong>\u00a0como\u00a0<strong data-start=\"5269\" data-end=\"5282\">Manzana Roja<\/strong>\u00a0y\u00a0<strong data-start=\"5287\" data-end=\"5302\">Vimto Crush<\/strong>\u00a0ofrecen la experiencia de vapeo perfecta para cada gusto.<\/li>\n<li data-start=\"5359\" data-end=\"5562\"><strong data-start=\"5361\" data-end=\"5393\">C\u00f3mmodo y ecol\u00f3gico:<\/strong>\u00a0Gracias a la\u00a0<strong data-start=\"5403\" data-end=\"5449\">Bater\u00eda recargable con carga tipo C<\/strong>\u00a0Este producto no solo es c\u00f3modo de usar, sino tambi\u00e9n m\u00e1s ecol\u00f3gico que los productos desechables convencionales.<\/li>\n<li data-start=\"5563\" data-end=\"5735\"><strong data-start=\"5565\" data-end=\"5592\">Optimale intensidad de nicotina:<\/strong>\u00a0Con una\u00a0<strong data-start=\"5603\" data-end=\"5627\">Nikotinmenge von 2 1\/3<\/strong>\u00a0Ofrece este cigarrillo electr\u00f3nico el compromiso perfecto para vapeadores que desean una experiencia de vapeo equilibrada.<\/li>\n<\/ul>\n<h3 data-start=\"5737\" data-end=\"5745\">Preguntas frecuentes<\/h3>\n<p data-start=\"5747\" data-end=\"5823\"><strong data-start=\"5747\" data-end=\"5823\">1. \u00bfEs recargable el cigarrillo electr\u00f3nico desechable Arymi IFun 28000 caladas?<\/strong><\/p>\n<p data-start=\"5825\" data-end=\"5986\">S\u00ed, la\u00a0<strong data-start=\"5833\" data-end=\"5877\">Arymi IFun 28000 Z\u00fcge Einweg E Zigarette \n\nbecomes \n\nArymi IFun 28000 tiradas Disposable E Cigarro electr\u00f3nico<\/strong>\u00a0con uno\u00a0<strong data-start=\"5892\" data-end=\"5919\">Bater\u00eda de cobalto de 600 mAh<\/strong>\u00a0equipada, que por\u00a0<strong data-start=\"5942\" data-end=\"5962\">Cable de carga tipo C<\/strong>\u00a0aufgeladen werden kann.\n\n \nser cargado.<\/p>\n<p data-start=\"5988\" data-end=\"6051\"><strong data-start=\"5988\" data-end=\"6051\">2. \u00bfCu\u00e1ntos cigarrillos puedo disfrutar con este cigarrillo electr\u00f3nico?<\/strong><\/p>\n<p data-start=\"6053\" data-end=\"6189\">Con la\u00a0<strong data-start=\"6061\" data-end=\"6105\">Arymi IFun 28000 Z\u00fcge Einweg E Zigarette \n\nbecomes \n\nArymi IFun 28000 tiradas Disposable E Cigarro electr\u00f3nico<\/strong>\u00a0pueden hasta\u00a0<strong data-start=\"6124\" data-end=\"6138\">28.000 trenes<\/strong>\u00a0disfrutar, lo que garantiza una larga vida \u00fatil.<\/p>\n<p data-start=\"6191\" data-end=\"6256\"><strong data-start=\"6191\" data-end=\"6256\">3. \u00bfPuedo adaptar la experiencia de vapeo a mis preferencias?<\/strong><\/p>\n<p data-start=\"6258\" data-end=\"6403\">S\u00ed, la\u00a0<strong data-start=\"6266\" data-end=\"6288\">Cigarrillo electr\u00f3nico desechable<\/strong>\u00a0dispone de una\u00a0<strong data-start=\"6307\" data-end=\"6334\">Ajuste de suministro de aire<\/strong>con la que puede personalizar el vapeo seg\u00fan sus preferencias.<\/p>\n<p data-start=\"6405\" data-end=\"6455\"><strong data-start=\"6405\" data-end=\"6455\">4. \u00bfCu\u00e1nto nicotina contiene este cigarrillo electr\u00f3nico?<\/strong><\/p>\n<p data-start=\"6457\" data-end=\"6568\">La\u00a0<strong data-start=\"6461\" data-end=\"6505\">Arymi IFun 28000 Z\u00fcge Einweg E Zigarette \n\nbecomes \n\nArymi IFun 28000 tiradas Disposable E Cigarro electr\u00f3nico<\/strong>\u00a0contiene\u00a0<strong data-start=\"6514\" data-end=\"6529\">2 % Nicotina<\/strong>que asegura una dosis equilibrada.<\/p>\n<p data-start=\"6570\" data-end=\"6645\"><strong data-start=\"6570\" data-end=\"6645\">D\u00f3nde puedo comprar el cigarrillo electr\u00f3nico desechable Arymi IFun 28000 caladas?<\/strong><\/p>\n<p data-start=\"6647\" data-end=\"6809\">La\u00a0<strong data-start=\"6651\" data-end=\"6695\">Arymi IFun 28000 Z\u00fcge Einweg E Zigarette \n\nbecomes \n\nArymi IFun 28000 tiradas Disposable E Cigarro electr\u00f3nico<\/strong> est exclusivamente disponible en alfakher24h.de, la mayor tienda en l\u00ednea para\u00a0<strong data-start=\"6773\" data-end=\"6793\">Vapes Desechables<\/strong>\u00a0en Alemania.<\/p>\n<h3 data-start=\"6811\" data-end=\"6820\">Conclusi\u00f3n<\/h3>\n<p data-start=\"6822\" data-end=\"7266\">La\u00a0<strong data-start=\"6826\" data-end=\"6870\">Arymi IFun 28000 Z\u00fcge Einweg E Zigarette \n\nbecomes \n\nArymi IFun 28000 tiradas Disposable E Cigarro electr\u00f3nico<\/strong>\u00a0es la elecci\u00f3n ideal para vapeadores en\u00a0<strong data-start=\"6906\" data-end=\"6921\">Alemania<\/strong>, que buscan un cigarrillo electr\u00f3nico de alta calidad, duradero y con un sabor variado. Con una capacidad de\u00a0<strong data-start=\"7043\" data-end=\"7061\">28 ml E-Liquid<\/strong>una cifra impresionante de\u00a0<strong data-start=\"7094\" data-end=\"7109\">28.000 trenes<\/strong>\u00a0y una selecci\u00f3n de deliciosos sabores como\u00a0<strong data-start=\"7167\" data-end=\"7180\">Manzana Roja<\/strong>\u00a0y\u00a0<strong data-start=\"7185\" data-end=\"7200\">Vimto Crush<\/strong>\u00a0ofrece este modelo todo lo que el coraz\u00f3n de un vapeador desea.<\/p>\n<p data-start=\"7268\" data-end=\"7413\" data-is-last-node=\"\">Compre las\u00a0<strong data-start=\"7283\" data-end=\"7327\">Arymi IFun 28000 Z\u00fcge Einweg E Zigarette \n\nbecomes \n\nArymi IFun 28000 tiradas Disposable E Cigarro electr\u00f3nico<\/strong> A\u00fan hoy en alfakher24h.de y experimente el vapeo en un nuevo nivel.<\/p>","protected":false},"excerpt":{"rendered":"<p><strong data-start=\"6826\" data-end=\"6870\">Arymi IFun 28000 Z\u00fcge Einweg E Zigarette \n\nbecomes \n\nArymi IFun 28000 tiradas Disposable E Cigarro electr\u00f3nico<\/strong>\u00a0es la elecci\u00f3n ideal para vapeadores en\u00a0<strong data-start=\"6906\" data-end=\"6921\">Alemania<\/strong>, que buscan un cigarrillo electr\u00f3nico de alta calidad, duradero y con un sabor variado. Con una capacidad de\u00a0<strong data-start=\"7043\" data-end=\"7061\">28 ml E-Liquid<\/strong><\/p>","protected":false},"featured_media":1759,"comment_status":"open","ping_status":"closed","template":"","meta":{"om_disable_all_campaigns":false},"product_brand":[],"product_cat":[45],"product_tag":[],"class_list":{"0":"post-1758","1":"product","2":"type-product","3":"status-publish","4":"has-post-thumbnail","6":"product_cat-arymi-ifun-28000","8":"first","9":"outofstock","10":"shipping-taxable","11":"purchasable","12":"product-type-simple"},"_links":{"self":[{"href":"https:\/\/alfakher24h.de\/es\/wp-json\/wp\/v2\/product\/1758","targetHints":{"allow":["GET"]}}],"collection":[{"href":"https:\/\/alfakher24h.de\/es\/wp-json\/wp\/v2\/product"}],"about":[{"href":"https:\/\/alfakher24h.de\/es\/wp-json\/wp\/v2\/types\/product"}],"replies":[{"embeddable":true,"href":"https:\/\/alfakher24h.de\/es\/wp-json\/wp\/v2\/comments?post=1758"}],"wp:featuredmedia":[{"embeddable":true,"href":"https:\/\/alfakher24h.de\/es\/wp-json\/wp\/v2\/media\/1759"}],"wp:attachment":[{"href":"https:\/\/alfakher24h.de\/es\/wp-json\/wp\/v2\/media?parent=1758"}],"wp:term":[{"taxonomy":"product_brand","embeddable":true,"href":"https:\/\/alfakher24h.de\/es\/wp-json\/wp\/v2\/product_brand?post=1758"},{"taxonomy":"product_cat","embeddable":true,"href":"https:\/\/alfakher24h.de\/es\/wp-json\/wp\/v2\/product_cat?post=1758"},{"taxonomy":"product_tag","embeddable":true,"href":"https:\/\/alfakher24h.de\/es\/wp-json\/wp\/v2\/product_tag?post=1758"}],"curies":[{"name":"wp","href":"https:\/\/api.w.org\/{rel}","templated":true}]}}