{"id":1756,"date":"2025-03-11T05:07:49","date_gmt":"2025-03-11T05:07:49","guid":{"rendered":"https:\/\/alfakher24h.de\/?post_type=product&#038;p=1756"},"modified":"2025-07-12T13:27:56","modified_gmt":"2025-07-12T13:27:56","slug":"httperror-response-code-429-too-many-requests-23","status":"publish","type":"product","link":"https:\/\/alfakher24h.de\/es\/producto\/httperror-response-code-429-too-many-requests-23\/","title":{"rendered":"Arymi IFun 28000 Z\u00fcge Einweg E Zigarette \u2013 Cherry Cola \u2013 Strawberry Ice Cream \n\nbecomes \n\nArymi IFun 28000 Disposable E-Cigarette \u2013 Cherry Cola \u2013 Strawberry Ice Cream"},"content":{"rendered":"<h2 data-start=\"439\" data-end=\"528\">Arymi IFun 28000 Z\u00fcge\u00a0Einweg E-Zigarette \u2013 El placer de vapear definitivo para Alemania<\/h2>\n<div style=\"width: 848px;\" class=\"wp-video\"><video class=\"wp-video-shortcode\" id=\"video-1756-1\" width=\"848\" height=\"478\" preload=\"metadata\" controls=\"controls\"><source type=\"video\/mp4\" src=\"https:\/\/alfakher24h.de\/wp-content\/uploads\/2025\/03\/VID-20241031-WA0010.mp4?_=1\" \/><a href=\"https:\/\/alfakher24h.de\/wp-content\/uploads\/2025\/03\/VID-20241031-WA0010.mp4\">https:\/\/alfakher24h.de\/wp-content\/uploads\/2025\/03\/VID-20241031-WA0010.mp4<\/a><\/video><\/div>\n<p data-start=\"530\" data-end=\"1270\">La\u00a0<strong data-start=\"534\" data-end=\"578\">Arymi IFun 28000 Z\u00fcge Einweg E-Zigarette \n\nbecomes \n\nArymi IFun 28000 Disposable Electronic Cigarette<\/strong>\u00a0es la elecci\u00f3n perfecta para los amantes del vapeo en Alemania que buscan un cigarrillo electr\u00f3nico de primera clase, potente y f\u00e1cil de usar. Con su dise\u00f1o impresionante, rendimiento excepcional y una variedad de deliciosos sabores, la\u00a0<strong data-start=\"869\" data-end=\"883\">IFun 28000<\/strong>\u00a0todo lo que desees de un vapeador desechable, est\u00e1 disponible. Gracias a una capacidad de hasta\u00a0<strong data-start=\"983\" data-end=\"999\">28.000 trenes<\/strong>\u00a0y\u00a0<strong data-start=\"1004\" data-end=\"1021\">30ml E-Liquid<\/strong>, combinada con una\u00a0<strong data-start=\"1044\" data-end=\"1066\">2 % Nicotina - Fuerza<\/strong>, ofrece esta modelo una experiencia de vapeo de m\u00e1ximo nivel. Compre su\u00a0<strong data-start=\"1146\" data-end=\"1168\">Cigarrillo electr\u00f3nico desechable<\/strong> directamente en alfakher24h.de, la mayor plataforma de venta en l\u00ednea de vapeadores desechables en Alemania.<\/p>\n<h3 data-start=\"1272\" data-end=\"1339\">Descripci\u00f3n del producto de la cigarrilla electr\u00f3nica desechable Arymi IFun 28000 caladas<\/h3>\n<p data-start=\"1341\" data-end=\"1982\">La\u00a0<strong data-start=\"1345\" data-end=\"1389\">Arymi IFun 28000 Z\u00fcge Einweg E-Zigarette \n\nbecomes \n\nArymi IFun 28000 Disposable Electronic Cigarette<\/strong>\u00a0es una obra maestra tecnol\u00f3gica que te deleita con cada bocanada de una exquisita variedad de aromas y un intenso olor a nicotina impresionante. Con una\u00a0<strong data-start=\"1554\" data-end=\"1587\">Capacidad de la bater\u00eda de 600 mAh<\/strong>\u00a0y uno\u00a0<strong data-start=\"1598\" data-end=\"1630\">Capacidad de 28 ml de l\u00edquido electr\u00f3nico<\/strong>, que soporta hasta 28.000 viajes, ofrece una vida \u00fatil excepcionalmente larga y permite un uso agradable y sin estr\u00e9s durante muchos d\u00edas. La\u00a0<strong data-start=\"1794\" data-end=\"1815\">2 % Fuerza de nicotina<\/strong>\u00a0garantiza una experiencia de vapeo agradable y satisfactoria, dise\u00f1ada espec\u00edficamente para fumadores y vapeadores experimentados que buscan la experiencia habitual de nicotina.<\/p>\n<h3 data-start=\"1984\" data-end=\"2001\">Caracter\u00edsticas clave:<\/h3>\n<ul data-start=\"2003\" data-end=\"2863\">\n<li data-start=\"2003\" data-end=\"2103\"><strong data-start=\"2005\" data-end=\"2028\">Hasta 28.000 trenes:<\/strong>\u00a0Disfruta de una vida \u00fatil incomparablemente larga para tu experiencia de vapeo.<\/li>\n<li data-start=\"2104\" data-end=\"2186\"><strong data-start=\"2106\" data-end=\"2135\">28 ml de capacidad de l\u00edquido electr\u00f3nico:<\/strong>\u00a0M\u00e1s l\u00edquido para per\u00edodos m\u00e1s largos sin rellenar.<\/li>\n<li data-start=\"2187\" data-end=\"2277\"><strong data-start=\"2189\" data-end=\"2205\">2 % Nicotina:<\/strong>\u00a0Una proporci\u00f3n equilibrada de nicotina para un vapeo satisfactorio.<\/li>\n<li data-start=\"2278\" data-end=\"2370\"><strong data-start=\"2280\" data-end=\"2308\">Bater\u00eda de cobalto de 600 mAh:<\/strong>\u00a0Alto rendimiento y tiempos de carga r\u00e1pidos para un rendimiento constante.<\/li>\n<li data-start=\"2371\" data-end=\"2478\"><strong data-start=\"2373\" data-end=\"2410\">Bobina de malla (1,0 \u03a9 Bobina de malla dual)<\/strong>\u00a0Bobina de malla premium para una producci\u00f3n de vapor uniforme y rica.<\/li>\n<li data-start=\"2479\" data-end=\"2593\"><strong data-start=\"2481\" data-end=\"2509\">Flujo de aire ajustable:<\/strong>\u00a0Ajuste el flujo de aire seg\u00fan sus preferencias para personalizar el vapeo.<\/li>\n<li data-start=\"2594\" data-end=\"2714\"><strong data-start=\"2596\" data-end=\"2631\">Indicador de l\u00edquido electr\u00f3nico y bater\u00eda:<\/strong>\u00a0Los indicadores pr\u00e1cticos muestran el estado actual de la bater\u00eda y del e-l\u00edquido.<\/li>\n<li data-start=\"2715\" data-end=\"2863\"><strong data-start=\"2717\" data-end=\"2735\">Sistema desechable:<\/strong>\u00a0No es necesario rellenar ni recargar: simplemente disfrute de su uso y deseche el dispositivo despu\u00e9s de usar.<\/li>\n<\/ul>\n<h3>Por qu\u00e9 la Arymi IFun 28000 Z\u00fcge de cigarrillo electr\u00f3nico desechable es la mejor opci\u00f3n:<\/h3>\n<p data-start=\"2941\" data-end=\"3656\">La\u00a0<strong data-start=\"2945\" data-end=\"2989\">Arymi IFun 28000 Z\u00fcge Einweg E-Zigarette \n\nbecomes \n\nArymi IFun 28000 Disposable Electronic Cigarette<\/strong>\u00a0ofrece no solo un alto rendimiento, sino tambi\u00e9n funciones f\u00e1ciles de usar que la convierten en la opci\u00f3n preferida para vapeadores en Alemania. La\u00a0<strong data-start=\"3135\" data-end=\"3170\">control de flujo de aire ajustable<\/strong>\u00a0permite adaptar la resistencia y la cantidad de vapor de forma individual - ideal tanto para principiantes como para vaporizadores experimentados. Adem\u00e1s, el\u00a0<strong data-start=\"3328\" data-end=\"3341\">Bobina de malla<\/strong>\u00a0una elecci\u00f3n excelente para maximizar el sabor y la producci\u00f3n de vapor, lo que conduce a una experiencia de vapeo m\u00e1s intensa y suave. Con una capacidad de\u00a0<strong data-start=\"3509\" data-end=\"3527\">28 ml E-Liquid<\/strong>\u00a0y uno\u00a0<strong data-start=\"3538\" data-end=\"3571\">Capacidad de la bater\u00eda de 600 mAh<\/strong>\u00a0podr\u00e1 disfrutar del dispositivo durante muchos d\u00edas antes de tener que deshacerse de \u00e9l.<\/p>\n<h3 data-start=\"3658\" data-end=\"3718\">Cigarrillo electr\u00f3nico desechable con diferentes sabores<\/h3>\n<p data-start=\"3720\" data-end=\"4019\">Lo especial de la\u00a0<strong data-start=\"3741\" data-end=\"3785\">Arymi IFun 28000 Z\u00fcge Einweg E-Zigarette \n\nbecomes \n\nArymi IFun 28000 Disposable Electronic Cigarette<\/strong>\u00a0no solo es el destacado rendimiento, sino tambi\u00e9n la diversidad de\u00a0<strong data-start=\"3858\" data-end=\"3868\">Aromas<\/strong>Con las deliciosas opciones\u00a0<strong data-start=\"3898\" data-end=\"3913\">Cherry Cola<\/strong>\u00a0y\u00a0<strong data-start=\"3918\" data-end=\"3942\">Helado de Fresa<\/strong>\u00a0pueden disfrutar de una experiencia de vapeo \u00fanica y sabrosa.<\/p>\n<h4 data-start=\"4021\" data-end=\"4036\">Cherry Cola<\/h4>\n<p data-start=\"4038\" data-end=\"4491\">Disfrute del sabor refrescante de\u00a0<strong data-start=\"4082\" data-end=\"4097\">Cherry Cola<\/strong>, que combina la dulzura refrescante de la cola con la nota dulce y afrutada de las cerezas. Este aroma mimar\u00e1 a sus papilas gustativas con una mezcla perfecta de acidez y dulzura. La cola le brinda una refrescante sensaci\u00f3n de efervescencia, mientras que el sabor afrutado a cereza completa la experiencia de vapeo - ideal para aquellos que prefieren sabores afrutados y refrescantes.<\/p>\n<h4 data-start=\"4493\" data-end=\"4517\">Helado de Fresa<\/h4>\n<p data-start=\"4519\" data-end=\"4952\">Para los aficionados a los aromas cremosos y dulces.\u00a0<strong data-start=\"4562\" data-end=\"4586\">Helado de Fresa<\/strong>\u00a0La elecci\u00f3n perfecta. Este aroma ofrece el delicioso sabor de fresas frescas, combinadas con un helado de vainilla sedoso. Es como si estuvieras disfrutando de una cucharada de helado cremoso mientras vapeas. La combinaci\u00f3n de la dulce fresa y la vainilla fresca y cremosa ofrece una verdadera experiencia gastron\u00f3mica que puedes disfrutar con cada calada.<\/p>\n<h2 data-start=\"0\" data-end=\"107\"><img loading=\"lazy\" decoding=\"async\" class=\"alignnone wp-image-2299 size-full\" title=\"Arymi IFun 28000 Z\u00fcge Einweg E Zigarette - Cherry Cola - Strawberry Ice Cream 2 becomes Arymi IFun 28000 Zugs Disposable E-Cigarette - Cherry Cola - Strawberry Ice Cream 2\" src=\"https:\/\/alfakher24h.de\/wp-content\/uploads\/2025\/03\/arymi-hookalit-2.webp\" sizes=\"auto, (max-width: 1077px) 100vw, 1077px\" srcset=\"https:\/\/alfakher24h.de\/wp-content\/uploads\/2025\/03\/arymi-hookalit-2.webp 1077w, https:\/\/alfakher24h.de\/wp-content\/uploads\/2025\/03\/arymi-hookalit-2-300x284.webp 300w, https:\/\/alfakher24h.de\/wp-content\/uploads\/2025\/03\/arymi-hookalit-2-1024x970.webp 1024w, https:\/\/alfakher24h.de\/wp-content\/uploads\/2025\/03\/arymi-hookalit-2-768x727.webp 768w, https:\/\/alfakher24h.de\/wp-content\/uploads\/2025\/03\/arymi-hookalit-2-13x12.webp 13w, https:\/\/alfakher24h.de\/wp-content\/uploads\/2025\/03\/arymi-hookalit-2-600x568.webp 600w\" alt=\"Arymi IFun 28000 Z\u00fcge Einweg E Zigarette - Cereza Cola - Helado de Fresa\" width=\"1077\" height=\"1020\" \/><\/h2>\n<h3 data-start=\"4954\" data-end=\"5014\">Otras propiedades notables de la Arymi IFun 28000<\/h3>\n<ul data-start=\"5016\" data-end=\"5584\">\n<li data-start=\"5016\" data-end=\"5155\"><strong data-start=\"5018\" data-end=\"5041\">Ligero y port\u00e1til:<\/strong>\u00a0La\u00a0<strong data-start=\"5046\" data-end=\"5090\">Arymi IFun 28000 Z\u00fcge Einweg E-Zigarette \n\nbecomes \n\nArymi IFun 28000 Disposable Electronic Cigarette<\/strong>\u00a0Es compacto y cabe sin problemas en su bolsillo o bolso.<\/li>\n<li data-start=\"5156\" data-end=\"5311\"><strong data-start=\"5158\" data-end=\"5189\">No requiere mantenimiento:<\/strong>\u00a0No es necesario rellenar ni utilizar piezas adicionales; usar y desechar cuando se agoten los cartuchos.<\/li>\n<li data-start=\"5312\" data-end=\"5444\"><strong data-start=\"5314\" data-end=\"5338\">Manejo sencillo:<\/strong>\u00a0Con una\u00a0<strong data-start=\"5349\" data-end=\"5372\">f\u00e1cil manejo<\/strong>\u00a0y uno\u00a0<strong data-start=\"5383\" data-end=\"5407\">dise\u00f1o ergon\u00f3mico<\/strong>\u00a0Es intuitivo y c\u00f3modo vapear.<\/li>\n<li data-start=\"5445\" data-end=\"5584\"><strong data-start=\"5447\" data-end=\"5474\">Seguro y fiable:<\/strong>\u00a0Der\u00a0<strong data-start=\"5479\" data-end=\"5497\">Protecci\u00f3n de la bater\u00eda<\/strong>\u00a0y la\u00a0<strong data-start=\"5506\" data-end=\"5536\">Evitaci\u00f3n de sobrecalentamiento<\/strong>\u00a0ofrecemos la seguridad que usted se merece.<\/li>\n<\/ul>\n<h3 data-start=\"5586\" data-end=\"5619\">Preguntas frecuentes (FAQs)<\/h3>\n<h4 data-start=\"5621\" data-end=\"5688\">1. \u00bfCu\u00e1nto tiempo dura la cigarrilla electr\u00f3nica desechable Arymi IFun 28000 caladas?<\/h4>\n<p data-start=\"5689\" data-end=\"5849\">Con una\u00a0<strong data-start=\"5699\" data-end=\"5731\">Capacidad de 28 ml de l\u00edquido electr\u00f3nico<\/strong>\u00a0y\u00a0<strong data-start=\"5736\" data-end=\"5752\">28.000 trenes<\/strong>\u00a0Puede usar este cigarrillo electr\u00f3nico durante varios d\u00edas, dependiendo de la frecuencia de vapeo.<\/p>\n<h4 data-start=\"5851\" data-end=\"5915\">2. \u00bfSe puede rellenar el cigarrillo electr\u00f3nico Arymi IFun 28000?<\/h4>\n<p data-start=\"5916\" data-end=\"6051\">No, la\u00a0<strong data-start=\"5926\" data-end=\"5970\">Arymi IFun 28000 Z\u00fcge Einweg E-Zigarette \n\nbecomes \n\nArymi IFun 28000 Disposable Electronic Cigarette<\/strong>\u00a0es uno\u00a0<strong data-start=\"5979\" data-end=\"5996\">Producto desechable<\/strong>que se desecha despu\u00e9s de que se agota el l\u00edquido electr\u00f3nico.<\/p>\n<h4 data-start=\"6053\" data-end=\"6106\">3. \u00bfCu\u00e1l es la fuerza de nicotina de Arymi IFun 28000?<\/h4>\n<p data-start=\"6107\" data-end=\"6242\">La\u00a0<strong data-start=\"6111\" data-end=\"6155\">Arymi IFun 28000 Z\u00fcge Einweg E-Zigarette \n\nbecomes \n\nArymi IFun 28000 Disposable Electronic Cigarette<\/strong>\u00a0contiene\u00a0<strong data-start=\"6164\" data-end=\"6179\">2 % Nicotina<\/strong>que ofrece una experiencia de vapeo agradable y satisfactoria.<\/p>\n<h4 data-start=\"6244\" data-end=\"6287\">4. \u00bfC\u00f3mo puedo ajustar el flujo de aire?<\/h4>\n<p data-start=\"6288\" data-end=\"6483\">La\u00a0<strong data-start=\"6292\" data-end=\"6336\">Arymi IFun 28000 Z\u00fcge Einweg E-Zigarette \n\nbecomes \n\nArymi IFun 28000 Disposable Electronic Cigarette<\/strong>\u00a0dispone de una\u00a0<strong data-start=\"6355\" data-end=\"6390\">control de flujo de aire ajustable<\/strong>, que le permite controlar la resistencia y la cantidad de vapor seg\u00fan sus preferencias.<\/p>\n<h4 data-start=\"6485\" data-end=\"6535\">\u00bfCu\u00e1les sabores est\u00e1n disponibles?<\/h4>\n<p data-start=\"6536\" data-end=\"6678\">Derzeit sind die\u00a0<strong data-start=\"6553\" data-end=\"6568\">Cherry Cola<\/strong>\u00a0y\u00a0<strong data-start=\"6573\" data-end=\"6597\">Helado de Fresa<\/strong>\u00a0Sabores disponibles. Ambos ofrecen una experiencia de vapeo deliciosa y refrescante.<\/p>\n<h3 data-start=\"6680\" data-end=\"6716\">Por qu\u00e9 comprar en alfakher24h.de?<\/h3>\n<p data-start=\"6718\" data-end=\"7103\"><strong data-start=\"6718\" data-end=\"6737\">alfakher24h.de alfakher24h.de<\/strong>\u00a0es el\u00a0<strong data-start=\"6746\" data-end=\"6768\">mayor tienda en l\u00ednea<\/strong>\u00a0para\u00a0<strong data-start=\"6773\" data-end=\"6796\">Cigarrillos electr\u00f3nicos desechables<\/strong>\u00a0en Alemania. No solo ofrecemos los \u00faltimos modelos y sabores, sino tambi\u00e9n los mejores precios y una entrega r\u00e1pida directamente a su hogar. Compre su\u00a0<strong data-start=\"6984\" data-end=\"7028\">Arymi IFun 28000 Z\u00fcge Einweg E-Zigarette \n\nbecomes \n\nArymi IFun 28000 Disposable Electronic Cigarette<\/strong>\u00a0Hoy todav\u00eda con nosotros y experimente la mejor experiencia de vapeo de Alemania.<\/p>","protected":false},"excerpt":{"rendered":"<p><strong data-start=\"6718\" data-end=\"6737\">alfakher24h.de alfakherwelt.de<\/strong>\u00a0es el\u00a0<strong data-start=\"6746\" data-end=\"6768\">mayor tienda en l\u00ednea<\/strong>\u00a0para\u00a0<strong data-start=\"6773\" data-end=\"6796\">Cigarrillos electr\u00f3nicos desechables<\/strong>\u00a0en Alemania. Ofrecemos no solo los \u00faltimos modelos y sabores, sino tambi\u00e9n los mejores precios y entrega r\u00e1pida directamente a su hogar<\/p>","protected":false},"featured_media":1757,"comment_status":"open","ping_status":"closed","template":"","meta":{"om_disable_all_campaigns":false},"product_brand":[],"product_cat":[45],"product_tag":[],"class_list":{"0":"post-1756","1":"product","2":"type-product","3":"status-publish","4":"has-post-thumbnail","6":"product_cat-arymi-ifun-28000","8":"first","9":"outofstock","10":"shipping-taxable","11":"purchasable","12":"product-type-simple"},"_links":{"self":[{"href":"https:\/\/alfakher24h.de\/es\/wp-json\/wp\/v2\/product\/1756","targetHints":{"allow":["GET"]}}],"collection":[{"href":"https:\/\/alfakher24h.de\/es\/wp-json\/wp\/v2\/product"}],"about":[{"href":"https:\/\/alfakher24h.de\/es\/wp-json\/wp\/v2\/types\/product"}],"replies":[{"embeddable":true,"href":"https:\/\/alfakher24h.de\/es\/wp-json\/wp\/v2\/comments?post=1756"}],"wp:featuredmedia":[{"embeddable":true,"href":"https:\/\/alfakher24h.de\/es\/wp-json\/wp\/v2\/media\/1757"}],"wp:attachment":[{"href":"https:\/\/alfakher24h.de\/es\/wp-json\/wp\/v2\/media?parent=1756"}],"wp:term":[{"taxonomy":"product_brand","embeddable":true,"href":"https:\/\/alfakher24h.de\/es\/wp-json\/wp\/v2\/product_brand?post=1756"},{"taxonomy":"product_cat","embeddable":true,"href":"https:\/\/alfakher24h.de\/es\/wp-json\/wp\/v2\/product_cat?post=1756"},{"taxonomy":"product_tag","embeddable":true,"href":"https:\/\/alfakher24h.de\/es\/wp-json\/wp\/v2\/product_tag?post=1756"}],"curies":[{"name":"wp","href":"https:\/\/api.w.org\/{rel}","templated":true}]}}