{"id":1749,"date":"2025-03-10T11:26:46","date_gmt":"2025-03-10T11:26:46","guid":{"rendered":"https:\/\/alfakher24h.de\/?post_type=product&#038;p=1749"},"modified":"2025-07-12T13:27:56","modified_gmt":"2025-07-12T13:27:56","slug":"httperror-response-code-429-too-many-requests-31","status":"publish","type":"product","link":"https:\/\/alfakher24h.de\/es\/producto\/httperror-response-code-429-too-many-requests-31\/","title":{"rendered":"Arymi IFun 28000 Z\u00fcge Einweg E Zigarette \u2013 Rainbow candy \u2013 Energy Drink \n\nbecomes \n\nArymi IFun 28000 Disposable E-Cigarette \u2013 Rainbow candy \u2013 Energy Drink"},"content":{"rendered":"<h2 data-start=\"0\" data-end=\"91\"><strong data-start=\"0\" data-end=\"91\"><a href=\"https:\/\/alfakher24h.de\/es\/?post_type=product&amp;p=1749&amp;preview=true\">Arymi IFun 28000 Z\u00fcge\u00a0Einweg E-Zigarette \n\nbecomes \n\nArymi IFun 28000 tiradas  Cigarrillo electr\u00f3nico desechable<\/a> La elecci\u00f3n perfecta para un placer duradero<\/strong><\/h2>\n<div style=\"width: 848px;\" class=\"wp-video\"><video class=\"wp-video-shortcode\" id=\"video-1749-1\" width=\"848\" height=\"478\" preload=\"metadata\" controls=\"controls\"><source type=\"video\/mp4\" src=\"https:\/\/alfakher24h.de\/wp-content\/uploads\/2025\/03\/VID-20241031-WA0010.mp4?_=1\" \/><a href=\"https:\/\/alfakher24h.de\/wp-content\/uploads\/2025\/03\/VID-20241031-WA0010.mp4\">https:\/\/alfakher24h.de\/wp-content\/uploads\/2025\/03\/VID-20241031-WA0010.mp4<\/a><\/video><\/div>\n<p data-start=\"93\" data-end=\"107\"><strong data-start=\"93\" data-end=\"107\">Introducci\u00f3n<\/strong><\/p>\n<p data-start=\"109\" data-end=\"652\">La\u00a0<strong data-start=\"113\" data-end=\"157\">Arymi IFun 28000 Z\u00fcge \n\n(No translation needed for this input, as it seems to be a product name or code) \nArymi IFun 28000 Z\u00fcge<a href=\"https:\/\/alfakher24h.de\/es\/\"> Cigarrillo electr\u00f3nico desechable<\/a><\/strong>\u00a0es una de las mejores opciones para todos aquellos que buscan una experiencia de vapeo intensa y duradera. Esta\u00a0<strong data-start=\"263\" data-end=\"285\">Cigarrillo electr\u00f3nico desechable<\/strong>\u00a0no es solo potente y confiable, sino que tambi\u00e9n ofrece una amplia selecci\u00f3n de sabores deliciosos que maximizan el placer en cada bocanada. Con un n\u00famero impresionante de hasta\u00a0<strong data-start=\"477\" data-end=\"493\">28.000 trenes<\/strong>\u00a0y una rica\u00a0<strong data-start=\"518\" data-end=\"540\">Capacidad de E-L\u00edquido<\/strong>\u00a0De 30 ml, el Arymi IFun es imprescindible para todos aquellos que deseen llevar su experiencia de vapeo al siguiente nivel.<\/p>\n<p data-start=\"654\" data-end=\"980\">Como el mayor comerciante en l\u00ednea para\u00a0<strong data-start=\"685\" data-end=\"708\">Cigarrillos electr\u00f3nicos desechables<\/strong> En Alemania, alfakher24h.de le ofrece la posibilidad de adquirir este producto de alta calidad.\u00a0<strong data-start=\"792\" data-end=\"822\">Vape con nicotina<\/strong>\u00a0c\u00f3modo y seguro comprar. Descubre las ventajas de la\u00a0<strong data-start=\"883\" data-end=\"927\">Arymi IFun 28000 Z\u00fcge Einweg E-Zigarette \n\nbecomes \n\nArymi IFun 28000 Disposable Electronic Cigarette<\/strong>\u00a0y experimente una experiencia de vapor inigualable.<\/p>\n<hr data-start=\"982\" data-end=\"985\" \/>\n<h3 data-start=\"987\" data-end=\"1058\"><strong data-start=\"990\" data-end=\"1058\">Descripci\u00f3n del producto de Arymi IFun 28000 caladas\u00a0<a href=\"https:\/\/alfakher24h.de\/es\/\">Cigarrillo electr\u00f3nico desechable<\/a><\/strong><\/h3>\n<p data-start=\"1060\" data-end=\"1531\">La\u00a0<strong data-start=\"1064\" data-end=\"1108\">Arymi IFun 28000 Z\u00fcge Einweg E-Zigarette \n\nbecomes \n\nArymi IFun 28000 Disposable Electronic Cigarette<\/strong>\u00a0es una vape premium desarrollada espec\u00edficamente para vapeadores que valoran la calidad, el rendimiento y el sabor. Esta\u00a0<strong data-start=\"1232\" data-end=\"1254\">Cigarrillo electr\u00f3nico desechable<\/strong>\u00a0no solo es pr\u00e1ctico, sino tambi\u00e9n extremadamente duradero. Con uno\u00a0<strong data-start=\"1322\" data-end=\"1355\">Capacidad de la bater\u00eda de 600 mAh<\/strong>\u00a0y la posibilidad de tratar con un\u00a0<strong data-start=\"1387\" data-end=\"1411\">Conector USB tipo C<\/strong>\u00a0Para asegurarse de que siempre tenga suficiente energ\u00eda para vapear sin interrupciones, este vape permite que se recargue.<\/p>\n<p data-start=\"1533\" data-end=\"2033\">La\u00a0<strong data-start=\"1537\" data-end=\"1565\">28 ml de capacidad de l\u00edquido electr\u00f3nico<\/strong>\u00a0ofrece una larga vida \u00fatil y permite al usuario hasta\u00a0<strong data-start=\"1633\" data-end=\"1648\">28.000 trenes<\/strong>\u00a0disfrutar, sin tener que rellenar constantemente el vapeador. Gracias al\u00a0<strong data-start=\"1715\" data-end=\"1729\">Bobinas de malla<\/strong>\u00a0con una resistencia de\u00a0<strong data-start=\"1755\" data-end=\"1779\">1.0 \u03a9 Bobina Dual Mesh<\/strong>\u00a0se convierte en una experiencia incomparable con una densa nube de vapor sabrosa.\u00a0<strong data-start=\"1885\" data-end=\"1909\">caudal de aire ajustable<\/strong>\u00a0permite al usuario ajustar la intensidad del flujo de aire seg\u00fan sus preferencias personales, lo que mejora a\u00fan m\u00e1s el placer.<\/p>\n<p data-start=\"2035\" data-end=\"2482\">La\u00a0<strong data-start=\"2039\" data-end=\"2083\">Arymi IFun 28000 Z\u00fcge Einweg E-Zigarette \n\nbecomes \n\nArymi IFun 28000 Disposable Electronic Cigarette<\/strong>\u00a0viene en un embalaje individual pr\u00e1ctico de\u00a0<strong data-start=\"2132\" data-end=\"2151\">120 g por pieza<\/strong>\u00a0y se vende en un paquete con\u00a0<strong data-start=\"2182\" data-end=\"2194\">10 piezas<\/strong>\u00a0entregado. Para ofrecer a los clientes una experiencia de compra sencilla, se \n(desarrollo de la respuesta)\n\n entregado. Para ofrecer a los clientes una experiencia de compra sencilla, se\u00a0<strong data-start=\"2271\" data-end=\"2285\">Arymi IFun<\/strong>\u00a0tambi\u00e9n en una caja con\u00a0<strong data-start=\"2311\" data-end=\"2324\">200 piezas<\/strong>\u00a0ofrecido. Este vape es ideal para el uso diario y ofrece un excelente equilibrio entre potencia, portabilidad y facilidad de uso.<\/p>\n<hr data-start=\"2484\" data-end=\"2487\" \/>\n<h3 data-start=\"2489\" data-end=\"2553\"><strong data-start=\"2492\" data-end=\"2553\">Caracter\u00edsticas clave de la Arymi IFun 28000  cigarrillo electr\u00f3nico desechable<\/strong><\/h3>\n<ul data-start=\"2555\" data-end=\"3348\">\n<li data-start=\"2555\" data-end=\"2730\"><strong data-start=\"2557\" data-end=\"2596\">Impresionante cantidad de bocanegra (28.000 caladas)<\/strong>\u00a0\u2013 Con uno de los recuentos m\u00e1s altos del mercado, el IFun 28000 permite hasta 28.000 bocanegraadas para una experiencia de vapeo duradera.<\/li>\n<li data-start=\"2731\" data-end=\"2884\"><strong data-start=\"2733\" data-end=\"2778\">Bater\u00eda recargable con carga tipo C<\/strong>\u00a0\u2013 Pr\u00e1cticas\u00a0<strong data-start=\"2792\" data-end=\"2815\">Funci\u00f3n de carga tipo C<\/strong>\u00a0carga r\u00e1pida y sencilla de los\u00a0<strong data-start=\"2863\" data-end=\"2883\">600 mAh bater\u00eda<\/strong>.<\/li>\n<li data-start=\"2885\" data-end=\"2963\"><strong data-start=\"2887\" data-end=\"2914\">30ml de capacidad de l\u00edquido electr\u00f3nico<\/strong>\u00a0Para un placer duradero sin necesidad de rellenar constantemente.<\/li>\n<li data-start=\"2964\" data-end=\"3106\"><strong data-start=\"2966\" data-end=\"3018\">Bobina de malla premium para un sabor intenso<\/strong>\u00a0- La\u00a0<strong data-start=\"3025\" data-end=\"3043\">Bobina de doble malla<\/strong>\u00a0garantiza un flujo de aire uniforme y maximiza el sabor.<\/li>\n<li data-start=\"3107\" data-end=\"3203\"><strong data-start=\"3109\" data-end=\"3133\">Flujo de aire ajustable<\/strong>\u00a0- Optimice el comportamiento de la extracci\u00f3n para disfrutar de un vapeo personalizado.<\/li>\n<li data-start=\"3204\" data-end=\"3348\"><strong data-start=\"3206\" data-end=\"3228\">Variedad de aromas<\/strong>\u00a0- La\u00a0<strong data-start=\"3235\" data-end=\"3255\">Arymi IFun 28000<\/strong>\u00a0ofrece una amplia variedad de sabores, incluyendo Rainbow Candy y Energy Drink.<\/li>\n<\/ul>\n<hr data-start=\"3350\" data-end=\"3353\" \/>\n<h3 data-start=\"3355\" data-end=\"3398\"><strong data-start=\"3358\" data-end=\"3398\">Descripci\u00f3n detallada de los aromas<\/strong><\/h3>\n<p data-start=\"3400\" data-end=\"3652\">La\u00a0<strong data-start=\"3404\" data-end=\"3414\">Aromas<\/strong>\u00a0el\u00a0<strong data-start=\"3419\" data-end=\"3463\">Arymi IFun 28000 Z\u00fcge Einweg E-Zigarette \n\nbecomes \n\nArymi IFun 28000 Disposable Electronic Cigarette<\/strong>\u00a0ofrecen una variedad de sabores que satisface incluso a los vapeadores m\u00e1s exigentes. A continuaci\u00f3n, encontrar\u00e1 una descripci\u00f3n detallada de los sabores m\u00e1s populares:<\/p>\n<h4 data-start=\"3654\" data-end=\"3675\"><strong data-start=\"3658\" data-end=\"3675\">Rainbow Candy<\/strong><\/h4>\n<p data-start=\"3677\" data-end=\"4156\">La\u00a0<strong data-start=\"3681\" data-end=\"3698\">Rainbow Candy<\/strong>Su sabor es una verdadera obra maestra de aromas. Imagina una mezcla colorida de varios caramelos de frutas, desde notas c\u00edtricas \u00e1cidas hasta fresas y cerezas dulces. Cada bocanada de este cigarrillo electr\u00f3nico despliega un caleidoscopio de sabores frutales que deleitan el paladar con una explosi\u00f3n de dulzura y frescura refrescante. El sabor permanece durante mucho tiempo despu\u00e9s de fumar y proporciona una experiencia de vapeo completamente satisfactoria.<\/p>\n<p data-start=\"4158\" data-end=\"4406\">Esta mezcla de dulces frutales recuerda a los populares caramelos arco\u00edris y te hace revivir recuerdos de tu infancia. Es la elecci\u00f3n perfecta para aquellos que buscan un sabor dulce, pero no excesivamente pesado.<\/p>\n<h4 data-start=\"4408\" data-end=\"4428\"><strong data-start=\"4412\" data-end=\"4428\">Bebida Energizante<\/strong><\/h4>\n<p data-start=\"4430\" data-end=\"4878\">Para aquellos que aman el sabor de una bebida energ\u00e9tica revitalizante, ofrece la\u00a0<strong data-start=\"4514\" data-end=\"4558\">Arymi IFun 28000 Z\u00fcge Einweg E-Zigarette \n\nbecomes \n\nArymi IFun 28000 Disposable Electronic Cigarette<\/strong>\u00a0El aroma de una bebida energ\u00e9tica cl\u00e1sica. Esta variedad de sabor combina notas c\u00edtricas refrescantes con un toque de aroma dulce a frutas, lo que le da al vapeo una sensaci\u00f3n revitalizante y refrescante. El sabor recuerda a la frescura estimulante de una bebida bien fr\u00eda que transmite energ\u00eda y vitalidad.<\/p>\n<p data-start=\"4880\" data-end=\"5187\">Este sabor es ideal para aquellos que buscan un impulso de energ\u00eda y prefieren una alternativa refrescante a los sabores cl\u00e1sicos de tabaco. El equilibrio entre la dulzura y la acidez asegura un vapeo uniforme y no demasiado intenso, lo que hace que cada momento sea un placer especial.<\/p>\n<h2 data-start=\"0\" data-end=\"91\"><img loading=\"lazy\" decoding=\"async\" class=\"alignnone wp-image-2302 size-full\" title=\"Arymi IFun 28000 Z\u00fcge Einweg E Zigarette - Rainbow candy - Energy Drink 2 becomes Arymi IFun 28000 Z\u00fcge Disposable E-Cigarette - Rainbow candy - Energy Drink 2\" src=\"https:\/\/alfakher24h.de\/wp-content\/uploads\/2025\/03\/all1.webp\" sizes=\"auto, (max-width: 904px) 100vw, 904px\" srcset=\"https:\/\/alfakher24h.de\/wp-content\/uploads\/2025\/03\/all1.webp 904w, https:\/\/alfakher24h.de\/wp-content\/uploads\/2025\/03\/all1-212x300.webp 212w, https:\/\/alfakher24h.de\/wp-content\/uploads\/2025\/03\/all1-723x1024.webp 723w, https:\/\/alfakher24h.de\/wp-content\/uploads\/2025\/03\/all1-768x1087.webp 768w, https:\/\/alfakher24h.de\/wp-content\/uploads\/2025\/03\/all1-8x12.webp 8w, https:\/\/alfakher24h.de\/wp-content\/uploads\/2025\/03\/all1-600x850.webp 600w\" alt=\"Arymi IFun 28000 Z\u00fcge Einweg E Zigarette - Rainbow candy - Energy Drink becomes Arymi IFun 28000 Z\u00fcge Disposable E-Cigarette - Rainbow candy - Energy Drink\" width=\"904\" height=\"1280\" \/><\/h2>\n<hr data-start=\"4635\" data-end=\"4638\" \/>\n<h3 data-start=\"5194\" data-end=\"5270\"><strong data-start=\"5197\" data-end=\"5270\">Por qu\u00e9 deber\u00edas comprar el cigarrillo electr\u00f3nico desechable Arymi IFun 28000 caladas<\/strong><\/h3>\n<p data-start=\"5272\" data-end=\"5406\">La\u00a0<strong data-start=\"5276\" data-end=\"5320\">Arymi IFun 28000 Z\u00fcge Einweg E-Zigarette \n\nbecomes \n\nArymi IFun 28000 Disposable Electronic Cigarette<\/strong>\u00a0Ofrece una variedad de beneficios que la convierten en la mejor opci\u00f3n para muchos vapeadores:<\/p>\n<ul data-start=\"5408\" data-end=\"6253\">\n<li data-start=\"5408\" data-end=\"5565\"><strong data-start=\"5410\" data-end=\"5427\">Durabilidad<\/strong>: Con hasta\u00a0<strong data-start=\"5440\" data-end=\"5456\">28.000 trenes<\/strong>\u00a0ofrece este vape de un solo uso una vida \u00fatil excepcionalmente larga en comparaci\u00f3n con otros cigarrillos electr\u00f3nicos de un solo uso.<\/li>\n<li data-start=\"5566\" data-end=\"5743\"><strong data-start=\"5568\" data-end=\"5586\">Versatilidad<\/strong>: La\u00a0<strong data-start=\"5592\" data-end=\"5616\">caudal de aire ajustable<\/strong>\u00a0Le permite personalizar el vapeo seg\u00fan sus preferencias, desde una experiencia suave hasta una m\u00e1s intensa.<\/li>\n<li data-start=\"5744\" data-end=\"5876\"><strong data-start=\"5746\" data-end=\"5757\">Comodidad<\/strong>: La\u00a0<strong data-start=\"5763\" data-end=\"5783\">600 mAh bater\u00eda<\/strong>\u00a0y el\u00a0<strong data-start=\"5792\" data-end=\"5816\">Conector de carga tipo C<\/strong>\u00a0hacer la carga de los\u00a0<strong data-start=\"5841\" data-end=\"5849\">Vape<\/strong>\u00a0R\u00e1pido y sin complicaciones.<\/li>\n<li data-start=\"5877\" data-end=\"6050\"><strong data-start=\"5879\" data-end=\"5899\">Calidad premium<\/strong>Con una\u00a0<strong data-start=\"5911\" data-end=\"5933\">Capacidad de E-L\u00edquido<\/strong>\u00a0de\u00a0<strong data-start=\"5938\" data-end=\"5947\">30 ml<\/strong>\u00a0y uno\u00a0<strong data-start=\"5958\" data-end=\"5971\">Bobina de malla<\/strong>\u00a0Esta vape proporciona una experiencia de sabor intensa y nubes de vapor densas.<\/li>\n<li data-start=\"6051\" data-end=\"6253\"><strong data-start=\"6053\" data-end=\"6071\">Comodidad<\/strong>: Dado que\u00a0<strong data-start=\"6080\" data-end=\"6124\">Arymi IFun 28000 Z\u00fcge Einweg E-Zigarette \n\nbecomes \n\nArymi IFun 28000 Disposable Electronic Cigarette<\/strong>\u00a0ya est\u00e1 completamente cargado y con\u00a0<strong data-start=\"6168\" data-end=\"6180\">E-Liquid<\/strong>\u00a0rellenado viene, no necesita hacer nada m\u00e1s, \u00a1solo disfrutar del vape!<\/li>\n<\/ul>\n<p data-start=\"6255\" data-end=\"6413\">Esta vape es perfecta para todos los que valoran la calidad, el sabor y la facilidad de uso, y que buscan una soluci\u00f3n a largo plazo para su vapeo.<\/p>\n<hr data-start=\"6415\" data-end=\"6418\" \/>\n<h3 data-start=\"6420\" data-end=\"6502\"><strong data-start=\"6423\" data-end=\"6502\">Preguntas frecuentes - Preguntas frecuentes sobre el cigarrillo electr\u00f3nico desechable Arymi IFun 28000<\/strong><\/h3>\n<h4 data-start=\"6504\" data-end=\"6572\"><strong data-start=\"6508\" data-end=\"6572\">\u00bfCu\u00e1nto tiempo dura el cigarrillo electr\u00f3nico desechable Arymi IFun 28000 caladas?<\/strong><\/h4>\n<p data-start=\"6573\" data-end=\"6814\">La\u00a0<strong data-start=\"6577\" data-end=\"6621\">Arymi IFun 28000 Z\u00fcge Einweg E-Zigarette \n\nbecomes \n\nArymi IFun 28000 Disposable Electronic Cigarette<\/strong>\u00a0hasta\u00a0<strong data-start=\"6634\" data-end=\"6649\">28.000 trenes<\/strong>, lo que la convierte en uno de los vaporizadores desechables m\u00e1s duraderos del mercado. La larga vida \u00fatil garantiza que no tenga que buscar constantemente un nuevo vapeador.<\/p>\n<h4 data-start=\"6816\" data-end=\"6861\"><strong data-start=\"6820\" data-end=\"6861\">La Arymi IFun 28000 contiene nicotina?<\/strong><\/h4>\n<p data-start=\"6862\" data-end=\"7032\">S\u00ed, la\u00a0<strong data-start=\"6870\" data-end=\"6914\">Arymi IFun 28000 Z\u00fcge Einweg E-Zigarette \n\nbecomes \n\nArymi IFun 28000 Disposable Electronic Cigarette<\/strong>\u00a0contiene\u00a0<strong data-start=\"6923\" data-end=\"6938\">2 % Nicotina<\/strong>, lo que los hace ideales para aquellos que buscan la sensaci\u00f3n de fumar un cigarrillo cl\u00e1sico.<\/p>\n<h4 data-start=\"7034\" data-end=\"7093\"><strong data-start=\"7038\" data-end=\"7093\">\u00bfSe puede recargar el Arymi IFun 28000?<\/strong><\/h4>\n<p data-start=\"7094\" data-end=\"7265\">S\u00ed, la\u00a0<strong data-start=\"7102\" data-end=\"7122\">Arymi IFun 28000<\/strong>\u00a0dispone de una\u00a0<strong data-start=\"7141\" data-end=\"7170\">bater\u00eda recargable<\/strong>\u00a0con uno\u00a0<strong data-start=\"7181\" data-end=\"7205\">Conector de carga tipo C<\/strong>, para que puedas cargar la bater\u00eda de manera conveniente cuando sea necesario.<\/p>\n<h4 data-start=\"7267\" data-end=\"7304\"><strong data-start=\"7271\" data-end=\"7304\">\u00bfCu\u00e1les sabores est\u00e1n disponibles?<\/strong><\/h4>\n<p data-start=\"7305\" data-end=\"7487\">Derzeit bietet die\u00a0<strong data-start=\"7324\" data-end=\"7368\">Arymi IFun 28000 Z\u00fcge Einweg E-Zigarette \n\nbecomes \n\nArymi IFun 28000 Disposable Electronic Cigarette<\/strong>\u00a0los aromas\u00a0<strong data-start=\"7380\" data-end=\"7397\">Rainbow Candy<\/strong>\u00a0y\u00a0<strong data-start=\"7402\" data-end=\"7418\">Bebida Energizante<\/strong>Ambos sabores ofrecen una experiencia de vapeo \u00fanica y deliciosa.<\/p>\n<hr data-start=\"7489\" data-end=\"7492\" \/>\n<p data-start=\"7494\" data-end=\"7767\" data-is-last-node=\"\">Para un pedido f\u00e1cil y r\u00e1pido de\u00a0<strong data-start=\"7540\" data-end=\"7584\">Arymi IFun 28000 Z\u00fcge Einweg E-Zigarette \n\nbecomes \n\nArymi IFun 28000 Disposable Electronic Cigarette<\/strong>\u00a0simplemente visite<a href=\"https:\/\/alfakher24h.de\/es\/\"> alfakher24h.de<\/a>Ofrecemos la mayor variedad de\u00a0<strong data-start=\"7666\" data-end=\"7704\">E-cigarrillos desechables en Alemania<\/strong>\u00a0y garantizamos una entrega r\u00e1pida y un pago seguro.<\/p>","protected":false},"excerpt":{"rendered":"<p><strong data-start=\"7540\" data-end=\"7584\">Arymi IFun 28000 Z\u00fcge Einweg E-Zigarette \n\nbecomes \n\nArymi IFun 28000 Disposable Electronic Cigarette<\/strong>\u00a0Visite simplemente alfakher24h.de. Ofrecemos la mayor selecci\u00f3n de\u00a0<strong data-start=\"7666\" data-end=\"7704\">E-cigarrillos desechables en Alemania<\/strong>\u00a0y garantizamos una entrega r\u00e1pida y un pago seguro.<\/p>","protected":false},"featured_media":1750,"comment_status":"open","ping_status":"closed","template":"","meta":{"om_disable_all_campaigns":false},"product_brand":[],"product_cat":[45],"product_tag":[],"class_list":{"0":"post-1749","1":"product","2":"type-product","3":"status-publish","4":"has-post-thumbnail","6":"product_cat-arymi-ifun-28000","8":"first","9":"outofstock","10":"shipping-taxable","11":"purchasable","12":"product-type-simple"},"_links":{"self":[{"href":"https:\/\/alfakher24h.de\/es\/wp-json\/wp\/v2\/product\/1749","targetHints":{"allow":["GET"]}}],"collection":[{"href":"https:\/\/alfakher24h.de\/es\/wp-json\/wp\/v2\/product"}],"about":[{"href":"https:\/\/alfakher24h.de\/es\/wp-json\/wp\/v2\/types\/product"}],"replies":[{"embeddable":true,"href":"https:\/\/alfakher24h.de\/es\/wp-json\/wp\/v2\/comments?post=1749"}],"wp:featuredmedia":[{"embeddable":true,"href":"https:\/\/alfakher24h.de\/es\/wp-json\/wp\/v2\/media\/1750"}],"wp:attachment":[{"href":"https:\/\/alfakher24h.de\/es\/wp-json\/wp\/v2\/media?parent=1749"}],"wp:term":[{"taxonomy":"product_brand","embeddable":true,"href":"https:\/\/alfakher24h.de\/es\/wp-json\/wp\/v2\/product_brand?post=1749"},{"taxonomy":"product_cat","embeddable":true,"href":"https:\/\/alfakher24h.de\/es\/wp-json\/wp\/v2\/product_cat?post=1749"},{"taxonomy":"product_tag","embeddable":true,"href":"https:\/\/alfakher24h.de\/es\/wp-json\/wp\/v2\/product_tag?post=1749"}],"curies":[{"name":"wp","href":"https:\/\/api.w.org\/{rel}","templated":true}]}}