{"id":1727,"date":"2025-03-10T04:21:07","date_gmt":"2025-03-10T04:21:07","guid":{"rendered":"https:\/\/alfakher24h.de\/?post_type=product&#038;p=1727"},"modified":"2025-03-10T04:21:08","modified_gmt":"2025-03-10T04:21:08","slug":"httperror-response-code-429-too-many-requests-15","status":"publish","type":"product","link":"https:\/\/alfakher24h.de\/es\/producto\/httperror-response-code-429-too-many-requests-15\/","title":{"rendered":"Arymi Hookalit 40000 Z\u00fcge Einweg E Zigarette \u2013 Lemon Mint\n\nbecomes \n\nArymi Hookalit 40000 Zugs Disposable E-Cigarette \u2013 Lemon Mint"},"content":{"rendered":"<h2>Arymi Hookalit 40000 Z\u00fcge \n\n(No translation needed for numbers and names, assuming \"Z\u00fcge\" is German for \"trains\" but leaving it as is since instruction is to not translate when unnecessary)\n\nArymi Hookalit 40000 trenes -&gt; incorrect \nso \nArymi Hookalit 40000 Z\u00fcge\u00a0<a href=\"https:\/\/alfakher24h.de\/es\/\">Cigarrillo electr\u00f3nico desechable<\/a>: Mezcla perfecta de tecnolog\u00eda y sabor<\/h2>\n<div style=\"width: 1020px;\" class=\"wp-video\"><video class=\"wp-video-shortcode\" id=\"video-1727-1\" width=\"1020\" height=\"574\" preload=\"metadata\" controls=\"controls\"><source type=\"video\/mp4\" src=\"https:\/\/alfakher24h.de\/wp-content\/uploads\/2025\/03\/arymi-hookalit-40000-\u89c6\u9891.mp4?_=1\" \/><a href=\"https:\/\/alfakher24h.de\/wp-content\/uploads\/2025\/03\/arymi-hookalit-40000-\u89c6\u9891.mp4\">https:\/\/alfakher24h.de\/wp-content\/uploads\/2025\/03\/arymi-hookalit-40000-\u89c6\u9891.mp4<\/a><\/video><\/div>\n<p>La\u00a0<strong>Arymi Hookalit 40000 cigarrillos electr\u00f3nicos de un solo uso<\/strong>\u00a0Es m\u00e1s que un simple dispositivo de vapeo convencional. Combina tecnolog\u00eda avanzada, una enorme capacidad de l\u00edquido y una experiencia de sabor inconfundible. Para los vapeadores que buscan lo mejor, este cigarrillo electr\u00f3nico desechable es la elecci\u00f3n ideal. Con una enorme capacidad, funciones f\u00e1ciles de usar y un sabor aut\u00e9ntico a shisha, la Arymi Hookalit se destaca de otros productos en el mercado.<\/p>\n<p><strong>Por qu\u00e9 deber\u00eda elegir el cigarrillo electr\u00f3nico desechable Arymi Hookalit 40000 caladas?<\/strong><\/p>\n<p>La\u00a0<strong>Arymi Hookalit<\/strong>\u00a0ofrece la mezcla perfecta de rendimiento excepcional y sabor inconfundible. Con una capacidad gigantesca de 40 ml y una bater\u00eda recargable integrada de 1300 mAh, este cigarrillo electr\u00f3nico desechable superar\u00e1 tus expectativas. Disfruta hasta\u00a0<strong>40.000 trenes<\/strong>\u00a0en MTL (Mouth-To-Lung) or up to\u00a0<strong>20.000 trenes<\/strong>\u00a0en DL (Direct-Lung). Ofrece una fuerza de nicotina de 0,5% (5 mg\/ml) y permite una producci\u00f3n de vapor de primera clase.<\/p>\n<h3>Caracter\u00edsticas completas del producto de Arymi Hookalit 40000 tiradas\u00a0<a href=\"https:\/\/alfakher24h.de\/es\/\">Cigarrillo electr\u00f3nico desechable<\/a><\/h3>\n<h4>1.\u00a0<strong>Capacidad de l\u00edquido electr\u00f3nico gigante de 40 ml<\/strong><\/h4>\n<p>Con una generosa capacidad de 40 ml, podr\u00e1s disfrutar de un tiempo de vapor excepcionalmente largo. Esta cantidad es suficiente para muchos golpes y asegura que puedas usar tu cigarrillo electr\u00f3nico desechable durante mucho tiempo sin necesidad de rellenar o comprar uno nuevo.<\/p>\n<h4>2.\u00a0<strong>Bater\u00eda recargable integrada de 1300mAh<\/strong><\/h4>\n<p>La potente bater\u00eda te permite experimentar hasta 40.000 bocanegra en MTL sin preocuparte por el nivel de carga. La bater\u00eda se puede recargar a trav\u00e9s del puerto USB tipo C y garantiza una larga vida \u00fatil y un rendimiento constante.<\/p>\n<h4>3.\u00a0<strong>Nikotin-St\u00e4rke von 5mg\/ml (0,5%)<\/strong><\/h4>\n<p>La\u00a0<strong>5mg\/ml de concentraci\u00f3n de nicotina<\/strong>\u00a0garantiza una experiencia de vapor agradable, adecuada tanto para vapers experimentados como para principiantes. Esta fuerza proporciona una absorci\u00f3n de nicotina equilibrada y satisfactoria en cada calada.<\/p>\n<h4>4.\u00a0<strong>Bobina de malla de primera clase (0,6 ohmios) para un sabor intenso<\/strong><\/h4>\n<p>Con el\u00a0<strong>0,6 Ohm Mesh-Coil<\/strong>\u00a0Disfrute de un vapeo intenso y uniforme. Esta bobina proporciona un sabor mejorado y una mayor producci\u00f3n de vapor, especialmente en\u00a0<strong>Direct-Lung (DL)<\/strong>\u00a0y\u00a0<strong>Mouth-To-Lung (MTL)<\/strong>T\u00e9cnicas.<\/p>\n<h4>5.\u00a0<strong>Control de flujo de aire ajustable<\/strong><\/h4>\n<p>Gracias a la\u00a0<strong>control de flujo de aire ajustable<\/strong>\u00a0Puede personalizar la experiencia de vapeo seg\u00fan sus propias preferencias. Ya sea para un tiro suave al estilo MTL o una producci\u00f3n de vapor m\u00e1s intensa al estilo DL, el Arymi Hookalit le brinda el control total.<\/p>\n<h4>6.\u00a0<strong>Punta de gota tipo pajita para mayor comodidad<\/strong><\/h4>\n<p>Das\u00a0<strong>punta de gota similar a una pajita<\/strong>\u00a0Proporciona un comportamiento de tiro c\u00f3modo y una experiencia de sabor mejorada. Ofrece una forma ergon\u00f3mica que hace que el tiro sea m\u00e1s natural y agradable.<\/p>\n<h4>7.\u00a0<strong>Pantalla digital para facilitar su uso<\/strong><\/h4>\n<p>La sencilla\u00a0<strong>pantalla digital<\/strong>\u00a0hace que el manejo de la<a href=\"https:\/\/alfakher24h.de\/es\/\">\u00a0<\/a><strong><a href=\"https:\/\/alfakher24h.de\/es\/\">Arymi<\/a> Hookalit 40000<\/strong>\u00a0A\u00fan m\u00e1s amigable para el usuario. Muestra de un vistazo cu\u00e1nto l\u00edquido a\u00fan est\u00e1 disponible y cu\u00e1ndo el dispositivo debe ser cargado.<\/p>\n<h4>8.\u00a0<strong>Dampado activado por tir\u00f3n<\/strong><\/h4>\n<p>Gracias a la\u00a0<strong>tecnolog\u00eda activada por tren<\/strong>\u00a0solo necesita tirar de la e-cigarrillo para activar el vapor. No se requiere ning\u00fan interruptor, lo que mejora a\u00fan m\u00e1s la comodidad y la facilidad de uso.<\/p>\n<h4>9.\u00a0<strong>Sabores aut\u00e9nticos de shisha<\/strong><\/h4>\n<p>La Arymi Hookalit ofrece sabores aut\u00e9nticos de shisha, especialmente adecuados para vapeadores de pulm\u00f3n directo. El sabor es claro y completo, lo que proporciona una experiencia de vapeo excepcional.<\/p>\n<h4>10.\u00a0<strong>Carga USB tipo C (cable no incluido)<\/strong><\/h4>\n<p>La\u00a0<strong>Carga USB tipo C<\/strong>\u00a0Le permite cargar el cigarrillo electr\u00f3nico de manera r\u00e1pida y efectiva. El cargador no est\u00e1 incluido en el paquete, pero el conector est\u00e1ndar USB tipo C est\u00e1 disponible en todo el mundo.<\/p>\n<h2><img loading=\"lazy\" decoding=\"async\" class=\"alignnone wp-image-2120 size-full\" title=\"Arymi Hookalit 40000 Z\u00fcge Einweg E Zigarette - Lemon Mint 2\" src=\"https:\/\/alfakher24h.de\/wp-content\/uploads\/2025\/03\/arymi-hookalit-40000.webp\" sizes=\"auto, (max-width: 2000px) 100vw, 2000px\" srcset=\"https:\/\/alfakher24h.de\/wp-content\/uploads\/2025\/03\/arymi-hookalit-40000.webp 2000w, https:\/\/alfakher24h.de\/wp-content\/uploads\/2025\/03\/arymi-hookalit-40000-300x300.webp 300w, https:\/\/alfakher24h.de\/wp-content\/uploads\/2025\/03\/arymi-hookalit-40000-1024x1024.webp 1024w, https:\/\/alfakher24h.de\/wp-content\/uploads\/2025\/03\/arymi-hookalit-40000-150x150.webp 150w, https:\/\/alfakher24h.de\/wp-content\/uploads\/2025\/03\/arymi-hookalit-40000-768x768.webp 768w, https:\/\/alfakher24h.de\/wp-content\/uploads\/2025\/03\/arymi-hookalit-40000-1536x1536.webp 1536w, https:\/\/alfakher24h.de\/wp-content\/uploads\/2025\/03\/arymi-hookalit-40000-12x12.webp 12w, https:\/\/alfakher24h.de\/wp-content\/uploads\/2025\/03\/arymi-hookalit-40000-600x600.webp 600w, https:\/\/alfakher24h.de\/wp-content\/uploads\/2025\/03\/arymi-hookalit-40000-100x100.webp 100w\" alt=\"Arymi Hookalit 40000 Z\u00fcge Einweg E Zigarette - Lemon Mint\" width=\"2000\" height=\"2000\" \/><\/h2>\n<h3><strong>Sabores de la Arymi Hookalit 40000 caladas  Cigarrillo electr\u00f3nico desechable<\/strong><\/h3>\n<p>La\u00a0<strong>Arymi Hookalit 40000 cigarrillos electr\u00f3nicos de un solo uso<\/strong>\u00a0es su rendimiento, sino tambi\u00e9n por su\u00a0<strong>sabores \u00fanicos y deliciosos<\/strong>Especialmente los\u00a0<strong>Limoncillo de menta<\/strong>Variante que proporciona una experiencia de sabor inconfundible, que es a la vez fresca y refrescante.<\/p>\n<h4><strong>Limoneta de Menta - Refrescante y C\u00edtrico<\/strong><\/h4>\n<p>El sabor de\u00a0<strong>Limoncillo de menta<\/strong>\u00a0Combina la frescura c\u00edtrica y picante del lim\u00f3n con una nota refrescante de mentol. Este sabor es ideal para aquellos que buscan una refrescante viva y en\u00e9rgica. El lim\u00f3n aporta un toque \u00e1cido que despierta las papilas gustativas, mientras que el sabor a menta complementa el conjunto con una agradable frescura y un final refrescante.<\/p>\n<p>Imagina que est\u00e1s tomando un refrescante bebida de lim\u00f3n y menta en un caluroso d\u00eda de verano. As\u00ed es como se siente el\u00a0<strong>Limoncillo de menta<\/strong>\u00a0Sabor de Arymi Hookalit - refrescante, revitalizante y simplemente perfecto para tomar entre horas.<\/p>\n<p>El sabor no es abrumador y permanece agradable y no artificial durante todo el tiempo. Ofrece un equilibrio ideal entre frescura y dulzura, lo que lo convierte en un favorito para muchos vapeadores. Ya sea que est\u00e9 empezando o sea un vapeador experimentado, este sabor es ideal para todo el d\u00eda.<\/p>\n<h3><strong>Por qu\u00e9 deber\u00edas elegir los Arymi Hookalit 40000 cigarros electr\u00f3nicos<a href=\"https:\/\/alfakher24h.de\/es\/\"> Cigarrillo electr\u00f3nico desechable<\/a> \u00bfComprar?<\/strong><\/h3>\n<ul>\n<li><strong>Largo tiempo de vapor:<\/strong>\u00a0Con una capacidad de 40 ml y una bater\u00eda que dura hasta 40.000 caladas, no tendr\u00e1s que preocuparte por rellenar o cargar con frecuencia.<\/li>\n<li><strong>Experiencia de vapor y sabor de primera clase:<\/strong>\u00a0Der\u00a0<strong>0,6 Ohm Mesh-Coil<\/strong>\u00a0y la\u00a0<strong>control de flujo de aire ajustable<\/strong>\u00a0se encargan de proporcionar una experiencia inolvidable de viaje en barco de vapor.<\/li>\n<li><strong>Uso vers\u00e1til:<\/strong>\u00a0La\u00a0<strong>control de flujo de aire ajustable<\/strong>\u00a0Le permite personalizar el vapeo seg\u00fan sus preferencias, ya sea MTL o DL.<\/li>\n<li><strong>Sabor aut\u00e9ntico de shisha:<\/strong>\u00a0Disfrute del aut\u00e9ntico\u00a0<strong>Limoncillo de menta<\/strong>Sabor que no te decepcionar\u00e1.<\/li>\n<li><strong>Amigable y c\u00f3modo para el usuario:<\/strong>\u00a0Con la\u00a0<strong>pantalla digital<\/strong>\u00a0y el\u00a0<strong>tecnolog\u00eda activada por tren<\/strong>\u00a0Puede operar el dispositivo de manera muy sencilla.<\/li>\n<\/ul>\n<p>Compre las\u00a0<strong>Arymi Hookalit 40000 cigarrillos electr\u00f3nicos de un solo uso<\/strong> directamente en alfakher24h.de su mayor plataforma en l\u00ednea para\u00a0<strong>Vapes desechables en Alemania<\/strong>En nuestro sitio encontrar\u00e1 una gran variedad de cigarrillos electr\u00f3nicos desechables que superar\u00e1n sus expectativas.<\/p>\n<hr \/>\n<h3><strong>Preguntas frecuentes sobre los cigarrillos electr\u00f3nicos desechables Arymi Hookalit 40000 caladas<\/strong><\/h3>\n<h4>1.\u00a0<strong>Cu\u00e1ntos  cigarrillos puedo disfrutar con el  Arymi Hookalit 40000  cigarrillo electr\u00f3nico desechable ?<\/strong><\/h4>\n<p>La Arymi Hookalit cerca de\u00a0<strong>40.000 trenes<\/strong>\u00a0en\u00a0<strong>Estilo MTL<\/strong>\u00a0(Boca a Pulm\u00f3n) o\u00a0<strong>20.000 trenes<\/strong>\u00a0en\u00a0<strong>Estilo DL<\/strong>\u00a0(Direct-Lung)<\/p>\n<h4>2.\u00a0<strong>Es ist die Arymi Hookalit 40000 Einweg E-Zigarette mit Nikotin.<\/strong><\/h4>\n<p>S\u00ed, el Arymi Hookalit contiene\u00a0<strong>0,5% Nikotin<\/strong>\u00a0(5 mg\/ml), lo que asegura una absorci\u00f3n suave y satisfactoria de nicotina.<\/p>\n<h4>3.\u00a0<strong>Wie lade ich die Arymi Hookalit 40000 Einweg E-Zigarette auf?<\/strong><\/h4>\n<p>La\u00a0<strong>Arymi Hookalit<\/strong>\u00a0dispone de un\u00a0<strong>USB tipo C<\/strong>\u00a0Conexi\u00f3n para recargar. Sin embargo, el cable de carga no est\u00e1 incluido en el paquete.<\/p>\n<h4>4.\u00a0<strong>Puedo rellenar el cigarrillo electr\u00f3nico desechable Arymi Hookalit 40000?<\/strong><\/h4>\n<p>No, la Arymi Hookalit es una\u00a0<strong>Cigarrillo electr\u00f3nico desechable<\/strong>, que no se puede rellenar. Est\u00e1 dise\u00f1ada para su uso a largo plazo, hasta que se agote el l\u00edquido electr\u00f3nico y la bater\u00eda.<\/p>\n<h4>5.\u00a0<strong>Wie reinige ich meine Arymi Hookalit 40000 Einweg E-Zigarette?<\/strong><\/h4>\n<p>Da es sich um eine\u00a0<strong>Cigarrillo electr\u00f3nico desechable<\/strong>\u00a0No requieren limpieza. Una vez que se agota el l\u00edquido electr\u00f3nico o se agota la bater\u00eda, debe desechar el dispositivo.<\/p>\n<hr \/>\n<h4>Compre hoy mismo su\u00a0<strong>Arymi Hookalit 40000 cigarrillos electr\u00f3nicos de un solo uso<\/strong> en alfakher24h.de y experimente la experiencia de vapeo definitiva.<\/h4>","protected":false},"excerpt":{"rendered":"<h4>\u00a0<strong>Arymi Hookalit 40000 cigarrillos electr\u00f3nicos de un solo uso<\/strong> en alfakher24h.de y experimente la experiencia de vapeo definitiva.<\/h4>","protected":false},"featured_media":1728,"comment_status":"open","ping_status":"closed","template":"","meta":{"om_disable_all_campaigns":false},"product_brand":[],"product_cat":[44],"product_tag":[],"class_list":{"0":"post-1727","1":"product","2":"type-product","3":"status-publish","4":"has-post-thumbnail","6":"product_cat-arymi-hookalit-40000","8":"first","9":"instock","10":"shipping-taxable","11":"purchasable","12":"product-type-simple"},"_links":{"self":[{"href":"https:\/\/alfakher24h.de\/es\/wp-json\/wp\/v2\/product\/1727","targetHints":{"allow":["GET"]}}],"collection":[{"href":"https:\/\/alfakher24h.de\/es\/wp-json\/wp\/v2\/product"}],"about":[{"href":"https:\/\/alfakher24h.de\/es\/wp-json\/wp\/v2\/types\/product"}],"replies":[{"embeddable":true,"href":"https:\/\/alfakher24h.de\/es\/wp-json\/wp\/v2\/comments?post=1727"}],"wp:featuredmedia":[{"embeddable":true,"href":"https:\/\/alfakher24h.de\/es\/wp-json\/wp\/v2\/media\/1728"}],"wp:attachment":[{"href":"https:\/\/alfakher24h.de\/es\/wp-json\/wp\/v2\/media?parent=1727"}],"wp:term":[{"taxonomy":"product_brand","embeddable":true,"href":"https:\/\/alfakher24h.de\/es\/wp-json\/wp\/v2\/product_brand?post=1727"},{"taxonomy":"product_cat","embeddable":true,"href":"https:\/\/alfakher24h.de\/es\/wp-json\/wp\/v2\/product_cat?post=1727"},{"taxonomy":"product_tag","embeddable":true,"href":"https:\/\/alfakher24h.de\/es\/wp-json\/wp\/v2\/product_tag?post=1727"}],"curies":[{"name":"wp","href":"https:\/\/api.w.org\/{rel}","templated":true}]}}