{"id":1714,"date":"2025-03-07T06:34:45","date_gmt":"2025-03-07T06:34:45","guid":{"rendered":"https:\/\/alfakher24h.de\/?post_type=product&#038;p=1714"},"modified":"2025-05-21T04:35:18","modified_gmt":"2025-05-21T04:35:18","slug":"httperror-response-code-429-too-many-requests-38","status":"publish","type":"product","link":"https:\/\/alfakher24h.de\/es\/producto\/httperror-response-code-429-too-many-requests-38\/","title":{"rendered":"AI Fakher Crown Bar 15000 caladas Cigarrillo electr\u00f3nico desechable - Goma de mascar menta"},"content":{"rendered":"<h2>Al Fakher Crown Bar 15000 PRO: Cigarrillo electr\u00f3nico desechable con variedad de sabores intensos y m\u00e1xima potencia<\/h2>\n<p>La\u00a0<strong>Al Fakher Crown Bar 15000 PRO<\/strong>\u00a0ofrece una experiencia de vapeo inigualable y est\u00e1 hecha para todos aquellos que valoran la calidad, el aroma y la durabilidad. Este innovador dispositivo de vapeo ofrece una potente bater\u00eda recargable USB-C de 600mAh, una impresionante capacidad de 22ml de l\u00edquido electr\u00f3nico y hasta 15.000 caladas. Con este nuevo dise\u00f1o, Al Fakher lleva el vapeo a un nuevo nivel, especialmente para todos aquellos que en Alemania est\u00e1n buscando un cigarrillo electr\u00f3nico desechable fiable y potente.<\/p>\n<h3>Caracter\u00edsticas \u00fanicas de la Al Fakher Crown Bar 15000 PRO<\/h3>\n<ul>\n<li><strong>Imponentes trenes:<\/strong>\u00a0Disfruta hasta 15.000 caladas - ideal para un placer de vapor duradero.<\/li>\n<li><strong>Duraci\u00f3n de la bater\u00eda:<\/strong>\u00a0La bater\u00eda de 600mAh garantiza que el dispositivo dure hasta que se agote todo el l\u00edquido electr\u00f3nico, pr\u00e1ctico y fiable.<\/li>\n<li><strong>Capacidad de l\u00edquido electr\u00f3nico de 22ml:<\/strong>\u00a0Disfrute de una gran cantidad de l\u00edquido sin necesidad de rellenar constantemente.<\/li>\n<li><strong>Contenido de nicotina de 5% (50mg):<\/strong>\u00a0Perfectamente adaptado a las necesidades de muchos vapeadores.<\/li>\n<li><strong>Dise\u00f1o moderno:<\/strong>\u00a0Con una pantalla LED para el nivel de bater\u00eda y el nivel de l\u00edquido, siempre estar\u00e1 informado.<\/li>\n<li><strong>F\u00e1cil manejo y recargabilidad:<\/strong>\u00a0El conector USB tipo C (cable no incluido) permite una carga f\u00e1cil y r\u00e1pida.<\/li>\n<\/ul>\n<p>Visite nuestro sitio web alfakher24h.de y descubra nuestra amplia oferta de cigarrillos electr\u00f3nicos desechables.<\/p>\n<hr \/>\n<h2>Un vistazo detallado al mundo de sabores de Al Fakher Crown Bar 15000 PRO<\/h2>\n<p>Al Fakher ha transferido su experiencia en el \u00e1mbito tradicional de la shisha al mercado de vapeo de manera perfecta. Con una variedad impresionante de sabores aut\u00e9nticos e intensos, cada experiencia de vapeo se convierte en un momento de verdadero placer.<\/p>\n<h3>Experiencia gustativa: Gum Mint<\/h3>\n<p><strong>Gum Mint<\/strong>\u00a0Es una mezcla refrescante que combina menta fresca con un toque de chicle dulce. Con cada calada, experimentar\u00e1 la frescura revitalizante de la menta, complementada por la dulzura de un sabor a chicle familiar. Es una elecci\u00f3n perfecta para aquellos que disfrutan de un toque de frescura con un aroma dulce y familiar. La combinaci\u00f3n de sabores ofrece un aroma duradero que te har\u00e1 querer disfrutarlo una y otra vez.<\/p>\n<p><img loading=\"lazy\" decoding=\"async\" class=\"alignnone wp-image-824 size-full\" title=\"AI Fakher Crown Bar 15000 caladas Cigarrillo electr\u00f3nico desechable - Goma de mascar Menta 2\" src=\"https:\/\/alfakher24h.de\/wp-content\/uploads\/2025\/03\/1AI-Fakher-Crown-Bar-15000.webp\" sizes=\"auto, (max-width: 1080px) 100vw, 1080px\" srcset=\"https:\/\/alfakher24h.de\/wp-content\/uploads\/2025\/03\/1AI-Fakher-Crown-Bar-15000.webp 1080w, https:\/\/alfakher24h.de\/wp-content\/uploads\/2025\/03\/1AI-Fakher-Crown-Bar-15000-225x300.webp 225w, https:\/\/alfakher24h.de\/wp-content\/uploads\/2025\/03\/1AI-Fakher-Crown-Bar-15000-768x1024.webp 768w, https:\/\/alfakher24h.de\/wp-content\/uploads\/2025\/03\/1AI-Fakher-Crown-Bar-15000-600x800.webp 600w\" alt=\"AI Fakher Crown Bar 15000 caladas Cigarrillo electr\u00f3nico desechable - Goma de mascar menta \" width=\"1080\" height=\"1440\" \/><\/p>\n<hr \/>\n<h2>Por qu\u00e9 el Al Fakher Crown Bar 15000 PRO es la mejor opci\u00f3n para vapeadores<\/h2>\n<ol>\n<li><strong>Calidad y fiabilidad:<\/strong>\u00a0La alta calidad de procesamiento de Al Fakher garantiza un dispositivo duradero que no te decepciona.<\/li>\n<li><strong>Intensa experiencia de vapor:<\/strong>\u00a0Con hasta 15.000 caladas, experimente un placer de vapor duradero e intenso.<\/li>\n<li><strong>Carga simple:<\/strong>\u00a0El puerto de carga USB-C permite una recarga f\u00e1cil y r\u00e1pida.<\/li>\n<li><strong>Alto contenido de nicotina:<\/strong>\u00a0El contenido de nicotina de 5%, en particular, atrae a vapeadores experimentados que buscan una experiencia m\u00e1s intensa.<\/li>\n<li><strong>Variedad arom\u00e1tica:<\/strong>\u00a0Gracias a la amplia selecci\u00f3n de sabores, hay algo para todos los gustos.<\/li>\n<\/ol>\n<p>&nbsp;<\/p>\n<p>La\u00a0<strong>Al Fakher Crown Bar 15000 PRO<\/strong> Es m\u00e1s que un simple cigarrillo electr\u00f3nico desechable - es una declaraci\u00f3n de calidad y rendimiento. Ya seas un vapeador experimentado o un principiante, este dispositivo te ofrece todo lo que necesitas para llevar tu experiencia de vapeo al siguiente nivel. \u00a1Vis\u00edtanos en alfakher24h.de y aseg\u00farate tu dispositivo hoy mismo!<\/p>\n<p><img loading=\"lazy\" decoding=\"async\" class=\"alignnone size-full wp-image-855\" title=\"AI Fakher Crown Bar 15000 caladas Cigarrillo electr\u00f3nico desechable - Goma de menta 3\" src=\"https:\/\/alfakher24h.de\/wp-content\/uploads\/2025\/03\/2AI-Fakher-Crown-Bar-15000-1.webp\" sizes=\"auto, (max-width: 1920px) 100vw, 1920px\" srcset=\"https:\/\/alfakher24h.de\/wp-content\/uploads\/2025\/03\/2AI-Fakher-Crown-Bar-15000-1.webp 1920w, https:\/\/alfakher24h.de\/wp-content\/uploads\/2025\/03\/2AI-Fakher-Crown-Bar-15000-1-300x169.webp 300w, https:\/\/alfakher24h.de\/wp-content\/uploads\/2025\/03\/2AI-Fakher-Crown-Bar-15000-1-1024x576.webp 1024w, https:\/\/alfakher24h.de\/wp-content\/uploads\/2025\/03\/2AI-Fakher-Crown-Bar-15000-1-768x432.webp 768w, https:\/\/alfakher24h.de\/wp-content\/uploads\/2025\/03\/2AI-Fakher-Crown-Bar-15000-1-1536x864.webp 1536w, https:\/\/alfakher24h.de\/wp-content\/uploads\/2025\/03\/2AI-Fakher-Crown-Bar-15000-1-600x338.webp 600w\" alt=\"AI Fakher Crown Bar 15000 caladas Cigarrillo electr\u00f3nico desechable - Goma de mascar menta \" width=\"1920\" height=\"1080\" \/><\/p>","protected":false},"excerpt":{"rendered":"<p><strong>Al Fakher Crown Bar 15000 PRO<\/strong> Es m\u00e1s que un simple cigarrillo electr\u00f3nico desechable - es una declaraci\u00f3n de calidad y rendimiento. Ya sea que sea un vapeador experimentado o un principiante, este dispositivo le ofrece todo<\/p>","protected":false},"featured_media":1715,"comment_status":"open","ping_status":"closed","template":"","meta":{"om_disable_all_campaigns":false},"product_brand":[],"product_cat":[43],"product_tag":[],"class_list":{"0":"post-1714","1":"product","2":"type-product","3":"status-publish","4":"has-post-thumbnail","6":"product_cat-al-fakher-crown-bar-15000","8":"first","9":"outofstock","10":"shipping-taxable","11":"purchasable","12":"product-type-simple"},"_links":{"self":[{"href":"https:\/\/alfakher24h.de\/es\/wp-json\/wp\/v2\/product\/1714","targetHints":{"allow":["GET"]}}],"collection":[{"href":"https:\/\/alfakher24h.de\/es\/wp-json\/wp\/v2\/product"}],"about":[{"href":"https:\/\/alfakher24h.de\/es\/wp-json\/wp\/v2\/types\/product"}],"replies":[{"embeddable":true,"href":"https:\/\/alfakher24h.de\/es\/wp-json\/wp\/v2\/comments?post=1714"}],"wp:featuredmedia":[{"embeddable":true,"href":"https:\/\/alfakher24h.de\/es\/wp-json\/wp\/v2\/media\/1715"}],"wp:attachment":[{"href":"https:\/\/alfakher24h.de\/es\/wp-json\/wp\/v2\/media?parent=1714"}],"wp:term":[{"taxonomy":"product_brand","embeddable":true,"href":"https:\/\/alfakher24h.de\/es\/wp-json\/wp\/v2\/product_brand?post=1714"},{"taxonomy":"product_cat","embeddable":true,"href":"https:\/\/alfakher24h.de\/es\/wp-json\/wp\/v2\/product_cat?post=1714"},{"taxonomy":"product_tag","embeddable":true,"href":"https:\/\/alfakher24h.de\/es\/wp-json\/wp\/v2\/product_tag?post=1714"}],"curies":[{"name":"wp","href":"https:\/\/api.w.org\/{rel}","templated":true}]}}