{"id":1712,"date":"2025-03-06T09:22:05","date_gmt":"2025-03-06T09:22:05","guid":{"rendered":"https:\/\/alfakher24h.de\/?post_type=product&#038;p=1712"},"modified":"2025-05-21T04:35:19","modified_gmt":"2025-05-21T04:35:19","slug":"httperror-response-code-429-too-many-requests-3","status":"publish","type":"product","link":"https:\/\/alfakher24h.de\/es\/producto\/httperror-response-code-429-too-many-requests-3\/","title":{"rendered":"AI Fakher Crown Bar 15000 Z\u00fcge Einweg E Zigarette \u2013 Lucid Dream\n\n becomes \n\nAI Fakher Crown Bar 15000 tiradas cigarrillo electr\u00f3nico desechable - Lucid Dream"},"content":{"rendered":"<h2><strong><a href=\"https:\/\/alfakher24h.de\/es\/\">Al Fakher Crown Bar 15000 PRO<\/a> Disposable Vape \u2013 Cigarrillo electr\u00f3nico desechable de alta potencia y sabor<\/strong><\/h2>\n<hr \/>\n<h3>Sobre el producto<\/h3>\n<p>Experimente el vapeo definitivo con el\u00a0<strong><a href=\"https:\/\/alfakher24h.de\/es\/\">Al Fakher<\/a> Crown Bar 15000 PRO<\/strong>\u00a0- Un potente cigarrillo electr\u00f3nico desechable que impresiona con caracter\u00edsticas innovadoras y un placer incomparable. Esta avanzada vape ofrece un rendimiento impresionante con\u00a0<strong>15.000 trenes<\/strong>uno\u00a0<strong>bater\u00eda recargable de 600mAh USB-C<\/strong>\u00a0y uno\u00a0<strong>Tanque de l\u00edquido electr\u00f3nico de 22ml<\/strong>. Al Fakher, conocido por productos de alta calidad, ha desarrollado con este cigarrillo electr\u00f3nico una experiencia dise\u00f1ada espec\u00edficamente para el gusto y las necesidades de vapeadores exigentes en Alemania.<\/p>\n<p>Con una pantalla LED \u00fanica, puede mantener un control del nivel de llenado y la vida \u00fatil de la bater\u00eda - ideal para todos aquellos que valoran la visi\u00f3n general y el control. La Al Fakher Crown Bar 15000 PRO es perfecta para una experiencia de vapeo intensa y duradera y es la elecci\u00f3n ideal para usuarios frecuentes debido a su dise\u00f1o moderno y su larga durabilidad.<\/p>\n<hr \/>\n<h3>Caracter\u00edsticas principales<\/h3>\n<ul>\n<li><strong>N\u00famero de caladas<\/strong>: Hasta\u00a0<strong>15.000 trenes<\/strong>que proporcionan una experiencia de vapor excepcionalmente duradera.<\/li>\n<li><strong>Capacidad del l\u00edquido electr\u00f3nico<\/strong>: 22ml, perfectamente ajustado al alto n\u00famero de caladas para un disfrute prolongado.<\/li>\n<li><strong>Bater\u00eda<\/strong>Recargables\u00a0<strong>Bater\u00eda USB-C de 600mAh<\/strong>\u00a0(Cable no incluido) para uso flexible y larga duraci\u00f3n de la bater\u00eda.<\/li>\n<li><strong>Contenido de nicotina<\/strong>: 5% (50mg) Nicotina \u2013 una fuerza que es adecuada tanto para vapeadores regulares como para aquellos que est\u00e1n cambiando.<\/li>\n<li><strong>Destacado de dise\u00f1o<\/strong>: La marca del logotipo de Al Fakher grabada en la carcasa hace que el vapeador sea un compa\u00f1ero elegante y un llamativo.<\/li>\n<li><strong>Manejo sencillo<\/strong>Gracias a su forma compacta y manejable, la Al Fakher Crown Bar 15000 PRO es ideal para llevarla consigo.<\/li>\n<\/ul>\n<hr \/>\n<h3>Por qu\u00e9 comprar la Al Fakher Crown Bar 15000 PRO?<\/h3>\n<p>Esta cigarrilla electr\u00f3nica desechable no solo ofrece logros tecnol\u00f3gicos de primera l\u00ednea, sino que tambi\u00e9n cumple con las expectativas de calidad y dise\u00f1o. Fue desarrollada espec\u00edficamente para vapeadores en Alemania y ofrece una combinaci\u00f3n perfecta de facilidad de uso y rendimiento. Con su alto n\u00famero de caladas y generoso volumen de l\u00edquido, no solo es pr\u00e1ctica, sino tambi\u00e9n extremadamente econ\u00f3mica. Para aquellos que buscan experiencias prolongadas de vapeo sin recargar constantemente, la Al Fakher Crown Bar 15000 PRO es la elecci\u00f3n perfecta.<\/p>\n<hr \/>\n<h3>Un universo de sabor intenso<\/h3>\n<p>Al Fakher ha creado, con su experiencia en la industria del shisha, una amplia gama de sabores aut\u00e9nticos y de alta calidad. Esta experiencia se refleja tambi\u00e9n en los l\u00edquidos electr\u00f3nicos de la Crown Bar 15000 PRO y ofrece a los amantes del vapeo una variedad excepcional de sabores:<\/p>\n<h4><strong>Sue\u00f1o l\u00facido<\/strong><\/h4>\n<p>Una experiencia gastron\u00f3mica que te transporta a un mundo de ensue\u00f1o.\u00a0<strong>Sue\u00f1o l\u00facido<\/strong>\u00a0Ofrece una mezcla exquisita de notas frutales y cremosas que proporcionan una experiencia de vapeo suave e intensa al mismo tiempo. El sabor es perfecto para los vapeadores que prefieren un equilibrio armonioso entre dulzura y frescura. Los matices cremosos hacen que el vapor parezca suave como la seda, mientras que los aromas frutales proporcionan una nota refrescante. Cada calada despliega un sabor rico y completo que no pierde intensidad ni siquiera despu\u00e9s de un consumo prolongado.<\/p>\n<hr \/>\n<h3>Ventajas del producto en detalle<\/h3>\n<p>Con la Al Fakher Crown Bar 15000 PRO no solo obtienes un dispositivo de vapeo sobresaliente, sino tambi\u00e9n un compa\u00f1ero fiable en el d\u00eda a d\u00eda.<\/p>\n<ul>\n<li><strong>Durabilidad y rendimiento<\/strong>: 15.000 puffs y una gran capacidad de l\u00edquido electr\u00f3nico hacen que pueda disfrutar de su experiencia de vapeo durante un per\u00edodo m\u00e1s largo sin hacer concesiones.<\/li>\n<li><strong>Rechargeabilidad<\/strong>La posibilidad de cargar la bater\u00eda a trav\u00e9s de USB-C hace que su uso sea especialmente flexible y respetuoso con el medio ambiente.<\/li>\n<li><strong>Dise\u00f1o ergon\u00f3mico<\/strong>: El dise\u00f1o delgado y compacto del cigarrillo electr\u00f3nico hace que quepa c\u00f3modamente en cualquier bolsillo y sea perfecto para llevarlo mientras se est\u00e1 de camino.<\/li>\n<li><strong>Aut\u00e9ntica experiencia gustativa<\/strong>Al Fakher es sin\u00f3nimo de calidad y le ofrece sabores aut\u00e9nticos y ricos.<\/li>\n<\/ul>","protected":false},"excerpt":{"rendered":"<p>Al Fakher\u00a0Crown Bar 15000 PRO Disposable Vape \u2013 Einweg-E-Zigarette mit Hochleistung &amp; Geschmack \u00dcber das Produkt Erleben Sie das ultimative Vaping mit der\u00a0Al Fakher Crown Bar 15000 PRO\u00a0\u2013 einer leistungsstarken Einweg-E-Zigarette, die mit innovativen Features und unvergleichlichem Genuss \u00fcberzeugt. Diese fortschrittliche Vape bietet eine beeindruckende Leistung mit\u00a015000 Z\u00fcgen, einer\u00a0nachf\u00fcllbaren 600mAh USB-C-Batterie\u00a0und einem\u00a022ml E-Liquid-Tank. Al Fakher, [&#8230;]","protected":false},"featured_media":1713,"comment_status":"open","ping_status":"closed","template":"","meta":{"om_disable_all_campaigns":false},"product_brand":[],"product_cat":[43],"product_tag":[],"class_list":{"0":"post-1712","1":"product","2":"type-product","3":"status-publish","4":"has-post-thumbnail","6":"product_cat-al-fakher-crown-bar-15000","8":"first","9":"outofstock","10":"shipping-taxable","11":"purchasable","12":"product-type-simple"},"_links":{"self":[{"href":"https:\/\/alfakher24h.de\/es\/wp-json\/wp\/v2\/product\/1712","targetHints":{"allow":["GET"]}}],"collection":[{"href":"https:\/\/alfakher24h.de\/es\/wp-json\/wp\/v2\/product"}],"about":[{"href":"https:\/\/alfakher24h.de\/es\/wp-json\/wp\/v2\/types\/product"}],"replies":[{"embeddable":true,"href":"https:\/\/alfakher24h.de\/es\/wp-json\/wp\/v2\/comments?post=1712"}],"wp:featuredmedia":[{"embeddable":true,"href":"https:\/\/alfakher24h.de\/es\/wp-json\/wp\/v2\/media\/1713"}],"wp:attachment":[{"href":"https:\/\/alfakher24h.de\/es\/wp-json\/wp\/v2\/media?parent=1712"}],"wp:term":[{"taxonomy":"product_brand","embeddable":true,"href":"https:\/\/alfakher24h.de\/es\/wp-json\/wp\/v2\/product_brand?post=1712"},{"taxonomy":"product_cat","embeddable":true,"href":"https:\/\/alfakher24h.de\/es\/wp-json\/wp\/v2\/product_cat?post=1712"},{"taxonomy":"product_tag","embeddable":true,"href":"https:\/\/alfakher24h.de\/es\/wp-json\/wp\/v2\/product_tag?post=1712"}],"curies":[{"name":"wp","href":"https:\/\/api.w.org\/{rel}","templated":true}]}}