{"id":1710,"date":"2025-03-06T09:18:00","date_gmt":"2025-03-06T09:18:00","guid":{"rendered":"https:\/\/alfakher24h.de\/?post_type=product&#038;p=1710"},"modified":"2025-05-21T04:35:19","modified_gmt":"2025-05-21T04:35:19","slug":"httperror-response-code-429-too-many-requests-4","status":"publish","type":"product","link":"https:\/\/alfakher24h.de\/es\/producto\/httperror-response-code-429-too-many-requests-4\/","title":{"rendered":"AI Fakher Crown Bar 15000 caladas cigarrillo electr\u00f3nico desechable \u2013 Sabor a hielo lujoso"},"content":{"rendered":"<h2>Al Fakher Crown Bar 15000 PRO Disposable Vape \u2013 Vape desechable con estilo y rendimiento<\/h2>\n<p><img loading=\"lazy\" decoding=\"async\" class=\"alignnone size-full wp-image-1703\" src=\"https:\/\/alfakher24h.de\/wp-content\/uploads\/2025\/03\/5AI-Fakher-Crown-Bar-15000.webp\" alt=\"\" width=\"800\" height=\"800\" title=\"\" srcset=\"https:\/\/alfakher24h.de\/wp-content\/uploads\/2025\/03\/5AI-Fakher-Crown-Bar-15000.webp 800w, https:\/\/alfakher24h.de\/wp-content\/uploads\/2025\/03\/5AI-Fakher-Crown-Bar-15000-300x300.webp 300w, https:\/\/alfakher24h.de\/wp-content\/uploads\/2025\/03\/5AI-Fakher-Crown-Bar-15000-150x150.webp 150w, https:\/\/alfakher24h.de\/wp-content\/uploads\/2025\/03\/5AI-Fakher-Crown-Bar-15000-768x768.webp 768w, https:\/\/alfakher24h.de\/wp-content\/uploads\/2025\/03\/5AI-Fakher-Crown-Bar-15000-12x12.webp 12w, https:\/\/alfakher24h.de\/wp-content\/uploads\/2025\/03\/5AI-Fakher-Crown-Bar-15000-600x600.webp 600w, https:\/\/alfakher24h.de\/wp-content\/uploads\/2025\/03\/5AI-Fakher-Crown-Bar-15000-100x100.webp 100w\" sizes=\"auto, (max-width: 800px) 100vw, 800px\" \/><\/p>\n<p>Experimente la pr\u00f3xima generaci\u00f3n de vapeo con el Al Fakher Crown Bar 15000 PRO, el cigarrillo electr\u00f3nico desechable definitivo para el placer y el rendimiento. Con una impresionante capacidad de 15.000 caladas y un dise\u00f1o recientemente desarrollado, este dispositivo combina potencia, estilo y el sabor inconfundible por el que Al Fakher es conocido. Perfecto tanto para principiantes como para vapeadores experimentados, el Crown Bar 15000 ofrece una experiencia de vapeo de primera clase que puedes disfrutar en cualquier momento y en cualquier lugar.<\/p>\n<h3>M\u00e1xima calidad y t\u00e9cnica innovadora<\/h3>\n<p>Con una capacidad de 22 ml de l\u00edquido electr\u00f3nico y una fuerza de nicotina del 5% es el Al Fakher Crown Bar 15000 PRO m\u00e1s que solo una\u00a0<a href=\"https:\/\/alfakherwelt.de\/\" target=\"_blank\" rel=\"noopener\">Cigarrillo electr\u00f3nico desechable<\/a>\u00a0\u2013 Es es una declaraci\u00f3n en el mundo del vapor. La bater\u00eda integrada recargable de 600 mAh a trav\u00e9s de USB-C garantiza que el dispositivo dure hasta la \u00faltima gota de l\u00edquido electr\u00f3nico, de modo que no se pierda ninguna bocanada valiosa.<\/p>\n<ul>\n<li><strong>Capacidad:<\/strong>\u00a022 ml de l\u00edquido electr\u00f3nico de alta calidad que garantiza un rendimiento de vapor intenso y duradero<\/li>\n<li><strong>Nikotinst\u00e4rke<\/strong>\u00a05% (50 mg) para una experiencia de vapeo fuerte y satisfactoria<\/li>\n<li><strong>Akku<\/strong>\u00a0Bater\u00eda recargable de 600mAh, USB-C (cable de carga no incluido), proporciona un rendimiento duradero<\/li>\n<li><strong>Trenes:<\/strong>\u00a0M\u00e1s de 15.000 trenes para un placer duradero<\/li>\n<li><strong>Pantalla LED:<\/strong>\u00a0Pantalla avanzada para carga de bater\u00eda y nivel de l\u00edquido electr\u00f3nico<\/li>\n<\/ul>\n<h3>Por qu\u00e9 el Al Fakher Crown Bar 15000 PRO es la elecci\u00f3n correcta<\/h3>\n<ol>\n<li><strong>Insuperable longevidad:<\/strong>\u00a0Disfrute hasta 15.000 bocanegra - Un m\u00e1ximo de potencia y valor.<\/li>\n<li><strong>Dise\u00f1o elegante y \u00fanico:<\/strong>\u00a0El logotipo ic\u00f3nico de Al Fakher y el dise\u00f1o elegante hacen que el dispositivo sea una verdadera atracci\u00f3n.<\/li>\n<li><strong>Recargabilidad por USB-C:<\/strong>\u00a0Con la bater\u00eda recargable de 600mAh, puede prolongar su experiencia de vapeo cuando la necesite.<\/li>\n<li><strong>Pantalla LED avanzada:<\/strong>\u00a0El Crown Bar 15000 muestra en todo momento el estado del E-Liquid y de la bater\u00eda, para que siempre est\u00e9 informado.<\/li>\n<li><strong>Manejo sencillo:<\/strong>\u00a0Sin rellenar ni configuraci\u00f3n complicada - simplemente disfrutar.<\/li>\n<\/ol>\n<hr \/>\n<h3>Descripci\u00f3n detallada de los sabores<\/h3>\n<h4>Lush Ice<\/h4>\n<p>El sabor Lush Ice te transporta a un mundo lleno de frescura y fruta. Con cada calada, se despliega una base de sand\u00eda jugosa que se complementa perfectamente con un toque de mentol. Este aroma es ideal para todos aquellos que buscan una experiencia de vapeo refrescante y afrutada que enfr\u00ede y refresque el paladar. El equilibrio entre la sand\u00eda dulce y el mentol intenso asegura un agradable retrogusto que deja con ganas de m\u00e1s. Cada calada es un viaje a la frescura tropical que nunca se vuelve aburrida.<\/p>\n<hr \/>\n<h3>Explosiones de sabor para cada momento<\/h3>\n<p>La Al Fakher Crown Bar 15000 PRO fue desarrollada para ofrecerte una amplia gama de sabores intensos y emocionantes. Descubre la experiencia de sabor incomparable que Al Fakher aporta al mundo de los vaporizadores desechables: una diversidad que reinventar\u00e1 cada experiencia de vapeo.<\/p>\n<hr \/>\n<h3>\u00bfPor qu\u00e9 comprar con nosotros?<\/h3>\n<p>Como el mayor proveedor en l\u00ednea de cigarrillos electr\u00f3nicos desechables en Alemania, nuestra tienda - alfakher24h.de - ofrece una amplia selecci\u00f3n de los mejores y m\u00e1s actuales vaporizadores desechables del mercado. Con un enfoque en la calidad y el servicio al cliente, somos el lugar de referencia para todos aquellos que buscan una experiencia de vapeo de alta calidad y fiable.<\/p>","protected":false},"excerpt":{"rendered":"<p>Al Fakher Crown Bar 15000 PRO fue desarrollado para ofrecerte una amplia gama de sabores intensos y emocionantes. Descubre la experiencia de sabor incomparable<\/p>","protected":false},"featured_media":1711,"comment_status":"open","ping_status":"closed","template":"","meta":{"om_disable_all_campaigns":false},"product_brand":[],"product_cat":[43],"product_tag":[],"class_list":{"0":"post-1710","1":"product","2":"type-product","3":"status-publish","4":"has-post-thumbnail","6":"product_cat-al-fakher-crown-bar-15000","8":"first","9":"outofstock","10":"shipping-taxable","11":"purchasable","12":"product-type-simple"},"_links":{"self":[{"href":"https:\/\/alfakher24h.de\/es\/wp-json\/wp\/v2\/product\/1710","targetHints":{"allow":["GET"]}}],"collection":[{"href":"https:\/\/alfakher24h.de\/es\/wp-json\/wp\/v2\/product"}],"about":[{"href":"https:\/\/alfakher24h.de\/es\/wp-json\/wp\/v2\/types\/product"}],"replies":[{"embeddable":true,"href":"https:\/\/alfakher24h.de\/es\/wp-json\/wp\/v2\/comments?post=1710"}],"wp:featuredmedia":[{"embeddable":true,"href":"https:\/\/alfakher24h.de\/es\/wp-json\/wp\/v2\/media\/1711"}],"wp:attachment":[{"href":"https:\/\/alfakher24h.de\/es\/wp-json\/wp\/v2\/media?parent=1710"}],"wp:term":[{"taxonomy":"product_brand","embeddable":true,"href":"https:\/\/alfakher24h.de\/es\/wp-json\/wp\/v2\/product_brand?post=1710"},{"taxonomy":"product_cat","embeddable":true,"href":"https:\/\/alfakher24h.de\/es\/wp-json\/wp\/v2\/product_cat?post=1710"},{"taxonomy":"product_tag","embeddable":true,"href":"https:\/\/alfakher24h.de\/es\/wp-json\/wp\/v2\/product_tag?post=1710"}],"curies":[{"name":"wp","href":"https:\/\/api.w.org\/{rel}","templated":true}]}}