{"id":1708,"date":"2025-03-06T09:14:12","date_gmt":"2025-03-06T09:14:12","guid":{"rendered":"https:\/\/alfakher24h.de\/?post_type=product&#038;p=1708"},"modified":"2025-05-21T04:35:19","modified_gmt":"2025-05-21T04:35:19","slug":"httperror-response-code-429-too-many-requests-5","status":"publish","type":"product","link":"https:\/\/alfakher24h.de\/es\/producto\/httperror-response-code-429-too-many-requests-5\/","title":{"rendered":"AI Fakher Crown Bar 15000 caladas Cigarrillo electr\u00f3nico desechable - Menta"},"content":{"rendered":"<h2>La\u00a0<a href=\"https:\/\/alfakher24h.de\/es\/\">Al Fakher<\/a> Crown Bar 15000 PRO \u2013 Perfecci\u00f3n en formato de bolsillo para entusiastas del vapeo<\/h2>\n<p><img loading=\"lazy\" decoding=\"async\" class=\"alignnone size-full wp-image-1703\" src=\"https:\/\/alfakher24h.de\/wp-content\/uploads\/2025\/03\/5AI-Fakher-Crown-Bar-15000.webp\" alt=\"\" width=\"800\" height=\"800\" title=\"\" srcset=\"https:\/\/alfakher24h.de\/wp-content\/uploads\/2025\/03\/5AI-Fakher-Crown-Bar-15000.webp 800w, https:\/\/alfakher24h.de\/wp-content\/uploads\/2025\/03\/5AI-Fakher-Crown-Bar-15000-300x300.webp 300w, https:\/\/alfakher24h.de\/wp-content\/uploads\/2025\/03\/5AI-Fakher-Crown-Bar-15000-150x150.webp 150w, https:\/\/alfakher24h.de\/wp-content\/uploads\/2025\/03\/5AI-Fakher-Crown-Bar-15000-768x768.webp 768w, https:\/\/alfakher24h.de\/wp-content\/uploads\/2025\/03\/5AI-Fakher-Crown-Bar-15000-12x12.webp 12w, https:\/\/alfakher24h.de\/wp-content\/uploads\/2025\/03\/5AI-Fakher-Crown-Bar-15000-600x600.webp 600w, https:\/\/alfakher24h.de\/wp-content\/uploads\/2025\/03\/5AI-Fakher-Crown-Bar-15000-100x100.webp 100w\" sizes=\"auto, (max-width: 800px) 100vw, 800px\" \/><\/p>\n<p>Bienvenido a \/alfakher24h.de, la plataforma l\u00edder de Alemania para cigarrillos electr\u00f3nicos desechables. La Al Fakher Crown Bar 15000 PRO no es solo un cigarrillo electr\u00f3nico desechable, sino una obra maestra en el \u00e1mbito del vapeo moderno. Con m\u00e1s de 15.000 caladas, una bater\u00eda recargable USB-C de 600mAh de alta potencia y 22ml de e-l\u00edquido en la deliciosa variedad Simple Mint, este dispositivo promete una experiencia de vapeo intensa, duradera y sin complicaciones. Ya sea para el vapeador experimentado o para los principiantes que buscan un producto de alta calidad, la Al Fakher Crown Bar 15000 PRO cumple con todos los deseos y ofrece el equilibrio perfecto entre funcionalidad, comodidad y sabor.<\/p>\n<hr \/>\n<h2>Producto descripci\u00f3n: Qu\u00e9 la <a href=\"https:\/\/alfakher24h.de\/es\/\">Al Fakher<\/a> Crown Bar 15000 PRO lo que lo hace\u7279\u522b<\/h2>\n<h3>Dise\u00f1o \u00fanico y tecnolog\u00eda de \u00faltima generaci\u00f3n<\/h3>\n<p>La Al Fakher Crown Bar 15000 PRO es el \u00faltimo modelo de la serie Al Fakher y destaca no solo por su potencia, sino tambi\u00e9n por su dise\u00f1o ergon\u00f3mico \u00fanico, que la hace ligera y c\u00f3moda de sostener en la mano. Con su logotipo elegante y una pantalla LED que le muestra el nivel de bater\u00eda y la cantidad de l\u00edquido electr\u00f3nico restante, la Crown Bar combina estilo y funcionalidad. La Crown Bar 15000 PRO tambi\u00e9n es recargable y ofrece una durabilidad y fiabilidad sin precedentes, ideal para el uso diario intensivo de vapeadores.<\/p>\n<hr \/>\n<h2>Propiedades sobresalientes de la Al Fakher Crown Bar 15000 PRO<\/h2>\n<ol>\n<li><strong>Larga vida \u00fatil con 15.000 disparos<\/strong><br \/>\nCon un impresionante recuento de puffs de 15.000, la Al Fakher Crown Bar 15000 PRO est\u00e1 dise\u00f1ada para una vida \u00fatil prolongada y ofrece una experiencia de vapeo duradera, sin necesidad de reemplazo constante.<\/li>\n<li><strong>Carga pr\u00e1ctica USB-C<\/strong><br \/>\nLa bater\u00eda de 600mAh se puede cargar de manera c\u00f3moda y r\u00e1pida a trav\u00e9s de USB-C, por lo que el usuario siempre est\u00e1 debidamente abastecido y puede recargar el dispositivo sin problemas mientras est\u00e1 en movimiento.<\/li>\n<li><strong>Gran capacidad de E-Liquid de 22ml<\/strong><br \/>\nEl generoso tanque de 22ml de E-Liquid proporciona muchas horas de vapeo placenteras sin interrupci\u00f3n. La capacidad de E-Liquid est\u00e1 espec\u00edficamente optimizada para un alto n\u00famero de caladas.<\/li>\n<li><strong>Indicador LED para el nivel de bater\u00eda y E-Liquid<\/strong><br \/>\nGracias a la avanzada pantalla LED, los usuarios tienen en todo momento una visi\u00f3n clara del nivel de bater\u00eda y de la cantidad restante de l\u00edquido electr\u00f3nico, lo que garantiza una experiencia de vapeo relajada y controlada.<\/li>\n<li><strong>Dise\u00f1o compacto y elegante<\/strong><br \/>\nLa Al Fakher Crown Bar no solo es funcional, sino que tambi\u00e9n es una verdadera joya visual. Su dise\u00f1o elegante y su logotipo distintivo hacen que el dispositivo sea un compa\u00f1ero elegante en la vida diaria.<\/li>\n<li><strong>Optimale Nikotinst\u00e4rke von 5% (50mg)\n\n se convierte en \n\nOptima fuerza de nicotina de 5% (50mg)<\/strong><br \/>\nCon 5% de nicotina, la Al Fakher Crown Bar ofrece una experiencia intensa pero agradable para los vapeadores que optan por una potencia de nicotina fuerte.<\/li>\n<\/ol>\n<hr \/>\n<h2>Experiencia gustativa con Simple Mint: Una nueva dimensi\u00f3n de frescura<\/h2>\n<p>Al Fakher es sin\u00f3nimo de m\u00e1xima calidad y una amplia variedad de sabores que hablan al sentido del gusto de manera incomparable. Con\u00a0<strong>Simple Mint<\/strong>\u00a0Los expertos de Al Fakher han creado un aroma que resulta tanto sencillo como elegante. Simple Mint es la elecci\u00f3n perfecta para todos aquellos que prefieren sabores frescos y limpios - ideal para una experiencia de vapeo relajada y refrescante que enfr\u00eda la respiraci\u00f3n y revitaliza toda la experiencia de vapeo.<\/p>\n<h3>Simple Mint: El fresco sabor de la pureza y la claridad<\/h3>\n<p>Simple Mint se caracteriza por su aut\u00e9ntica nota de menta que se despliega con cada bocanada y proporciona una experiencia fresca y revitalizante. Este aroma es sencillo, pero al mismo tiempo intenso y agradablemente suave. Ya sea por la ma\u00f1ana, al mediod\u00eda o por la noche, Simple Mint es la elecci\u00f3n ideal para todos aquellos que buscan un aroma que sea a la vez refrescante y discreto.<\/p>\n<h4>Las caracter\u00edsticas especiales de Simple Mint<\/h4>\n<ul>\n<li><strong>Frescura natural de menta<\/strong><br \/>\nSimple Mint trae la fresca y refrescante naturalidad de la menta a una forma reconfortante. Las notas de menta son aut\u00e9nticas y brindan una sensaci\u00f3n de pureza que refresca y revitaliza sin ser abrumadora.<\/li>\n<li><strong>Sabor claro y suave<\/strong><br \/>\nA diferencia de los intensos aromas frutales o notas dulces, Simple Mint ofrece un sabor claro y f\u00e1cil de disfrutar, ideal para vapeadores que prefieren un sabor discreto y no abrumador.<\/li>\n<li><strong>Un toque de mentol para un refresco suave<\/strong><br \/>\nSimple Mint se refina con un toque de mentol, lo que realza la sensaci\u00f3n de frescura y ofrece una experiencia ligeramente refrescante, perfecta para un descanso relajante.<\/li>\n<li><strong>Larga duraci\u00f3n de frescura<\/strong><br \/>\nEl sabor de Simple Mint permanece agradablemente durante mucho tiempo en la lengua y asegura que la experiencia de vapeo siga siendo refrescante y revitalizante hasta la \u00faltima calada. Esta frescura duradera es un placer especialmente en d\u00edas calurosos.<\/li>\n<\/ul>\n<h3>Por qu\u00e9 se valora tanto Simple Mint<\/h3>\n<p>Simple Mint es ideal para todos aquellos que buscan un sabor simple y sin embargo efectivo, que enriquece la experiencia de vapeo sin ser demasiado intenso. El sabor a menta delicado es perfecto para vapear diariamente y se adapta tanto a vapeadores experimentados como a principiantes que desean un aroma claro, fresco y ligero.<\/p>\n<hr \/>\n<h2>Por qu\u00e9 el Al Fakher Crown Bar 15000 PRO es la mejor opci\u00f3n<\/h2>\n<p>La Al Fakher Crown Bar 15000 PRO es el dispositivo de vapeo perfecto para todos aquellos que valoran la calidad y el sabor. Ofrece un n\u00famero impresionante de caladas, una tecnolog\u00eda moderna y pensada, as\u00ed como una experiencia de sabor que simplemente convence. Con el sabor Simple Mint, la Al Fakher Crown Bar 15000 PRO ofrece una nota pura y clara que convierte el vapeo en un descanso relajante y refrescante.<\/p>\n<p>En alfakher24h.de, la mayor plataforma de Alemania para cigarrillos electr\u00f3nicos desechables, puede comprar c\u00f3modamente y de manera segura la Al Fakher Crown Bar 15000 PRO y otros productos de Al Fakher. Aqu\u00ed le espera la m\u00e1xima calidad y un servicio que no deja ning\u00fan deseo sin satisfacer.<\/p>\n<hr \/>\n<h2>Conclusi\u00f3n<\/h2>\n<p>La Al Fakher Crown Bar 15000 PRO es un cigarrillo electr\u00f3nico desechable de alta calidad, desarrollado para proporcionar una experiencia de vapeo prolongada. Con 15.000 caladas, una carga pr\u00e1ctica mediante USB-C y el sabor fresco y claro de Simple Mint, este dispositivo ofrece todo lo que los vapeadores pueden desear. La combinaci\u00f3n de rendimiento, durabilidad y un aroma agradable hace que la Al Fakher Crown Bar 15000 PRO sea una de las mejores opciones en el \u00e1mbito de los cigarrillos electr\u00f3nicos desechables.<\/p>\n<p>Visite <a href=\"https:\/\/alfakher24h.de\/es\/\">alfakher24h.de<\/a>\u00a0y experimente la experiencia de vapeo \u00fanica que solo la Al Fakher Crown Bar 15000 PRO puede ofrecer. Descubre la calidad que se siente en cada calada y disfruta de lo mejor que el mundo del vapeo tiene que ofrecer. <a href=\"https:\/\/alfakher24h.de\/es\/\">Cigarrillos electr\u00f3nicos desechables<\/a> ofrece - solo en Al Fakher Welt.<\/p>","protected":false},"excerpt":{"rendered":"<p>Al Fakher Crown Bar 15000 PRO es un cigarrillo electr\u00f3nico desechable de alta calidad, desarrollado para proporcionar una experiencia de vapeo prolongada. Con 15.000 caladas, una carga pr\u00e1ctica mediante USB-C y el sabor fresco y claro de Simple Mint, este dispositivo ofrece todo<\/p>","protected":false},"featured_media":1709,"comment_status":"open","ping_status":"closed","template":"","meta":{"om_disable_all_campaigns":false},"product_brand":[],"product_cat":[43],"product_tag":[],"class_list":{"0":"post-1708","1":"product","2":"type-product","3":"status-publish","4":"has-post-thumbnail","6":"product_cat-al-fakher-crown-bar-15000","8":"first","9":"outofstock","10":"shipping-taxable","11":"purchasable","12":"product-type-simple"},"_links":{"self":[{"href":"https:\/\/alfakher24h.de\/es\/wp-json\/wp\/v2\/product\/1708","targetHints":{"allow":["GET"]}}],"collection":[{"href":"https:\/\/alfakher24h.de\/es\/wp-json\/wp\/v2\/product"}],"about":[{"href":"https:\/\/alfakher24h.de\/es\/wp-json\/wp\/v2\/types\/product"}],"replies":[{"embeddable":true,"href":"https:\/\/alfakher24h.de\/es\/wp-json\/wp\/v2\/comments?post=1708"}],"wp:featuredmedia":[{"embeddable":true,"href":"https:\/\/alfakher24h.de\/es\/wp-json\/wp\/v2\/media\/1709"}],"wp:attachment":[{"href":"https:\/\/alfakher24h.de\/es\/wp-json\/wp\/v2\/media?parent=1708"}],"wp:term":[{"taxonomy":"product_brand","embeddable":true,"href":"https:\/\/alfakher24h.de\/es\/wp-json\/wp\/v2\/product_brand?post=1708"},{"taxonomy":"product_cat","embeddable":true,"href":"https:\/\/alfakher24h.de\/es\/wp-json\/wp\/v2\/product_cat?post=1708"},{"taxonomy":"product_tag","embeddable":true,"href":"https:\/\/alfakher24h.de\/es\/wp-json\/wp\/v2\/product_tag?post=1708"}],"curies":[{"name":"wp","href":"https:\/\/api.w.org\/{rel}","templated":true}]}}