{"id":1704,"date":"2025-03-06T08:55:36","date_gmt":"2025-03-06T08:55:36","guid":{"rendered":"https:\/\/alfakher24h.de\/?post_type=product&#038;p=1704"},"modified":"2025-05-21T04:35:19","modified_gmt":"2025-05-21T04:35:19","slug":"httperror-response-code-429-too-many-requests-6","status":"publish","type":"product","link":"https:\/\/alfakher24h.de\/es\/producto\/httperror-response-code-429-too-many-requests-6\/","title":{"rendered":"AI Fakher Crown Bar 15000 caladas Cigarrillo electr\u00f3nico desechable - Flash blanco"},"content":{"rendered":"<h2 data-start=\"0\" data-end=\"125\"><strong data-start=\"0\" data-end=\"125\">Al Fakher Crown Bar 15000 Vape desechable - Cigarrillo electr\u00f3nico desechable con 15.000 caladas para una experiencia de vapeo inolvidable<\/strong><\/h2>\n<p><img loading=\"lazy\" decoding=\"async\" class=\"alignnone size-full wp-image-1703\" src=\"https:\/\/alfakher24h.de\/wp-content\/uploads\/2025\/03\/5AI-Fakher-Crown-Bar-15000.webp\" alt=\"\" width=\"800\" height=\"800\" title=\"\" srcset=\"https:\/\/alfakher24h.de\/wp-content\/uploads\/2025\/03\/5AI-Fakher-Crown-Bar-15000.webp 800w, https:\/\/alfakher24h.de\/wp-content\/uploads\/2025\/03\/5AI-Fakher-Crown-Bar-15000-300x300.webp 300w, https:\/\/alfakher24h.de\/wp-content\/uploads\/2025\/03\/5AI-Fakher-Crown-Bar-15000-150x150.webp 150w, https:\/\/alfakher24h.de\/wp-content\/uploads\/2025\/03\/5AI-Fakher-Crown-Bar-15000-768x768.webp 768w, https:\/\/alfakher24h.de\/wp-content\/uploads\/2025\/03\/5AI-Fakher-Crown-Bar-15000-12x12.webp 12w, https:\/\/alfakher24h.de\/wp-content\/uploads\/2025\/03\/5AI-Fakher-Crown-Bar-15000-600x600.webp 600w, https:\/\/alfakher24h.de\/wp-content\/uploads\/2025\/03\/5AI-Fakher-Crown-Bar-15000-100x100.webp 100w\" sizes=\"auto, (max-width: 800px) 100vw, 800px\" \/><\/p>\n<h3 data-start=\"127\" data-end=\"157\">Descripci\u00f3n general del producto<\/h3>\n<p data-start=\"158\" data-end=\"778\">La\u00a0<strong data-start=\"162\" data-end=\"214\">Al Fakher Crown Bar 15000 PRO E-cigarrillo desechable<\/strong>\u00a0Es una elecci\u00f3n sobresaliente para vapeadores que apuestan por la calidad, el sabor y la durabilidad. Con una impresionante capacidad de 22 ml de e-l\u00edquido y una duraci\u00f3n de la bater\u00eda que garantiza un uso prolongado, este cigarrillo electr\u00f3nico desechable es el compa\u00f1ero perfecto para muchos d\u00edas. Ofrece nada menos que 15.000 caladas y viene con una bater\u00eda recargable\u00a0<strong data-start=\"571\" data-end=\"593\">Bater\u00eda USB-C de 600 mAh<\/strong>\u00a0(Cable no incluido). Adem\u00e1s, el dispositivo cuenta con una pr\u00e1ctica pantalla LED que muestra en todo momento el nivel de bater\u00eda y la cantidad de E-Liquid restante - ideal para llevarlo en el bolsillo.<\/p>\n<h3 data-start=\"780\" data-end=\"802\">Destacados del producto<\/h3>\n<ul data-start=\"803\" data-end=\"1562\">\n<li data-start=\"803\" data-end=\"925\"><strong data-start=\"805\" data-end=\"830\">15.000 trenes de capacidad<\/strong>Garantiza un placer duradero con un sabor uniforme y arom\u00e1tico en cada calada.<\/li>\n<li data-start=\"926\" data-end=\"1021\"><strong data-start=\"928\" data-end=\"946\">22 ml E-Liquid<\/strong>Ofrece una experiencia de sabor intensa, ideal para todos los vapeadores.<\/li>\n<li data-start=\"1022\" data-end=\"1246\"><strong data-start=\"1024\" data-end=\"1064\">Bater\u00eda recargable de 600 mAh con USB-C<\/strong>: La bater\u00eda garantiza un uso continuo hasta la \u00faltima gota de E-Liquid. Se puede recargar c\u00f3modamente con un cable USB-C (cable no incluido).<\/li>\n<li data-start=\"1247\" data-end=\"1398\"><strong data-start=\"1249\" data-end=\"1274\">5%<\/strong>: Con 50 mg de nicotina, este cigarrillo electr\u00f3nico desechable ofrece una agradable satisfacci\u00f3n para exfumadores y vapeadores experimentados.<\/li>\n<li data-start=\"1399\" data-end=\"1562\"><strong data-start=\"1401\" data-end=\"1436\">Dise\u00f1o moderno con pantalla LED<\/strong>: La pantalla LED avanzada muestra el estado de la bater\u00eda y el nivel de l\u00edquido electr\u00f3nico, para que siempre est\u00e9 perfectamente informado.<\/li>\n<\/ul>\n<h3 data-start=\"1564\" data-end=\"1607\">Por qu\u00e9 elegir Al Fakher Crown Bar 15000<\/h3>\n<ul data-start=\"1608\" data-end=\"2370\">\n<li data-start=\"1608\" data-end=\"1791\"><strong data-start=\"1610\" data-end=\"1640\">Singular longevividad<\/strong>Con 15.000 caladas, este cigarrillo electr\u00f3nico desechable ofrece una de las mayores capacidades de caladas del mercado y reduce la necesidad de comprar o recargar con frecuencia.<\/li>\n<li data-start=\"1792\" data-end=\"1950\"><strong data-start=\"1794\" data-end=\"1815\">Disfrute inmediato<\/strong>: Mediante la capacidad de l\u00edquido electr\u00f3nico precargado y la bater\u00eda recargable, el uso es muy sencillo: cargar, vapear y disfrutar.<\/li>\n<li data-start=\"1951\" data-end=\"2106\"><strong data-start=\"1953\" data-end=\"1997\">Calidad premium y aromas aut\u00e9nticos<\/strong>Al Fakher es conocido por sus l\u00edquidos electr\u00f3nicos de alta calidad que brindan un sabor intenso a cada calada.<\/li>\n<li data-start=\"2107\" data-end=\"2260\"><strong data-start=\"2109\" data-end=\"2131\">M\u00e1xima movilidad<\/strong>: La bater\u00eda recargable hace que este cigarrillo electr\u00f3nico sea ideal para llevarlo de viaje, sin tener que hacer concesiones en cuanto a la calidad del vapor.<\/li>\n<li data-start=\"2261\" data-end=\"2370\"><strong data-start=\"2263\" data-end=\"2285\">Aplicaci\u00f3n simple<\/strong>: No complicado montaje ni limpieza - simplemente cargar y disfrutar inmediatamente.<\/li>\n<\/ul>\n<h3 data-start=\"2372\" data-end=\"2400\">Exclusiva variedad de aromas<\/h3>\n<p data-start=\"2402\" data-end=\"2668\">Al Fakher ofrece una amplia gama de deliciosos sabores para los\u00a0<strong data-start=\"2468\" data-end=\"2487\">Crown Bar 15000<\/strong>que satisfacen los sue\u00f1os de sabor de todos los vapeadores. Con una mezcla equilibrada de aromas tradicionales y modernos, Al Fakher garantiza una experiencia de vapeo \u00fanica.<\/p>\n<p data-start=\"2670\" data-end=\"3120\"><strong data-start=\"2670\" data-end=\"2685\">White Flash<\/strong>\u00a0Disfruta del refrescante y fresco sabor del aroma \"White Flash\". Esta variedad combina el intenso y fresco sabor a mentol con un ligero dulzor. Ideal para vapeadores que buscan el crujiente y refrescante golpe que estimula los sentidos y refresca la respiraci\u00f3n. Perfecto para aquellos que disfrutan de un sabor fresco y ligeramente dulce que nunca es demasiado intenso, pero que ofrece una refrescante impresi\u00f3n.<\/p>\n<h3 data-start=\"3122\" data-end=\"3165\">La elecci\u00f3n perfecta para un placer intenso<\/h3>\n<p data-start=\"3166\" data-end=\"3563\">La\u00a0<strong data-start=\"3170\" data-end=\"3199\">Al Fakher Crown Bar 15000<\/strong>\u00a0Las cigarrillos electr\u00f3nicos desechables ofrecen un equilibrio inmejorable entre potencia, sabor y movilidad. Cada calada es una experiencia \u00fanica que entusiasma a los vapeadores y les invita a volver una y otra vez. Descubre la calidad y el sabor de Al Fakher y conv\u00e9ncete por ti mismo de esta experiencia de vapeo duradera y f\u00e1cil de usar.<\/p>\n<p data-start=\"3565\" data-end=\"3692\">Bestellen Sie jetzt die\u00a0<strong data-start=\"3589\" data-end=\"3618\">Al Fakher Crown Bar 15000<\/strong>\u00a0en \/alfakher24h.de y experimente la nueva dimensi\u00f3n del vapeo.<\/p>","protected":false},"excerpt":{"rendered":"<p><strong data-start=\"3170\" data-end=\"3199\">Al Fakher Crown Bar 15000<\/strong>\u00a0Las cigarrillos electr\u00f3nicos desechables ofrecen un equilibrio inmejorable entre potencia, sabor y movilidad. Cada calada es una experiencia \u00fanica que entusiasma a los vapeadores y les invita a volver una y otra vez. Descubre la calidad y el sabor de Al Fakher y conv\u00e9ncete por ti mismo de esta experiencia de vapeo duradera y f\u00e1cil de usar.<\/p>","protected":false},"featured_media":1705,"comment_status":"open","ping_status":"closed","template":"","meta":{"om_disable_all_campaigns":false},"product_brand":[],"product_cat":[43],"product_tag":[],"class_list":{"0":"post-1704","1":"product","2":"type-product","3":"status-publish","4":"has-post-thumbnail","6":"product_cat-al-fakher-crown-bar-15000","8":"first","9":"outofstock","10":"shipping-taxable","11":"purchasable","12":"product-type-simple"},"_links":{"self":[{"href":"https:\/\/alfakher24h.de\/es\/wp-json\/wp\/v2\/product\/1704","targetHints":{"allow":["GET"]}}],"collection":[{"href":"https:\/\/alfakher24h.de\/es\/wp-json\/wp\/v2\/product"}],"about":[{"href":"https:\/\/alfakher24h.de\/es\/wp-json\/wp\/v2\/types\/product"}],"replies":[{"embeddable":true,"href":"https:\/\/alfakher24h.de\/es\/wp-json\/wp\/v2\/comments?post=1704"}],"wp:featuredmedia":[{"embeddable":true,"href":"https:\/\/alfakher24h.de\/es\/wp-json\/wp\/v2\/media\/1705"}],"wp:attachment":[{"href":"https:\/\/alfakher24h.de\/es\/wp-json\/wp\/v2\/media?parent=1704"}],"wp:term":[{"taxonomy":"product_brand","embeddable":true,"href":"https:\/\/alfakher24h.de\/es\/wp-json\/wp\/v2\/product_brand?post=1704"},{"taxonomy":"product_cat","embeddable":true,"href":"https:\/\/alfakher24h.de\/es\/wp-json\/wp\/v2\/product_cat?post=1704"},{"taxonomy":"product_tag","embeddable":true,"href":"https:\/\/alfakher24h.de\/es\/wp-json\/wp\/v2\/product_tag?post=1704"}],"curies":[{"name":"wp","href":"https:\/\/api.w.org\/{rel}","templated":true}]}}