{"id":1669,"date":"2025-02-15T01:56:01","date_gmt":"2025-02-15T01:56:01","guid":{"rendered":"https:\/\/alfakher24h.de\/?post_type=product&#038;p=1669"},"modified":"2025-05-21T04:35:19","modified_gmt":"2025-05-21T04:35:19","slug":"ai-fakher-crown-bar-15000-zuge-einweg-e-uva-de-cigarrillo-menta","status":"publish","type":"product","link":"https:\/\/alfakher24h.de\/es\/producto\/ai-fakher-crown-bar-15000-zuge-einweg-e-uva-de-cigarrillo-menta\/","title":{"rendered":"AI Fakher Crown Bar 15000 caladas Cigarrillo electr\u00f3nico desechable - Uva Menta"},"content":{"rendered":"<h2><a href=\"https:\/\/alfakher24h.de\/es\/\">Al Fakher Crown Bar 15000 PRO<\/a>: La revoluci\u00f3n entre los cigarrillos electr\u00f3nicos desechables<\/h2>\n<p>La\u00a0<strong>Al Fakher Crown Bar 15000 PRO<\/strong>\u00a0Es la \u00faltima innovaci\u00f3n entre los cigarrillos electr\u00f3nicos desechables, que se adapta perfectamente al mercado alem\u00e1n y ofrece una experiencia de vapeo sobresaliente. Con una combinaci\u00f3n \u00fanica de dise\u00f1o de primera clase, rendimiento impresionante y funcionalidad f\u00e1cil de usar, este cigarrillo electr\u00f3nico establece nuevos est\u00e1ndares en el mundo del vapeo. Disfrute de sabores intensos y placer duradero con 15.000 caladas - una verdadera revoluci\u00f3n para los entusiastas del vapeo.<\/p>\n<p>Visite alfakher24h.de, la mayor plataforma de ventas en l\u00ednea de cigarrillos electr\u00f3nicos desechables en Alemania, y descubra la Al Fakher Crown Bar 15000 PRO.<\/p>\n<p>&nbsp;<\/p>\n<h3>Dise\u00f1o \u00fanico y procesamiento de alta calidad<\/h3>\n<p>El dise\u00f1o de la Al Fakher Crown Bar 15000 PRO es tan fascinante como funcional. La construcci\u00f3n robusta y la carcasa moderna le dan a la cigarrillo electr\u00f3nico no solo una apariencia elegante, sino que tambi\u00e9n la hacen duradera y pr\u00e1ctica para el uso diario. La pantalla LED innovadora muestra en todo momento el nivel de bater\u00eda y la cantidad restante de l\u00edquido electr\u00f3nico, para que pueda tener su cigarrillo electr\u00f3nico bajo control.<\/p>\n<h3><strong>Al Fakher Crown Bar 15000 PRO<\/strong>\u00a0Caracter\u00edsticas en general<\/h3>\n<ul>\n<li><strong>Larga vida \u00fatil<\/strong>: Hasta\u00a0<strong>15.000 trenes<\/strong>Eso significa disfrutar durante varios d\u00edas sin necesidad de recargar con frecuencia.<\/li>\n<li><strong>Gran capacidad de l\u00edquido electr\u00f3nico<\/strong>:\u00a0<strong>22ml de l\u00edquido prellenado<\/strong>\u00a0provoca una explosi\u00f3n de sabor duradera.<\/li>\n<li><strong>Capacidad de la bater\u00eda<\/strong>:\u00a0<strong>600mAh<\/strong>\u00a0Bater\u00eda recargable USB-C, r\u00e1pida y f\u00e1cil de cargar.<\/li>\n<li><strong>Pantalla LED<\/strong>: Informa sobre el nivel de l\u00edquido y el estado de la bater\u00eda - un verdadero plus para la comodidad y la seguridad.<\/li>\n<li><strong>Fuerte concentraci\u00f3n de nicotina<\/strong>:\u00a0<strong>5% Nikotin<\/strong>\u00a0para una satisfacci\u00f3n intensa, especialmente adecuado para fumadores y vapeadores que se atreven a cambiar.<\/li>\n<\/ul>\n<h3>Por qu\u00e9 comprar la Al Fakher Crown Bar 15000 PRO?<\/h3>\n<p>La Al Fakher Crown Bar 15000 PRO fue dise\u00f1ada para aprovechar al m\u00e1ximo la experiencia de vapeo. Entrega fuertes golpes de nicotina, producci\u00f3n de vapor duradera y una amplia selecci\u00f3n de sabores intensos que reflejan perfectamente la experiencia de Al Fakher en el desarrollo de sabores. El cigarrillo electr\u00f3nico es perfecto para aquellos que buscan una experiencia de vapeo de alta calidad, sencilla y sin complicaciones de rellenar o recargar con frecuencia.<\/p>\n<ol>\n<li><strong>Placeres de vapor poderosos<\/strong>\u00a0\u2013 Hasta 15.000 trenes proporcionan un placer de vapor durante horas, ideal para d\u00edas y noches largas.<\/li>\n<li><strong>Bater\u00eda recargable<\/strong>\u00a0\u2013 La bater\u00eda duradera de 600mAh garantiza que el vapor no se acabe antes de que se agote el l\u00edquido.<\/li>\n<li><strong>Dise\u00f1o amigable para el usuario<\/strong>\u00a0\u2013 Con la pantalla LED siempre tendr\u00e1 una visi\u00f3n general de su cigarrillo electr\u00f3nico.<\/li>\n<li><strong>La calidad probada de Al Fakhers<\/strong>\u00a0D\u00e9cadas de experiencia en el desarrollo de sabores para una experiencia de vapeo incomparable.<\/li>\n<li><strong>Alta concentraci\u00f3n de nicotina<\/strong>\u00a0Ideal para todos los que valoran una experiencia de nicotina de alta calidad.<\/li>\n<\/ol>\n<h3>Sabor intenso - Diversidad y autenticidad<\/h3>\n<p>Los sabores de Al Fakher Crown Bar 15000 PRO no solo son variados, sino que tambi\u00e9n ofrecen una experiencia aut\u00e9ntica e intensa que los fan\u00e1ticos de Al Fakher adorar\u00e1n. Aqu\u00ed hay una mirada detallada a los aromas:<\/p>\n<h4>Grape Mint - La mezcla perfecta de frescura y dulzura<\/h4>\n<p>Un sabor inconfundible que combina la dulzura y frescura jugosa de las uvas con un toque de menta fresca y refrescante. El equilibrio perfecto entre dulzura y frescura que despierta las papilas gustativas y es agradable en cualquier momento del d\u00eda.<\/p>\n<ul>\n<li><strong>Experiencia gustativa<\/strong>: La nota dulce y plena de la uva se ve perfectamente complementada por una fina nota de menta y proporciona un final agradablemente fresco.<\/li>\n<li><strong>Autenticidad<\/strong>: Al Fakher ha puesto el mayor \u00e9nfasis en la autenticidad al desarrollar este aroma, de modo que cada calada capture el sabor de uvas frescas.<\/li>\n<li><strong>Aplicaci\u00f3n<\/strong>Ideal para amantes de aromas frescos y frutales que buscan un sabor claro e intenso.<\/li>\n<\/ul>\n<h4>Amplia variedad de aromas de <a href=\"https:\/\/alfakher24h.de\/es\/\">Al Fakher<\/a><\/h4>\n<p>Adem\u00e1s de Grape Mint, la Al Fakher Crown Bar 15000 PRO ofrece una amplia gama de sabores. Cada sabor es cuidadosamente creado para ofrecer un placer de vapeo \u00fanico y reflejar perfectamente el mundo de sabores de los cigarrillos electr\u00f3nicos Al Fakher. Ya sea que prefiera notas frutales, dulces o m\u00e1s amargas, la Crown Bar 15000 tiene algo para todos los gustos.<\/p>\n<h3>Wie Sie die Al Fakher Crown Bar 15000 PRO auf<a href=\"https:\/\/alfakher24h.de\/es\/\"> alfakher24h.de<\/a>\u00a0comprar<\/h3>\n<p>Visite alfakher24h.de y navegue por nuestra amplia selecci\u00f3n de <a href=\"https:\/\/alfakher24h.de\/es\/\">Cigarrillos electr\u00f3nicos desechables<\/a>Como la mayor plataforma para vapeadores desechables en Alemania, ofrecemos una selecci\u00f3n exclusiva de productos Al Fakher que destacan por su excelente calidad y caracter\u00edsticas innovadoras.<\/p>\n<p>Dec\u00eddase por la Al Fakher Crown Bar 15000 PRO y experimente un placer de vapeo incomparable.<\/p>","protected":false},"excerpt":{"rendered":"<p>Visite alfakher24h.de y navegue por nuestra amplia selecci\u00f3n de <a href=\"https:\/\/alfakher24h.de\/es\/\">Cigarrillos electr\u00f3nicos desechables<\/a>Como la mayor plataforma para vapeadores desechables en Alemania, ofrecemos una selecci\u00f3n exclusiva de productos Al Fakher que destacan por su excelente calidad y caracter\u00edsticas innovadoras.<\/p>","protected":false},"featured_media":1670,"comment_status":"open","ping_status":"closed","template":"","meta":{"om_disable_all_campaigns":false},"product_brand":[],"product_cat":[43],"product_tag":[],"class_list":{"0":"post-1669","1":"product","2":"type-product","3":"status-publish","4":"has-post-thumbnail","6":"product_cat-al-fakher-crown-bar-15000","8":"first","9":"outofstock","10":"shipping-taxable","11":"purchasable","12":"product-type-simple"},"_links":{"self":[{"href":"https:\/\/alfakher24h.de\/es\/wp-json\/wp\/v2\/product\/1669","targetHints":{"allow":["GET"]}}],"collection":[{"href":"https:\/\/alfakher24h.de\/es\/wp-json\/wp\/v2\/product"}],"about":[{"href":"https:\/\/alfakher24h.de\/es\/wp-json\/wp\/v2\/types\/product"}],"replies":[{"embeddable":true,"href":"https:\/\/alfakher24h.de\/es\/wp-json\/wp\/v2\/comments?post=1669"}],"wp:featuredmedia":[{"embeddable":true,"href":"https:\/\/alfakher24h.de\/es\/wp-json\/wp\/v2\/media\/1670"}],"wp:attachment":[{"href":"https:\/\/alfakher24h.de\/es\/wp-json\/wp\/v2\/media?parent=1669"}],"wp:term":[{"taxonomy":"product_brand","embeddable":true,"href":"https:\/\/alfakher24h.de\/es\/wp-json\/wp\/v2\/product_brand?post=1669"},{"taxonomy":"product_cat","embeddable":true,"href":"https:\/\/alfakher24h.de\/es\/wp-json\/wp\/v2\/product_cat?post=1669"},{"taxonomy":"product_tag","embeddable":true,"href":"https:\/\/alfakher24h.de\/es\/wp-json\/wp\/v2\/product_tag?post=1669"}],"curies":[{"name":"wp","href":"https:\/\/api.w.org\/{rel}","templated":true}]}}