{"id":1667,"date":"2025-02-15T01:51:45","date_gmt":"2025-02-15T01:51:45","guid":{"rendered":"https:\/\/alfakher24h.de\/?post_type=product&#038;p=1667"},"modified":"2025-05-21T04:35:19","modified_gmt":"2025-05-21T04:35:19","slug":"ai-fakher-crown-bar-15000-zuege-einweg-e-cigarrillo-menta-menta","status":"publish","type":"product","link":"https:\/\/alfakher24h.de\/es\/producto\/ai-fakher-crown-bar-15000-zuege-einweg-e-cigarrillo-menta-menta\/","title":{"rendered":"AI Fakher Crown Bar 15000 caladas cigarrillo electr\u00f3nico desechable - Lim\u00f3n Menta"},"content":{"rendered":"<h2><a href=\"https:\/\/alfakher24h.de\/es\/\">Cigarrillo electr\u00f3nico desechable<\/a>\u00a0Al Fakher Crown Bar 15000 PRO \u2013 La Experiencia de Vapeo Definitiva<\/h2>\n<p>Descubra el mundo del vapeo sin esfuerzo con la\u00a0<strong>Al Fakher Crown Bar 15000 PRO E-cigarrillo desechable<\/strong>\u00a0\u2013 \u00a1el imprescindible para todos los entusiastas del vapeo en Alemania! Con impresionantes\u00a0<strong>15.000 trenes<\/strong>con un poderoso\u00a0<strong>Bater\u00eda USB-C de 600mAh<\/strong>\u00a0y 22ml de l\u00edquido electr\u00f3nico de primera calidad, este dispositivo ofrece una experiencia de vapeo que le encantar\u00e1. Ya sea de viaje o en casa, con este cigarrillo electr\u00f3nico desechable est\u00e1 perfectamente equipado para disfrutar del sabor puro y del manejo pr\u00e1ctico.<\/p>\n<h3>Por qu\u00e9 Die\u00a0<a href=\"https:\/\/alfakher24h.de\/es\/\">Al Fakher Crown Bar 15000 PRO<\/a>?<\/h3>\n<p>Esta e-cigarra se destaca por su inmensa\u00a0<strong>Capacidad<\/strong>\u00a0y los detalles innovadores de la competencia. Aqu\u00ed no solo el\u00a0<strong>Dise\u00f1o \u00fanico<\/strong>sino que el rendimiento tambi\u00e9n es excelente. La Al Fakher Crown Bar fue dise\u00f1ada para momentos de disfrute prolongado y es ideal para aquellos que buscan una experiencia de vapeo sin compromisos.<\/p>\n<p><strong>Ahora en la tienda en l\u00ednea de cigarrillos electr\u00f3nicos desechables m\u00e1s grande de Alemania<\/strong>\u00a0\u2013\u00a0<strong>alfakherwelt.de<\/strong>\u00a0disponible.<\/p>\n<hr \/>\n<h3>Caracter\u00edsticas principales de la Al Fakher Crown Bar 15000 PRO<\/h3>\n<ul>\n<li><strong>N\u00famero de caladas<\/strong>: Sobre\u00a0<strong>15.000 trenes<\/strong>\u00a0\u2013 una capacidad considerable para disfrutar de vapor durante semanas.<\/li>\n<li><strong>Capacidad de l\u00edquido electr\u00f3nico<\/strong>Contiene\u00a0<strong>22ml<\/strong>\u00a0E-l\u00edquido de alta calidad para un sabor intenso y duradero.<\/li>\n<li><strong>Capacidad de la bater\u00eda<\/strong>: El\u00a0<strong>600mAh Bater\u00eda recargable USB-C<\/strong>\u00a0asegura que el dispositivo dure hasta que se agote el \u00faltimo l\u00edquido.<\/li>\n<li><strong>Contenido de nicotina<\/strong>: Con un contenido de nicotina de\u00a0<strong>5% (50mg)<\/strong>\u00a0ofrece un golpe contundente, ideal para los que cambian y los vaporizadores experimentados.<\/li>\n<li><strong>Pantalla LED<\/strong>: Una pantalla integrada muestra\u00a0<strong>Estado de carga y nivel de l\u00edquido<\/strong>\u00a0- perfecto para mantenerse informado en todo momento.<\/li>\n<li><strong>Dise\u00f1o elegante con logotipo<\/strong>: El dispositivo lleva con orgullo el logotipo de Al Fakher y se convierte en un tema de conversaci\u00f3n entre los fan\u00e1ticos de vapeo.<\/li>\n<\/ul>\n<hr \/>\n<h2>Experimente el sabor incomparable - Al Fakher Variedad de Aromas<\/h2>\n<p>Al Fakher es conocido por su exquisita selecci\u00f3n de sabores, que inspirada en la cultura del shisha, se ha trasladado a su l\u00ednea de productos de vapeo desechables. Los sabores de este cigarrillo electr\u00f3nico te ofrecen una experiencia arom\u00e1tica aut\u00e9ntica y rica que te deja con ganas de m\u00e1s.<\/p>\n<h3>Experiencias gastron\u00f3micas intensas - Un placer para todos los sentidos<\/h3>\n<p>La\u00a0<a href=\"https:\/\/alfakherwelt.de\/product-category\/ai-fakher-crown-bar-15000\/\" target=\"_blank\" rel=\"noopener\"><strong>Al Fakher Crown Bar 15000 PRO<\/strong><\/a>\u00a0ofrece una colecci\u00f3n de deliciosos sabores que se basan en aromas cuidadosamente seleccionados para garantizar la m\u00e1xima calidad. Aqu\u00ed hay una visi\u00f3n general de los sabores intensos y emocionantes:<\/p>\n<ol>\n<li><strong>Limoncillo de menta<\/strong>\u00a0Esta refrescante mezcla de sabor a lim\u00f3n jugoso y un toque de menta fresca ofrece una experiencia de vapeo refrescante y calmante. Las notas c\u00edtricas son efervescentes y completas, mientras que la menta suavemente refresca el paladar.<\/li>\n<li><strong>Berry Blast<\/strong>\u00a0\u2013 Una dulce mezcla de frutas silvestres maduras que recuerda un c\u00e1lido d\u00eda de verano. Cada inhalaci\u00f3n despliega aromas de moras, frambuesas y ar\u00e1ndanos azules - perfecto para todos los que aman lo afrutado.<\/li>\n<li><strong>Crema de Vainilla<\/strong>\u00a0\u2013 Para los amantes de sabores cremosos y suaves, la crema de vainilla es un verdadero placer para el paladar. La vainilla aterciopelada se ve complementada por notas cremosas y proporciona una experiencia suave y dulce.<\/li>\n<li><strong>Mango Delight<\/strong>\u00a0\u2013 Las notas tropicales de mango aportan una sensaci\u00f3n ex\u00f3tica y proporcionan matices de sabor dulces y contundentes que son a la vez intensos y satisfactorios.<\/li>\n<li><strong>Cool Mint<\/strong>\u00a0Un aroma cl\u00e1sico a menta que ofrece una bocanada fresca y refrescante tras otra. Ideal para todos aquellos que les gusta lo fresco y ligero.<\/li>\n<\/ol>\n<p>&nbsp;<\/p>\n<p>&nbsp;<\/p>\n<hr \/>\n<h3>Por qu\u00e9 usted la<a href=\"https:\/\/alfakher24h.de\/es\/\"> Al Fakher<\/a> Crown Bar 15000 PRO deber\u00eda comprarlo con nosotros<\/h3>\n<p>Al comprar su cigarrillo electr\u00f3nico desechable, es fundamental decidirse por un producto que combine tanto la calidad como la facilidad de uso. La\u00a0<strong>Al Fakher Crown Bar 15000 PRO<\/strong>\u00a0ofrece exactamente eso:<\/p>\n<ul>\n<li><strong>Durabilidad<\/strong>Con una alta capacidad de tracci\u00f3n y una bater\u00eda potente, este dispositivo est\u00e1 dise\u00f1ado para un placer duradero - ideal para llevarlo consigo y usarlo durante varios d\u00edas.<\/li>\n<li><strong>Manejo pr\u00e1ctico<\/strong>F\u00e1cil de usar y recargable, el dispositivo le ahorra el engorroso llenado y cambio de cartuchos.<\/li>\n<li><strong>Sabor aut\u00e9ntico<\/strong>Disfrute de la experiencia de Al Fakher, conocida por sus intensos sabores y que ofrece el placer perfecto del vapor.<\/li>\n<li><strong>Sencillo y M\u00f3vil<\/strong>: No complicado montaje ni limpieza - simplemente cargar y disfrutar.<\/li>\n<li><strong>Dise\u00f1o discreto<\/strong>: Con su forma compacta y elegante, el dispositivo se puede ocultar discretamente en cualquier bolsillo.<\/li>\n<\/ul>\n<div class=\"thumbnail thumbnail-image\"><\/div>\n<div class=\"details\">\n<div class=\"filename\"><\/div>\n<\/div>\n<p><img loading=\"lazy\" decoding=\"async\" class=\"alignnone wp-image-855 size-full\" title=\"AI Fakher Crown Bar 15000 caladas Cigarrillo electr\u00f3nico desechable - Lim\u00f3n Menta 3\" src=\"https:\/\/alfakher24h.de\/wp-content\/uploads\/2025\/02\/2AI-Fakher-Crown-Bar-15000-1.webp\" sizes=\"auto, (max-width: 1920px) 100vw, 1920px\" srcset=\"https:\/\/alfakher24h.de\/wp-content\/uploads\/2025\/02\/2AI-Fakher-Crown-Bar-15000-1.webp 1920w, https:\/\/alfakher24h.de\/wp-content\/uploads\/2025\/02\/2AI-Fakher-Crown-Bar-15000-1-300x169.webp 300w, https:\/\/alfakher24h.de\/wp-content\/uploads\/2025\/02\/2AI-Fakher-Crown-Bar-15000-1-1024x576.webp 1024w, https:\/\/alfakher24h.de\/wp-content\/uploads\/2025\/02\/2AI-Fakher-Crown-Bar-15000-1-768x432.webp 768w, https:\/\/alfakher24h.de\/wp-content\/uploads\/2025\/02\/2AI-Fakher-Crown-Bar-15000-1-1536x864.webp 1536w, https:\/\/alfakher24h.de\/wp-content\/uploads\/2025\/02\/2AI-Fakher-Crown-Bar-15000-1-600x338.webp 600w\" alt=\"AI Fakher Crown Bar 15000 caladas Cigarrillo electr\u00f3nico desechable - Lim\u00f3n Menta\" width=\"1920\" height=\"1080\" \/><\/p>","protected":false},"excerpt":{"rendered":"<p>Al comprar su cigarrillo electr\u00f3nico desechable, es fundamental decidirse por un producto que combine tanto la calidad como la facilidad de uso. La\u00a0<strong>Al Fakher Crown Bar 15000 PRO<\/strong>\u00a0ofrece exactamente eso:<\/p>\n<ul>\n<li><\/li>\n<\/ul>","protected":false},"featured_media":1668,"comment_status":"open","ping_status":"closed","template":"","meta":{"om_disable_all_campaigns":false},"product_brand":[],"product_cat":[43],"product_tag":[],"class_list":{"0":"post-1667","1":"product","2":"type-product","3":"status-publish","4":"has-post-thumbnail","6":"product_cat-al-fakher-crown-bar-15000","8":"first","9":"outofstock","10":"shipping-taxable","11":"purchasable","12":"product-type-simple"},"_links":{"self":[{"href":"https:\/\/alfakher24h.de\/es\/wp-json\/wp\/v2\/product\/1667","targetHints":{"allow":["GET"]}}],"collection":[{"href":"https:\/\/alfakher24h.de\/es\/wp-json\/wp\/v2\/product"}],"about":[{"href":"https:\/\/alfakher24h.de\/es\/wp-json\/wp\/v2\/types\/product"}],"replies":[{"embeddable":true,"href":"https:\/\/alfakher24h.de\/es\/wp-json\/wp\/v2\/comments?post=1667"}],"wp:featuredmedia":[{"embeddable":true,"href":"https:\/\/alfakher24h.de\/es\/wp-json\/wp\/v2\/media\/1668"}],"wp:attachment":[{"href":"https:\/\/alfakher24h.de\/es\/wp-json\/wp\/v2\/media?parent=1667"}],"wp:term":[{"taxonomy":"product_brand","embeddable":true,"href":"https:\/\/alfakher24h.de\/es\/wp-json\/wp\/v2\/product_brand?post=1667"},{"taxonomy":"product_cat","embeddable":true,"href":"https:\/\/alfakher24h.de\/es\/wp-json\/wp\/v2\/product_cat?post=1667"},{"taxonomy":"product_tag","embeddable":true,"href":"https:\/\/alfakher24h.de\/es\/wp-json\/wp\/v2\/product_tag?post=1667"}],"curies":[{"name":"wp","href":"https:\/\/api.w.org\/{rel}","templated":true}]}}