{"id":1625,"date":"2025-02-08T14:47:31","date_gmt":"2025-02-08T14:47:31","guid":{"rendered":"https:\/\/alfakher24h.de\/?post_type=product&#038;p=1625"},"modified":"2025-05-21T05:11:14","modified_gmt":"2025-05-21T05:11:14","slug":"solobar-solo-30000-zuege-einweg-e-zigarette-juicy-peach","status":"publish","type":"product","link":"https:\/\/alfakher24h.de\/es\/producto\/solobar-solo-30000-zuege-einweg-e-zigarette-juicy-peach\/","title":{"rendered":"Solobar Solo 30000 Z\u00fcge Einweg E Zigarette \u2013 Juicy Peach \n\nse convierte en \n\nSolobar Solo 30000 tiradas cigarrillo electr\u00f3nico desechable \u2013 Melocot\u00f3n jugoso"},"content":{"rendered":"<div style=\"width: 1020px;\" class=\"wp-video\"><video class=\"wp-video-shortcode\" id=\"video-1625-1\" width=\"1020\" height=\"574\" preload=\"metadata\" controls=\"controls\"><source type=\"video\/mp4\" src=\"https:\/\/alfakher24h.de\/wp-content\/uploads\/2025\/02\/solobar-solo-30000-2.mp4?_=1\" \/><a href=\"https:\/\/alfakher24h.de\/wp-content\/uploads\/2025\/02\/solobar-solo-30000-2.mp4\">https:\/\/alfakher24h.de\/wp-content\/uploads\/2025\/02\/solobar-solo-30000-2.mp4<\/a><\/video><\/div>\n<h2><strong><a href=\"https:\/\/alfakher24h.de\/es\/\">Solobar Solo 30000 Z\u00fcge Einweg E-Zigarette \n\nbecomes \n\nSolobar Solo 30000 tiradas E-cigarrillo desechable<\/a> El futuro del vapeo en Alemania<\/strong><\/h2>\n<p>La\u00a0<strong>Solobar Solo 30000 cigarrillos electr\u00f3nicos de un solo uso<\/strong>\u00a0Establece nuevos est\u00e1ndares en el mundo de los vaporizadores desechables y ofrece una experiencia de vapeo inolvidable con tecnolog\u00eda de vanguardia y facilidad de uso excepcional. Si est\u00e1s buscando un cigarrillo electr\u00f3nico potente, duradero y con un sabor \u00fanico en Alemania, entonces este producto es la elecci\u00f3n perfecta para ti.<\/p>\n<p>En este art\u00edculo le ofreceremos todo lo que necesita saber sobre la\u00a0<strong>Solobar Solo 30000 cigarrillos electr\u00f3nicos de un solo uso<\/strong>\u00a0Debemos saber. Nos sumergimos en las caracter\u00edsticas destacadas, el rendimiento, los sabores y muchos m\u00e1s detalles. Adem\u00e1s, descubrir\u00e1 por qu\u00e9 el cigarrillo electr\u00f3nico Solobar Solo es la elecci\u00f3n ideal para los vapeadores en Alemania.<\/p>\n<h3><strong>Las caracter\u00edsticas del Solobar Solo 30000 caladas cigarrillo electr\u00f3nico desechable<\/strong><\/h3>\n<p>La\u00a0<strong>Solobar Solo 30000 cigarrillos electr\u00f3nicos de un solo uso<\/strong>\u00a0es el compa\u00f1ero perfecto para todos aquellos que buscan una experiencia de vapeo excepcional. Combina tecnolog\u00eda avanzada con un manejo f\u00e1cil de usar. Aqu\u00ed est\u00e1n algunas de las caracter\u00edsticas m\u00e1s importantes:<\/p>\n<ul>\n<li><strong>Pantalla LED<\/strong>: La pantalla LED integrada le permite supervisar el estado de carga y el uso del cigarrillo electr\u00f3nico. Ofrece una visualizaci\u00f3n clara y garantiza que siempre est\u00e9 informado.<\/li>\n<li><strong>30.000 trenes<\/strong>Con una capacidad notable de\u00a0<strong>30.000 trenes<\/strong>\u00a0Puede disfrutar del Solobar Solo durante un per\u00edodo prolongado de tiempo sin tener que preocuparse por reemplazarlo.<\/li>\n<li><strong>Control de Flujo de Aire<\/strong>: La\u00a0<strong>Control de Flujo de Aire<\/strong>\u00a0ofrece un control de flujo de aire personalizable, lo que le permite ajustar la resistencia a la tracci\u00f3n seg\u00fan sus preferencias. Ideal para principiantes y vapeadores experimentados.<\/li>\n<li><strong>10-30W rango de potencia<\/strong>: El ajuste de potencia flexible (10-30W) le permite controlar la intensidad del vapor seg\u00fan prefiera una experiencia suave o intensa.<\/li>\n<li><strong>880 mAh bater\u00eda<\/strong>: La potente bater\u00eda con\u00a0<strong>880 mAh<\/strong>\u00a0garantiza una larga duraci\u00f3n de funcionamiento, para que pueda aprovechar al m\u00e1ximo su cigarrillo electr\u00f3nico sin tener que recargarlo constantemente.<\/li>\n<li><strong>Luz Ambiental On\/Off<\/strong>: La luz ambiental integrada crea una atm\u00f3sfera agradable durante el vapeo y se puede encender o apagar seg\u00fan sea necesario.<\/li>\n<li><strong>Bobina de doble malla<\/strong>: Con la\u00a0<strong>Bobina de doble malla<\/strong>\u00a0obtenga un sabor m\u00e1s intenso y uniforme, que aumenta considerablemente el placer de vapear.<\/li>\n<li><strong>Amigable para principiantes<\/strong>La Solobar Solo es especialmente amigable para principiantes. Con un manejo f\u00e1cil de usar y un dise\u00f1o claro, es ideal para aquellos que son nuevos en el vapeo.<\/li>\n<\/ul>\n<h3><strong>Qu\u00e9 est\u00e1 incluido en el env\u00edo?<\/strong><\/h3>\n<p>La\u00a0<strong>Solobar Solo 30000 cigarrillos electr\u00f3nicos de un solo uso<\/strong>\u00a0se entrega en un embalaje pr\u00e1ctico que contiene todo lo que necesita para disfrutar de inmediato:<\/p>\n<ul>\n<li>1 x\u00a0<strong>Solobar Solo 30K 30000 Vape<\/strong><\/li>\n<\/ul>\n<p>Gracias a la\u00a0<strong>Desechable<\/strong>Tecnolog\u00eda no requiere que te preocupes por rellenar o realizar mantenimiento. La\u00a0<strong>Solobar Solo 30000 Z\u00fcge <a href=\"https:\/\/alfakher24h.de\/es\/\">Cigarrillo electr\u00f3nico desechable<\/a><\/strong>\u00a0Est\u00e1 listo para usar de inmediato y le ofrece la experiencia de vapeo definitiva.<\/p>\n<p><img loading=\"lazy\" decoding=\"async\" class=\"alignnone wp-image-1855 size-full\" title=\"Solobar Solo 30000 Z\u00fcge Einweg E Zigarette - Juicy Peach 2 se convierte en Solobar Solo 30000 Zugs Disposable E-Cigarette - Juicy Peach 2\" src=\"https:\/\/alfakher24h.de\/wp-content\/uploads\/2025\/02\/solobar-solo-30000-4.webp\" sizes=\"auto, (max-width: 1024px) 100vw, 1024px\" srcset=\"https:\/\/alfakher24h.de\/wp-content\/uploads\/2025\/02\/solobar-solo-30000-4.webp 1024w, https:\/\/alfakher24h.de\/wp-content\/uploads\/2025\/02\/solobar-solo-30000-4-300x174.webp 300w, https:\/\/alfakher24h.de\/wp-content\/uploads\/2025\/02\/solobar-solo-30000-4-768x446.webp 768w, https:\/\/alfakher24h.de\/wp-content\/uploads\/2025\/02\/solobar-solo-30000-4-18x10.webp 18w, https:\/\/alfakher24h.de\/wp-content\/uploads\/2025\/02\/solobar-solo-30000-4-600x348.webp 600w\" alt=\"Solobar Solo 30000 Z\u00fcge Einweg E Zigarette - Juicy Peach se convierte en Solobar Solo 30000 tiradas cigarrillo electr\u00f3nico desechable - Melocot\u00f3n jugoso \" width=\"1024\" height=\"594\" \/><\/p>\n<div class=\"flex-1 overflow-hidden @container\/thread\">\n<div class=\"h-full\">\n<div class=\"react-scroll-to-bottom--css-kyafg-79elbk h-full\">\n<div class=\"react-scroll-to-bottom--css-kyafg-1n7m0yu\">\n<div class=\"flex flex-col text-sm md:pb-9\">\n<article class=\"w-full scroll-mb-[var(--thread-trailing-height,150px)] text-token-text-primary focus-visible:outline-2 focus-visible:outline-offset-[-4px]\" dir=\"auto\" data-testid=\"conversation-turn-3\" data-scroll-anchor=\"true\">\n<div class=\"m-auto text-base py-[18px] px-3 md:px-4 w-full md:px-5 lg:px-4 xl:px-5\">\n<div class=\"mx-auto flex flex-1 gap-4 text-base md:gap-5 lg:gap-6 md:max-w-3xl lg:max-w-[40rem] xl:max-w-[48rem]\">\n<div class=\"group\/conversation-turn relative flex w-full min-w-0 flex-col agent-turn\">\n<div class=\"flex-col gap-1 md:gap-3\">\n<div class=\"flex max-w-full flex-col flex-grow\">\n<div class=\"min-h-8 text-message flex w-full flex-col items-end gap-2 whitespace-normal break-words text-start [.text-message+&amp;]:mt-5\" dir=\"auto\" data-message-author-role=\"assistant\" data-message-id=\"fda66e34-14d2-41e7-8c3d-231a0be2fd20\" data-message-model-slug=\"gpt-4o\">\n<div class=\"flex w-full flex-col gap-1 empty:hidden first:pt-[3px]\">\n<div class=\"markdown prose w-full break-words dark:prose-invert light\">\n<h3><strong>Experiencia gustativa de Solobar Solo - Melocot\u00f3n jugoso<\/strong><\/h3>\n<p>Der\u00a0<strong>Juicy Peach<\/strong>\u00a0Sabor de la\u00a0<strong>Solobar Solo 30000 cigarrillos electr\u00f3nicos de un solo uso<\/strong>\u00a0No es solo un aroma simple, sino una experiencia intensa, fresca y dulce que deleitar\u00e1 tus papilas gustativas. Imagina que muerdes una mitad de melocot\u00f3n jugoso y maduro que libera su sabor natural y dulce. Este sabor es tan vivo y aut\u00e9ntico que casi parece como si estuvieras comiendo el melocot\u00f3n directamente, \u00a1pero sin las manos pegajosas!<\/p>\n<p>Con cada bocanada disfrutas de un equilibrio perfecto entre dulzura y frescura, sin que el sabor resulte abrumador o artificial.\u00a0<strong>Solobar Solo 30000 cigarrillos electr\u00f3nicos de un solo uso<\/strong>\u00a0garantiza que el\u00a0<strong>Juicy Peach<\/strong>\u00a0El sabor permanece igualmente intenso durante toda la vida \u00fatil del cigarrillo electr\u00f3nico.<\/p>\n<p>El sabor es percibido por los\u00a0<strong>Bobina de doble malla<\/strong>\u00a0aun se intensifica, lo que conduce a un placer de vapor uniforme e intenso. Ya sea que sea principiante o un vapeador experimentado, el\u00a0<strong>Juicy Peach<\/strong>\u00a0El sabor estimular\u00e1 tus sentidos y te har\u00e1 vapear una y otra vez.<\/p>\n<h3><strong>Por qu\u00e9 deber\u00eda comprar el cigarrillo electr\u00f3nico desechable Solobar Solo 30000 caladas?<\/strong><\/h3>\n<p>Hay muchas razones por las que las\u00a0<strong>Solobar Solo 30000 cigarrillos electr\u00f3nicos de un solo uso<\/strong>\u00a0la elecci\u00f3n perfecta para usted es. Aqu\u00ed est\u00e1n los m\u00e1s importantes:<\/p>\n<h4><strong>1. Longevidad y alto n\u00famero de viajes<\/strong><\/h4>\n<p>Con una capacidad de\u00a0<strong>30.000 trenes<\/strong>\u00a0\u00bfEs este cigarrillo electr\u00f3nico desechable uno de los m\u00e1s duraderos del mercado? No tiene que preocuparse por el reemplazo y puede disfrutar del producto durante un per\u00edodo de tiempo m\u00e1s largo.<\/p>\n<h4><strong>2. Facilidad de uso<\/strong><\/h4>\n<p>Gracias a la\u00a0<strong>Control de Flujo de Aire<\/strong>\u00a0y el f\u00e1cil manejo se adapta a la\u00a0<strong>Solobar Solo 30000 cigarrillos electr\u00f3nicos de un solo uso<\/strong>\u00a0tanto para principiantes como para vapeadores experimentados. No se requiere una configuraci\u00f3n complicada y puedes empezar a vapear de inmediato.<\/p>\n<h4><strong>Alto rendimiento y vaporizaci\u00f3n intensiva<\/strong><\/h4>\n<p>Con una potencia de\u00a0<strong>10-30W<\/strong>\u00a0pueden adaptar el proceso de generaci\u00f3n de vapor a sus necesidades. El\u00a0<strong>880 mAh bater\u00eda<\/strong>\u00a0garantiza un rendimiento duradero, mientras que la\u00a0<strong>Bobina de doble malla<\/strong>\u00a0garantiza un sabor intenso y un vapor uniforme.<\/p>\n<h4><strong>4. Dise\u00f1o elegante y luz ambiental<\/strong><\/h4>\n<p>La e-cigarra ofrece no solo un rendimiento sobresaliente, sino tambi\u00e9n un dise\u00f1o moderno.\u00a0<strong>Luz ambiental<\/strong>\u00a0Crea una atm\u00f3sfera relajada y a\u00f1ade un toque especial a tu experiencia de vapeo.<\/p>\n<h4><strong>5. Compra f\u00e1cil y entrega r\u00e1pida en <a href=\"https:\/\/alfakher24h.de\/es\/\">alfakher24h.de<\/a><\/strong><\/h4>\n<p>La\u00a0<strong>Solobar Solo 30000 cigarrillos electr\u00f3nicos de un solo uso<\/strong> est\u00e1 disponible en alfakher24h.de, la mayor plataforma de venta en l\u00ednea de vapeadores desechables en Alemania. Ofrecemos un proceso de pedido sencillo, entrega r\u00e1pida y un servicio al cliente de primera clase. \u00a1Compre ahora sus\u00a0<a href=\"https:\/\/alfakher24h.de\/es\/\"><strong>Solobar Solo<\/strong><\/a>\u00a0En nosotros y experimente la mejor experiencia de vapeo en Alemania.<\/p>\n<h3><strong>Conclusi\u00f3n<\/strong><\/h3>\n<p>La\u00a0<strong>Solobar Solo 30000 cigarrillos electr\u00f3nicos de un solo uso<\/strong>\u00a0Es una excelente opci\u00f3n para todos aquellos que buscan un cigarrillo electr\u00f3nico potente, duradero y f\u00e1cil de usar. Con su dise\u00f1o moderno, su manejo f\u00e1cil de usar y el sabor intenso que ofrece, es una de las mejores opciones para vaporizadores desechables en Alemania. Ya sea que est\u00e9 empezando a vapear o sea un vapeador experimentado, el Solobar Solo le ofrece una experiencia de primera clase.<\/p>\n<p><strong>Ahora compra en alfakher24h.de - \u00a1Tu mejor tienda en l\u00ednea de cigarrillos electr\u00f3nicos desechables en Alemania!<\/strong><\/p>\n<\/div>\n<\/div>\n<\/div>\n<\/div>\n<\/div>\n<\/div>\n<\/div>\n<\/div>\n<\/article>\n<\/div>\n<\/div>\n<\/div>\n<\/div>\n<\/div>","protected":false},"excerpt":{"rendered":"<p><strong>Solobar Solo 30000 cigarrillos electr\u00f3nicos de un solo uso<\/strong>\u00a0es una excelente opci\u00f3n para todos aquellos que buscan un cigarrillo electr\u00f3nico potente, duradero y f\u00e1cil de usar. Con su dise\u00f1o moderno<\/p>","protected":false},"featured_media":1626,"comment_status":"open","ping_status":"closed","template":"","meta":{"om_disable_all_campaigns":false},"product_brand":[],"product_cat":[41],"product_tag":[],"class_list":{"0":"post-1625","1":"product","2":"type-product","3":"status-publish","4":"has-post-thumbnail","6":"product_cat-solobar-solo-30000","8":"first","9":"outofstock","10":"shipping-taxable","11":"purchasable","12":"product-type-simple"},"_links":{"self":[{"href":"https:\/\/alfakher24h.de\/es\/wp-json\/wp\/v2\/product\/1625","targetHints":{"allow":["GET"]}}],"collection":[{"href":"https:\/\/alfakher24h.de\/es\/wp-json\/wp\/v2\/product"}],"about":[{"href":"https:\/\/alfakher24h.de\/es\/wp-json\/wp\/v2\/types\/product"}],"replies":[{"embeddable":true,"href":"https:\/\/alfakher24h.de\/es\/wp-json\/wp\/v2\/comments?post=1625"}],"wp:featuredmedia":[{"embeddable":true,"href":"https:\/\/alfakher24h.de\/es\/wp-json\/wp\/v2\/media\/1626"}],"wp:attachment":[{"href":"https:\/\/alfakher24h.de\/es\/wp-json\/wp\/v2\/media?parent=1625"}],"wp:term":[{"taxonomy":"product_brand","embeddable":true,"href":"https:\/\/alfakher24h.de\/es\/wp-json\/wp\/v2\/product_brand?post=1625"},{"taxonomy":"product_cat","embeddable":true,"href":"https:\/\/alfakher24h.de\/es\/wp-json\/wp\/v2\/product_cat?post=1625"},{"taxonomy":"product_tag","embeddable":true,"href":"https:\/\/alfakher24h.de\/es\/wp-json\/wp\/v2\/product_tag?post=1625"}],"curies":[{"name":"wp","href":"https:\/\/api.w.org\/{rel}","templated":true}]}}