{"id":1621,"date":"2025-02-08T14:37:20","date_gmt":"2025-02-08T14:37:20","guid":{"rendered":"https:\/\/alfakher24h.de\/?post_type=product&#038;p=1621"},"modified":"2025-05-21T05:11:14","modified_gmt":"2025-05-21T05:11:14","slug":"solobar-solo-30000-zuege-einweg-e-zigarette-blue-razz-ice","status":"publish","type":"product","link":"https:\/\/alfakher24h.de\/es\/producto\/solobar-solo-30000-zuege-einweg-e-zigarette-blue-razz-ice\/","title":{"rendered":"Solobar Solo 30000 Z\u00fcge Einweg E Zigarette \u2013 Blue Razz Ice \nse convierte en \n\nSolobar Solo 30000 tiradas cigarrillo electr\u00f3nico desechable \u2013 Blue Razz Ice"},"content":{"rendered":"<div style=\"width: 1020px;\" class=\"wp-video\"><video class=\"wp-video-shortcode\" id=\"video-1621-1\" width=\"1020\" height=\"574\" preload=\"metadata\" controls=\"controls\"><source type=\"video\/mp4\" src=\"https:\/\/alfakher24h.de\/wp-content\/uploads\/2025\/02\/solobar-solo-30000-2.mp4?_=1\" \/><a href=\"https:\/\/alfakher24h.de\/wp-content\/uploads\/2025\/02\/solobar-solo-30000-2.mp4\">https:\/\/alfakher24h.de\/wp-content\/uploads\/2025\/02\/solobar-solo-30000-2.mp4<\/a><\/video><\/div>\n<h2><strong>Solobar Solo 30000 Z\u00fcge Einweg E Zigarette \u2013 Tu elecci\u00f3n perfecta para el placer de vapear moderno<\/strong><\/h2>\n<p>La\u00a0<strong>Solobar Solo 30000 cigarrillos electr\u00f3nicos de un solo uso<\/strong>\u00a0es la soluci\u00f3n ideal para todos aquellos que buscan una experiencia de vapeo potente, f\u00e1cil de usar y excepcionalmente sabrosa. Con una impresionante capacidad de\u00a0<strong>30.000 trenes<\/strong>\u00a0y una variedad de funciones innovadoras, este producto ofrece no solo un rendimiento excepcional, sino tambi\u00e9n un dise\u00f1o excepcional que entusiasma tanto a los principiantes como a los vaporizadores experimentados. Como uno de los principales proveedores de\u00a0<strong>E-cigarrillos desechables en Alemania<\/strong>, tiene <strong>alfakherwelt.de<\/strong> Este producto exclusivamente en nuestra selecci\u00f3n, para ofrecerte el mejor placer de vapeo.<\/p>\n<h3><strong>Descripci\u00f3n del producto - Potente y f\u00e1cil de usar<\/strong><\/h3>\n<p>La\u00a0<strong>Solobar Solo 30000 cigarrillos electr\u00f3nicos de un solo uso<\/strong>\u00a0ofrece todo lo que necesitas para una experiencia de vapeo impresionante. Con un enorme\u00a0<strong>Capacidad de Puff<\/strong>\u00a0Con 30.000 caladas disfrutar\u00e1s durante m\u00e1s tiempo de tu experiencia de vapeo, sin tener que buscar constantemente recargas o un nuevo cigarrillo electr\u00f3nico. Este producto de larga duraci\u00f3n\u00a0<strong>Cigarrillo electr\u00f3nico desechable<\/strong>\u00a0es la elecci\u00f3n perfecta para llevar contigo cuando buscas una alternativa pr\u00e1ctica y fiable a los cigarrillos electr\u00f3nicos convencionales. La bater\u00eda integrada con una capacidad de\u00a0<strong>880 mAh<\/strong>\u00a0aseg\u00farate de que tus\u00a0<strong>Solobar Solo 30000 cigarrillos electr\u00f3nicos de un solo uso<\/strong>\u00a0funciona de manera fiable durante todo el uso.<\/p>\n<p>Con uno\u00a0<strong>Pantalla LED<\/strong>\u00a0es muy f\u00e1cil ver el estado de carga de tu cigarrillo electr\u00f3nico de un vistazo.\u00a0<strong>Sistema de Control de Flujo de Aire<\/strong>\u00a0permite adaptarlo seg\u00fan tus preferencias y obtener la experiencia de vapeo perfecta. Tienes la opci\u00f3n de ajustar el flujo de aire a tu gusto.\u00a0<strong>Funci\u00f3n de luz ambiental activada\/desactivada<\/strong>\u00a0Seg\u00fan tu deseo de activarla y personalizar el aspecto de tu e-cigarrillo. El dise\u00f1o f\u00e1cil de usar es especialmente adecuado para principiantes, para que puedas empezar a vapear de inmediato sin necesidad de una configuraci\u00f3n complicada.<\/p>\n<h3><strong>Caracter\u00edsticas del producto del cigarrillo electr\u00f3nico desechable Solobar Solo 30000 caladas<\/strong><\/h3>\n<ul>\n<li><strong>Pantalla de visualizaci\u00f3n LED<\/strong>\u00a0\u2013 Mira de un vistazo el estado de carga de tus\u00a0<strong>Cigarrillo electr\u00f3nico desechable<\/strong>.<\/li>\n<li><strong>30.000 trenes<\/strong>\u00a0\u2013 Ofrece una vida \u00fatil extremadamente larga, para que puedas disfrutar durante m\u00e1s tiempo sin tener que buscar un nuevo cigarrillo electr\u00f3nico.<\/li>\n<li><strong>Control de Flujo de Aire<\/strong>\u00a0\u2013 Ajuste individual del flujo de aire para la experiencia de vapeo perfecta.<\/li>\n<li><strong>10-30W de potencia<\/strong>\u00a0- Ofrece el vapor necesario para satisfacer tus necesidades personales de vapeo.<\/li>\n<li><strong>880 mAh bater\u00eda recargable<\/strong>\u00a0- Garantiza un uso fiable y duradero.<\/li>\n<li><strong>Luz Ambiental On\/Off<\/strong>\u00a0\u2013 Dale a tu e-cigarrillo una nota elegante, seg\u00fan tu estado de \u00e1nimo.<\/li>\n<li><strong>Bobina de doble malla<\/strong>\u00a0Para un sabor intenso y vapor uniforme.<\/li>\n<li><strong>Amigable para principiantes<\/strong>\u00a0- No estructura complicada, listo para usar inmediatamente.<\/li>\n<\/ul>\n<h3><strong>Los sabores m\u00e1s populares de la Solobar Solo 30000 caladas cigarrillo electr\u00f3nico desechable<\/strong><\/h3>\n<p>Una de las caracter\u00edsticas m\u00e1s destacadas de las\u00a0<strong>Solobar Solo 30000 cigarrillos electr\u00f3nicos de un solo uso<\/strong>\u00a0es la posibilidad de elegir el sabor perfecto que se adapte a tus preferencias personales. Uno de los perfiles de sabor m\u00e1s populares y refrescantes que puedes disfrutar es el\u00a0<strong>Blue Razz Ice<\/strong>.<\/p>\n<h4><strong>Blue Razz Ice: Un refrescante placer de frutas<\/strong><\/h4>\n<p>La\u00a0<strong>Blue Razz Ice<\/strong>sabor de la barra sola  Solo 30000  vape de un solo uso  ofrece una combinaci\u00f3n armoniosa de sabor a fruta\u00a0<strong>Ar\u00e1ndano<\/strong>\u00a0y refrescante\u00a0<strong>Frambuesa<\/strong>\u00a0(Raspberry), perfectly rounded off with a cooling\u00a0<strong>Hielo<\/strong>efecto. Desde el primer trago te ver\u00e1s abrumado por la intensidad y frescura del sabor. La mezcla de ar\u00e1ndano dulce y afrutado y la frambuesa \u00e1cida asegura una experiencia de sabor intensa que se ve complementada de manera agradable por la mezcla refrescante de hielo. El\u00a0<strong>Blue Razz Ice<\/strong>\u00a0El sabor es la elecci\u00f3n ideal para todos aquellos que buscan una experiencia de vapeo refrescante y a la vez dulce y afrutada. El equilibrio fino entre fruta y frescura hace que este sabor sea un favorito entre muchos vapers.<\/p>\n<p>Para\u00a0<strong>Compradores de vape<\/strong>\u00a0en Alemania, que buscan un producto duradero y de alto rendimiento, es la\u00a0<strong>Solobar Solo 30000 cigarrillos electr\u00f3nicos de un solo uso<\/strong>\u00a0en la\u00a0<strong>Blue Razz Ice<\/strong>La variedad de sabores es una absoluta necesidad. La combinaci\u00f3n de tecnolog\u00eda de primera clase y una excelente variedad de sabores garantiza una experiencia de vapeo inolvidable. El toque refrescante del\u00a0<strong>Hielo<\/strong>El efecto es ideal para brindarte una sensaci\u00f3n agradable y refrescante, incluso en d\u00edas calurosos.<\/p>\n<h4><strong>M\u00e1s experiencias gustativas<\/strong><\/h4>\n<p>Aunque el\u00a0<strong>Blue Razz Ice<\/strong>\u00a0especialmente popular es, ofrece la\u00a0<strong>Solobar Solo 30000 Z\u00fcge Einweg E-Zigarette \n\nbecomes \n\nSolobar Solo 30000 tiradas E-cigarrillo desechable<\/strong>\u00a0muchas otras deliciosas opciones. Puedes elegir entre una variedad de sabores, incluyendo aromas frutales, sabores dulces de postre y refrescantes variantes de mentol, que hacen de cada experiencia de vapeo un placer \u00fanico.<\/p>\n<p><img loading=\"lazy\" decoding=\"async\" class=\"alignnone wp-image-1855 size-full\" title=\"Solobar Solo 30000 Z\u00fcge Einweg E Zigarette - Blue Razz Ice 2 se convierte en Solobar Solo 30000 tiradas cigarrillo electr\u00f3nico desechable - Blue Razz Ice 2\" src=\"https:\/\/alfakher24h.de\/wp-content\/uploads\/2025\/02\/solobar-solo-30000-4.webp\" sizes=\"auto, (max-width: 1024px) 100vw, 1024px\" srcset=\"https:\/\/alfakher24h.de\/wp-content\/uploads\/2025\/02\/solobar-solo-30000-4.webp 1024w, https:\/\/alfakher24h.de\/wp-content\/uploads\/2025\/02\/solobar-solo-30000-4-300x174.webp 300w, https:\/\/alfakher24h.de\/wp-content\/uploads\/2025\/02\/solobar-solo-30000-4-768x446.webp 768w, https:\/\/alfakher24h.de\/wp-content\/uploads\/2025\/02\/solobar-solo-30000-4-18x10.webp 18w, https:\/\/alfakher24h.de\/wp-content\/uploads\/2025\/02\/solobar-solo-30000-4-600x348.webp 600w\" alt=\"Solobar Solo 30000 Z\u00fcge Einweg E Zigarette - Blue Razz Ice se convierte en Solobar Solo 30000 tiradas cigarrillo electr\u00f3nico desechable - Blue Razz Ice \" width=\"1024\" height=\"594\" \/><\/p>\n<div class=\"flex-1 overflow-hidden @container\/thread\">\n<div class=\"h-full\">\n<div class=\"react-scroll-to-bottom--css-kyafg-79elbk h-full\">\n<div class=\"react-scroll-to-bottom--css-kyafg-1n7m0yu\">\n<div class=\"flex flex-col text-sm md:pb-9\">\n<article class=\"w-full scroll-mb-[var(--thread-trailing-height,150px)] text-token-text-primary focus-visible:outline-2 focus-visible:outline-offset-[-4px]\" dir=\"auto\" data-testid=\"conversation-turn-3\" data-scroll-anchor=\"true\">\n<div class=\"m-auto text-base py-[18px] px-3 md:px-4 w-full md:px-5 lg:px-4 xl:px-5\">\n<div class=\"mx-auto flex flex-1 gap-4 text-base md:gap-5 lg:gap-6 md:max-w-3xl lg:max-w-[40rem] xl:max-w-[48rem]\">\n<div class=\"group\/conversation-turn relative flex w-full min-w-0 flex-col agent-turn\">\n<div class=\"flex-col gap-1 md:gap-3\">\n<div class=\"flex max-w-full flex-col flex-grow\">\n<div class=\"min-h-8 text-message flex w-full flex-col items-end gap-2 whitespace-normal break-words text-start [.text-message+&amp;]:mt-5\" dir=\"auto\" data-message-author-role=\"assistant\" data-message-id=\"fda66e34-14d2-41e7-8c3d-231a0be2fd20\" data-message-model-slug=\"gpt-4o\">\n<div class=\"flex w-full flex-col gap-1 empty:hidden first:pt-[3px]\">\n<div class=\"markdown prose w-full break-words dark:prose-invert light\">\n<h3><strong>Por qu\u00e9 deber\u00edas elegir el cigarrillo electr\u00f3nico desechable Solobar Solo 30000 caladas?<\/strong><\/h3>\n<ul>\n<li><strong>Larga vida \u00fatil<\/strong>: Con\u00a0<strong>30.000 trenes<\/strong>\u00a0Tendr\u00e1s una larga satisfacci\u00f3n con tu producto, lo que reduce la necesidad de compras frecuentes y te ahorra tiempo y dinero.<\/li>\n<li><strong>Amigable para el usuario<\/strong>: La\u00a0<strong>Solobar Solo 30000 cigarrillos electr\u00f3nicos de un solo uso<\/strong>\u00a0Es ideal para principiantes. F\u00e1cil de usar, sin configuraciones complicadas.<\/li>\n<li><strong>Variedades de sabores<\/strong>Con una amplia selecci\u00f3n de sabores, incluyendo los populares\u00a0<strong>Blue Razz Ice<\/strong>, puedes encontrar el sabor perfecto para ti.<\/li>\n<li><strong>Funciones innovadoras<\/strong>: El\u00a0<strong>Pantalla LED<\/strong>,\u00a0<strong>Control de Flujo de Aire<\/strong>\u00a0y el\u00a0<strong>Bobina de doble malla<\/strong>\u00a0ofrecen una experiencia de vapeo excepcional que no se puede comparar con otros productos.<\/li>\n<li><strong>Compacto y elegante<\/strong>Esta\u00a0<strong>Cigarrillo electr\u00f3nico desechable<\/strong>\u00a0no es solo potente, sino tambi\u00e9n un verdadero destaque visual con la posibilidad de que el\u00a0<strong>Luz ambiental<\/strong>\u00a0adaptar.<\/li>\n<li><strong>Disponible en alfakherwelt.de<\/strong>: Obt\u00e9n la\u00a0<strong>Solobar Solo 30000 cigarrillos electr\u00f3nicos de un solo uso<\/strong>\u00a0y muchos m\u00e1s\u00a0<strong>Vapes Desechables<\/strong> exclusivamente en <strong>alfakherwelt.de<\/strong>, la mayor plataforma en l\u00ednea para\u00a0<strong>Vapes desechables en Alemania<\/strong>.<\/li>\n<\/ul>\n<h3><strong>Conclusi\u00f3n - Tu compa\u00f1ero ideal para la experiencia de vapeo perfecta<\/strong><\/h3>\n<p>La\u00a0<strong>Solobar Solo 30000 cigarrillos electr\u00f3nicos de un solo uso<\/strong>\u00a0es la elecci\u00f3n perfecta para todos aquellos que buscan una experiencia de vapeo duradera, potente y excepcionalmente sabrosa. Con una capacidad de\u00a0<strong>30.000 trenes<\/strong>, de la pr\u00e1ctica\u00a0<strong>Control de Flujo de Aire<\/strong>\u00a0y una variedad de sabores, incluyendo el refrescante\u00a0<strong>Blue Razz Ice<\/strong>Es ideal para vapeadores de todos los niveles de experiencia.<\/p>\n<p>Obt\u00e9n ahora la tuya\u00a0<strong>Solobar Solo 30000 cigarrillos electr\u00f3nicos de un solo uso<\/strong> y experimenta la diferencia en <strong>alfakherwelt.de<\/strong>\u00a0Tu primera direcci\u00f3n para la compra de\u00a0<strong>Vapes Desechables<\/strong>\u00a0en Alemania<\/p>\n<\/div>\n<\/div>\n<\/div>\n<\/div>\n<\/div>\n<\/div>\n<\/div>\n<\/div>\n<\/article>\n<\/div>\n<\/div>\n<\/div>\n<\/div>\n<\/div>","protected":false},"excerpt":{"rendered":"<p><strong>Solobar Solo 30000 cigarrillos electr\u00f3nicos de un solo uso<\/strong>\u00a0es la elecci\u00f3n perfecta para todos aquellos que buscan una experiencia de vapeo duradera, potente y excepcionalmente sabrosa. Con una capacidad de\u00a0<strong>30.000 trenes<\/strong><\/p>","protected":false},"featured_media":1622,"comment_status":"open","ping_status":"closed","template":"","meta":{"om_disable_all_campaigns":false},"product_brand":[],"product_cat":[41],"product_tag":[],"class_list":{"0":"post-1621","1":"product","2":"type-product","3":"status-publish","4":"has-post-thumbnail","6":"product_cat-solobar-solo-30000","8":"first","9":"outofstock","10":"shipping-taxable","11":"purchasable","12":"product-type-simple"},"_links":{"self":[{"href":"https:\/\/alfakher24h.de\/es\/wp-json\/wp\/v2\/product\/1621","targetHints":{"allow":["GET"]}}],"collection":[{"href":"https:\/\/alfakher24h.de\/es\/wp-json\/wp\/v2\/product"}],"about":[{"href":"https:\/\/alfakher24h.de\/es\/wp-json\/wp\/v2\/types\/product"}],"replies":[{"embeddable":true,"href":"https:\/\/alfakher24h.de\/es\/wp-json\/wp\/v2\/comments?post=1621"}],"wp:featuredmedia":[{"embeddable":true,"href":"https:\/\/alfakher24h.de\/es\/wp-json\/wp\/v2\/media\/1622"}],"wp:attachment":[{"href":"https:\/\/alfakher24h.de\/es\/wp-json\/wp\/v2\/media?parent=1621"}],"wp:term":[{"taxonomy":"product_brand","embeddable":true,"href":"https:\/\/alfakher24h.de\/es\/wp-json\/wp\/v2\/product_brand?post=1621"},{"taxonomy":"product_cat","embeddable":true,"href":"https:\/\/alfakher24h.de\/es\/wp-json\/wp\/v2\/product_cat?post=1621"},{"taxonomy":"product_tag","embeddable":true,"href":"https:\/\/alfakher24h.de\/es\/wp-json\/wp\/v2\/product_tag?post=1621"}],"curies":[{"name":"wp","href":"https:\/\/api.w.org\/{rel}","templated":true}]}}