{"id":1600,"date":"2025-02-05T05:10:39","date_gmt":"2025-02-05T05:10:39","guid":{"rendered":"https:\/\/alfakher24h.de\/?post_type=product&#038;p=1600"},"modified":"2025-05-21T05:11:14","modified_gmt":"2025-05-21T05:11:14","slug":"1600","status":"publish","type":"product","link":"https:\/\/alfakher24h.de\/es\/producto\/1600\/","title":{"rendered":"Solobar Solo 30000 Z\u00fcge Einweg E Zigarette \u2013 Mango Ice\n\nSe convierte en \n\nSolobar Solo 30000 tiradas cigarrillo electr\u00f3nico desechable \u2013 Hielo de Mango"},"content":{"rendered":"<h2>Solobar Solo 30000 Z\u00fcge Einweg E-Zigarette \u2013 Perfekte Wahl f\u00fcr Einsteiger und Profis \n\nbecomes \n\nSolobar Solo 30000 Z\u00fcge Disposable E-Cigarette - Perfect Choice for Beginners and Professionals<\/h2>\n<p>La\u00a0<a href=\"https:\/\/alfakher24h.de\/es\/\"><strong>Solobar Solo 30000 cigarrillos electr\u00f3nicos de un solo uso<\/strong><\/a>\u00a0es el dispositivo ideal para todos los que buscan un\u00a0<strong>potentes, duraderos<\/strong>\u00a0y\u00a0<strong>f\u00e1cil de usar<\/strong>\u00a0son Vapes. Con un extraordinario\u00a0<strong>Capacidad de 30.000 trenes<\/strong>\u00a0ofrece este modelo una incomparable\u00a0<strong>Duraci\u00f3n de vida<\/strong>, lo que la convierte en la mejor opci\u00f3n para los usuarios que valoran el placer y la comodidad continuos. En este art\u00edculo, obtendr\u00e1 toda la informaci\u00f3n sobre la\u00a0<strong>Solobar Solo 30000 cigarrillos electr\u00f3nicos de un solo uso<\/strong>, sus\u00a0<strong>Funcionalidades<\/strong>la\u00a0<strong>descripci\u00f3n detallada del sabor<\/strong> y por qu\u00e9 deber\u00eda comprarlos en nuestra plataforma alfakher24h.de - la mayor plataforma de venta en l\u00ednea para\u00a0<strong>Vapes desechables en Alemania<\/strong>.<\/p>\n<h3>Por qu\u00e9 el Solobar Solo 30000 golpes cigarrillo electr\u00f3nico desechable?<\/h3>\n<p>En un mundo en el que el mercado para\u00a0<a href=\"https:\/\/alfakher24h.de\/es\/\"><strong>Cigarrillos electr\u00f3nicos desechables<\/strong>\u00a0<\/a>constantemente crece, tiene la\u00a0<strong>Solobar Solo 30000 Z\u00fcge<\/strong>\u00a0una posici\u00f3n notable ha alcanzado. Esta\u00a0<strong>con nicotina<\/strong>\u00a0provisto \ndotado \nequipado \npertrechado\u00a0<strong>Vape<\/strong>\u00a0ofrece no solo una impresionante\u00a0<strong>Producci\u00f3n de vapor<\/strong>\u00a0y uno\u00a0<strong>experiencia gustativa rica<\/strong>sino tambi\u00e9n numerosas caracter\u00edsticas pr\u00e1cticas que hacen que vapear sea una experiencia agradable. Es perfecta para principiantes y vapeadores experimentados que buscan un dispositivo sencillo que est\u00e9 listo para usar de inmediato. Ya sea que t\u00fa\u00a0<strong>Solobar Solo<\/strong>\u00a0Ya sea que lo pruebe por primera vez o que sea un vapeador experimentado, este modelo definitivamente superar\u00e1 sus expectativas.<\/p>\n<h3>Caracter\u00edsticas destacadas del Solobar Solo 30000 Caladas Cigarrillo Electr\u00f3nico Desechable<\/h3>\n<p>La\u00a0<strong>Solobar Solo 30000 cigarrillos electr\u00f3nicos de un solo uso<\/strong>\u00a0ofrece numerosas funciones que hacen que vapear sea m\u00e1s agradable y f\u00e1cil de usar. Aqu\u00ed est\u00e1n las caracter\u00edsticas principales:<\/p>\n<ul>\n<li><strong>Pantalla LED Display<\/strong>Un pr\u00e1ctico\u00a0<strong>Pantalla LED<\/strong>\u00a0muestra el estado actual y la vida \u00fatil restante, para que siempre sepa exactamente cu\u00e1nto tiempo durar\u00e1 el dispositivo.<\/li>\n<li><strong>30.000 trenes<\/strong>Con una extremadamente alta\u00a0<strong>Capacidad del tren<\/strong>\u00a0Este dispositivo es especialmente duradero y ideal para experiencias de vapeo prolongadas. 30.000 caladas significan que puede disfrutar durante mucho tiempo sin preocuparse por rellenar o reemplazar el cigarrillo electr\u00f3nico.<\/li>\n<li><strong>Control de flujo de aire<\/strong>: Ajuste el flujo de aire seg\u00fan sus preferencias. Esto le permite regular individualmente la resistencia y la intensidad del vapor y crear as\u00ed la experiencia de vapeo perfecta.<\/li>\n<li><strong>10-30W de salida de potencia<\/strong>: Una\u00a0<strong>variable potencia de salida<\/strong>\u00a0permite regular la potencia seg\u00fan la intensidad de vapor deseada, lo que permite un control m\u00e1s preciso de la experiencia de vapeo.<\/li>\n<li><strong>880 mAh bater\u00eda<\/strong>: La bater\u00eda es\u00a0<strong>recargable<\/strong>, lo que significa que puede usar el dispositivo durante un per\u00edodo prolongado sin necesidad de recargarlo con frecuencia. Una gran capacidad garantiza que el vapeo se mantenga constante durante muchas caladas.<\/li>\n<li><strong>Luz Ambiental On\/Off<\/strong>: Un fascinante\u00a0<strong>Luz ambiental<\/strong>\u00a0Hace que vapear no solo sea funcional, sino tambi\u00e9n visualmente atractivo. Le da a su dispositivo una apariencia elegante y moderna.<\/li>\n<li><strong>Bobina de doble malla<\/strong>: La\u00a0<strong>Tecnolog\u00eda de bobina de malla dual<\/strong>\u00a0garantiza un calentamiento uniforme y un mejor desarrollo del sabor, lo que hace que cada calada sea m\u00e1s intensa y satisfactoria.<\/li>\n<li><strong>Amigable para el usuario<\/strong>La cigarrillo electr\u00f3nico desechable Solobar Solo 30000 caladas es especial\u00a0<strong>amigable para principiantes<\/strong>\u00a0y no requiere una operaci\u00f3n complicada. Simplemente\u00a0<strong>vestir<\/strong>\u00a0y disfrutar - no hay configuraciones t\u00e9cnicas o recargas que deba realizar.<\/li>\n<\/ul>\n<h2><img loading=\"lazy\" decoding=\"async\" class=\"alignnone wp-image-1853 size-full\" title=\"Solobar Solo 30000 Z\u00fcge Einweg E Zigarette - Mango Ice 2 se convierte en Solobar Solo 30000 Zugs Disposable E-Cigarette - Mango Ice 2\" src=\"https:\/\/alfakher24h.de\/wp-content\/uploads\/2025\/02\/solobar-solo-30000-2.webp\" sizes=\"auto, (max-width: 1024px) 100vw, 1024px\" srcset=\"https:\/\/alfakher24h.de\/wp-content\/uploads\/2025\/02\/solobar-solo-30000-2.webp 1024w, https:\/\/alfakher24h.de\/wp-content\/uploads\/2025\/02\/solobar-solo-30000-2-300x145.webp 300w, https:\/\/alfakher24h.de\/wp-content\/uploads\/2025\/02\/solobar-solo-30000-2-768x371.webp 768w, https:\/\/alfakher24h.de\/wp-content\/uploads\/2025\/02\/solobar-solo-30000-2-18x9.webp 18w, https:\/\/alfakher24h.de\/wp-content\/uploads\/2025\/02\/solobar-solo-30000-2-600x289.webp 600w\" alt=\"Solobar Solo 30000 Z\u00fcge Einweg E Zigarette - Mango Ice se convierte en Solobar Solo 30000 Zugs Disposable E-Cigarette - Mango Ice \" width=\"1024\" height=\"494\" \/><\/h2>\n<h3>Descripci\u00f3n detallada del sabor Mango Ice<\/h3>\n<p>Uno de los sobresalientes\u00a0<strong>Sabores<\/strong>\u00a0el\u00a0<a href=\"https:\/\/alfakher24h.de\/es\/\"><strong>Solobar Solo 30000 Z\u00fcge Einweg E-Zigarette \n\nbecomes \n\nSolobar Solo 30000 tiradas E-cigarrillo desechable<\/strong><\/a>\u00a0es\u00a0<strong>Mango Ice<\/strong>Esta composici\u00f3n de sabor combina la dulzura tropical de la\u00a0<strong>Mango<\/strong>\u00a0con un refrescante\u00a0<strong>Sabor a hielo<\/strong>lo que conduce a un especialmente\u00a0<strong>enfriar<\/strong>pero\u00a0<strong>dulce afrutado<\/strong>\u00a0Experiencia de vapor conduce.<\/p>\n<h4>Mango: Una explosi\u00f3n afrutada<\/h4>\n<p>La\u00a0<strong>Mango<\/strong>\u00a0es conocido por su intenso dulzor y su sabor ex\u00f3tico. Cada bocanada de\u00a0<strong>Mango Ice<\/strong>\u00a0E-Zigarette bringt den vollen Geschmack einer \n\nE-cigarette ofrece el sabor completo de una\u00a0<strong>mango cosechada madura<\/strong>\u00a0aparece, que consiente los sentidos con su dulzura fresca y jugosa. El sabor natural de la mango permanece wonderfully aut\u00e9ntico y sin adulterar, lo que le da a la experiencia de vapeo una dimensi\u00f3n refrescante y sin embargo rica.<\/p>\n<h4>Hielo: El golpe refrescante<\/h4>\n<p>La\u00a0<strong>Hielo<\/strong>Nota otorga al sabor un agradable frescor, especialmente en los d\u00edas calurosos de verano o para aquellos que prefieren\u00a0<strong>efecto refrescante<\/strong>\u00a0ofrece un refrescante bienvenido. Este efecto refrescante redondea perfectamente la experiencia gustativa y se asegura de que\u00a0<strong>equilibrado<\/strong>pero al mismo tiempo un intenso vapor. La interacci\u00f3n de\u00a0<strong>dulce mango<\/strong>\u00a0y\u00a0<strong>hielo refrescante<\/strong>\u00a0Crea un equilibrio armonioso entre frescura y fruta, que sacia el deseo de placer durante todo el d\u00eda.<\/p>\n<h4>Mezcla perfecta para todos los gustos<\/h4>\n<p>La\u00a0<strong>Mango Ice<\/strong>Esta combinaci\u00f3n de sabores es adecuada para todos aquellos que buscan una experiencia de vapeo fresca y refrescante. Ya seas un vapeador experimentado o est\u00e9s empezando, este sabor te ofrece el equilibrio perfecto entre frescura y dulzura. La combinaci\u00f3n de mango y hielo hace que nunca vuelvas a necesitar buscar otro sabor. \u00a1Cada calada es una peque\u00f1a aventura para los sentidos!<\/p>\n<h3>Por qu\u00e9 deber\u00edas comprar el cigarrillo electr\u00f3nico desechable Solobar Solo 30000 caladas en alfakher24h.de<\/h3>\n<p>alfakher24h.de es el mercado en l\u00ednea l\u00edder para <strong>E-Zigaretten Einweg in Deutschland<\/strong>.Si est\u00e1 buscando una\u00a0<strong>cigarrillo electr\u00f3nico de alta calidad<\/strong>\u00a0son, los que usted encuentra en\u00a0<strong>Alemania<\/strong>\u00a0r\u00e1pida y segura, nuestra plataforma es la elecci\u00f3n ideal. No solo ofrecemos productos de primera clase\u00a0<strong>Vapes<\/strong>sino tambi\u00e9n un servicio al cliente excelente y un proceso de pedido f\u00e1cil de usar.<\/p>\n<h3>Ventajas al comprar en <a href=\"https:\/\/alfakher24h.de\/es\/\">alfakher24h.de<\/a><\/h3>\n<ul>\n<li><strong>Entrega r\u00e1pida<\/strong>Su pedido ser\u00e1 entregado de manera r\u00e1pida y fiable.<\/li>\n<li><strong>Gran selecci\u00f3n<\/strong>Encuentre una gran variedad de\u00a0<strong>Vapes Desechables<\/strong>\u00a0y accesorios.<\/li>\n<li><strong>Pago seguro<\/strong>Ofrecemos m\u00e9todos de pago seguros para sus pedidos.<\/li>\n<li><strong>Soporte al cliente<\/strong>Nuestro amable equipo de soporte estar\u00e1 encantado de ayudarte con cualquier pregunta relacionada con tu pedido.<\/li>\n<\/ul>\n<h3>Conclusi\u00f3n: Solobar Solo 30000 caladas Cigarrillo electr\u00f3nico desechable \u2013 La elecci\u00f3n para vapeadores exigentes<\/h3>\n<p>La\u00a0<strong>Solobar Solo 30000 cigarrillos electr\u00f3nicos de un solo uso<\/strong>\u00a0es una de las\u00a0<strong>mejores cigarrillos electr\u00f3nicos en el mercado<\/strong>Con una larga vida \u00fatil, un\u00a0<strong>sabor intenso<\/strong>\u00a0y caracter\u00edsticas innovadoras, este modelo es una excelente opci\u00f3n para todos aquellos que desean llevar el vapeo al siguiente nivel. Si est\u00e1s buscando un producto fiable y sabroso\u00a0<strong>Cigarrillo electr\u00f3nico desechable<\/strong>\u00a0buscar, debe\u00a0<strong>Solobar Solo 30000 Z\u00fcge<\/strong>\u00a0Definitivamente vale la pena probarlo. Visite alfakher24h.de hoy mismo y compre los\u00a0<strong>mejor cigarrillo electr\u00f3nico desechable<\/strong>\u00a0en Alemania.<\/p>","protected":false},"excerpt":{"rendered":"<p><strong>Solobar Solo 30000 cigarrillos electr\u00f3nicos de un solo uso<\/strong>\u00a0es una de las\u00a0<strong>mejores cigarrillos electr\u00f3nicos en el mercado<\/strong>Con una larga vida \u00fatil, un\u00a0<strong>sabor intenso<\/strong>\u00a0Y con caracter\u00edsticas innovadoras, este modelo es una excelente opci\u00f3n para todos aquellos que desean llevar el vapeo al siguiente nivel.<\/p>","protected":false},"featured_media":1601,"comment_status":"open","ping_status":"closed","template":"","meta":{"om_disable_all_campaigns":false},"product_brand":[],"product_cat":[41],"product_tag":[],"class_list":{"0":"post-1600","1":"product","2":"type-product","3":"status-publish","4":"has-post-thumbnail","6":"product_cat-solobar-solo-30000","8":"first","9":"outofstock","10":"shipping-taxable","11":"purchasable","12":"product-type-simple"},"_links":{"self":[{"href":"https:\/\/alfakher24h.de\/es\/wp-json\/wp\/v2\/product\/1600","targetHints":{"allow":["GET"]}}],"collection":[{"href":"https:\/\/alfakher24h.de\/es\/wp-json\/wp\/v2\/product"}],"about":[{"href":"https:\/\/alfakher24h.de\/es\/wp-json\/wp\/v2\/types\/product"}],"replies":[{"embeddable":true,"href":"https:\/\/alfakher24h.de\/es\/wp-json\/wp\/v2\/comments?post=1600"}],"wp:featuredmedia":[{"embeddable":true,"href":"https:\/\/alfakher24h.de\/es\/wp-json\/wp\/v2\/media\/1601"}],"wp:attachment":[{"href":"https:\/\/alfakher24h.de\/es\/wp-json\/wp\/v2\/media?parent=1600"}],"wp:term":[{"taxonomy":"product_brand","embeddable":true,"href":"https:\/\/alfakher24h.de\/es\/wp-json\/wp\/v2\/product_brand?post=1600"},{"taxonomy":"product_cat","embeddable":true,"href":"https:\/\/alfakher24h.de\/es\/wp-json\/wp\/v2\/product_cat?post=1600"},{"taxonomy":"product_tag","embeddable":true,"href":"https:\/\/alfakher24h.de\/es\/wp-json\/wp\/v2\/product_tag?post=1600"}],"curies":[{"name":"wp","href":"https:\/\/api.w.org\/{rel}","templated":true}]}}