{"id":1596,"date":"2025-02-05T05:04:03","date_gmt":"2025-02-05T05:04:03","guid":{"rendered":"https:\/\/alfakher24h.de\/?post_type=product&#038;p=1596"},"modified":"2025-05-21T05:11:14","modified_gmt":"2025-05-21T05:11:14","slug":"solobar-solo-30000-zuege-einweg-e-cirteta","status":"publish","type":"product","link":"https:\/\/alfakher24h.de\/es\/producto\/solobar-solo-30000-zuege-einweg-e-cirteta\/","title":{"rendered":"Solobar Solo 30000 Z\u00fcge Einweg E Zigarette \u2013 Watermelon Ice \nse convierte en \n\nSolobar Solo 30000 Zugs Disposable E-Cigarette \u2013 Watermelon Ice"},"content":{"rendered":"<div style=\"width: 1020px;\" class=\"wp-video\"><video class=\"wp-video-shortcode\" id=\"video-1596-1\" width=\"1020\" height=\"574\" preload=\"metadata\" controls=\"controls\"><source type=\"video\/mp4\" src=\"https:\/\/alfakher24h.de\/wp-content\/uploads\/2025\/02\/solobar-solo-30000-2.mp4?_=1\" \/><a href=\"https:\/\/alfakher24h.de\/wp-content\/uploads\/2025\/02\/solobar-solo-30000-2.mp4\">https:\/\/alfakher24h.de\/wp-content\/uploads\/2025\/02\/solobar-solo-30000-2.mp4<\/a><\/video><\/div>\n<h2><strong>Solobar Solo 30000 Z\u00fcge Einweg E Zigarette \u2013 La elecci\u00f3n definitiva para vapeadores en Alemania<\/strong><\/h2>\n<p>La\u00a0<a href=\"https:\/\/alfakher24h.de\/es\/\"><strong>Solobar Solo 30000 cigarrillos electr\u00f3nicos de un solo uso<\/strong><\/a>\u00a0Es un verdadero maestro de la mundo de los vaporizadores. Para los vaporizadores que buscan un producto innovador, f\u00e1cil de usar y potente, este cigarrillo electr\u00f3nico desechable ofrece una experiencia de vapeo incomparable. Con 30.000 caladas, un control preciso del flujo de aire y una avanzada tecnolog\u00eda de bobina dual en malla, el Solobar Solo 30000 se destaca de otros cigarrillos electr\u00f3nicos desechables en el mercado. Perm\u00edtanos descubrir en detalle las numerosas caracter\u00edsticas y beneficios de este producto.<\/p>\n<hr \/>\n<h3><strong>Descripci\u00f3n del producto<\/strong><\/h3>\n<p>La\u00a0<strong>Solobar Solo 30000 cigarrillos electr\u00f3nicos de un solo uso<\/strong>\u00a0es m\u00e1s que un cigarrillo electr\u00f3nico desechable convencional. Fue desarrollado espec\u00edficamente para vapeadores que buscan una durabilidad prolongada, un rendimiento sobresaliente y una experiencia de sabor incomparable. Con su impresionante recuento de \n(con n\u00famero se mantiene el original)\u00a0<strong>30.000 trenes<\/strong>\u00a0y uno\u00a0<strong>880 mAh bater\u00eda recargable<\/strong>\u00a0Es ideal para aquellos que vapean regularmente, pero que quieren la facilidad de uso de un vapeador desechable.<\/p>\n<p><strong>\u00bfQu\u00e9 hace que la Solobar Solo sea tan especial?<\/strong><\/p>\n<p>La\u00a0<strong>Solobar Solo 30000 cigarrillos electr\u00f3nicos de un solo uso<\/strong>\u00a0ofrece una variedad de funciones que la convierten en un producto de alta calidad en el mercado de\u00a0<strong>E-Zigaretten Einweg in Deutschland<\/strong>\u00a0hacer<\/p>\n<ul>\n<li><strong>Pantalla LED:<\/strong>\u00a0La pantalla LED muestra los trenes restantes y el estado de la bater\u00eda, por lo que siempre sabr\u00e1 exactamente cu\u00e1ndo es el momento de cargar o reemplazar el dispositivo.<\/li>\n<li><strong>30.000 trenes:<\/strong>\u00a0Con una notable cantidad de 30.000 bocanillas, este cigarrillo electr\u00f3nico de un solo uso est\u00e1 dise\u00f1ado para durar mucho tiempo y satisfacer las necesidades diarias de vapeo.<\/li>\n<li><strong>Control de flujo de aire:<\/strong>\u00a0El control preciso del flujo de aire permite adaptar la resistencia del flujo de aire a voluntad y as\u00ed personalizar la experiencia de vapeo.<\/li>\n<li><strong>10-30W de salida de potencia:<\/strong>\u00a0Una salida de potencia variable permite que el dispositivo se adapte seg\u00fan la preferencia para un vapeo m\u00e1s intenso o suave.<\/li>\n<li><strong>Bater\u00eda recargable de 880 mAh:<\/strong>\u00a0La potente bater\u00eda garantiza una larga vida \u00fatil, mientras que la posibilidad de recargar el dispositivo asegura que el placer nunca se interrumpa.<\/li>\n<li><strong>Luz Ambiental On\/Off:<\/strong>\u00a0La posibilidad de encender o apagar la luz ambiental le da un toque adicional a la experiencia de vapeo y hace que la Solobar Solo sea especialmente elegante.<\/li>\n<li><strong>Tecnolog\u00eda de bobina de doble malla:<\/strong>\u00a0Esta tecnolog\u00eda garantiza una vaporizaci\u00f3n uniforme e intensa, lo que intensifica el sabor y hace que vapear sea m\u00e1s agradable.<\/li>\n<li><strong>Para principiantes:<\/strong>\u00a0La Solobar Solo es perfecta para principiantes. Es f\u00e1cil de usar, no requiere ajustes complicados y ofrece una experiencia de vapeo sobresaliente.<\/li>\n<\/ul>\n<p>Con la\u00a0<strong>Solobar Solo 30000 Z\u00fcge Einweg E-Zigarette \n\nbecomes \n\nSolobar Solo 30000 tiradas E-cigarrillo desechable<\/strong>\u00a0Tienen el dispositivo ideal para una experiencia de vapeo c\u00f3moda y duradera en Alemania. Disfrute de la sensaci\u00f3n inconfundible que ofrece este cigarrillo electr\u00f3nico desechable y d\u00e9jese convencer por su calidad excepcional.<\/p>\n<h2><img loading=\"lazy\" decoding=\"async\" class=\"alignnone wp-image-1853 size-full\" title=\"Solobar Solo 30000 Z\u00fcge Einweg E Zigarette - Sand\u00eda Hielo 2\" src=\"https:\/\/alfakher24h.de\/wp-content\/uploads\/2025\/02\/solobar-solo-30000-2.webp\" sizes=\"auto, (max-width: 1024px) 100vw, 1024px\" srcset=\"https:\/\/alfakher24h.de\/wp-content\/uploads\/2025\/02\/solobar-solo-30000-2.webp 1024w, https:\/\/alfakher24h.de\/wp-content\/uploads\/2025\/02\/solobar-solo-30000-2-300x145.webp 300w, https:\/\/alfakher24h.de\/wp-content\/uploads\/2025\/02\/solobar-solo-30000-2-768x371.webp 768w, https:\/\/alfakher24h.de\/wp-content\/uploads\/2025\/02\/solobar-solo-30000-2-18x9.webp 18w, https:\/\/alfakher24h.de\/wp-content\/uploads\/2025\/02\/solobar-solo-30000-2-600x289.webp 600w\" alt=\"Solobar Solo 30000 Z\u00fcge Einweg E Zigarette - Sabor a Sand\u00eda Hielo \" width=\"1024\" height=\"494\" \/><\/h2>\n<h3><strong>Caracter\u00edsticas del producto en detalle<\/strong><\/h3>\n<p>La\u00a0<strong>Solobar Solo 30000 Z\u00fcge Einweg E-Zigarette \n\nbecomes \n\nSolobar Solo 30000 tiradas E-cigarrillo desechable<\/strong>\u00a0convencido por una serie de funciones pensadas que fueron desarrolladas espec\u00edficamente para mejorar sus experiencias de vapeo:<\/p>\n<h4>1.\u00a0<strong>Pantalla LED<\/strong><\/h4>\n<p>La pantalla LED integrada le muestra los movimientos restantes, as\u00ed como el estado de la bater\u00eda. De esta manera, siempre tiene una visi\u00f3n general y puede utilizar el dispositivo de manera eficiente sin sorpresas desagradables.<\/p>\n<h4>2.\u00a0<strong>30.000 trenes<\/strong><\/h4>\n<p>Con un n\u00famero de tren de\u00a0<strong>30.000 trenes<\/strong>\u00a0ofrece este vape de un solo uso una vida \u00fatil excepcionalmente larga. Es la elecci\u00f3n perfecta para todos aquellos que vapean con frecuencia y buscan un compa\u00f1ero fiable.<\/p>\n<h4>3.\u00a0<strong>Regulaci\u00f3n del flujo de aire<\/strong><\/h4>\n<p>Con el control de flujo de aire, puede personalizar el vapeo a su manera preferida. \u00bfQuiere un desarrollo de vapor m\u00e1s intenso o una calada m\u00e1s suave? Este cigarrillo electr\u00f3nico desechable le brinda todas las libertades para configurar su experiencia de vapeo seg\u00fan sus deseos.<\/p>\n<h4>4.\u00a0<strong>Bater\u00eda potente (880 mAh)<\/strong><\/h4>\n<p>Recargable\u00a0<strong>Bater\u00eda de 880 mAh<\/strong>\u00a0garantiza que puedas vapear durante mucho tiempo con tu dispositivo. Incluso cuando la bater\u00eda est\u00e9 a punto de agotarse, simplemente puedes recargarla y seguir vapeando.<\/p>\n<h4>5.\u00a0<strong>Bobina de doble malla<\/strong><\/h4>\n<p>Gracias a la\u00a0<strong>Tecnolog\u00eda de bobina de doble malla<\/strong>\u00a0Experimente una vaporizaci\u00f3n a\u00fan m\u00e1s uniforme y un sabor m\u00e1s intenso. Las bobinas de malla aseguran que el sabor se distribuya de manera uniforme, lo que aumenta considerablemente el placer de cada calada.<\/p>\n<h4>6.\u00a0<strong>Funci\u00f3n de luz ambiental<\/strong><\/h4>\n<p>La\u00a0<strong>Funci\u00f3n de luz ambiental<\/strong>\u00a0Ofrece una experiencia visual adicional a tu vapeo. Ajusta el ambiente con una sencilla funci\u00f3n de interruptor y disfruta de una experiencia de vapeo elegante.<\/p>\n<h4>7.\u00a0<strong>Amigable para principiantes<\/strong><\/h4>\n<p>La\u00a0<strong>Solobar Solo 30000 cigarrillos electr\u00f3nicos de un solo uso<\/strong>\u00a0Es especialmente adecuada para principiantes. Ofrece todas las funciones necesarias para un manejo sencillo y, al mismo tiempo, un rendimiento sobresaliente.<\/p>\n<hr \/>\n<h3><strong>Experiencia de sabor - Solobar Solo 30000 caladas Cigarrillo electr\u00f3nico desechable: Sand\u00eda Hielo<\/strong><\/h3>\n<p>Un punto culminante decisivo de la<a href=\"https:\/\/alfakher24h.de\/es\/\">\u00a0<strong>Solobar Solo 30000 cigarrillos electr\u00f3nicos de un solo uso<\/strong>\u00a0<\/a>es la experiencia de sabor. El cigarrillo electr\u00f3nico viene con el \u00fanico\u00a0<strong>Watermelon Ice<\/strong>Un sabor que deleita tu paladar con una refrescante mezcla de sand\u00eda dulce y un toque fresco de hielo.<\/p>\n<h4><strong>sand\u00eda<\/strong><\/h4>\n<p>El sabor de la sand\u00eda fresca es particularmente arom\u00e1tico y dulce en comparaci\u00f3n con muchas otras frutas. Cada calada recuerda el sabor pleno y jugoso de las sand\u00edas m\u00e1s maduras que se cosechan en verano. Esta dulzura natural se armoniza perfectamente con la frescura que a\u00f1ade el elemento hielo.<\/p>\n<h3><strong>Hielo<\/strong><\/h3>\n<p>Der\u00a0<strong>Hielo<\/strong>-Effekt proporciona una sensaci\u00f3n fresca y refrescante en la boca. La combinaci\u00f3n de sand\u00eda dulce y frescura helada hace que vapear sea una experiencia especial que no solo sacia la sed, sino que tambi\u00e9n proporciona un enfriamiento revitalizante. Es el sabor perfecto para aquellos que buscan un equilibrio entre frescura y fruta.<\/p>\n<p><strong>Watermelon Ice<\/strong>\u00a0Es un sabor que provoca emociones positivas de inmediato. El efecto refrescante y fr\u00edo combinado con la dulzura afrutada hace que cada calada sea un placer. Este sabor es ideal para todo el d\u00eda, ya sea que est\u00e9s relaj\u00e1ndote o est\u00e9s activo.<\/p>\n<hr \/>\n<h3><strong>Por qu\u00e9 deber\u00eda comprar el cigarrillo electr\u00f3nico desechable Solobar Solo 30000 caladas?<\/strong><\/h3>\n<p>Hay muchas razones por las que las\u00a0<strong>Solobar Solo 30000 Z\u00fcge <a href=\"https:\/\/alfakher24h.de\/es\/\">Cigarrillo electr\u00f3nico desechable<\/a><\/strong><a href=\"https:\/\/alfakher24h.de\/es\/\">\u00a0<\/a>La mejor opci\u00f3n para usted es:<\/p>\n<ol>\n<li><strong>Durabilidad<\/strong>\u00a0Con 30.000 caladas, este cigarrillo electr\u00f3nico desechable es uno de los m\u00e1s duraderos del mercado y ofrece una larga vida \u00fatil que cubre las necesidades diarias.<\/li>\n<li><strong>Potencia:<\/strong>\u00a0La\u00a0<strong>880 mAh bater\u00eda recargable<\/strong>\u00a0y la\u00a0<strong>Tecnolog\u00eda de bobina de doble malla<\/strong>\u00a0Garantizan un rendimiento de primera clase y una experiencia de sabor intensa.<\/li>\n<li><strong>Facilidad de uso:<\/strong>\u00a0La\u00a0<strong>Solobar Solo<\/strong>\u00a0Es perfecto para principiantes y ofrece funciones avanzadas para vapeadores experimentados.<\/li>\n<li><strong>Versatilidad:<\/strong>\u00a0Con funciones como\u00a0<strong>Regulaci\u00f3n del flujo de aire<\/strong>\u00a0y\u00a0<strong>Luz ambiental<\/strong>\u00a0pueden personalizar su experiencia de vapeo.<\/li>\n<li><strong>Fr\u00edo fresco:<\/strong>\u00a0La\u00a0<strong>Watermelon Ice<\/strong>Su sabor refrescante proporciona una experiencia de vapeo agradable que puede disfrutar durante todo el d\u00eda.<\/li>\n<\/ol>\n<p>Si est\u00e1 buscando un producto de alta calidad y duradero\u00a0<strong>Cigarrillo electr\u00f3nico desechable con nicotina<\/strong>\u00a0son, entonces la\u00a0<strong>Solobar Solo 30000 cigarrillos electr\u00f3nicos de un solo uso<\/strong>\u00a0la elecci\u00f3n perfecta. Compre su\u00a0<a href=\"https:\/\/alfakher24h.de\/es\/\"><strong>Cigarrillo electr\u00f3nico desechable<\/strong><\/a> de manera c\u00f3moda en alfakher24h.de, su proveedor de confianza para\u00a0<strong>Vapes desechables en Alemania<\/strong>.<\/p>","protected":false},"excerpt":{"rendered":"<p>Buscar un producto de alta calidad y duradero\u00a0<strong>Cigarrillo electr\u00f3nico desechable con nicotina<\/strong>\u00a0son, entonces la\u00a0<strong>Solobar Solo 30000 cigarrillos electr\u00f3nicos de un solo uso<\/strong>\u00a0la elecci\u00f3n perfecta. Compre su\u00a0<a href=\"https:\/\/alfakher24h.de\/es\/\"><strong>Cigarrillo electr\u00f3nico desechable<\/strong><\/a> c\u00f3modo en alfakher24h.de,<\/p>","protected":false},"featured_media":1597,"comment_status":"open","ping_status":"closed","template":"","meta":{"om_disable_all_campaigns":false},"product_brand":[],"product_cat":[41],"product_tag":[],"class_list":{"0":"post-1596","1":"product","2":"type-product","3":"status-publish","4":"has-post-thumbnail","6":"product_cat-solobar-solo-30000","8":"first","9":"outofstock","10":"shipping-taxable","11":"purchasable","12":"product-type-simple"},"_links":{"self":[{"href":"https:\/\/alfakher24h.de\/es\/wp-json\/wp\/v2\/product\/1596","targetHints":{"allow":["GET"]}}],"collection":[{"href":"https:\/\/alfakher24h.de\/es\/wp-json\/wp\/v2\/product"}],"about":[{"href":"https:\/\/alfakher24h.de\/es\/wp-json\/wp\/v2\/types\/product"}],"replies":[{"embeddable":true,"href":"https:\/\/alfakher24h.de\/es\/wp-json\/wp\/v2\/comments?post=1596"}],"wp:featuredmedia":[{"embeddable":true,"href":"https:\/\/alfakher24h.de\/es\/wp-json\/wp\/v2\/media\/1597"}],"wp:attachment":[{"href":"https:\/\/alfakher24h.de\/es\/wp-json\/wp\/v2\/media?parent=1596"}],"wp:term":[{"taxonomy":"product_brand","embeddable":true,"href":"https:\/\/alfakher24h.de\/es\/wp-json\/wp\/v2\/product_brand?post=1596"},{"taxonomy":"product_cat","embeddable":true,"href":"https:\/\/alfakher24h.de\/es\/wp-json\/wp\/v2\/product_cat?post=1596"},{"taxonomy":"product_tag","embeddable":true,"href":"https:\/\/alfakher24h.de\/es\/wp-json\/wp\/v2\/product_tag?post=1596"}],"curies":[{"name":"wp","href":"https:\/\/api.w.org\/{rel}","templated":true}]}}