{"id":1591,"date":"2025-02-05T04:56:12","date_gmt":"2025-02-05T04:56:12","guid":{"rendered":"https:\/\/alfakher24h.de\/?post_type=product&#038;p=1591"},"modified":"2025-05-21T05:11:14","modified_gmt":"2025-05-21T05:11:14","slug":"solobar-solo-30000-zuege-einweg-e-cigarrillo-fresa-sandia","status":"publish","type":"product","link":"https:\/\/alfakher24h.de\/es\/producto\/solobar-solo-30000-zuege-einweg-e-cigarrillo-fresa-sandia\/","title":{"rendered":"Solobar Solo 30000 Z\u00fcge Einweg E Zigarette \u2013 Fresa Sand\u00eda"},"content":{"rendered":"<div style=\"width: 1020px;\" class=\"wp-video\"><video class=\"wp-video-shortcode\" id=\"video-1591-1\" width=\"1020\" height=\"574\" preload=\"metadata\" controls=\"controls\"><source type=\"video\/mp4\" src=\"https:\/\/alfakher24h.de\/wp-content\/uploads\/2025\/02\/solobar-solo-30000-2.mp4?_=1\" \/><a href=\"https:\/\/alfakher24h.de\/wp-content\/uploads\/2025\/02\/solobar-solo-30000-2.mp4\">https:\/\/alfakher24h.de\/wp-content\/uploads\/2025\/02\/solobar-solo-30000-2.mp4<\/a><\/video><\/div>\n<h2><strong><a href=\"https:\/\/alfakher24h.de\/es\/\">Solobar Solo 30000 Z\u00fcge Einweg E-Zigarette \n\nbecomes \n\nSolobar Solo 30000 tiradas E-cigarrillo desechable<\/a> - El futuro del vapeo en su mano<\/strong><\/h2>\n<p>La\u00a0<strong>Solobar Solo 30000 cigarrillos electr\u00f3nicos de un solo uso<\/strong>\u00a0es una soluci\u00f3n innovadora para todos los vapeadores que buscan una experiencia incomparable y un rendimiento duradero. Con tecnolog\u00eda de vanguardia y un dise\u00f1o f\u00e1cil de usar, este producto garantiza que pueda disfrutar del vapeo sin complicaciones. Ya sea que sea un vapeador experimentado o un principiante, la\u00a0<a href=\"https:\/\/alfakher24h.de\/es\/\"><strong>Solobar Solo 30000<\/strong>\u00a0<\/a>superar\u00e1 sus expectativas y le brindar\u00e1 una experiencia incomparable.<\/p>\n<h3><strong>Descripci\u00f3n del producto<\/strong><\/h3>\n<p>La\u00a0<strong>Solobar Solo 30000 cigarrillos electr\u00f3nicos de un solo uso<\/strong>\u00a0fue dise\u00f1ado espec\u00edficamente para brindarle un vapeo relajante y placentero. Con impresionantes\u00a0<strong>30.000 trenes<\/strong>\u00a0Esta cigarrillo electr\u00f3nico desechable garantiza que podr\u00e1 disfrutar de una vida \u00fatil excepcionalmente larga antes de que sea necesario reemplazarla. Esto la convierte en un compa\u00f1ero ideal para el uso diario. No necesita rellenos adicionales ni mantenimiento complicado, simplemente desempaque y comience a vapear.<\/p>\n<p>Gracias al dise\u00f1o avanzado y las funciones potentes, este cigarrillo electr\u00f3nico desechable no solo es ideal para vapeadores experimentados, sino que tambi\u00e9n es muy adecuado para principiantes. La\u00a0<strong>Solobar Solo 30000<\/strong>\u00a0ofrece una combinaci\u00f3n perfecta de facilidad de uso y tecnolog\u00eda. La\u00a0<strong>Control de flujo de aire<\/strong>\u00a0Le permite personalizar el vapeo, de modo que pueda disfrutar exactamente la cantidad de vapor que prefiera.<\/p>\n<p>Un otro punto culminante de la\u00a0<strong>Solobar Solo 30000<\/strong>\u00a0es el\u00a0<strong>Pantalla LED<\/strong>-Pantalla que muestra claramente el estado de la bater\u00eda y los movimientos restantes. Con la\u00a0<strong>880 mAh bater\u00eda recargable<\/strong>\u00a0puede asegurarse de que su experiencia de vapeo siempre dure mucho tiempo. Y cuando la bater\u00eda est\u00e9 casi vac\u00eda, simplemente puede recargarla para seguir disfrutando de un rendimiento ininterrumpido.<\/p>\n<h3><strong>Caracter\u00edsticas del producto del cigarrillo electr\u00f3nico desechable Solobar Solo 30000 caladas<\/strong><\/h3>\n<ul>\n<li><strong>Pantalla LED<\/strong>: La pantalla LED muestra el estado de la bater\u00eda y los disparos restantes, para que siempre sepa cu\u00e1nto tiempo le queda para vapear.<\/li>\n<li><strong>30.000 trenes<\/strong>: Con un notable n\u00famero de 30.000 bocanegra, este cigarrillo electr\u00f3nico desechable ofrece una vida \u00fatil extremadamente larga que no le decepcionar\u00e1.<\/li>\n<li><strong>Control de flujo de aire<\/strong>: Ajuste el flujo de aire para vapear exactamente a su gusto - para un vapor intenso o una calada m\u00e1s suave.<\/li>\n<li><strong>10-30W salida de potencia<\/strong>: El rango de potencia de 10-30W garantiza que siempre pueda alcanzar la intensidad de vapor y el calor deseados para disfrutar de la experiencia de vapeo perfecta.<\/li>\n<li><strong>880 mAh bater\u00eda recargable<\/strong>: La bater\u00eda potente y duradera asegura que su\u00a0<strong>Solobar Solo 30000<\/strong>\u00a0Cigarrillo electr\u00f3nico desechable funciona de manera fiable durante todo el d\u00eda.<\/li>\n<li><strong>Luz Ambiental On\/Off<\/strong>: Active o desactive la luz ambiental seg\u00fan sus preferencias para personalizar a\u00fan m\u00e1s su experiencia de vapeo.<\/li>\n<li><strong>Bobina de doble malla<\/strong>: La bobina de doble malla garantiza un sabor uniforme e intenso que hace que vapear sea a\u00fan m\u00e1s agradable.<\/li>\n<li><strong>Amigable para principiantes<\/strong>: La operaci\u00f3n f\u00e1cil de usar tambi\u00e9n facilita que los principiantes trabajen con la\u00a0<strong>Solobar Solo 30000<\/strong>\u00a0para vapear sin tener que preocuparse por ajustes complicados.<\/li>\n<\/ul>\n<h3><strong>Por qu\u00e9 el Solobar Solo 30000 caladas  cigarrillo electr\u00f3nico desechable es la mejor opci\u00f3n<\/strong><\/h3>\n<p>La\u00a0<strong>Solobar Solo 30000 cigarrillos electr\u00f3nicos de un solo uso<\/strong>\u00a0Se caracteriza por su alta calidad de procesamiento y manejo f\u00e1cil de usar. En comparaci\u00f3n con los cigarrillos electr\u00f3nicos convencionales, ofrece un rendimiento superior y una larga vida \u00fatil, lo que le permite experimentar el vapeo de una manera completamente nueva.<\/p>\n<p>La\u00a0<strong>Control de flujo de aire<\/strong>\u00a0y el\u00a0<strong>bobina de alto rendimiento<\/strong>\u00a0provocan un sabor intensamente constante que te deleitar\u00e1 con cada calada. Mientras que es la\u00a0<strong>Solobar Solo 30000<\/strong>\u00a0ideal para todos los que buscan una forma sencilla pero muy eficaz de tratar con\u00a0<strong>Nicotina<\/strong>\u00a0para vapear sin tener que lidiar con el mantenimiento o ajustes complicados.<\/p>\n<h4><strong>Durabilidad y simplicidad<\/strong><\/h4>\n<p>Una de las caracter\u00edsticas m\u00e1s destacadas de las\u00a0<strong>Solobar Solo 30000<\/strong>\u00a0es su excepcional\u00a0<strong>Durabilidad<\/strong>Con 30.000 caladas, puede utilizar el cigarrillo electr\u00f3nico durante un per\u00edodo prolongado de tiempo antes de que sea necesario reemplazarlo. Este es un claro plus en comparaci\u00f3n con otros cigarrillos electr\u00f3nicos desechables, que a menudo ofrecen solo un n\u00famero limitado de caladas.<\/p>\n<h4><strong>Experiencias \u00f3ptimas de sabor<\/strong><\/h4>\n<p>El coil de malla dual y el excelente control de flujo de aire aseguran un desarrollo de vapor uniforme y un sabor intenso. Esto le permite disfrutar de todo el potencial de cada aroma sin que el sabor se falsifique o se diluya. Ya sea que usted\u00a0<strong>Solobar Solo 30000<\/strong>\u00a0como una oportunidad para relajarse o como compa\u00f1\u00eda durante el d\u00eda de trabajo - vapear se convierte en un verdadero placer.<\/p>\n<p><img loading=\"lazy\" decoding=\"async\" class=\"alignnone size-full wp-image-1855\" title=\"Solobar Solo 30000 Z\u00fcge Einweg E Zigarette - Fresa Sand\u00eda 2\" src=\"https:\/\/alfakher24h.de\/wp-content\/uploads\/2025\/02\/solobar-solo-30000-4.webp\" sizes=\"auto, (max-width: 1024px) 100vw, 1024px\" srcset=\"https:\/\/alfakher24h.de\/wp-content\/uploads\/2025\/02\/solobar-solo-30000-4.webp 1024w, https:\/\/alfakher24h.de\/wp-content\/uploads\/2025\/02\/solobar-solo-30000-4-300x174.webp 300w, https:\/\/alfakher24h.de\/wp-content\/uploads\/2025\/02\/solobar-solo-30000-4-768x446.webp 768w, https:\/\/alfakher24h.de\/wp-content\/uploads\/2025\/02\/solobar-solo-30000-4-18x10.webp 18w, https:\/\/alfakher24h.de\/wp-content\/uploads\/2025\/02\/solobar-solo-30000-4-600x348.webp 600w\" alt=\"Solobar Solo 30000 Z\u00fcge Einweg E Zigarette - Fresa Sand\u00eda\" width=\"1024\" height=\"594\" \/><\/p>\n<h3><strong>Los mejores sabores de la Solobar Solo 30000 cigarrillo electr\u00f3nico desechable<\/strong><\/h3>\n<p>La\u00a0<strong>Solobar Solo 30000 cigarrillos electr\u00f3nicos de un solo uso<\/strong>\u00a0ofrece una experiencia gastron\u00f3mica fant\u00e1stica. Especialmente digno de destacar es el\u00a0<strong>Fresa Sand\u00eda<\/strong>Sabor.<\/p>\n<h4><strong>Strawberry Watermelon: El placer perfecto de verano<\/strong><\/h4>\n<p>Der\u00a0<strong>Fresa Sand\u00eda<\/strong>El sabor es una combinaci\u00f3n perfecta de la dulzura afrutada de las fresas frescas y la refrescante y jugosa sand\u00eda.\u00a0<strong>Fresa Sand\u00eda<\/strong>Los sabores transportan sus papilas gustativas a un para\u00edso tropical que consiente todo el paladar. Esta mezcla de fresa dulce y sand\u00eda refrescante asegura una experiencia de vapeo agradable y afrutada, que proporciona refrigerio especialmente en los d\u00edas calurosos de verano.<\/p>\n<p>La\u00a0<strong>dulzura afrutada de las fresas<\/strong>\u00a0se encuentra con las\u00a0<strong>la fresca refrigeraci\u00f3n de la sand\u00eda<\/strong>lo que conduce a un sabor equilibrado y armonioso. Cada calada aporta el frescor de un c\u00f3ctel de frutas veraniegas que se adapta perfectamente a cualquier momento del d\u00eda. Esta variedad de sabor es especialmente popular entre los usuarios que prefieren aromas frutales, refrescantes y a la vez dulces.<\/p>\n<h3><strong>Por qu\u00e9 deber\u00eda usted la\u00a0<a href=\"https:\/\/alfakher24h.de\/es\/\">Solobar Solo 30000 Z\u00fcge Einweg E-Zigarette \n\nbecomes \n\nSolobar Solo 30000 tiradas E-cigarrillo desechable<\/a> \u00bfComprar?<\/strong><\/h3>\n<ul>\n<li><strong>Larga vida \u00fatil<\/strong>: Con 30.000 tiradas puede\u00a0<strong>Solobar Solo 30000<\/strong>\u00a0disfrutar durante un largo per\u00edodo de tiempo antes de tener que reemplazarlos.<\/li>\n<li><strong>Facilidad de uso<\/strong>Esta cigarrillo electr\u00f3nico desechable es f\u00e1cil de usar - ideal para principiantes y vapeadores experimentados por igual.<\/li>\n<li><strong>Tecnolog\u00eda innovadora<\/strong>Con funciones como la\u00a0<strong>Control de flujo de aire<\/strong>,\u00a0<strong>Bobina de doble malla<\/strong>\u00a0y\u00a0<strong>Pantalla LED<\/strong>\u00a0Obtenga una experiencia de vapeo potente y personalizada.<\/li>\n<li><strong>Ganas de sabores frutales<\/strong>: Disfrute de\u00a0<strong>Fresa Sand\u00eda<\/strong>Sabor en toda su intensidad y frescura.<\/li>\n<li><strong>Fiabilidad<\/strong>: La\u00a0<strong>Solobar Solo 30000 cigarrillos electr\u00f3nicos de un solo uso<\/strong>\u00a0con uno\u00a0<strong>880 mAh bater\u00eda recargable<\/strong>\u00a0equipado, lo que permite un uso prolongado sin interrupciones.<\/li>\n<\/ul>\n<h3><strong>Comprar su Solobar Solo 30000 caladas cigarrillo electr\u00f3nico desechable en alfakher24h.de<\/strong><\/h3>\n<p>La\u00a0<strong>Solobar Solo 30000 cigarrillos electr\u00f3nicos de un solo uso<\/strong>\u00a0es una elecci\u00f3n destacada para vapeadores en Alemania que est\u00e1n buscando una\u00a0<strong>Cigarrillo electr\u00f3nico con nicotina<\/strong> son, que son duraderas y tambi\u00e9n impresionantes en sabor. Ordene hoy en alfakher24h.de, la mayor plataforma para\u00a0<strong>Vapes Desechables<\/strong>\u00a0en Alemania, y experimente el siguiente paso en la tecnolog\u00eda de cigarrillos electr\u00f3nicos.<\/p>\n<p>No se pierda la oportunidad de este innovador\u00a0<a href=\"https:\/\/alfakher24h.de\/es\/\"><strong>Cigarrillo electr\u00f3nico desechable<\/strong><\/a>\u00a0para adquirir y elevar su experiencia de vapeo al siguiente nivel.<\/p>","protected":false},"excerpt":{"rendered":"<p><strong>Olobar Solo 30000 Z\u00fcge Einweg E-Zigarette<\/strong>\u00a0es una elecci\u00f3n destacada para vapeadores en Alemania que est\u00e1n buscando una\u00a0<strong>Cigarrillo electr\u00f3nico con nicotina<\/strong><\/p>","protected":false},"featured_media":1590,"comment_status":"open","ping_status":"closed","template":"","meta":{"om_disable_all_campaigns":false},"product_brand":[],"product_cat":[41],"product_tag":[],"class_list":{"0":"post-1591","1":"product","2":"type-product","3":"status-publish","4":"has-post-thumbnail","6":"product_cat-solobar-solo-30000","8":"first","9":"outofstock","10":"shipping-taxable","11":"purchasable","12":"product-type-simple"},"_links":{"self":[{"href":"https:\/\/alfakher24h.de\/es\/wp-json\/wp\/v2\/product\/1591","targetHints":{"allow":["GET"]}}],"collection":[{"href":"https:\/\/alfakher24h.de\/es\/wp-json\/wp\/v2\/product"}],"about":[{"href":"https:\/\/alfakher24h.de\/es\/wp-json\/wp\/v2\/types\/product"}],"replies":[{"embeddable":true,"href":"https:\/\/alfakher24h.de\/es\/wp-json\/wp\/v2\/comments?post=1591"}],"wp:featuredmedia":[{"embeddable":true,"href":"https:\/\/alfakher24h.de\/es\/wp-json\/wp\/v2\/media\/1590"}],"wp:attachment":[{"href":"https:\/\/alfakher24h.de\/es\/wp-json\/wp\/v2\/media?parent=1591"}],"wp:term":[{"taxonomy":"product_brand","embeddable":true,"href":"https:\/\/alfakher24h.de\/es\/wp-json\/wp\/v2\/product_brand?post=1591"},{"taxonomy":"product_cat","embeddable":true,"href":"https:\/\/alfakher24h.de\/es\/wp-json\/wp\/v2\/product_cat?post=1591"},{"taxonomy":"product_tag","embeddable":true,"href":"https:\/\/alfakher24h.de\/es\/wp-json\/wp\/v2\/product_tag?post=1591"}],"curies":[{"name":"wp","href":"https:\/\/api.w.org\/{rel}","templated":true}]}}