{"id":1562,"date":"2025-01-30T05:47:29","date_gmt":"2025-01-30T05:47:29","guid":{"rendered":"https:\/\/alfakher24h.de\/?post_type=product&#038;p=1562"},"modified":"2025-01-30T05:47:30","modified_gmt":"2025-01-30T05:47:30","slug":"magic-bar-alpha-20000-zuege-einweg-e-cigarrillo-doble-manzana","status":"publish","type":"product","link":"https:\/\/alfakher24h.de\/es\/producto\/magic-bar-alpha-20000-zuege-einweg-e-cigarrillo-doble-manzana\/","title":{"rendered":"Barra M\u00e1gica Alpha 20000 Caladas Cigarrillo Electr\u00f3nico Desechable \u2013 Manzana Doble"},"content":{"rendered":"<h2><strong><img loading=\"lazy\" decoding=\"async\" class=\"alignnone size-full wp-image-1479\" src=\"https:\/\/alfakher24h.de\/wp-content\/uploads\/2025\/01\/8Magic-Bar-Alpha-20000-scaled.webp\" alt=\"\" width=\"2560\" height=\"2560\" title=\"\" srcset=\"https:\/\/alfakher24h.de\/wp-content\/uploads\/2025\/01\/8Magic-Bar-Alpha-20000-scaled.webp 2560w, https:\/\/alfakher24h.de\/wp-content\/uploads\/2025\/01\/8Magic-Bar-Alpha-20000-300x300.webp 300w, https:\/\/alfakher24h.de\/wp-content\/uploads\/2025\/01\/8Magic-Bar-Alpha-20000-1024x1024.webp 1024w, https:\/\/alfakher24h.de\/wp-content\/uploads\/2025\/01\/8Magic-Bar-Alpha-20000-150x150.webp 150w, https:\/\/alfakher24h.de\/wp-content\/uploads\/2025\/01\/8Magic-Bar-Alpha-20000-768x768.webp 768w, https:\/\/alfakher24h.de\/wp-content\/uploads\/2025\/01\/8Magic-Bar-Alpha-20000-1536x1536.webp 1536w, https:\/\/alfakher24h.de\/wp-content\/uploads\/2025\/01\/8Magic-Bar-Alpha-20000-2048x2048.webp 2048w, https:\/\/alfakher24h.de\/wp-content\/uploads\/2025\/01\/8Magic-Bar-Alpha-20000-12x12.webp 12w, https:\/\/alfakher24h.de\/wp-content\/uploads\/2025\/01\/8Magic-Bar-Alpha-20000-600x600.webp 600w, https:\/\/alfakher24h.de\/wp-content\/uploads\/2025\/01\/8Magic-Bar-Alpha-20000-100x100.webp 100w\" sizes=\"auto, (max-width: 2560px) 100vw, 2560px\" \/>Magic Bar Alpha 20000 Z\u00fcge\u00a0Einweg E Zigarette \u2013 El compa\u00f1ero ideal para entusiastas del vapeo en Alemania<\/strong><\/h2>\n<p>En el mundo de los cigarrillos electr\u00f3nicos desechables se ha consolidado la\u00a0<a href=\"https:\/\/alfakher24h.de\/es\/\"><strong>Barra M\u00e1gica Alpha 20000 Caladas Cigarrillo Electr\u00f3nico Desechable<\/strong><\/a>\u00a0Establecida como uno de los principales representantes, con una tecnolog\u00eda innovadora, una notable capacidad de E-Liquid y una larga vida \u00fatil, representa una excelente opci\u00f3n para los amantes del vapeo en Alemania. Este cigarrillo electr\u00f3nico desechable ofrece no solo un manejo sencillo, sino tambi\u00e9n una experiencia intensa y sabrosa para todos aquellos que deseen disfrutar del mundo del vapeo sin complicaciones.<\/p>\n<p>Disponible en diferentes intensidades de nicotina (0%, 2%, 3%, 5%) y con una impresionante capacidad de l\u00edquido electr\u00f3nico de 25 ml, ofrece la<a href=\"https:\/\/alfakher24h.de\/es\/\">\u00a0<\/a><strong><a href=\"https:\/\/alfakher24h.de\/es\/\">Magic Bar<\/a> Alpha<\/strong>\u00a0un placer inconfundible que satisface incluso a los vapeadores m\u00e1s exigentes. Cabe destacar especialmente el hecho de que este modelo cuenta con\u00a0<strong>20.000 trenes<\/strong>\u00a0Cuenta con un rendimiento que supera con creces la vida \u00fatil de muchos otros cigarrillos electr\u00f3nicos desechables.<\/p>\n<h3><strong>Por qu\u00e9 la Magic Bar Alpha 20000 Z\u00fcge de cigarrillo electr\u00f3nico desechable es la mejor opci\u00f3n para los vapeadores<\/strong><\/h3>\n<p>La\u00a0<strong>Barra M\u00e1gica Alpha 20000 Tiradas <a href=\"https:\/\/alfakher24h.de\/es\/\">Cigarrillo electr\u00f3nico desechable<\/a><\/strong><a href=\"https:\/\/alfakher24h.de\/es\/\">\u00a0<\/a>Es un verdadero maestro de la t\u00e9cnica. Ofrece una experiencia de vapor perfecta y destaca por su facilidad de uso y su potente funcionamiento. Aqu\u00ed est\u00e1 por qu\u00e9 este producto podr\u00eda ser la mejor opci\u00f3n para usted:<\/p>\n<h4><strong>Caracter\u00edsticas t\u00e9cnicas de la Magic Bar Alpha<\/strong><\/h4>\n<ul>\n<li><strong>Trenes<\/strong>: 20.000 cigarrillos - Perfecto para un disfrute prolongado sin cambios frecuentes.<\/li>\n<li><strong>Sal de nicotina<\/strong>Disponible en las variantes 0%, 2%, 3% y 5%, lo que le da la posibilidad de elegir el contenido de nicotina seg\u00fan sus preferencias.<\/li>\n<li><strong>Capacidad de E-L\u00edquido<\/strong>: 25 ml \u2013 Asegura una vida \u00fatil m\u00e1s larga de los cigarrillos electr\u00f3nicos sin necesidad de rellenar con frecuencia.<\/li>\n<li><strong>Bater\u00eda<\/strong>: 650 mAh recargable \u2013 Suficiente energ\u00eda para todo el ciclo de vida del cigarrillo electr\u00f3nico.<\/li>\n<li><strong>Bobina<\/strong>: Bobina de malla de 0,5 \u03a9 - Para un transporte \u00f3ptimo de vapor y sabor.<\/li>\n<li><strong>Tama\u00f1o<\/strong>: Medidas compactas de 40 x 29 x 110 mm - Ideales para un transporte sencillo y una vapeaci\u00f3n discreta.<\/li>\n<li><strong>Peso<\/strong>: S\u00f3lo 110 g - Ligero y c\u00f3modo en el manejo.<\/li>\n<\/ul>\n<p>Con todas estas funciones, la\u00a0<strong>Magic Bar Alpha<\/strong>\u00a0No solo cuenta con un dise\u00f1o moderno, sino tambi\u00e9n un rendimiento impresionante que te permite disfrutar al m\u00e1ximo de cada calada. Perfecto para aquellos que buscan una experiencia de vapeo aut\u00e9ntica y duradera.<\/p>\n<h3><strong>Sabores de la Magic Bar Alpha 20000 Caladas  Cigarrillo Electr\u00f3nico Desechable: Una Experiencia Gastron\u00f3mica de Alta Calidad<\/strong><\/h3>\n<p>La\u00a0<strong>Magic Bar Alpha<\/strong>\u00a0existe en una variedad de sabores, que tienen algo para cada vapeador. El enfoque aqu\u00ed est\u00e1 en sabores intensos y naturales que se aprovechan al m\u00e1ximo con cada calada. Es particularmente notable el\u00a0<strong>Double Apple<\/strong>\u00a0Sabor - una combinaci\u00f3n de manzana dulce y refrescante que deleita incluso los paladares m\u00e1s exigentes.<\/p>\n<h4><strong>Sabor de manzana doble<\/strong><\/h4>\n<p>Der\u00a0<strong>Double Apple<\/strong>\u00a0El sabor de la Magic Bar Alpha es una verdadera obra maestra de aromas. Combina dos variedades de manzana diferentes que juntas crean una experiencia incre\u00edblemente armoniosa y refrescante. La primera manzana ofrece una dulzura agradable, mientras que la segunda manzana, con una nota ligeramente \u00e1cida, proporciona el impulso necesario. Esta mezcla proporciona una experiencia de sabor intensa pero al mismo tiempo equilibrada, que se adapta perfectamente a toda la sesi\u00f3n de vapeo.<\/p>\n<p>Der\u00a0<strong>Double Apple<\/strong>\u00a0El sabor no es solo un placer para las papilas gustativas, sino tambi\u00e9n para los sentidos. El aroma fragante de la manzana le da a cada calada una frescura agradable y hace que vapear sea un verdadero placer. Para los vapeadores que prefieren sabores frutales y frescos, este sabor es imprescindible.<\/p>\n<h4><strong>M\u00e1s sabores para cada gusto<\/strong><\/h4>\n<p>Adem\u00e1s del cl\u00e1sico\u00a0<strong>Double Apple<\/strong>\u00a0La Magic Bar Alpha tambi\u00e9n ofrece una variedad de otros sabores que puedes probar seg\u00fan tus preferencias. Cada uno de estos sabores se elabora con el mayor cuidado para brindarte una experiencia gustativa intensa y aut\u00e9ntica.<\/p>\n<ul>\n<li><strong>Menthol &amp; Ice<\/strong>Para aquellos que aman la frescura fresca.<\/li>\n<li><strong>Ar\u00e1ndano<\/strong>: Deliciosas y jugosas ar\u00e1ndanos para disfrutar de su sabor frutal.<\/li>\n<li><strong>Sand\u00eda<\/strong>Un sabor refrescante y dulce de sand\u00eda, perfecto para d\u00edas calurosos de verano.<\/li>\n<li><strong>Lush Ice<\/strong>Una mezcla de frutas dulces y un toque de frescura mentolada que refresca el paladar.<\/li>\n<\/ul>\n<h3><strong>Por qu\u00e9 deber\u00edas comprar el cigarrillo electr\u00f3nico desechable Magic Bar Alpha 20000 caladas en alfakher24h.de<\/strong><\/h3>\n<p>Como plataforma l\u00edder para la compra de\u00a0<a href=\"https:\/\/alfakher24h.de\/es\/\"><strong>Cigarrillos electr\u00f3nicos desechables<\/strong><\/a> En Alemania, alfakher24h.de ofrece una gran selecci\u00f3n de productos de alta calidad.\u00a0<strong>Vapes Desechables<\/strong>que son insuperables en cuanto a sabor, calidad y durabilidad. Si est\u00e1s buscando una opci\u00f3n de primera clase\u00a0<strong>Barra M\u00e1gica Alpha 20000 Caladas Cigarrillo Electr\u00f3nico Desechable<\/strong>\u00a0Si ese es el caso, entonces est\u00e1s en el lugar correcto. Nuestros productos se caracterizan por un servicio excelente, entrega r\u00e1pida y una experiencia de compra f\u00e1cil de usar.<\/p>\n<h4><strong>\u00bfPor qu\u00e9 alfakher24h.de?<\/strong><\/h4>\n<ul>\n<li><strong>Gran selecci\u00f3n<\/strong>: Como la mayor plataforma para\u00a0<strong>Cigarrillos electr\u00f3nicos desechables<\/strong>\u00a0En Alemania ofrecemos una amplia selecci\u00f3n de las mejores marcas y modelos.<\/li>\n<li><strong>Compra c\u00f3moda<\/strong>: En nuestra empresa puede usted sencillamente\u00a0<strong>Comprar vaporizadores<\/strong>con unos pocos clics y pago seguro.<\/li>\n<li><strong>Servicio al cliente<\/strong>Nuestro amable y competente equipo de soporte est\u00e1 siempre a su disposici\u00f3n.<\/li>\n<li><strong>Entrega r\u00e1pida<\/strong>Entregamos tus productos de manera r\u00e1pida y fiable en tu domicilio.<\/li>\n<\/ul>\n<p><img loading=\"lazy\" decoding=\"async\" class=\"alignnone wp-image-1774 size-full\" title=\"Magic Bar Alpha 20000 Z\u00fcge Einweg E Zigarette - Double Apple 3 (Mismo texto, no requiere traducci\u00f3n) Magic Bar Alpha 20000 Zugs Disposable E Cigarette - Double Apple 3\" src=\"https:\/\/alfakher24h.de\/wp-content\/uploads\/2025\/01\/9Magic-Bar-Alpha-20000-scaled.webp\" sizes=\"auto, (max-width: 2560px) 100vw, 2560px\" srcset=\"https:\/\/alfakher24h.de\/wp-content\/uploads\/2025\/01\/9Magic-Bar-Alpha-20000-scaled.webp 2560w, https:\/\/alfakher24h.de\/wp-content\/uploads\/2025\/01\/9Magic-Bar-Alpha-20000-300x300.webp 300w, https:\/\/alfakher24h.de\/wp-content\/uploads\/2025\/01\/9Magic-Bar-Alpha-20000-1024x1024.webp 1024w, https:\/\/alfakher24h.de\/wp-content\/uploads\/2025\/01\/9Magic-Bar-Alpha-20000-150x150.webp 150w, https:\/\/alfakher24h.de\/wp-content\/uploads\/2025\/01\/9Magic-Bar-Alpha-20000-768x768.webp 768w, https:\/\/alfakher24h.de\/wp-content\/uploads\/2025\/01\/9Magic-Bar-Alpha-20000-1536x1536.webp 1536w, https:\/\/alfakher24h.de\/wp-content\/uploads\/2025\/01\/9Magic-Bar-Alpha-20000-2048x2048.webp 2048w, https:\/\/alfakher24h.de\/wp-content\/uploads\/2025\/01\/9Magic-Bar-Alpha-20000-12x12.webp 12w, https:\/\/alfakher24h.de\/wp-content\/uploads\/2025\/01\/9Magic-Bar-Alpha-20000-600x600.webp 600w, https:\/\/alfakher24h.de\/wp-content\/uploads\/2025\/01\/9Magic-Bar-Alpha-20000-100x100.webp 100w\" alt=\"Barra M\u00e1gica Alpha 20000 Caladas Cigarrillo Electr\u00f3nico Desechable - Manzana Doble\" width=\"2560\" height=\"2560\" \/><\/p>\n<h3><strong>Conclusi\u00f3n<\/strong><\/h3>\n<p>La\u00a0<strong>Barra M\u00e1gica Alpha 20000 Caladas Cigarrillo Electr\u00f3nico Desechable<\/strong>\u00a0es la elecci\u00f3n perfecta para todos aquellos que buscan un cigarrillo electr\u00f3nico potente y f\u00e1cil de usar. Con una impresionante capacidad de l\u00edquido electr\u00f3nico, diferentes intensidades de nicotina y una selecci\u00f3n de deliciosos sabores como el\u00a0<strong>Double Apple<\/strong>\u00a0Es ist diese Einweg-E-Zigarette die ideale L\u00f6sung f\u00fcr Dampfer in Deutschland.<\/p>\n<p>No se pierda la oportunidad de mejorar\u00a0<strong>Magic Bar Alpha<\/strong> en <a href=\"https:\/\/alfakher24h.de\/es\/\">alfakher24h.de<\/a> a comprar, la mayor tienda en l\u00ednea para <strong>Vapes Desechables<\/strong>\u00a0en Alemania.\u00a0<strong>Compre hoy mismo y disfrute del mejor sabor.<\/strong><\/p>","protected":false},"excerpt":{"rendered":"<p><strong>Magic Bar Alpha<\/strong> en <a href=\"https:\/\/alfakher24h.de\/es\/\">alfakher24h.de<\/a> a comprar, la mayor tienda en l\u00ednea para <strong>Vapes Desechables<\/strong>\u00a0en Alemania.\u00a0<strong>Compre hoy mismo y disfrute del mejor sabor.<\/strong><\/p>","protected":false},"featured_media":1563,"comment_status":"open","ping_status":"closed","template":"","meta":{"om_disable_all_campaigns":false},"product_brand":[],"product_cat":[39],"product_tag":[],"class_list":{"0":"post-1562","1":"product","2":"type-product","3":"status-publish","4":"has-post-thumbnail","6":"product_cat-magic-bar-20000","8":"first","9":"instock","10":"shipping-taxable","11":"purchasable","12":"product-type-simple"},"_links":{"self":[{"href":"https:\/\/alfakher24h.de\/es\/wp-json\/wp\/v2\/product\/1562","targetHints":{"allow":["GET"]}}],"collection":[{"href":"https:\/\/alfakher24h.de\/es\/wp-json\/wp\/v2\/product"}],"about":[{"href":"https:\/\/alfakher24h.de\/es\/wp-json\/wp\/v2\/types\/product"}],"replies":[{"embeddable":true,"href":"https:\/\/alfakher24h.de\/es\/wp-json\/wp\/v2\/comments?post=1562"}],"wp:featuredmedia":[{"embeddable":true,"href":"https:\/\/alfakher24h.de\/es\/wp-json\/wp\/v2\/media\/1563"}],"wp:attachment":[{"href":"https:\/\/alfakher24h.de\/es\/wp-json\/wp\/v2\/media?parent=1562"}],"wp:term":[{"taxonomy":"product_brand","embeddable":true,"href":"https:\/\/alfakher24h.de\/es\/wp-json\/wp\/v2\/product_brand?post=1562"},{"taxonomy":"product_cat","embeddable":true,"href":"https:\/\/alfakher24h.de\/es\/wp-json\/wp\/v2\/product_cat?post=1562"},{"taxonomy":"product_tag","embeddable":true,"href":"https:\/\/alfakher24h.de\/es\/wp-json\/wp\/v2\/product_tag?post=1562"}],"curies":[{"name":"wp","href":"https:\/\/api.w.org\/{rel}","templated":true}]}}