{"id":1480,"date":"2025-01-12T06:07:06","date_gmt":"2025-01-12T06:07:06","guid":{"rendered":"https:\/\/alfakher24h.de\/?post_type=product&#038;p=1480"},"modified":"2025-01-12T06:12:05","modified_gmt":"2025-01-12T06:12:05","slug":"magic-bar-alpha-20000-inhalaciones-cigarrillo-electronico-desechable-hielo-de-fresa","status":"publish","type":"product","link":"https:\/\/alfakher24h.de\/es\/producto\/magic-bar-alpha-20000-inhalaciones-cigarrillo-electronico-desechable-hielo-de-fresa\/","title":{"rendered":"Barra M\u00e1gica Alpha 20000 Caladas Cigarrillo Electr\u00f3nico Desechable - Fresa Hielo"},"content":{"rendered":"<h2><img loading=\"lazy\" decoding=\"async\" class=\"alignnone size-full wp-image-1471\" src=\"https:\/\/alfakher24h.de\/wp-content\/uploads\/2025\/01\/3Magic-Bar-Alpha-20000-scaled.webp\" alt=\"\" width=\"2560\" height=\"2560\" title=\"\" srcset=\"https:\/\/alfakher24h.de\/wp-content\/uploads\/2025\/01\/3Magic-Bar-Alpha-20000-scaled.webp 2560w, https:\/\/alfakher24h.de\/wp-content\/uploads\/2025\/01\/3Magic-Bar-Alpha-20000-300x300.webp 300w, https:\/\/alfakher24h.de\/wp-content\/uploads\/2025\/01\/3Magic-Bar-Alpha-20000-1024x1024.webp 1024w, https:\/\/alfakher24h.de\/wp-content\/uploads\/2025\/01\/3Magic-Bar-Alpha-20000-150x150.webp 150w, https:\/\/alfakher24h.de\/wp-content\/uploads\/2025\/01\/3Magic-Bar-Alpha-20000-768x768.webp 768w, https:\/\/alfakher24h.de\/wp-content\/uploads\/2025\/01\/3Magic-Bar-Alpha-20000-1536x1536.webp 1536w, https:\/\/alfakher24h.de\/wp-content\/uploads\/2025\/01\/3Magic-Bar-Alpha-20000-2048x2048.webp 2048w, https:\/\/alfakher24h.de\/wp-content\/uploads\/2025\/01\/3Magic-Bar-Alpha-20000-12x12.webp 12w, https:\/\/alfakher24h.de\/wp-content\/uploads\/2025\/01\/3Magic-Bar-Alpha-20000-600x600.webp 600w, https:\/\/alfakher24h.de\/wp-content\/uploads\/2025\/01\/3Magic-Bar-Alpha-20000-100x100.webp 100w\" sizes=\"auto, (max-width: 2560px) 100vw, 2560px\" \/><\/h2>\n<h2>Magic Bar Alpha 20000 Z\u00fcge\u00a0Einweg E Zigarette: El placer de vapear definitivo en Alemania<\/h2>\n<p>La<a href=\"https:\/\/alfakher24h.de\/es\/\"> Barra M\u00e1gica Alpha 20000 Caladas Cigarrillo Electr\u00f3nico Desechable<\/a> Es la \u00faltima innovaci\u00f3n en el \u00e1mbito del vapeo. Desarrollada para vapeadores exigentes que buscan una experiencia de sabor intensa y una durabilidad prolongada, este producto ofrece todas las ventajas de un vape moderno en un formato port\u00e1til y f\u00e1cil de usar. Con una impresionante capacidad de 20.000 caladas y una bater\u00eda potente, la Magic Bar Alpha es la elecci\u00f3n ideal para aquellos que buscan una experiencia de vapeo duradera y de alta calidad.<\/p>\n<h3>Por qu\u00e9 elegir la cigarrilla electr\u00f3nica desechable Magic Bar Alpha 20000 caladas<\/h3>\n<p>La Magic Bar Alpha de cigarrillo electr\u00f3nico desechable no es solo otro vapeador desechable. Es una obra maestra t\u00e9cnica que le ofrece un placer incomparable y un manejo f\u00e1cil de usar. Ya sea que ya sea un vapador experimentado o nuevo en el mundo del vapeo, este cigarrillo electr\u00f3nico desechable superar\u00e1 sus expectativas.<\/p>\n<h3>Caracter\u00edsticas importantes de la Magic Bar Alpha 20000 Z\u00fcge de un solo uso E Zigarette<\/h3>\n<ul>\n<li><strong>Uso prolongado:<\/strong>\u00a0Con una impresionante capacidad de 20.000 bocanegraies, puede disfrutar de este cigarrillo electr\u00f3nico desechable durante un per\u00edodo prolongado sin tener que preocuparse por rellenarlo.<\/li>\n<li><strong>Altas opciones de nicotina:<\/strong>\u00a0Tienes la opci\u00f3n de elegir entre diferentes intensidades de nicotina de 0, 2, 3 o 5 TP3T, para garantizar la experiencia perfecta seg\u00fan tus preferencias.<\/li>\n<li><strong>Mezcla perfecta de E-L\u00edquido:<\/strong>\u00a0Con 25 ml de E-Liquid ofrecen una cantidad \u00f3ptima para miles de caladas, sin que el sabor o la calidad se resienta.<\/li>\n<li><strong>Bater\u00eda de alta potencia:<\/strong>\u00a0La bater\u00eda de 650mAh garantiza que pueda utilizar la Magic Bar Alpha durante un largo per\u00edodo de tiempo y la bater\u00eda es recargable, lo que mejora a\u00fan m\u00e1s la facilidad de uso.<\/li>\n<li><strong>Mesh Coil con 0,5 \u03a9 de resistencia:<\/strong>\u00a0La bobina de malla garantiza un calentamiento uniforme y una vaporizaci\u00f3n constante, lo que le permite disfrutar siempre del sabor completo.<\/li>\n<li><strong>Dise\u00f1o ergon\u00f3mico:<\/strong>\u00a0Con un tama\u00f1o de s\u00f3lo 40 x 29 x 110 mm y un peso de 110 g, la Magic Bar Alpha es compacta y f\u00e1cil de manejar.<\/li>\n<\/ul>\n<h3>Sabor incomparable: Sabor a Fresa Hielo<\/h3>\n<p>La Magic Bar Alpha 20000 Z\u00fcge Einweg E Zigarette viene con una composici\u00f3n de sabor cuidadosamente desarrollada que mimar\u00e1 tus papilas gustativas. El sabor \"Strawberry Ice\" es un verdadero cl\u00e1sico para todos aquellos que prefieren aromas frutales y refrescantes.<\/p>\n<h4><strong>Strawberry Ice - Un placer afrutado con un toque helado<\/strong><\/h4>\n<p>El sabor \"Strawberry Ice\" ofrece un equilibrio perfecto entre la dulzura de las fresas maduras y una refrescante y fresca nota de mentol. El sabor comienza con un intenso aroma a fresa que sabe inmediatamente dulce y jugoso. La frescura afrutada de las fresas se ve acompa\u00f1ada por una nota de mentol helado que le da al vapeo un agradable frescor, sin perder profundidad en el sabor.<\/p>\n<p>El mentol hace que el sabor sea especialmente refrescante y convierte cada vapeo en una experiencia refrescante que se puede disfrutar durante todo el d\u00eda. Es el sabor perfecto para d\u00edas calurosos o simplemente cuando tienes ganas de algo fresco.<\/p>\n<h4><strong>Por qu\u00e9 Fresa Hielo es el sabor perfecto para ti?<\/strong><\/h4>\n<ul>\n<li><strong>Dulce Frescura<\/strong>\u00a0La combinaci\u00f3n perfecta de la dulzura de las fresas y la refrescante nota de mentol asegura un sabor equilibrado y duradero.<\/li>\n<li><strong>Refrescante placer:<\/strong>\u00a0El mentol te da la sensaci\u00f3n de una brisa fresca que convierte cada vapeo en una experiencia revitalizante.<\/li>\n<li><strong>Versatilidad:<\/strong>\u00a0El sabor Strawberry Ice es adecuado tanto para principiantes como para vapeadores experimentados. Ya sea que busques un placer fresco o simplemente prefieras un impulso afrutado, este sabor te encantar\u00e1.<\/li>\n<\/ul>\n<h3>Por qu\u00e9 usted la barra m\u00e1gica Alpha 20000 sorteos\u00a0<a href=\"https:\/\/alfakher24h.de\/es\/\">Cigarrillo electr\u00f3nico desechable<\/a> deber\u00edan comprar con nosotros<\/h3>\n<p>Si est\u00e1s buscando una fuente confiable para tus productos de vapeo, entonces est\u00e1s en el lugar correcto. Nosotros somos\u00a0<strong>el mayor comerciante en l\u00ednea de cigarrillos electr\u00f3nicos desechables en Alemania<\/strong>, y nuestro sitio web le ofrece una gran selecci\u00f3n de productos de alta calidad que puede pedir c\u00f3modamente desde su hogar.<\/p>\n<p>Nuestro servicio se caracteriza por una entrega r\u00e1pida, un excelente servicio al cliente y m\u00e9todos de pago seguros. En nosotros, encontrar\u00e1 no solo los mejores productos, sino tambi\u00e9n una experiencia de compra fiable. Elige hoy mismo la cigarrillo electr\u00f3nico desechable Magic Bar Alpha 20000 caladas y experimenta una experiencia de vapeo de primera clase.<\/p>\n<h3>Ventajas de comprar con nosotros<\/h3>\n<ul>\n<li><strong>Gran selecci\u00f3n:<\/strong>\u00a0Ofrecemos una amplia selecci\u00f3n de productos de vapeo, desde cigarrillos electr\u00f3nicos desechables hasta l\u00edquidos electr\u00f3nicos de alta calidad.<\/li>\n<li><strong>Entrega r\u00e1pida:<\/strong>\u00a0Su pedido ser\u00e1 entregado r\u00e1pida y seguramente en su domicilio.<\/li>\n<li><strong>Servicio fiable:<\/strong>\u00a0Nuestro servicio al cliente est\u00e1 a su disposici\u00f3n en todo momento para responder a sus preguntas y garantizar que est\u00e9 completamente satisfecho.<\/li>\n<li><strong>Compra segura:<\/strong>\u00a0En nuestra tienda puede comprar con seguridad, ya que garantizamos m\u00e9todos de pago seguros y protecci\u00f3n de datos.<\/li>\n<\/ul>\n<h3>C\u00f3mo puedes comprar el  Magic Bar Alpha 20000 Z\u00fcge  cigarrillo electr\u00f3nico desechable?<\/h3>\n<p>La compra de la Magic Bar Alpha 20000 Z\u00fcge Einweg E Zigarette en nuestro sitio web es f\u00e1cil y sencilla. Simplemente visite nuestra p\u00e1gina, seleccione el producto y vaya a la caja. Ofrecemos varios m\u00e9todos de pago que le permiten pagar de manera segura y r\u00e1pida. Una vez que su pedido haya sido recibido, se procesar\u00e1 r\u00e1pidamente y se enviar\u00e1 a su direcci\u00f3n.<\/p>\n<h2><img loading=\"lazy\" decoding=\"async\" class=\"alignnone wp-image-1774 size-full\" title=\"Magic Bar Alpha 20000 Z\u00fcge Einweg E Zigarette - Fresa Hielo 3\" src=\"https:\/\/alfakher24h.de\/wp-content\/uploads\/2025\/01\/9Magic-Bar-Alpha-20000-scaled.webp\" sizes=\"auto, (max-width: 2560px) 100vw, 2560px\" srcset=\"https:\/\/alfakher24h.de\/wp-content\/uploads\/2025\/01\/9Magic-Bar-Alpha-20000-scaled.webp 2560w, https:\/\/alfakher24h.de\/wp-content\/uploads\/2025\/01\/9Magic-Bar-Alpha-20000-300x300.webp 300w, https:\/\/alfakher24h.de\/wp-content\/uploads\/2025\/01\/9Magic-Bar-Alpha-20000-1024x1024.webp 1024w, https:\/\/alfakher24h.de\/wp-content\/uploads\/2025\/01\/9Magic-Bar-Alpha-20000-150x150.webp 150w, https:\/\/alfakher24h.de\/wp-content\/uploads\/2025\/01\/9Magic-Bar-Alpha-20000-768x768.webp 768w, https:\/\/alfakher24h.de\/wp-content\/uploads\/2025\/01\/9Magic-Bar-Alpha-20000-1536x1536.webp 1536w, https:\/\/alfakher24h.de\/wp-content\/uploads\/2025\/01\/9Magic-Bar-Alpha-20000-2048x2048.webp 2048w, https:\/\/alfakher24h.de\/wp-content\/uploads\/2025\/01\/9Magic-Bar-Alpha-20000-12x12.webp 12w, https:\/\/alfakher24h.de\/wp-content\/uploads\/2025\/01\/9Magic-Bar-Alpha-20000-600x600.webp 600w, https:\/\/alfakher24h.de\/wp-content\/uploads\/2025\/01\/9Magic-Bar-Alpha-20000-100x100.webp 100w\" alt=\"Barra M\u00e1gica Alpha 20000 Caladas Cigarrillo Electr\u00f3nico Desechable - Fresa Hielo \" width=\"2560\" height=\"2560\" \/><\/h2>\n<h3>Conclusi\u00f3n<\/h3>\n<p>La Magic Bar Alpha 20000 Z\u00fcge Einweg E Zigarette es la elecci\u00f3n perfecta para todos aquellos que buscan una experiencia de vapeo duradera, f\u00e1cil de usar y con un sabor excepcional. Con la opci\u00f3n de diferentes intensidades de nicotina y el refrescante sabor a \"Strawberry Ice\", este producto ofrece a los principiantes y a los vapeadores experimentados todo lo que pueden desear. \u00a1Ordene hoy mismo en nosotros y disfrute del mejor placer de vapeo en Alemania!<\/p>\n<hr \/>\n<p>Para m\u00e1s preguntas o recomendaciones sobre otros productos, no dude en hacernos saber. Visite <a href=\"https:\/\/alfakher24h.de\/es\/\">alfakher24h.de<\/a>\u00a0para obtener m\u00e1s ofertas y descubrir nuestra amplia variedad de cigarrillos electr\u00f3nicos desechables y accesorios.<\/p>","protected":false},"excerpt":{"rendered":"<p>Magic Bar Alpha 20000 Z\u00fcge Einweg E-Zigarette es la elecci\u00f3n perfecta para todos aquellos que buscan un producto duradero,<\/p>","protected":false},"featured_media":1483,"comment_status":"open","ping_status":"closed","template":"","meta":{"om_disable_all_campaigns":false},"product_brand":[],"product_cat":[39],"product_tag":[],"class_list":{"0":"post-1480","1":"product","2":"type-product","3":"status-publish","4":"has-post-thumbnail","6":"product_cat-magic-bar-20000","8":"first","9":"instock","10":"shipping-taxable","11":"purchasable","12":"product-type-simple"},"_links":{"self":[{"href":"https:\/\/alfakher24h.de\/es\/wp-json\/wp\/v2\/product\/1480","targetHints":{"allow":["GET"]}}],"collection":[{"href":"https:\/\/alfakher24h.de\/es\/wp-json\/wp\/v2\/product"}],"about":[{"href":"https:\/\/alfakher24h.de\/es\/wp-json\/wp\/v2\/types\/product"}],"replies":[{"embeddable":true,"href":"https:\/\/alfakher24h.de\/es\/wp-json\/wp\/v2\/comments?post=1480"}],"wp:featuredmedia":[{"embeddable":true,"href":"https:\/\/alfakher24h.de\/es\/wp-json\/wp\/v2\/media\/1483"}],"wp:attachment":[{"href":"https:\/\/alfakher24h.de\/es\/wp-json\/wp\/v2\/media?parent=1480"}],"wp:term":[{"taxonomy":"product_brand","embeddable":true,"href":"https:\/\/alfakher24h.de\/es\/wp-json\/wp\/v2\/product_brand?post=1480"},{"taxonomy":"product_cat","embeddable":true,"href":"https:\/\/alfakher24h.de\/es\/wp-json\/wp\/v2\/product_cat?post=1480"},{"taxonomy":"product_tag","embeddable":true,"href":"https:\/\/alfakher24h.de\/es\/wp-json\/wp\/v2\/product_tag?post=1480"}],"curies":[{"name":"wp","href":"https:\/\/api.w.org\/{rel}","templated":true}]}}