{"id":1402,"date":"2025-01-06T05:46:37","date_gmt":"2025-01-06T05:46:37","guid":{"rendered":"https:\/\/alfakher24h.de\/?post_type=product&#038;p=1402"},"modified":"2025-01-06T05:46:37","modified_gmt":"2025-01-06T05:46:37","slug":"ultimo-amor-20000-inhalaciones-dtl-cigarrillo-electronico-desechable-limon-menta","status":"publish","type":"product","link":"https:\/\/alfakher24h.de\/es\/producto\/ultimo-amor-20000-inhalaciones-dtl-cigarrillo-electronico-desechable-limon-menta\/","title":{"rendered":"\u00daltimo Amor 20000 Caladas DTL Cigarrillo Electr\u00f3nico Desechable - Lim\u00f3n Menta"},"content":{"rendered":"<h2><a href=\"https:\/\/alfakher24h.de\/es\/\">\u00daltimo Amor 20000 Caladas Cigarrillo Electr\u00f3nico Desechable<\/a> \u2013 Mundo definitivo de placer para vapeadores<\/h2>\n<p><strong>Descubre lo mejor del mundo de los cigarrillos electr\u00f3nicos con el cigarrillo electr\u00f3nico desechable Last Love 20000 caladas<\/strong>\u00a0\u2013 una verdadera obra maestra para todos los que buscan una experiencia de vapeo inolvidable. Con una combinaci\u00f3n innovadora de potencia, durabilidad y dise\u00f1o impresionante, este vape desechable se destaca claramente de la competencia. Si est\u00e1s buscando una\u00a0<strong>Cigarrillo electr\u00f3nico desechable con nicotina<\/strong>\u00a0en\u00a0<strong>Alemania<\/strong>\u00a0son, que ofrecen tanto calidad como variedad, entonces es la\u00a0<strong>\u00daltimo Amor 20000 Caladas Cigarrillo Electr\u00f3nico Desechable<\/strong>\u00a0exactamente lo que necesita.<\/p>\n<h2>Descripci\u00f3n del producto: Last Love 20000 bocanegra  cigarrillo electr\u00f3nico desechable<\/h2>\n<p>La\u00a0<strong>\u00daltimo Amor 20000 Caladas Cigarrillo Electr\u00f3nico Desechable<\/strong>\u00a0No es solo un cigarrillo electr\u00f3nico desechable ordinario, sino un producto que impresiona con funciones pensadas y una experiencia de usuario \u00fanica. Con la posibilidad de hasta\u00a0<strong>20.000 trenes<\/strong>\u00a0ofrece disfrutar de este\u00a0<strong>Vape<\/strong>\u00a0una duraci\u00f3n de uso excepcionalmente larga. La integrada\u00a0<strong>Bater\u00eda de 800mAh<\/strong>\u00a0garantiza que no experimentes una disminuci\u00f3n en el rendimiento incluso durante sesiones prolongadas de vapeo.<\/p>\n<p>Otro rasgo sobresaliente de este\u00a0<strong>Vapes desechables recargables<\/strong>\u00a0es el\u00a0<strong>Pantalla de nivel de bater\u00eda y l\u00edquido<\/strong>. De un vistazo, puede ver en cualquier momento cu\u00e1nto l\u00edquido queda en el tanque y cu\u00e1nta energ\u00eda queda en la bater\u00eda. Esto asegura que nunca se quede sin vapor de repente y le permite usar el dispositivo de manera \u00f3ptima hasta que se evapore la \u00faltima gota de l\u00edquido.<\/p>\n<p>Con uno\u00a0<strong>2% Contenido de nicotina<\/strong>\u00a0(20mg) puede disfrutar de la experiencia de vapeo que desee sin tener que preocuparse por la ingesta de nicotina. Esto\u00a0<strong>22ml E-Liquid<\/strong>\u00a0Es generoso y alcanza para varios viajes, permiti\u00e9ndole disfrutar con calma de su sabor favorito.<\/p>\n<h3>12 sabores asombrosos - el sabor perfecto para cada vapeador<\/h3>\n<p>La\u00a0<strong>\u00daltimo Amor 20000 Caladas Cigarrillo Electr\u00f3nico Desechable<\/strong>\u00a0ofrece una variedad de\u00a0<strong>12 diferentes sabores<\/strong>que no dejan deseos insatisfechos. Ya sean notas frescas de menta o explosiones de sabor afrutado, la selecci\u00f3n es variada y ofrece algo adecuado para cada vapeador. La\u00a0<strong>Limoncillo de menta<\/strong>La combinaci\u00f3n de sabores es un destaque especial - una mezcla refrescante de lim\u00f3n efervescente y mentol refrescante, que ofrece una experiencia de sabor incomparable.<\/p>\n<h2>Caracter\u00edsticas de la Last Love 20000 Z\u00fcge  cigarrillo electr\u00f3nico desechable<\/h2>\n<ul>\n<li><strong>20.000 trenes<\/strong>: Uso extra largo, ideal para vapeadores que buscan una experiencia duradera.<\/li>\n<li><strong>2% Nicotina (20mg)<\/strong>: Equilibrio perfecto para todos aquellos que no quieren perder el placer de la nicotina al vapear.<\/li>\n<li><strong>22ml E-Liquid<\/strong>: Un tanque generoso para muchas horas de placer de vapeo.<\/li>\n<li><strong>Recargable<\/strong>: Con bater\u00eda integrada de 800mAh, que asegura una larga vida \u00fatil y permite el uso completo del l\u00edquido.<\/li>\n<li><strong>Indicador de nivel de bater\u00eda y l\u00edquido<\/strong>: Mantenga siempre una visi\u00f3n general de la cantidad de l\u00edquido restante y la potencia de la bater\u00eda.<\/li>\n<li><strong>12 diferentes sabores<\/strong>Una amplia selecci\u00f3n para todos los gustos, desde refrescante hasta afrutado y m\u00e1s.<\/li>\n<li><strong>Edici\u00f3n deportiva<\/strong>: La limitada\u00a0<strong>Edici\u00f3n de F\u00fatbol<\/strong>\u00a0ofrece no solo tecnolog\u00eda, sino tambi\u00e9n dise\u00f1o que se adapta a su estilo de vida.<\/li>\n<\/ul>\n<h3>Sabores \u00fanicos y refrescantes<\/h3>\n<p>Una de las mayores fortalezas de<a href=\"https:\/\/alfakher24h.de\/es\/\">\u00a0<strong>\u00daltimo Amor 20000 Caladas Cigarrillo Electr\u00f3nico Desechable<\/strong>\u00a0i<\/a>es la selecci\u00f3n excepcional de\u00a0<strong>Sabores<\/strong>Especialmente los\u00a0<strong>Limoncillo de menta<\/strong>La variante convence por su refrescante combinaci\u00f3n de lim\u00f3n picante y menta fresca. El lim\u00f3n proporciona un sabor picante y fresco que se armoniza perfectamente con la frescura refrescante de la menta. El resultado es un sabor que despierta el paladar y, al mismo tiempo, refresca agradablemente.<\/p>\n<p>La\u00a0<strong>Limoncillo de menta<\/strong>combinaci\u00f3n de sabores ideal para todos los que buscan un\u00a0<strong>frescos, afrutados<\/strong>\u00a0y al mismo tiempo\u00a0<strong>experiencia de vapeo genial<\/strong>\u00a0son. El lim\u00f3n aporta un dulzor agradable, mientras que el mentol proporciona un efecto refrescante que completa toda la experiencia gustativa. Este sabor es perfecto para todo el d\u00eda y sigue siendo agradable en la boca incluso despu\u00e9s de muchas caladas.<\/p>\n<p>Pero eso no es todo - la\u00a0<strong>\u00daltimo Amor 20000 Caladas Cigarrillo Electr\u00f3nico Desechable<\/strong>\u00a0ofrece muchas m\u00e1s variedades de sabores que incluyen tanto aromas frutales como variantes dulces y saladas. Esta variedad asegura que cada vapeador encuentre exactamente el sabor que se adapte a sus preferencias personales.<\/p>\n<h3>Por qu\u00e9 usted el \u00faltimo amor 20000 tiradas <a href=\"https:\/\/alfakher24h.de\/es\/\">Cigarrillo electr\u00f3nico desechable<\/a> deber\u00edan comprar<\/h3>\n<ol>\n<li><strong>Durabilidad y eficiencia<\/strong>: Con hasta\u00a0<strong>20.000 z\u00fcgen \nse cambio a 20.000 trenes<\/strong>\u00a0y uno\u00a0<strong>22ml L\u00edquido<\/strong>Este producto est\u00e1 dise\u00f1ado para un disfrute prolongado.<\/li>\n<li><strong>Facilidad de uso<\/strong>: La bater\u00eda recargable y la pr\u00e1ctica pantalla del nivel de l\u00edquido y el estado de la bater\u00eda aseguran una experiencia de vapeo c\u00f3moda sin sorpresas.<\/li>\n<li><strong>Opciones de sabor vers\u00e1tiles<\/strong>: La selecci\u00f3n de\u00a0<strong>12 diferentes sabores<\/strong>\u00a0ofrece algo para todos los gustos - desde refrescante hasta afrutado, desde dulce hasta fresco.<\/li>\n<li><strong>Ideal para el d\u00eda a d\u00eda<\/strong>: Con un dise\u00f1o pr\u00e1ctico y un\u00a0<strong>Tema de f\u00fatbol<\/strong>\u00a0es la\u00a0<strong>\u00daltimo Amor 20000 Caladas Cigarrillo Electr\u00f3nico Desechable<\/strong>\u00a0Perfecto para los fan\u00e1ticos del deporte y los vapeadores que buscan un dispositivo \u00fanico y elegante.<\/li>\n<li><strong>Alta entrega de nicotina<\/strong>: El\u00a0<strong>2% Contenido de nicotina<\/strong>\u00a0garantiza una absorci\u00f3n de nicotina agradable y equilibrada que optimiza el placer de vapear.<\/li>\n<\/ol>\n<h3>Ordene hoy mismo su Last Love 20000 Z\u00fcge Einweg E Zigarette en alfakher24h.de<\/h3>\n<p>Si est\u00e1s buscando una\u00a0<strong>Cigarrillo electr\u00f3nico desechable con nicotina<\/strong>\u00a0son, que no solo le ofrece una experiencia incre\u00edble, sino que tambi\u00e9n es pr\u00e1ctico y duradero, entonces es el\u00a0<strong>\u00daltimo Amor 20000 Caladas Cigarrillo Electr\u00f3nico Desechable<\/strong> exactamente lo correcto para usted. Visite hoy mismo alfakher24h.de, su plataforma l\u00edder para el\u00a0<strong>Compra de cigarrillos electr\u00f3nicos desechables en Alemania<\/strong>, y descubra los diversos sabores y la tecnolog\u00eda innovadora de este cigarrillo electr\u00f3nico \u00fanico. Compre directamente en alfakher24h.de y experimente la experiencia de vapeo definitiva.<\/p>\n<h3>Conclusi\u00f3n<\/h3>\n<p>La\u00a0<strong>\u00daltimo Amor 20000 Caladas Cigarrillo Electr\u00f3nico Desechable<\/strong>\u00a0es m\u00e1s que un dispositivo de vapeo convencional. Combina\u00a0<strong>Durabilidad<\/strong>,\u00a0<strong>Innovaci\u00f3n<\/strong>, y\u00a0<strong>diversos gustos<\/strong>para ofrecerle la experiencia de vapeo definitiva. Con\u00a0<strong>Nicotina<\/strong>de una impresionante\u00a0<strong>Duraci\u00f3n de la bater\u00eda<\/strong>,\u00a0<strong>variadas variedades de sabor<\/strong>\u00a0Y con un dise\u00f1o \u00fanico, este producto es la elecci\u00f3n perfecta para cada vapeador exigente.<\/p>\n<p>Bestellen Sie jetzt bei alfakher24h.de und genie\u00dfen Sie ein\u00a0<strong>unforgettable experiencia de vapeo<\/strong>\u00a0con la\u00a0<strong>\u00daltimo Amor 20000 Caladas Cigarrillo Electr\u00f3nico Desechable<\/strong>!<\/p>","protected":false},"excerpt":{"rendered":"<p><strong>\u00daltimo Amor 20000 Caladas Cigarrillo Electr\u00f3nico Desechable<\/strong>\u00a0es m\u00e1s que un dispositivo de vapeo convencional. Combina\u00a0<strong>Durabilidad<\/strong>,\u00a0<strong>Innovaci\u00f3n<\/strong><\/p>","protected":false},"featured_media":1403,"comment_status":"open","ping_status":"closed","template":"","meta":{"om_disable_all_campaigns":false},"product_brand":[],"product_cat":[36],"product_tag":[],"class_list":{"0":"post-1402","1":"product","2":"type-product","3":"status-publish","4":"has-post-thumbnail","6":"product_cat-last-love-20000","8":"first","9":"instock","10":"shipping-taxable","11":"purchasable","12":"product-type-simple"},"_links":{"self":[{"href":"https:\/\/alfakher24h.de\/es\/wp-json\/wp\/v2\/product\/1402","targetHints":{"allow":["GET"]}}],"collection":[{"href":"https:\/\/alfakher24h.de\/es\/wp-json\/wp\/v2\/product"}],"about":[{"href":"https:\/\/alfakher24h.de\/es\/wp-json\/wp\/v2\/types\/product"}],"replies":[{"embeddable":true,"href":"https:\/\/alfakher24h.de\/es\/wp-json\/wp\/v2\/comments?post=1402"}],"wp:featuredmedia":[{"embeddable":true,"href":"https:\/\/alfakher24h.de\/es\/wp-json\/wp\/v2\/media\/1403"}],"wp:attachment":[{"href":"https:\/\/alfakher24h.de\/es\/wp-json\/wp\/v2\/media?parent=1402"}],"wp:term":[{"taxonomy":"product_brand","embeddable":true,"href":"https:\/\/alfakher24h.de\/es\/wp-json\/wp\/v2\/product_brand?post=1402"},{"taxonomy":"product_cat","embeddable":true,"href":"https:\/\/alfakher24h.de\/es\/wp-json\/wp\/v2\/product_cat?post=1402"},{"taxonomy":"product_tag","embeddable":true,"href":"https:\/\/alfakher24h.de\/es\/wp-json\/wp\/v2\/product_tag?post=1402"}],"curies":[{"name":"wp","href":"https:\/\/api.w.org\/{rel}","templated":true}]}}