{"id":1378,"date":"2025-01-03T06:25:49","date_gmt":"2025-01-03T06:25:49","guid":{"rendered":"https:\/\/alfakher24h.de\/?post_type=product&#038;p=1378"},"modified":"2025-01-03T06:26:42","modified_gmt":"2025-01-03T06:26:42","slug":"1378","status":"publish","type":"product","link":"https:\/\/alfakher24h.de\/es\/producto\/1378\/","title":{"rendered":"\u00daltimo Amor 20000 Caladas DTL Cigarrillo Electr\u00f3nico Desechable - Fresa"},"content":{"rendered":"<div class=\"flex-shrink-0 flex flex-col relative items-end\">\n<div>\n<div class=\"pt-0\">\n<div class=\"gizmo-shadow-stroke flex h-8 w-8 items-center justify-center overflow-hidden rounded-full\">\n<div class=\"h-full w-full\">\n<h2 class=\"gizmo-shadow-stroke overflow-hidden rounded-full\"><strong>\u00daltimo Amor 20000 Caladas Cigarrillo Electr\u00f3nico de Un Solo Uso - La experiencia de vapeo definitiva con 20000 caladas<\/strong><\/h2>\n<\/div>\n<\/div>\n<\/div>\n<\/div>\n<\/div>\n<div class=\"group\/conversation-turn relative flex w-full min-w-0 flex-col agent-turn\">\n<div class=\"flex-col gap-1 md:gap-3\">\n<div class=\"flex max-w-full flex-col flex-grow\">\n<div class=\"min-h-8 text-message flex w-full flex-col items-end gap-2 whitespace-normal break-words [.text-message+&amp;]:mt-5\" dir=\"auto\" data-message-author-role=\"assistant\" data-message-id=\"012f7131-6977-4d07-b0d8-35844fef8224\" data-message-model-slug=\"gpt-4o\">\n<div class=\"flex w-full flex-col gap-1 empty:hidden first:pt-[3px]\">\n<div class=\"markdown prose w-full break-words dark:prose-invert light\">\n<p>La\u00a0<a href=\"https:\/\/alfakher24h.de\/es\/\"><strong>\u00daltimo Amor 20000 Caladas Cigarrillo Electr\u00f3nico Desechable<\/strong>\u00a0<\/a>es una elecci\u00f3n sobresaliente para todos los vapeadores que buscan un producto premium que ofrezca una gran capacidad, una excelente variedad de sabores y una experiencia de vapeo prolongada. Como\u00a0<strong>Cigarrillo electr\u00f3nico desechable recargable<\/strong>\u00a0Este producto convence por su t\u00e9cnica innovadora, su generoso tanque de l\u00edquido y su variedad de sabores. Es la elecci\u00f3n perfecta para aquellos que quieren disfrutar plenamente del mundo del vapeo en Alemania.<\/p>\n<h3><strong>Tecnolog\u00eda innovadora para una experiencia de vapeo de primera clase<\/strong><\/h3>\n<p>La\u00a0<strong>\u00daltimo Amor 20000 Caladas Cigarrillo Electr\u00f3nico Desechable<\/strong>\u00a0se ha destacado de otros productos por su tecnolog\u00eda avanzada. Con una\u00a0<strong>Capacidad de 20.000 trenes<\/strong>\u00a0ofrece una vida \u00fatil excepcionalmente larga que le permite disfrutar del vapeo durante un largo per\u00edodo de tiempo. El\u00a0<strong>2% Contenido de nicotina (20mg)<\/strong>\u00a0garantiza una experiencia satisfactoria para fumadores y vapeadores que buscan el equilibrio adecuado entre sabor y nicotina.<\/p>\n<p>Un rasgo sobresaliente de este cigarrillo electr\u00f3nico desechable es el\u00a0<strong>bater\u00eda integrada de 800mAh<\/strong>, que tiene sobre una\u00a0<strong>funci\u00f3n de puerto recargable<\/strong>\u00a0en el fondo del dispositivo. Esto significa que siempre puede utilizar la \u00faltima gota de l\u00edquido en la c\u00e1mara del tanque sin tener que preocuparse por una p\u00e9rdida innecesaria de l\u00edquido. La\u00a0<strong>22 ml E-Liquid<\/strong>\u00a0alcanzan para todo el per\u00edodo de uso y garantizan que pueda disfrutar de cada viaje individual hasta que el tanque est\u00e9 vac\u00edo.<\/p>\n<p>Adem\u00e1s, la\u00a0<strong>\u00daltimo Amor 20000 tiradas <a href=\"https:\/\/alfakher24h.de\/es\/\">Cigarrillo electr\u00f3nico desechable<\/a><\/strong>\u00a0con una pr\u00e1ctica\u00a0<strong>Indicador de nivel de bater\u00eda y l\u00edquido<\/strong>\u00a0equipado, para que en todo momento est\u00e9 informado sobre el estado actual de su e-cigarrillo. Una herramienta pr\u00e1ctica que informa constantemente a los vapeadores de cu\u00e1ndo es hora de recargar o rellenar el dispositivo.<\/p>\n<h3><strong>Caracter\u00edsticas de la Last Love 20000 Z\u00fcge  E Cigarrillo desechable:<\/strong><\/h3>\n<ul>\n<li><strong>20.000 trenes<\/strong>\u00a0\u2013 Durabilidad sobresaliente para un placer duradero.<\/li>\n<li><strong>22 ml E-Liquid<\/strong>\u00a0con\u00a0<strong>2% Nikotin<\/strong>\u00a0(20mg) para una fuerte absorci\u00f3n de nicotina.<\/li>\n<li><strong>Funci\u00f3n recargable<\/strong>\u00a0para disfrutar de l\u00edquidos sin restricciones hasta la \u00faltima gota.<\/li>\n<li><strong>800mAh bater\u00eda<\/strong>\u00a0Manejo f\u00e1cil y rendimiento fiable.<\/li>\n<li><strong>12 sabores<\/strong>\u00a0A tu elecci\u00f3n - el aroma adecuado para cada coraz\u00f3n de vapeador.<\/li>\n<li><strong>Indicador de nivel de bater\u00eda y l\u00edquido<\/strong>\u00a0- Siempre informado sobre el estado de su e-cigarrillo.<\/li>\n<li><strong>0,6 Mesh Coil<\/strong>\u00a0Para una experiencia de vapor intensa y uniforme.<\/li>\n<li><strong>Edici\u00f3n especial F\u00fatbol<\/strong>\u00a0Una edici\u00f3n limitada para fans y coleccionistas.<\/li>\n<\/ul>\n<p>Esta\u00a0<strong>Cigarrillo electr\u00f3nico desechable recargable<\/strong>\u00a0no es solo t\u00e9cnicamente sofisticado, sino tambi\u00e9n incre\u00edblemente amigable para el usuario. Con una\u00a0<strong>operaci\u00f3n pr\u00e1ctica con una sola mano<\/strong>\u00a0Puedes concentrarte completamente en vapear, sin tener que preocuparte por complicados ajustes o procesos de rellenado. Simplemente carga, disfruta y saborea la experiencia de sabor excelente en todo su esplendor.<\/p>\n<h3><strong>Variedad de sabores para todos los gustos<\/strong><\/h3>\n<p>La\u00a0<strong>\u00daltimo Amor 20000 Caladas Cigarrillo Electr\u00f3nico Desechable<\/strong>\u00a0ofrece una amplia selecci\u00f3n de\u00a0<strong>12 deliciosos sabores<\/strong>que brindan variedad y placer. Ya sea que prefiera sabores frutales, dulces o refrescantes, con este cigarrillo electr\u00f3nico desechable seguramente encontrar\u00e1 lo que busca.<\/p>\n<p>La\u00a0<strong>Sabores<\/strong>\u00a0van desde lo cl\u00e1sico\u00a0<strong>Fresas<\/strong>\u00a0hasta variaciones m\u00e1s ex\u00f3ticas que env\u00edan el sentido del gusto de viaje. A continuaci\u00f3n, una descripci\u00f3n detallada de las m\u00e1s populares<a href=\"https:\/\/alfakher24h.de\/es\/\">\u00a0<\/a><strong><a href=\"https:\/\/alfakher24h.de\/es\/\">\u00daltimo Amor 20000<\/a> Trenes de un solo uso E cigarrillo<\/strong>\u00a0Sabores:<\/p>\n<h4><strong>1. Fresa<\/strong><\/h4>\n<p>El sabor a fresa de\u00a0<strong>\u00daltimo Amor 20000 Caladas Cigarrillo Electr\u00f3nico Desechable<\/strong>\u00a0Es fresco, dulce y arom\u00e1tico. Con un equilibrio perfecto entre dulzura natural y frescura, cada calada se siente como un bocado a una fresa madura. El sabor es intenso, pero no abrumador, lo que hace que vapear sea una experiencia agradable y satisfactoria. Ya sea que busque el sabor cl\u00e1sico de fresa o una mezcla especial, este sabor le ofrece una experiencia de fruta intensa.<\/p>\n<h4><strong>2. Mango<\/strong><\/h4>\n<p>La\u00a0<strong>Mango<\/strong>La experiencia de sabor es afrutada, dulce y refrescante. Recuerda a playas tropicales y d\u00edas calurosos de verano. El sabor a mango es muy intenso, pero suave al mismo tiempo, para no volverse demasiado dulce. Es el sabor perfecto para todos los que aman las frutas tropicales.<\/p>\n<h4><strong>3. Mentol<\/strong><\/h4>\n<p>Si buscas el cl\u00e1sico y fresco sabor a menta, esta\u00a0<strong>Mentol<\/strong>Opci\u00f3n de sabores para refrescar tu experiencia de vapeo. Con su fresca frialdad, el sabor a mentol ofrece una experiencia revitalizante y refrescante, ideal para aquellos que buscan un sabor fresco e intenso.<\/p>\n<h4><strong>4. Kiwi-Lime<\/strong><\/h4>\n<p>Un experiencia gustativa afrutada y \u00e1cida proveniente de la combinaci\u00f3n de\u00a0<strong>Kiwi<\/strong>\u00a0y\u00a0<strong>Lim\u00f3n<\/strong>Esta variedad de sabor es viva, vibrante y un poco inusual. Ofrece la mezcla perfecta de dulzura y frescura y es imprescindible para los amantes de los sabores frutales.<\/p>\n<h4><strong>T\u00e9 con hielo de lim\u00f3n<\/strong><\/h4>\n<p>Para todos aquellos que gustan del sabor de las bebidas refrescantes fr\u00edas, es la\u00a0<strong>T\u00e9 de hielo de lim\u00f3n<\/strong>Un sabor excelente. Combina el sabor refrescante del lim\u00f3n con la dulzura sutil del t\u00e9 y ofrece una experiencia de vapeo discreta pero intensa.<\/p>\n<h4><strong>6. Ar\u00e1ndano<\/strong><\/h4>\n<p>La\u00a0<strong>Ar\u00e1ndano<\/strong>El sabor es afrutado y dulce, con una ligera nota \u00e1cida. Este sabor es perfecto para vapeadores que prefieren el sabor natural y completo de las bayas.<\/p>\n<h4><strong>7. Manzana<\/strong><\/h4>\n<p>Der\u00a0<strong>manzana<\/strong>Este sabor aporta la frescura de una manzana crujiente y proporciona una experiencia natural y deliciosa. Esta variedad de sabor es especialmente popular entre los aromas frutales y es amada por los vapeadores que prefieren el sabor fresco de la naturaleza.<\/p>\n<h4><strong>8. Vainilla<\/strong><\/h4>\n<p>Para aquellos que prefieren algo suave y cremoso, es la\u00a0<strong>Vainilla<\/strong>Un sabor excelente. Es dulce, pero no abrumador y ofrece un sabor suave y delicado que es ideal para el consumo diario.<\/p>\n<h4><strong>9. Tabaco<\/strong><\/h4>\n<p>Para los aficionados al sabor cl\u00e1sico del tabaco, la\u00a0<strong>Tabaco<\/strong>- Opci\u00f3n perfectamente adecuada. El sabor es aut\u00e9ntico y ofrece el aroma terroso familiar que los fumadores aman. Este sabor es ideal para aquellos que quieren cambiar del tradicional tabaquismo al vapeo.<\/p>\n<h4><strong>10. Sand\u00eda<\/strong><\/h4>\n<p><strong>sand\u00eda<\/strong>\u00a0Es el sabor de los meses de verano, con una nota fresca y jugosa. Esta variedad de sabor es dulce y refrescante y es apreciada por todos aquellos que prefieren una opci\u00f3n afrutada y jugosa.<\/p>\n<h4><strong>11. Uva<\/strong><\/h4>\n<p>Der\u00a0<strong>Uva<\/strong>El sabor ofrece una experiencia dulce y jugosa similar al sabor de uvas frescas y maduras. Es completo e intenso, pero no demasiado dulce. Esta variedad de sabor es ideal para aquellos que aman los aromas frutales.<\/p>\n<h4><strong>12. Cola<\/strong><\/h4>\n<p>Para los amantes de la cola ofrece la\u00a0<strong>Cola<\/strong>Un sabor dulce y refrescante, que recuerda a la bebida favorita de muchas personas. Tiene un toque refrescante y una agradable dulzura que hace que vapear sea un placer.<\/p>\n<h3><strong>Por qu\u00e9 deber\u00edas comprar el cigarrillo electr\u00f3nico desechable Last Love 20000 caladas en alfakher24h.de<\/strong><\/h3>\n<p>En alfakher24h.de ofrecemos una selecci\u00f3n incomparable de\u00a0<strong>Cigarrillos electr\u00f3nicos desechables<\/strong>\u00a0a precios competitivos. Como el mayor\u00a0<strong>Comerciantes en l\u00ednea de cigarrillos electr\u00f3nicos desechables en Alemania<\/strong>\u00a0Le garantizamos no solo una amplia selecci\u00f3n de sabores, sino tambi\u00e9n una entrega r\u00e1pida y un excelente servicio al cliente. En nuestra tienda, puede estar seguro de que recibir\u00e1 un producto de alta calidad que le brinda una experiencia de vapeo inigualable.<\/p>\n<p>Descubra las\u00a0<strong>\u00daltimo Amor 20000 Caladas Cigarrillo Electr\u00f3nico Desechable<\/strong>\u00a0y muchos otros productos innovadores en<a href=\"https:\/\/alfakherwelt.de\/\" target=\"_blank\" rel=\"noopener\"> alfakher24h.de<\/a>\u00a0y disfruta del vapeo al m\u00e1ximo.<\/p>\n<\/div>\n<\/div>\n<\/div>\n<\/div>\n<\/div>\n<\/div>","protected":false},"excerpt":{"rendered":"<p><strong>\u00daltimo Amor 20000 Caladas Cigarrillo Electr\u00f3nico Desechable<\/strong>\u00a0y muchos otros productos innovadores en<a href=\"https:\/\/alfakherwelt.de\/\"> alfakher24h.de<\/a>\u00a0y disfruta del vapeo al m\u00e1ximo.<\/p>","protected":false},"featured_media":1379,"comment_status":"open","ping_status":"closed","template":"","meta":{"om_disable_all_campaigns":false},"product_brand":[],"product_cat":[36],"product_tag":[],"class_list":{"0":"post-1378","1":"product","2":"type-product","3":"status-publish","4":"has-post-thumbnail","6":"product_cat-last-love-20000","8":"first","9":"instock","10":"shipping-taxable","11":"purchasable","12":"product-type-simple"},"_links":{"self":[{"href":"https:\/\/alfakher24h.de\/es\/wp-json\/wp\/v2\/product\/1378","targetHints":{"allow":["GET"]}}],"collection":[{"href":"https:\/\/alfakher24h.de\/es\/wp-json\/wp\/v2\/product"}],"about":[{"href":"https:\/\/alfakher24h.de\/es\/wp-json\/wp\/v2\/types\/product"}],"replies":[{"embeddable":true,"href":"https:\/\/alfakher24h.de\/es\/wp-json\/wp\/v2\/comments?post=1378"}],"wp:featuredmedia":[{"embeddable":true,"href":"https:\/\/alfakher24h.de\/es\/wp-json\/wp\/v2\/media\/1379"}],"wp:attachment":[{"href":"https:\/\/alfakher24h.de\/es\/wp-json\/wp\/v2\/media?parent=1378"}],"wp:term":[{"taxonomy":"product_brand","embeddable":true,"href":"https:\/\/alfakher24h.de\/es\/wp-json\/wp\/v2\/product_brand?post=1378"},{"taxonomy":"product_cat","embeddable":true,"href":"https:\/\/alfakher24h.de\/es\/wp-json\/wp\/v2\/product_cat?post=1378"},{"taxonomy":"product_tag","embeddable":true,"href":"https:\/\/alfakher24h.de\/es\/wp-json\/wp\/v2\/product_tag?post=1378"}],"curies":[{"name":"wp","href":"https:\/\/api.w.org\/{rel}","templated":true}]}}