{"id":1350,"date":"2025-01-02T05:51:22","date_gmt":"2025-01-02T05:51:22","guid":{"rendered":"https:\/\/alfakher24h.de\/?post_type=product&#038;p=1350"},"modified":"2025-07-16T07:13:09","modified_gmt":"2025-07-16T07:13:09","slug":"smpo-dl02-10000-inhalaciones-cigarrillo-electronico-desechable-hielo-de-sandia","status":"publish","type":"product","link":"https:\/\/alfakher24h.de\/es\/producto\/smpo-dl02-10000-inhalaciones-cigarrillo-electronico-desechable-hielo-de-sandia\/","title":{"rendered":"SMPO DL02 10000 Z\u00fcge Einweg E Zigarette \u2013 Watermelon ice \n\nbecomes \n\nSMPO DL02 10000 Disposable E-Cigarette - Watermelon ice"},"content":{"rendered":"<h2>SMPO DL02 10000 Z\u00fcge Einweg E Zigarette \u2013 Su elecci\u00f3n para calidad y placer duradero<\/h2>\n<p>La\u00a0<a href=\"https:\/\/alfakher24h.de\/es\/?post_type=product&amp;p=1350&amp;preview=true\"><strong>SMPO DL02 10000 Z\u00fcge Einweg E Zigarette \n\nbecomes \n\nSMPO DL02 10000 Disposable E-Cigarette<\/strong>\u00a0i<\/a>Es el ep\u00edtome de la comodidad, el rendimiento y la variedad de sabores. Si est\u00e1s buscando un cigarrillo electr\u00f3nico de alta calidad, pr\u00e1ctico y duradero que te brinde una experiencia de vapeo inolvidable, entonces el SMPO DL02 es la elecci\u00f3n perfecta. Con una impresionante capacidad de\u00a0<strong>10.000 trenes<\/strong>\u00a0Y con un equipamiento f\u00e1cil de usar, garantiza una experiencia de vapeo constantemente buena, ya sea que est\u00e9 en movimiento o la desee utilizar como dispositivo de respaldo.<\/p>\n<p>En este art\u00edculo nos adentraremos en todos los detalles que usted necesita saber sobre\u00a0<strong>SMPO DL02 <a href=\"https:\/\/alfakher24h.de\/es\/\">Cigarrillo electr\u00f3nico desechable<\/a><\/strong> deben saber - desde las especificaciones t\u00e9cnicas hasta los sabores \u00fanicos que hacen que este producto sea una opci\u00f3n destacada. Adem\u00e1s, descubrir\u00e1 por qu\u00e9 comprar este producto en alfakher24h.de, la mayor plataforma en l\u00ednea de cigarrillos electr\u00f3nicos desechables en Alemania, es la mejor decisi\u00f3n para usted.<\/p>\n<h3>Descripci\u00f3n del producto: SMPO DL02 10000 Caladas Cigarrillo Electr\u00f3nico Desechable<\/h3>\n<p>La\u00a0<strong>SMPO DL02 Cigarrillo electr\u00f3nico desechable<\/strong>\u00a0es la \u00faltima innovaci\u00f3n en el mundo de los vaporizadores desechables. Fue dise\u00f1ada espec\u00edficamente para satisfacer las demandas de los vapeadores que buscan un dispositivo duradero, potente y con un sabor excepcional. Con una capacidad de\u00a0<strong>20 ml<\/strong>\u00a0y uno\u00a0<strong>Nikotina fuerza de 2 % (20 mg)<\/strong>\u00a0pueden hasta\u00a0<strong>10.000 trenes<\/strong>\u00a0Disfruta - una de las mayores capacidades del mercado. Ya seas un vapeador experimentado o un principiante, el SMPO DL02 garantiza una experiencia de vapeo agradable e intensa.<\/p>\n<h3>Especificaciones t\u00e9cnicas de los trenes SMPO DL02 10000 de cigarrillos electr\u00f3nicos desechables<\/h3>\n<p>Aqu\u00ed est\u00e1n los detalles t\u00e9cnicos de la\u00a0<a href=\"https:\/\/alfakher24h.de\/es\/\"><strong>SMPO DL02<\/strong>,<\/a> que le ayudar\u00e1n a entender mejor el producto:<\/p>\n<ul>\n<li><strong>Potencia de r\u00e1faga<\/strong>: 20 W \u2013 Esta potencia garantiza un vapor fuerte y constante.<\/li>\n<li><strong>Capacidad<\/strong>20 ml - Una gran cantidad de l\u00edquido para hasta\u00a0<strong>10.000 trenes<\/strong>.<\/li>\n<li><strong>Capacidad de la bater\u00eda<\/strong>: 750 mAh - Suficiente energ\u00eda para alimentar el dispositivo durante toda su vida \u00fatil.<\/li>\n<li><strong>Nicotina<\/strong>: 2 % (20 mg) \u2013 Perfecto para todos aquellos que buscan el chute de nicotina.<\/li>\n<li><strong>Resistencia<\/strong>: 0,6 Ohm \u2013 Optimizado para ambos\u00a0<strong>MTL (Boca a Pulm\u00f3n)<\/strong>\u00a0as bien como \ntambi\u00e9n \nas\u00ed como \nal igual que \nasimismo\u00a0<strong>DL (Pulmones-Directo)<\/strong>\u00a0Vaporizar.<\/li>\n<li><strong>N\u00famero de puff<\/strong>M\u00e1s de\u00a0<strong>10.000 trenes<\/strong>\u00a0- Uno de los mayores n\u00fameros de Puff en el mercado.<\/li>\n<li><strong>Opciones de vapor<\/strong>: MTL o DL \u2013 Elige c\u00f3mo vapear seg\u00fan tu preferencia.<\/li>\n<\/ul>\n<p>La SMPO DL02 est\u00e1 dise\u00f1ada para brindarle un m\u00e1ximo confort. Ofrece funciones f\u00e1ciles de usar sin sacrificar el rendimiento o la calidad. Debido a su alto n\u00famero de puffs y gran tanque de l\u00edquido, es ideal para el uso diario y largas sesiones de vapeo.<\/p>\n<h3>Tecnolog\u00eda de protecci\u00f3n de calentamiento seco CRUX \u00fanica<\/h3>\n<p>Un rasgo sobresaliente de la\u00a0<strong>SMPO DL02<\/strong>\u00a0es la\u00a0<strong>Tecnolog\u00eda de protecci\u00f3n contra sobrecalentamiento CRUX<\/strong>Esta tecnolog\u00eda avanzada protege el dispositivo contra el sobrecalentamiento y asegura que el sabor en cada calada sea fresco y puro. De esta manera, puede estar seguro de que su experiencia de vapeo sigue siendo consistentemente buena, sin cambios desagradables en el sabor que podr\u00edan surgir debido al vapeo en seco.<\/p>\n<p>Esta tecnolog\u00eda ayuda a que el l\u00edquido se evapore de manera uniforme y no se produzcan sabores \"quemados\" o desagradables. Garantiza que el sabor sea \u00f3ptimo en cada bocanada y evita el desgaste prematuro del vaporizador.<\/p>\n<h3>Dise\u00f1o ergon\u00f3mico para m\u00e1ximo confort<\/h3>\n<p>Adem\u00e1s de la potencia, impresiona la\u00a0<strong>SMPO DL02<\/strong>\u00a0tambi\u00e9n por su dise\u00f1o ergon\u00f3mico. El dispositivo se adapta bien a la mano y ofrece un agarre seguro y c\u00f3modo. Especialmente durante sesiones de vapor m\u00e1s largas, el dise\u00f1o es de gran importancia, y aqu\u00ed la SMPO DL02 apuesta por un dise\u00f1o equilibrado y pr\u00e1ctico que aumenta la comodidad. El dise\u00f1o compacto y ligero tambi\u00e9n lo hace perfecto para llevarlo consigo.<\/p>\n<p><img loading=\"lazy\" decoding=\"async\" class=\"alignnone wp-image-1560 size-full\" title=\"SMPO DL02 10000 Z\u00fcge Einweg E Zigarette - Watermelon ice 3\" src=\"https:\/\/alfakher24h.de\/wp-content\/uploads\/2025\/01\/SMPO-DL02-product-profile_01.webp\" sizes=\"auto, (max-width: 2133px) 100vw, 2133px\" srcset=\"https:\/\/alfakher24h.de\/wp-content\/uploads\/2025\/01\/SMPO-DL02-product-profile_01.webp 2133w, https:\/\/alfakher24h.de\/wp-content\/uploads\/2025\/01\/SMPO-DL02-product-profile_01-300x169.webp 300w, https:\/\/alfakher24h.de\/wp-content\/uploads\/2025\/01\/SMPO-DL02-product-profile_01-1024x576.webp 1024w, https:\/\/alfakher24h.de\/wp-content\/uploads\/2025\/01\/SMPO-DL02-product-profile_01-768x432.webp 768w, https:\/\/alfakher24h.de\/wp-content\/uploads\/2025\/01\/SMPO-DL02-product-profile_01-1536x864.webp 1536w, https:\/\/alfakher24h.de\/wp-content\/uploads\/2025\/01\/SMPO-DL02-product-profile_01-2048x1152.webp 2048w, https:\/\/alfakher24h.de\/wp-content\/uploads\/2025\/01\/SMPO-DL02-product-profile_01-18x10.webp 18w, https:\/\/alfakher24h.de\/wp-content\/uploads\/2025\/01\/SMPO-DL02-product-profile_01-600x338.webp 600w\" alt=\"SMPO DL02 10000 Z\u00fcge Einweg E Zigarette - Watermelon ice becomes SMPO DL02 10000 Disposable E-Cigarette - Watermelon ice\" width=\"2133\" height=\"1200\" \/><\/p>\n<h3>Experiencia gustativa de la SMPO DL02:\u00a0<strong>Watermelon Ice<\/strong>\u00a0Un refrescante descanso<\/h3>\n<p>Uno de los mayores beneficios de la\u00a0<strong>SMPO DL02 Cigarrillo electr\u00f3nico desechable<\/strong>\u00a0es la selecci\u00f3n de sabores deliciosos que garantizan una experiencia de vapeo inolvidable. El\u00a0<strong>Watermelon Ice<\/strong>El sabor es una excelente opci\u00f3n para cualquiera que busque una experiencia refrescante y afrutada.<\/p>\n<h4>1.\u00a0<strong>Sand\u00eda - Un aroma refrescante y jugoso<\/strong><\/h4>\n<p>Der\u00a0<strong>Sabor a sand\u00eda<\/strong>\u00a0En el SMPO DL02 se encuentra la combinaci\u00f3n perfecta de dulzura y frescura afrutada. La dulce jugosidad de la sand\u00eda envuelve el paladar con una sensaci\u00f3n ligera pero refrescante que recuerda a un caluroso d\u00eda de verano. El sabor es intenso pero no abrumador, un delicioso equilibrio que garantiza el m\u00e1ximo placer.<\/p>\n<h4>2.\u00a0<strong>Hielo - Un toque fresco para la sensaci\u00f3n de frescura definitiva<\/strong><\/h4>\n<p>El a\u00f1adido de\u00a0<strong>Hielo<\/strong>\u00a0Proporciona un toque de frescura extra que complementa perfectamente el sabor del mel\u00f3n. La sensaci\u00f3n refrescante que se produce al vapear acent\u00faa la experiencia y hace que el sabor se sienta a\u00fan m\u00e1s vivo. Es como si estuvieras disfrutando de un jugo de sand\u00eda fresco con un chorrito de hielo - una experiencia gustativa sensacional que se adapta a cualquier \u00e9poca del a\u00f1o.<\/p>\n<h4>3.\u00a0<strong>Una experiencia gustativa equilibrada<\/strong><\/h4>\n<p>Qu\u00e9 es el\u00a0<strong>Watermelon Ice<\/strong>Lo que hace que este sabor sea tan especial es la conexi\u00f3n armoniosa de los dos elementos: la dulzura afrutada de la sand\u00eda y la frescura refrescante del hielo. Esta combinaci\u00f3n crea una experiencia de sabor equilibrada, que es a la vez refrescante y dulce. Es perfecto para vapeadores que buscan una experiencia de sabor refrescante pero a la vez suave.<\/p>\n<h4>4.\u00a0<strong>Ideal para el consumo diario<\/strong><\/h4>\n<p>Das\u00a0<strong>Watermelon Ice<\/strong>-Aroma es ideal para el uso diario, ya que es refrescante y calmante. Ofrece un agradable cambio con respecto a los aromas m\u00e1s intensos y pesados, y es adecuado tanto para principiantes como para vapeadores experimentados que prefieren un aroma m\u00e1s suave pero a\u00fan as\u00ed intenso.<\/p>\n<h3>Ventajas de comprar en alfakher24h.de<\/h3>\n<p>Wenn Sie sich f\u00fcr die\u00a0<strong>SMPO DL02 10000 Z\u00fcge Einweg E Zigarette \n\nbecomes \n\nSMPO DL02 10000 Disposable E-Cigarette<\/strong> Decidir, deber\u00eda comprar definitivamente en alfakher24h.de -la mayor plataforma de Alemania para la venta de cigarrillos electr\u00f3nicos desechables. \u00bfPor qu\u00e9 deber\u00eda comprar con nosotros?<\/p>\n<ul>\n<li><strong>Gran selecci\u00f3n de productos<\/strong>: Ofrecemos una amplia selecci\u00f3n de cigarrillos electr\u00f3nicos desechables, incluyendo el SMPO DL02, que puede encontrar directamente en nuestro sitio web.<\/li>\n<li><strong>Entrega r\u00e1pida<\/strong>Gracias a nuestra log\u00edstica eficiente, podr\u00e1 recibir su pedido r\u00e1pidamente y disfrutar de su experiencia de vapeo sin demora.<\/li>\n<li><strong>Servicio seguro y fiable<\/strong>Ofrecemos un proceso de pedido seguro y soporte al cliente de primera clase que siempre est\u00e1 listo para ayudarlo con preguntas o problemas.<\/li>\n<\/ul>\n<h3>Conclusi\u00f3n: Los trenes SMPO DL02 10000 de cigarrillos electr\u00f3nicos desechables: su compa\u00f1ero perfecto<\/h3>\n<p>La\u00a0<strong>SMPO DL02 10000 Z\u00fcge Einweg E Zigarette \n\nbecomes \n\nSMPO DL02 10000 Disposable E-Cigarette<\/strong>\u00a0es m\u00e1s que un dispositivo pr\u00e1ctico - es una combinaci\u00f3n perfecta de tecnolog\u00eda, sabor y facilidad de uso. Con m\u00e1s de 10.000 caladas, la tecnolog\u00eda de protecci\u00f3n de calentamiento seco CRUX y el delicioso\u00a0<strong>Watermelon Ice<\/strong>-Sabor le ofrecer\u00e1 una experiencia de vapeo excepcional que no querr\u00e1s perder m\u00e1s.<\/p>\n<p>Visite ahora alfakher24h.de, para su\u00a0<strong>SMPO DL02 Cigarrillo electr\u00f3nico desechable<\/strong>\u00a0\u00a1Compre y disfrute del vapeo en su mejor forma!<\/p>","protected":false},"excerpt":{"rendered":"<p>La\u00a0<strong>SMPO DL02 10000 Z\u00fcge Einweg E Zigarette \n\nbecomes \n\nSMPO DL02 10000 Disposable E-Cigarette<\/strong>\u00a0es m\u00e1s que un dispositivo pr\u00e1ctico - es una combinaci\u00f3n perfecta de tecnolog\u00eda, sabor y facilidad de uso. Con m\u00e1s de 10.000 caladas, la tecnolog\u00eda de protecci\u00f3n de calentamiento seco CRUX y el delicioso\u00a0<strong>Watermelon Ice<\/strong>-Sabor le ofrecer\u00e1 una experiencia de vapeo excepcional que no querr\u00e1s perder m\u00e1s.<\/p>","protected":false},"featured_media":1351,"comment_status":"open","ping_status":"closed","template":"","meta":{"om_disable_all_campaigns":false},"product_brand":[],"product_cat":[34],"product_tag":[],"class_list":{"0":"post-1350","1":"product","2":"type-product","3":"status-publish","4":"has-post-thumbnail","6":"product_cat-smpo-dl02-10000","8":"first","9":"outofstock","10":"shipping-taxable","11":"purchasable","12":"product-type-simple"},"_links":{"self":[{"href":"https:\/\/alfakher24h.de\/es\/wp-json\/wp\/v2\/product\/1350","targetHints":{"allow":["GET"]}}],"collection":[{"href":"https:\/\/alfakher24h.de\/es\/wp-json\/wp\/v2\/product"}],"about":[{"href":"https:\/\/alfakher24h.de\/es\/wp-json\/wp\/v2\/types\/product"}],"replies":[{"embeddable":true,"href":"https:\/\/alfakher24h.de\/es\/wp-json\/wp\/v2\/comments?post=1350"}],"wp:featuredmedia":[{"embeddable":true,"href":"https:\/\/alfakher24h.de\/es\/wp-json\/wp\/v2\/media\/1351"}],"wp:attachment":[{"href":"https:\/\/alfakher24h.de\/es\/wp-json\/wp\/v2\/media?parent=1350"}],"wp:term":[{"taxonomy":"product_brand","embeddable":true,"href":"https:\/\/alfakher24h.de\/es\/wp-json\/wp\/v2\/product_brand?post=1350"},{"taxonomy":"product_cat","embeddable":true,"href":"https:\/\/alfakher24h.de\/es\/wp-json\/wp\/v2\/product_cat?post=1350"},{"taxonomy":"product_tag","embeddable":true,"href":"https:\/\/alfakher24h.de\/es\/wp-json\/wp\/v2\/product_tag?post=1350"}],"curies":[{"name":"wp","href":"https:\/\/api.w.org\/{rel}","templated":true}]}}