{"id":1261,"date":"2024-12-26T10:37:02","date_gmt":"2024-12-26T10:37:02","guid":{"rendered":"https:\/\/alfakher24h.de\/?post_type=product&#038;p=1261"},"modified":"2024-12-26T10:37:02","modified_gmt":"2024-12-26T10:37:02","slug":"fumot-randm-caja-digital-12000-inhalaciones-cigarrillo-electronico-desechable-hielo-de-uva","status":"publish","type":"product","link":"https:\/\/alfakher24h.de\/es\/producto\/fumot-randm-caja-digital-12000-inhalaciones-cigarrillo-electronico-desechable-hielo-de-uva\/","title":{"rendered":"Caja digital Fumot RandM 12000 tiradas E cigarrillo desechable - Hielo uva"},"content":{"rendered":"<div class=\"wp-video\"><\/div>\n<h2><strong>RandM Digital Box 12000 Z\u00fcge Einweg E Zigarette: El compa\u00f1ero perfecto para su experiencia de vapeo<\/strong><\/h2>\n<div style=\"width: 1020px;\" class=\"wp-video\"><video class=\"wp-video-shortcode\" id=\"video-1261-1\" width=\"1020\" height=\"574\" preload=\"metadata\" controls=\"controls\"><source type=\"video\/mp4\" src=\"https:\/\/alfakher24h.de\/wp-content\/uploads\/2024\/12\/Fumot-RandM-Digital-Box-12000.mp4?_=1\" \/><a href=\"https:\/\/alfakher24h.de\/wp-content\/uploads\/2024\/12\/Fumot-RandM-Digital-Box-12000.mp4\">https:\/\/alfakher24h.de\/wp-content\/uploads\/2024\/12\/Fumot-RandM-Digital-Box-12000.mp4<\/a><\/video><\/div>\n<p>La\u00a0<a href=\"https:\/\/alfakher24h.de\/es\/?post_type=product&amp;p=1261&amp;preview=true\"><strong>Caja digital Fumot RandM 12000 tiradas Cigarrillo electr\u00f3nico desechable<\/strong><\/a>\u00a0Es una innovadora y moderna vapeadora desechable, conocida en Alemania por su rendimiento excepcional y facilidad de uso. Con una impresionante capacidad de\u00a0<strong>12.000 trenes<\/strong>a uno\u00a0<strong>dise\u00f1o elegante<\/strong>\u00a0y tecnolog\u00eda avanzada, este producto se destaca claramente de otros en el mercado. Ideal para todos aquellos que buscan un cigarrillo electr\u00f3nico fiable y de alta calidad que combine tanto la funcionalidad como la est\u00e9tica. Compre el\u00a0<strong>Fumot RandM Digital Box 12000<\/strong> en <strong>alfakher24h.de<\/strong> la mayor plataforma de ventas para\u00a0<strong>Vapes desechables en Alemania<\/strong>y experimente una experiencia de vapor excepcional.<\/p>\n<h2>Descripci\u00f3n del producto de la Fumot RandM Digital Box 12000 Z\u00fcge  Cigarrillo electr\u00f3nico desechable<\/h2>\n<p>La\u00a0<strong>Caja digital Fumot RandM 12000 tiradas Cigarrillo electr\u00f3nico desechable<\/strong>\u00a0es m\u00e1s que un simple vapeo - es una experiencia elegante y avanzada que te cautivar\u00e1 desde el primer uso. Equipado con tecnolog\u00eda de vanguardia, este dispositivo ofrece un rendimiento que supera las expectativas de cualquier vapeador. La\u00a0<strong>20 ml E-Liquid<\/strong>, que est\u00e1n incluidos en el dispositivo, ofrecen hasta\u00a0<strong>12000 trenes<\/strong>que garantiza un uso prolongado.<\/p>\n<p>Gracias a la\u00a0<strong>Bobinas de malla<\/strong>\u00a0y el\u00a0<strong>Ergonom\u00eda<\/strong>\u00a0es el vapor suave y agradable que proporciona una experiencia de vapeo intensa pero placentera. El\u00a0<strong>Conexi\u00f3n tipo C<\/strong>\u00a0garantiza una carga r\u00e1pida de la bater\u00eda integrada\u00a0<strong>Bater\u00edas de 550mAh<\/strong>mientras que los\u00a0<strong>Luces RGB<\/strong>\u00a0provocar una atm\u00f3sfera elegante y futurista al vapear. A trav\u00e9s del\u00a0<strong>Interruptor de control de flujo de aire<\/strong>\u00a0Puede ajustar la cantidad de vapor seg\u00fan sus preferencias personales, para obtener la experiencia de vapeo perfecta.<\/p>\n<h3>Por qu\u00e9 deber\u00edas elegir el  Caja Fumot RandM Digital 12000  vapeador desechable<\/h3>\n<ul>\n<li><strong>Larga durabilidad<\/strong>\u00a0Hasta\u00a0<strong>12000 trenes<\/strong>lo que garantiza un uso excepcionalmente prolongado.<\/li>\n<li><strong>Opciones de sabor vers\u00e1tiles:<\/strong>\u00a0Elige entre una variedad de sabores y experimenta nuevos aromas una y otra vez.<\/li>\n<li><strong>Manejo sencillo:<\/strong>\u00a0Gracias a la\u00a0<strong>Activaci\u00f3n-por-Dibujo-Activaci\u00f3n<\/strong>\u00a0No es necesario presionar ning\u00fan bot\u00f3n, simplemente arrastre y disfrute.<\/li>\n<li><strong>Tecnolog\u00eda de \u00faltima generaci\u00f3n:<\/strong>\u00a0<strong>Tecnolog\u00eda de calefacci\u00f3n por convecci\u00f3n y ultrasonido<\/strong>\u00a0Proporcionan un vapor uniforme e intenso.<\/li>\n<li><strong>Eficiencia energ\u00e9tica:<\/strong>\u00a0Der\u00a0<strong>Bater\u00eda de 550mAh<\/strong>\u00a0puede con uno\u00a0<strong>Conexi\u00f3n tipo C<\/strong>\u00a0cargarse r\u00e1pidamente.<\/li>\n<li><strong>Iluminaci\u00f3n RGB elegante:<\/strong>\u00a0Cinco luces RGB proporcionan una representaci\u00f3n visual fresca mientras se vapea.<\/li>\n<li><strong>Control de flujo de aire:<\/strong>\u00a0Ajuste la cantidad de vapor seg\u00fan sus preferencias para obtener la experiencia de vapeo perfecta.<\/li>\n<\/ul>\n<h2>Caja Fumot RandM Digital 12000 Caladas E Cigarrillo Desechable: Caracter\u00edsticas<\/h2>\n<ul>\n<li><strong>Capacidad de E-L\u00edquido de 20ml:<\/strong>\u00a0Para hasta\u00a0<strong>12000 trenes<\/strong>.<\/li>\n<li><strong>5% o 2% nicotina:<\/strong>\u00a0Seleccione el contenido de nicotina que mejor se adapte a usted.<\/li>\n<li><strong>Bater\u00eda de 550mAh:<\/strong>\u00a0Bater\u00eda integrada recargable.<\/li>\n<li><strong>Tipo-C conexi\u00f3n:<\/strong>\u00a0Para una carga r\u00e1pida y eficiente.<\/li>\n<li><strong>6 luces RGB:<\/strong>\u00a0Para una atm\u00f3sfera futurista y elegante.<\/li>\n<li><strong>Control de flujo de aire:<\/strong>\u00a0Ajuste la cantidad de vapor seg\u00fan sus preferencias.<\/li>\n<li><strong>Bobinas de malla:<\/strong>\u00a0Para un vapor m\u00e1s intenso y uniforme.<\/li>\n<li><strong>Sistema simple activado por sorteo:<\/strong>\u00a0Sin bot\u00f3n, simplemente tirar y vapear.<\/li>\n<\/ul>\n<p>&nbsp;<\/p>\n<h2>Sabores de la Fumot RandM Digital Box 12000 caladas Cigarrillo electr\u00f3nico desechable<\/h2>\n<p>La\u00a0<strong>Caja digital Fumot RandM 12000 tiradas Cigarrillo electr\u00f3nico desechable<\/strong>\u00a0ofrece una amplia variedad de sabores deliciosos que puedes disfrutar en cada calada. Especialmente digno de destacar es el\u00a0<strong>Hielo de Uva<\/strong>Un aroma que ofrece una combinaci\u00f3n refrescante de uvas dulces y hielo fr\u00edo. Este aroma afrutado y refrescante es perfecto para todos aquellos que buscan un sabor intenso pero agradable.<\/p>\n<h3>Descripci\u00f3n detallada del\u00a0<strong>Hielo de Uva<\/strong>-Aromas:<\/h3>\n<p>Das\u00a0<strong>Hielo de Uva<\/strong>Aroma de\u00a0<strong>Caja digital Fumot RandM 12000 tiradas Cigarrillo electr\u00f3nico desechable<\/strong>\u00a0ofrece una experiencia de sabor refrescante que puedes disfrutar en cualquier entorno. La\u00a0<strong>Uvas jugosas<\/strong>\u00a0proporcionan una base dulce y jugosa que refleja el sabor de la fruta real. El\u00a0<strong>efecto de hielo fresco<\/strong>\u00a0brinda un frescor refrescante que equilibra perfectamente el aroma y le otorga una frescura \u00fanica.<\/p>\n<p>Este\u00a0<strong>Frischekick<\/strong>\u00a0h\u00e1galo\u00a0<strong>Hielo de Uva<\/strong>Aroma especialmente popular, especialmente en d\u00edas calurosos de verano o cuando se necesita un impulso fuerte pero no abrumador. El\u00a0<strong>dulce aroma a uva<\/strong>\u00a0es llevado a cabo por el\u00a0<strong>sabor fresco a menta<\/strong>\u00a0wonderfully complements, making the entire steaming process a pleasant, yet refreshing experience. It is a\u00a0<strong>equilibrio perfecto<\/strong>\u00a0entre\u00a0<strong>Frescura<\/strong>\u00a0y\u00a0<strong>K\u00fchle<\/strong>que mantiene el sabor intenso y agradable.<\/p>\n<p>Da igual si eres un vapeador experimentado o acabas de empezar a vapear, el\u00a0<strong>Hielo de Uva<\/strong>-Aroma no le decepcionar\u00e1. Es la elecci\u00f3n perfecta si busca un\u00a0<strong>refrescante, afrutado y fresco<\/strong>\u00a0Buscar experiencias.<\/p>\n<h2>Conclusi\u00f3n: \u00bfPor qu\u00e9 deber\u00edas comprar el vape de un solo uso Fumot RandM Digital Box 12000 inhalaciones?<\/h2>\n<p>La\u00a0<strong>Caja digital Fumot RandM 12000 tiradas Cigarrillo electr\u00f3nico desechable<\/strong>\u00a0es la elecci\u00f3n perfecta para todos los que buscan una\u00a0<strong>Cigarrillo electr\u00f3nico desechable de alta calidad, f\u00e1cil de usar y vers\u00e1til<\/strong>\u00a0buscar. Con una capacidad de\u00a0<strong>12.000 trenes<\/strong>,\u00a0<strong>numerosos sabores<\/strong>a uno\u00a0<strong>bater\u00eda de alta potencia<\/strong>\u00a0Y con tecnolog\u00eda de \u00faltima generaci\u00f3n, este cigarrillo electr\u00f3nico ofrece una experiencia de vapeo que no deja deseos insatisfechos.<\/p>\n<p>Aproveche la oportunidad,\u00a0<strong>Caja digital Fumot RandM 12000 tiradas Cigarrillo electr\u00f3nico desechable<\/strong> auf<a href=\"https:\/\/alfakher24h.de\/es\/\"><strong> alfakher24h.de<\/strong><\/a>, la mayor plataforma de ventas de Alemania para\u00a0<strong>Vapes Desechables<\/strong>, para comprar. All\u00ed encontrar\u00e1 una variedad de\u00a0<strong>Sabores<\/strong>\u00a0y otros\u00a0<strong>productos de vapeo<\/strong>que llevar\u00e1n su experiencia de vapeo al siguiente nivel.<\/p>\n<p><strong>Ordene ahora y disfrute de una experiencia de vapeo inolvidable con Fumot RandM Digital Box 12000 caladas de cigarrillo electr\u00f3nico desechable!<\/strong><\/p>\n<h2>Resumen:<\/h2>\n<ul>\n<li><strong>20ml E-Liquid<\/strong>\u00a0para hasta\u00a0<strong>12000 trenes<\/strong>.<\/li>\n<li><strong>Control de Flujo de Aire<\/strong>\u00a0para un ajuste individual del vapor.<\/li>\n<li><strong>5% o 2% nicotina<\/strong>\u00a0A elegir.<\/li>\n<li><strong>Conexi\u00f3n tipo C<\/strong>\u00a0para una carga r\u00e1pida.<\/li>\n<li><strong>Iluminaci\u00f3n RGB<\/strong>\u00a0para un dise\u00f1o futurista.<\/li>\n<li><strong>Bobinas de malla<\/strong>\u00a0para un vapor m\u00e1s intenso y un mejor sabor.<\/li>\n<\/ul>\n<p>Si est\u00e1s en Alemania buscando algo de alta calidad<a href=\"https:\/\/alfakher24h.de\/es\/\">\u00a0<strong>Cigarrillo electr\u00f3nico desechable<\/strong><\/a>\u00a0buscar, entonces es la\u00a0<a href=\"https:\/\/alfakher24h.de\/es\/\"><strong>Fumot RandM Digital Box 12000 Z\u00fcge \n\nbecomes \n\nFumot RandM Digital Box 12000 tiradas<\/strong><\/a>\u00a0la elecci\u00f3n ideal. Obtenga la suya hoy mismo\u00a0<strong>Caja digital Fumot RandM 12000 tiradas Cigarrillo electr\u00f3nico desechable<\/strong>\u00a0\u00a1y experimente la diferencia!<\/p>","protected":false},"excerpt":{"rendered":"<p>La <strong>Caja Fumot RandM Digital 12000 Caladas Cigarrillo Electr\u00f3nico Desechable<\/strong> ofrece un sabor intenso, innovadora tecnolog\u00eda Grape Ice Mesh Coil y hasta 12.000 caladas para una experiencia de vapeo de primera clase.<\/p>","protected":false},"featured_media":1262,"comment_status":"open","ping_status":"closed","template":"","meta":{"om_disable_all_campaigns":false},"product_brand":[],"product_cat":[27],"product_tag":[],"class_list":{"0":"post-1261","1":"product","2":"type-product","3":"status-publish","4":"has-post-thumbnail","6":"product_cat-fumot-randm-digital-box-12000-puffs","8":"first","9":"instock","10":"shipping-taxable","11":"purchasable","12":"product-type-simple"},"_links":{"self":[{"href":"https:\/\/alfakher24h.de\/es\/wp-json\/wp\/v2\/product\/1261","targetHints":{"allow":["GET"]}}],"collection":[{"href":"https:\/\/alfakher24h.de\/es\/wp-json\/wp\/v2\/product"}],"about":[{"href":"https:\/\/alfakher24h.de\/es\/wp-json\/wp\/v2\/types\/product"}],"replies":[{"embeddable":true,"href":"https:\/\/alfakher24h.de\/es\/wp-json\/wp\/v2\/comments?post=1261"}],"wp:featuredmedia":[{"embeddable":true,"href":"https:\/\/alfakher24h.de\/es\/wp-json\/wp\/v2\/media\/1262"}],"wp:attachment":[{"href":"https:\/\/alfakher24h.de\/es\/wp-json\/wp\/v2\/media?parent=1261"}],"wp:term":[{"taxonomy":"product_brand","embeddable":true,"href":"https:\/\/alfakher24h.de\/es\/wp-json\/wp\/v2\/product_brand?post=1261"},{"taxonomy":"product_cat","embeddable":true,"href":"https:\/\/alfakher24h.de\/es\/wp-json\/wp\/v2\/product_cat?post=1261"},{"taxonomy":"product_tag","embeddable":true,"href":"https:\/\/alfakher24h.de\/es\/wp-json\/wp\/v2\/product_tag?post=1261"}],"curies":[{"name":"wp","href":"https:\/\/api.w.org\/{rel}","templated":true}]}}