{"id":1252,"date":"2024-12-26T05:30:55","date_gmt":"2024-12-26T05:30:55","guid":{"rendered":"https:\/\/alfakher24h.de\/?post_type=product&#038;p=1252"},"modified":"2024-12-26T05:30:55","modified_gmt":"2024-12-26T05:30:55","slug":"fumot-randm-caja-digital-12000-inhalaciones-cigarrillo-electronico-desechable-hielo-melocoton","status":"publish","type":"product","link":"https:\/\/alfakher24h.de\/es\/producto\/fumot-randm-caja-digital-12000-inhalaciones-cigarrillo-electronico-desechable-hielo-melocoton\/","title":{"rendered":"Caja digital Fumot RandM 12000 tiradas E cigarrillo desechable - Hielo melocot\u00f3n"},"content":{"rendered":"<div class=\"flex max-w-full flex-col flex-grow\">\n<div class=\"min-h-8 text-message flex w-full flex-col items-end gap-2 whitespace-normal break-words text-start [.text-message+&amp;]:mt-5\" dir=\"auto\" data-message-author-role=\"assistant\" data-message-id=\"be660e2e-f041-4db8-b30f-93e2b968908b\" data-message-model-slug=\"gpt-4o\">\n<div class=\"flex w-full flex-col gap-1 empty:hidden first:pt-[3px]\">\n<div class=\"markdown prose w-full break-words dark:prose-invert light\">\n<h2><strong>Caja Digital Fumot RandM 12000 Caladas  Cigarrillo Electr\u00f3nico Desechable - Melocot\u00f3n Hielo<\/strong><\/h2>\n<div style=\"width: 1020px;\" class=\"wp-video\"><video class=\"wp-video-shortcode\" id=\"video-1252-1\" width=\"1020\" height=\"574\" preload=\"metadata\" controls=\"controls\"><source type=\"video\/mp4\" src=\"https:\/\/alfakher24h.de\/wp-content\/uploads\/2024\/12\/Fumot-RandM-Digital-Box-12000.mp4?_=1\" \/><a href=\"https:\/\/alfakher24h.de\/wp-content\/uploads\/2024\/12\/Fumot-RandM-Digital-Box-12000.mp4\">https:\/\/alfakher24h.de\/wp-content\/uploads\/2024\/12\/Fumot-RandM-Digital-Box-12000.mp4<\/a><\/video><\/div>\n<h4><strong>Su puerta a una experiencia de vapeo incomparable<\/strong><\/h4>\n<p>La<a href=\"https:\/\/alfakher24h.de\/es\/?post_type=product&amp;p=1252&amp;preview=true\"> <strong>Caja Fumot RandM Digital 12000 Caladas Cigarrillo Electr\u00f3nico Desechable<\/strong> <\/a>ofrece el equilibrio perfecto entre tecnolog\u00eda innovadora, dise\u00f1o atractivo y deliciosos sabores. Con una capacidad de hasta <strong>12.000 trenes<\/strong>con una bater\u00eda recargable y la frescura intensa de<a href=\"https:\/\/alfakher24h.de\/es\/\"> <strong>Peach Ice<\/strong><\/a> Establece este vape nuevos est\u00e1ndares para cigarrillos electr\u00f3nicos desechables.<\/p>\n<p>Disponible en<a href=\"https:\/\/alfakher24h.de\/es\/\"><strong> alfakher24h.de<\/strong><\/a>, la mayor plataforma de Alemania para Disposable Vapes, la Fumot RandM Digital Box 12000 convence con materiales de alta calidad, una variedad de aromas y funciones f\u00e1ciles de usar: ideal para todos los que buscan una experiencia de vapeo de alta calidad.<\/p>\n<hr \/>\n<h3><strong>Descripci\u00f3n del producto: Perfecci\u00f3n en t\u00e9cnica y sabor<\/strong><\/h3>\n<p>La caja digital Fumot RandM es m\u00e1s que un simple cigarrillo electr\u00f3nico desechable. Ofrece:<\/p>\n<ul>\n<li><strong>20ml E-Liquid<\/strong>, que es para hasta <strong>12.000 trenes<\/strong> reicht \u2013 para un placer duradero sin necesidad de rellenar constantemente.<\/li>\n<li>Un <strong>bater\u00eda recargable de 550mAh<\/strong>, que sobre el <strong>Conector tipo C<\/strong> en el menor tiempo posible vuelva a estar plenamente operativo.<\/li>\n<li><strong>Bobinas de malla<\/strong>que aseguran una formaci\u00f3n de vapor uniforme e intensa para desplegar el sabor en toda su intensidad.<\/li>\n<li>Una <strong>control de flujo de aire ajustable individualmente<\/strong>con la que puede adaptar la experiencia de vapeo a sus preferencias.<\/li>\n<\/ul>\n<p>Con una interfaz f\u00e1cil de usar <strong>Pantalla LED<\/strong>, que muestra el nivel de bater\u00eda y el consumo de E-Liquid en tiempo real, y <strong>Luces RGB<\/strong>que ponen un toque visual destacado al vapear, une la funcionalidad y el estilo de Fumot RandM Digital Box.<\/p>\n<hr \/>\n<h3><strong>Caracter\u00edsticas principales de la Fumot RandM Digital Box 12000 tiradas<\/strong><\/h3>\n<ul>\n<li><strong>Capacidad<\/strong>: 20ml E-L\u00edquido para hasta 12.000 caladas.<\/li>\n<li><strong>Bater\u00eda recargable<\/strong>: Bater\u00eda de 550mAh con funci\u00f3n de carga r\u00e1pida a trav\u00e9s de Type-C.<\/li>\n<li><strong>regulador de flujo de aire<\/strong>: Permite un ajuste individual del vapor.<\/li>\n<li><strong>Bobinas de malla<\/strong>Para un sabor m\u00e1s intenso y vapor uniforme.<\/li>\n<li><strong>Pantalla LED<\/strong>: Ofrece una visi\u00f3n general del nivel de la bater\u00eda y del e-l\u00edquido.<\/li>\n<li><strong>Efectos de luz RGB<\/strong>: Dise\u00f1o moderno para un punto culminante visual al vapear.<\/li>\n<li><strong>Dos intensidades de nicotina<\/strong>: Seleccione entre <strong>5% o 2% nicotina<\/strong>seg\u00fan las preferencias.<\/li>\n<li><strong>Manejo sencillo<\/strong>: Activaci\u00f3n por tracci\u00f3n - sin botones, sin ajustes complicados.<\/li>\n<li><strong>48 sabores<\/strong>: Variada selecci\u00f3n para todos los gustos.<\/li>\n<\/ul>\n<hr \/>\n<h3><strong>Peach Ice: Una deliciosa combinaci\u00f3n de frescura y fruta<\/strong><\/h3>\n<p>Der <strong>Sabor a melocot\u00f3n helado<\/strong> Combina la dulzura jugosa de los melocotones maduros con un toque refrescante de mentol. Este aroma ofrece una mezcla perfectamente equilibrada de frutas y frescura que hace que cada calada sea una experiencia inolvidable.<\/p>\n<ul>\n<li><strong>Dulzura afrutada<\/strong>: Las notas jugosas de melocotones completamente maduros miman tus sentidos con una intensidad natural y dulce.<\/li>\n<li><strong>Nota refrescante de mentol<\/strong>Un efecto refrescante sutil redondea el sabor y proporciona una agradable sensaci\u00f3n de frescura.<\/li>\n<li><strong>Aroma duradero<\/strong>: Gracias a <strong>Tecnolog\u00eda de bobina de malla<\/strong> El sabor permanece intenso y uniforme incluso con un uso prolongado.<\/li>\n<\/ul>\n<p><strong>Peach Ice<\/strong> Es ideal para vapeadores que buscan un aroma refrescante y no abrumador. Es la elecci\u00f3n perfecta para d\u00edas calurosos de verano o simplemente para momentos en los que desees un placer fresco y afrutado.<\/p>\n<hr \/>\n<h3><strong>Descubre m\u00e1s sabores<\/strong><\/h3>\n<p>Al lado <strong>Peach Ice<\/strong> ofrece la caja digital RandM Fumot una amplia selecci\u00f3n de <strong>48 sabores<\/strong>incluyendo:<\/p>\n<ul>\n<li><strong>Fruity<\/strong>: Mango, Tropical Punch, Fresa Kiwi.<\/li>\n<li><strong>Refrescante<\/strong>: Mint Blast, Berry Chill<\/li>\n<li><strong>dulce<\/strong>: Crema de Vainilla, Deleite de Caramelo.<\/li>\n<\/ul>\n<p>Cada sabor est\u00e1 cuidadosamente compuesto para ofrecer una experiencia de vapeo incomparable. Con esta variedad, puede disfrutar diariamente de un<\/p>\n<p>Disfrutar de nuevos sabores y personalizar tu vapeo.<\/p>\n<hr \/>\n<h3><strong>Por qu\u00e9 comprar la Fumot RandM Digital Box 12000 caladas en alfakher24h.de<\/strong><\/h3>\n<h4><strong>1. Calidad y fiabilidad<\/strong><\/h4>\n<p>La caja digital Fumot RandM est\u00e1 fabricada con materiales de alta calidad y garantiza un rendimiento duradero. Nuestros productos se env\u00edan directamente desde <strong>campos europeos<\/strong> enviado para garantizar tiempos de entrega r\u00e1pidos y los m\u00e1s altos est\u00e1ndares de calidad.<\/p>\n<h4><strong>2. No hay valor m\u00ednimo de pedido<\/strong><\/h4>\n<p>Compre tantos dispositivos como desee - ideal para uso personal o como regalo.<\/p>\n<h4><strong>3. Env\u00edo r\u00e1pido<\/strong><\/h4>\n<p>con un plazo de entrega de solo <strong>3\u20137 d\u00edas<\/strong> Reciba su pedido en un abrir y cerrar de ojos.<\/p>\n<h4><strong>Selecci\u00f3n m\u00faltiple<\/strong><\/h4>\n<p>Con hasta <strong>48 sabores<\/strong> Hay algo para todos los gustos.<\/p>\n<h4><strong>5. Servicio al cliente<\/strong><\/h4>\n<p>Nuestro equipo est\u00e1 a su disposici\u00f3n para responder a sus preguntas y ofrecerle apoyo, para que su experiencia de compra sea tan fluida como su experiencia de vapeo.<\/p>\n<hr \/>\n<h3><strong>Bestellen Sie jetzt auf alfakher24h.de<\/strong><\/h3>\n<p>La <a href=\"https:\/\/alfakher24h.de\/es\/\"><strong>Caja Fumot RandM Digital 12000 Caladas Cigarrillo Electr\u00f3nico Desechable<\/strong><\/a> ofrece una experiencia de vapeo lujosa con tecnolog\u00eda moderna, sabor de primera clase y manejo sencillo. Disfrute de los aromas intensos de <strong>Peach Ice<\/strong> o pruebe uno de los muchos otros sabores deliciosos.<\/p>\n<p>Visite <strong>alfakher24h.de<\/strong>, el principal tienda en l\u00ednea de Alemania para Disposable Vapes, y haga su pedido hoy mismo. Experimente una experiencia de vapeo que combina calidad, comodidad y estilo.<\/p>\n<p><strong>\u00a1Ordena ahora y lleva tu experiencia de vapeo al siguiente nivel!<\/strong><\/p>\n<\/div>\n<\/div>\n<\/div>\n<\/div>\n<div class=\"mb-2 flex gap-3 empty:hidden -ml-2\">\n<div class=\"items-center justify-start rounded-xl p-1 flex\">\n<div class=\"flex items-center\"><\/div>\n<\/div>\n<\/div>","protected":false},"excerpt":{"rendered":"<p>La Fumot <strong>Caja Digital RandM 12000 Caladas Cigarrillo Electr\u00f3nico Desechable<\/strong> ofrece un intenso sabor a melocot\u00f3n helado, tecnolog\u00eda innovadora de bobina de malla y hasta 12.000 bocanegra para una experiencia de vapeo de primera categor\u00eda.<\/p>","protected":false},"featured_media":1253,"comment_status":"open","ping_status":"closed","template":"","meta":{"om_disable_all_campaigns":false},"product_brand":[],"product_cat":[27],"product_tag":[],"class_list":{"0":"post-1252","1":"product","2":"type-product","3":"status-publish","4":"has-post-thumbnail","6":"product_cat-fumot-randm-digital-box-12000-puffs","8":"first","9":"instock","10":"shipping-taxable","11":"purchasable","12":"product-type-simple"},"_links":{"self":[{"href":"https:\/\/alfakher24h.de\/es\/wp-json\/wp\/v2\/product\/1252","targetHints":{"allow":["GET"]}}],"collection":[{"href":"https:\/\/alfakher24h.de\/es\/wp-json\/wp\/v2\/product"}],"about":[{"href":"https:\/\/alfakher24h.de\/es\/wp-json\/wp\/v2\/types\/product"}],"replies":[{"embeddable":true,"href":"https:\/\/alfakher24h.de\/es\/wp-json\/wp\/v2\/comments?post=1252"}],"wp:featuredmedia":[{"embeddable":true,"href":"https:\/\/alfakher24h.de\/es\/wp-json\/wp\/v2\/media\/1253"}],"wp:attachment":[{"href":"https:\/\/alfakher24h.de\/es\/wp-json\/wp\/v2\/media?parent=1252"}],"wp:term":[{"taxonomy":"product_brand","embeddable":true,"href":"https:\/\/alfakher24h.de\/es\/wp-json\/wp\/v2\/product_brand?post=1252"},{"taxonomy":"product_cat","embeddable":true,"href":"https:\/\/alfakher24h.de\/es\/wp-json\/wp\/v2\/product_cat?post=1252"},{"taxonomy":"product_tag","embeddable":true,"href":"https:\/\/alfakher24h.de\/es\/wp-json\/wp\/v2\/product_tag?post=1252"}],"curies":[{"name":"wp","href":"https:\/\/api.w.org\/{rel}","templated":true}]}}