{"id":1225,"date":"2024-12-24T03:53:07","date_gmt":"2024-12-24T03:53:07","guid":{"rendered":"https:\/\/alfakher24h.de\/?post_type=product&#038;p=1225"},"modified":"2025-07-16T07:25:08","modified_gmt":"2025-07-16T07:25:08","slug":"tornado-aleatorio-12000-inhalaciones-cigarrillo-electronico-desechable-hielo-de-uva","status":"publish","type":"product","link":"https:\/\/alfakher24h.de\/es\/producto\/tornado-aleatorio-12000-inhalaciones-cigarrillo-electronico-desechable-hielo-de-uva\/","title":{"rendered":"Random Tornado 12000 Z\u00fcge Einweg E Zigarette \u2013 Sabor a Uva Hielo"},"content":{"rendered":"<h2 data-pm-slice=\"1 1 []\"><strong>Tornado 12000  Aleatorio Vapes Desechables E - Cigarrillo \u2013 Perfecto Disfrute para Vapers Exigentes<\/strong><\/h2>\n<p><img loading=\"lazy\" decoding=\"async\" class=\"alignnone size-full wp-image-1176\" src=\"https:\/\/alfakher24h.de\/wp-content\/uploads\/2024\/12\/Fumot-RandM-Digital-Box-12000-Puffs.webp\" alt=\"Fumot-RandM-Digital-Box-12000\" width=\"1280\" height=\"1810\" title=\"\" srcset=\"https:\/\/alfakher24h.de\/wp-content\/uploads\/2024\/12\/Fumot-RandM-Digital-Box-12000-Puffs.webp 1280w, https:\/\/alfakher24h.de\/wp-content\/uploads\/2024\/12\/Fumot-RandM-Digital-Box-12000-Puffs-212x300.webp 212w, https:\/\/alfakher24h.de\/wp-content\/uploads\/2024\/12\/Fumot-RandM-Digital-Box-12000-Puffs-724x1024.webp 724w, https:\/\/alfakher24h.de\/wp-content\/uploads\/2024\/12\/Fumot-RandM-Digital-Box-12000-Puffs-768x1086.webp 768w, https:\/\/alfakher24h.de\/wp-content\/uploads\/2024\/12\/Fumot-RandM-Digital-Box-12000-Puffs-1086x1536.webp 1086w, https:\/\/alfakher24h.de\/wp-content\/uploads\/2024\/12\/Fumot-RandM-Digital-Box-12000-Puffs-8x12.webp 8w, https:\/\/alfakher24h.de\/wp-content\/uploads\/2024\/12\/Fumot-RandM-Digital-Box-12000-Puffs-600x848.webp 600w\" sizes=\"auto, (max-width: 1280px) 100vw, 1280px\" \/><\/p>\n<p>La <a href=\"https:\/\/alfakher24h.de\/es\/?post_type=product&amp;p=1225&amp;preview=true\">Tornado 12000  Aleatorio  Vape de un solo uso E-cigarrillo<\/a> Es un verdadero maestro en el mundo del vapeo. Combina tecnolog\u00eda de primera clase, sabor excepcional y un dise\u00f1o atractivo para ofrecer la experiencia de vapeo perfecta. Ya sea para uso diario o como una soluci\u00f3n particularmente duradera, este cigarrillo electr\u00f3nico desechable cumple con todos los requisitos. Experimente la \u00faltima generaci\u00f3n de vapeo con el Random Tornado y disfrute de una mezcla perfecta de estilo, comodidad y rendimiento.<\/p>\n<h3>Descripci\u00f3n del producto<\/h3>\n<p>La cigarrilla electr\u00f3nica desechable Random Tornado 12000 es no solo un compa\u00f1ero para disfrutar, sino tambi\u00e9n un punto culminante t\u00e9cnico. Equipado con 20 ml de l\u00edquido electr\u00f3nico y una potente bater\u00eda de 850 mAh, esta ofrece<a href=\"https:\/\/alfakherwelt.de\/\" target=\"_blank\" rel=\"noopener\"> Cigarrillo electr\u00f3nico desechable<\/a> Una incre\u00edble cantidad de 12.000 bocanegra. Con esto, puede disfrutar de una experiencia de vapeo prolongada sin tener que preocuparse por rellenar constantemente o desechar el dispositivo.<\/p>\n<p>La funci\u00f3n recargable a trav\u00e9s de Type-C permite una recarga r\u00e1pida y conveniente, para que pueda volver a vapear en un abrir y cerrar de ojos. El control del flujo de aire le permite ajustar la intensidad del vapeo a su gusto personal - ya sea que lo prefiera ligero y aireado o m\u00e1s denso y fuerte.<\/p>\n<h3>Por qu\u00e9 deber\u00eda usted la <a href=\"https:\/\/alfakherwelt.de\/\" target=\"_blank\" rel=\"noopener\">Tornado 12000  Aleatorio  Vape de un solo uso E-cigarrillo<\/a> \u00bfComprar?<\/h3>\n<p>El Random Tornado ofrece m\u00e1s que una simple experiencia de vapeo. Es una elecci\u00f3n ideal para todos aquellos que buscan un dispositivo duradero, flexible y a la vez elegante. Aqu\u00ed hay algunas razones por las que deber\u00edas optar por este modelo:<\/p>\n<h4>1. Larga durabilidad<\/h4>\n<p>Con 12.000 bocanillas y una generosa capacidad de l\u00edquido electr\u00f3nico de 20 ml, no tendr\u00e1 que buscar constantemente nuevos dispositivos. Le ofrece una experiencia de vapor y sabor duradera.<\/p>\n<h4>2. Recargable<\/h4>\n<p>Gracias al conector de carga Type-C y a la bater\u00eda integrada de 850 mAh, puede recargar el Random Tornado una y otra vez y seguir disfrut\u00e1ndolo: no es necesario desechar constantemente dispositivos de un solo uso.<\/p>\n<h4>3. Flujo de aire personalizable<\/h4>\n<p>Con el control de flujo de aire puede controlar la intensidad del vapor a su gusto. Ya sea fuerte o suave, ajuste la experiencia de vapor exactamente a sus deseos.<\/p>\n<h4>4. Dise\u00f1o elegante con luces RGB<\/h4>\n<p>La iluminaci\u00f3n RGB proporciona un punto culminante visual. Las luces de colores brillan al tirar y le dan al dispositivo una apariencia futurista y genial.<\/p>\n<h4>5. Fuerza de nicotina para cada necesidad<\/h4>\n<p>Con una fuerza de nicotina de 20 mg (2%) el Random Tornado es ideal para todos aquellos que deseen disfrutar de una ingesta moderada de nicotina. Perfecto tanto para aquellos que dejan de fumar como para los vaporizadores experimentados.<\/p>\n<h3>Sabores: Una explosi\u00f3n de sabor con el Random Tornado<\/h3>\n<p>Uno de los aspectos m\u00e1s destacados del cigarrillo electr\u00f3nico desechable Random Tornado 12000 es la gran variedad de sabores deliciosos. Especial menci\u00f3n merece el sabor a Uva Hielo - un placer refrescante y dulce que har\u00e1 que cualquier vapeador se entusiasme. Pero, \u00bfqu\u00e9 hace que el sabor a Uva Hielo sea tan especial?<\/p>\n<h3>Grape Ice - El placer refrescante para cada d\u00eda<\/h3>\n<p>El aroma de uva helada combina la dulzura de las uvas jugosas con una frescura refrescante, creada por un toque de mentol. Las uvas dulces proporcionan una experiencia frutal y sabrosa que recuerda al sabor de las uvas reci\u00e9n recogidas. Sin embargo, el toque de mentol aporta una nota refrescante que hace que la experiencia de vapear sea fresca y agradable, perfecta para los d\u00edas calurosos de verano o como un final refrescante despu\u00e9s de una larga sesi\u00f3n.<\/p>\n<h4>Sabor y textura<\/h4>\n<p>Si disfrutas del aroma, notar\u00e1s que la fruta de las uvas acaricia tus papilas gustativas de una manera agradable, mientras que el toque de mentol proporciona un refrescante enfriamiento. Esta combinaci\u00f3n de dulzura afrutada y frescura fr\u00eda hace que el aroma Grape Ice sea una elecci\u00f3n ideal para todos aquellos que buscan una experiencia de vapeo refrescante pero intensa.<\/p>\n<h4>Freshness y complejidad<\/h4>\n<p>El equilibrio entre la intensa fruta de las uvas y la refrescante frescura del mentol crea un perfil de sabor que es perfecto tanto para principiantes como para vapeadores experimentados. Cada calada es un momento de placer que despierta tus sentidos y te ofrece una experiencia de vapeo inolvidable.<\/p>\n<h3>Caracter\u00edsticas de la cigarrilla electr\u00f3nica desechable Random Tornado 12000 caladas<\/h3>\n<ul data-spread=\"false\">\n<li><strong>Prellenado con 20 ml de E-L\u00edquido<\/strong> para hasta 12.000 trenes.<\/li>\n<li><strong>Recargable con conector Type-C<\/strong> para una carga r\u00e1pida y eficiente.<\/li>\n<li><strong>Bater\u00eda de 850 mAh<\/strong> garantiza una larga vida \u00fatil.<\/li>\n<li><strong>Control de flujo de aire<\/strong> Le permite personalizar el vapeo.<\/li>\n<li><strong>Luces RGB<\/strong> para una experiencia visual y elegante.<\/li>\n<li><strong>Nikotinst\u00e4rke von 2% (20 mg)\n\n Respuesta: \nNikotina fuerza de 2% (20 mg)<\/strong> para un vapeo agradable.<\/li>\n<li><strong>Dise\u00f1o ligero y compacto<\/strong> para un manejo sencillo y movilidad.<\/li>\n<\/ul>\n<h3>Por qu\u00e9 deber\u00eda comprar la cigarra electr\u00f3nica desechable Random Tornado 12000 caladas en nuestro sitio?<\/h3>\n<p>Si est\u00e1 buscando la mejor calidad y una gran variedad de cigarrillos electr\u00f3nicos desechables, est\u00e1 en <a href=\"https:\/\/alfakherwelt.de\/\" target=\"_blank\" rel=\"noopener\"><strong>alfakher24h.de<\/strong><\/a> Exactamente correcto. Somos la mayor plataforma de ventas en l\u00ednea de vapeadores desechables en Alemania y le ofrecemos una enorme selecci\u00f3n de dispositivos y sabores de alta calidad a precios inmejorables.<\/p>\n<h4>Ventajas de comprar con nosotros:<\/h4>\n<ul data-spread=\"false\">\n<li><strong>Entrega gratuita:<\/strong> Disfrute de la entrega conveniente directamente en su hogar.<\/li>\n<li><strong>Procesamiento r\u00e1pido de pedidos:<\/strong> Su compra ser\u00e1 procesada inmediatamente para que pueda recibir su dispositivo lo antes posible.<\/li>\n<li><strong>Soporte al cliente:<\/strong> Nuestro equipo amigable y competente est\u00e1 a su disposici\u00f3n para responder a cualquier pregunta en cualquier momento.<\/li>\n<li><strong>Amplia selecci\u00f3n de sabores y dispositivos:<\/strong> En nosotros encontrar\u00e1 todo lo que el coraz\u00f3n de un vapeador desea, desde sabores frutales hasta refrescantes.<\/li>\n<\/ul>\n<p>D\u00e9 el siguiente paso en su viaje de vapeo y compre el cigarrillo electr\u00f3nico desechable Random Tornado 12000 caladas en nuestro sitio.<a href=\"https:\/\/alfakherwelt.de\/\" target=\"_blank\" rel=\"noopener\"> <strong>alfakher24h.de<\/strong>.<\/a> Disfruta de una experiencia de vapeo de primera clase con un alto n\u00famero de caladas, sabor excepcional y un dise\u00f1o cuidadosamente pensado.<\/p>","protected":false},"excerpt":{"rendered":"<p>La <strong>Random Tornado 12000 Z\u00fcge Einweg E Zigarette \u2013 Sabor a Uva Hielo<\/strong> ofrece una experiencia de vapeo incomparable con un sabor dulce a uva y una nota refrescante de mentol, combinada con un n\u00famero enorme de bocanegra y un dise\u00f1o moderno.<\/p>","protected":false},"featured_media":1226,"comment_status":"open","ping_status":"closed","template":"","meta":{"om_disable_all_campaigns":false},"product_brand":[],"product_cat":[32],"product_tag":[],"class_list":{"0":"post-1225","1":"product","2":"type-product","3":"status-publish","4":"has-post-thumbnail","6":"product_cat-random-tornado-12000","8":"first","9":"outofstock","10":"shipping-taxable","11":"purchasable","12":"product-type-simple"},"_links":{"self":[{"href":"https:\/\/alfakher24h.de\/es\/wp-json\/wp\/v2\/product\/1225","targetHints":{"allow":["GET"]}}],"collection":[{"href":"https:\/\/alfakher24h.de\/es\/wp-json\/wp\/v2\/product"}],"about":[{"href":"https:\/\/alfakher24h.de\/es\/wp-json\/wp\/v2\/types\/product"}],"replies":[{"embeddable":true,"href":"https:\/\/alfakher24h.de\/es\/wp-json\/wp\/v2\/comments?post=1225"}],"wp:featuredmedia":[{"embeddable":true,"href":"https:\/\/alfakher24h.de\/es\/wp-json\/wp\/v2\/media\/1226"}],"wp:attachment":[{"href":"https:\/\/alfakher24h.de\/es\/wp-json\/wp\/v2\/media?parent=1225"}],"wp:term":[{"taxonomy":"product_brand","embeddable":true,"href":"https:\/\/alfakher24h.de\/es\/wp-json\/wp\/v2\/product_brand?post=1225"},{"taxonomy":"product_cat","embeddable":true,"href":"https:\/\/alfakher24h.de\/es\/wp-json\/wp\/v2\/product_cat?post=1225"},{"taxonomy":"product_tag","embeddable":true,"href":"https:\/\/alfakher24h.de\/es\/wp-json\/wp\/v2\/product_tag?post=1225"}],"curies":[{"name":"wp","href":"https:\/\/api.w.org\/{rel}","templated":true}]}}